{"id":2104,"date":"2024-05-31T02:05:54","date_gmt":"2024-05-31T02:05:54","guid":{"rendered":"https:\/\/www.jammersignal.com\/?post_type=product&#038;p=2104"},"modified":"2024-12-18T06:28:54","modified_gmt":"2024-12-18T06:28:54","slug":"cell-phone-gps-signal-tracking-interceptor-bag","status":"publish","type":"product","link":"https:\/\/www.jammersignal.com\/fr\/produit\/cell-phone-gps-signal-tracking-interceptor-bag\/","title":{"rendered":"Sacoche d'interception pour t\u00e9l\u00e9phone portable et GPS"},"content":{"rendered":"<div data-elementor-type=\"wp-post\" data-elementor-id=\"2104\" class=\"elementor elementor-2104\">\n\t\t\t\t<div class=\"elementor-element elementor-element-4a8c2a2 e-flex e-con-boxed e-con e-parent\" data-id=\"4a8c2a2\" data-element_type=\"container\">\n\t\t\t\t\t<div class=\"e-con-inner\">\n\t\t<div class=\"elementor-element elementor-element-2677d1d e-con-full e-flex e-con e-child\" data-id=\"2677d1d\" data-element_type=\"container\">\n\t\t\t\t<div class=\"elementor-element elementor-element-5ee8a99 elementor-widget elementor-widget-text-editor\" data-id=\"5ee8a99\" data-element_type=\"widget\" data-widget_type=\"text-editor.default\">\n\t\t\t\t<div class=\"elementor-widget-container\">\n\t\t\t\t\t\t\t\t\t<h4>Sp\u00e9cifications techniques<\/h4><table width=\"340\"><tbody><tr><td width=\"72\"><strong>Nom du param\u00e8tre<\/strong><\/td><td width=\"268\"><strong>D\u00e9tails des param\u00e8tres<\/strong><\/td><\/tr><tr><td>Mod\u00e8le\u00a0<\/td><td>HP01US<\/td><\/tr><tr><td>Fr\u00e9quences de brouillage<\/td><td>Signal mobile<\/td><\/tr><tr><td>Taille de l'appareil<\/td><td>130mm*70mm<\/td><\/tr><tr><td>Poids de l'appareil<\/td><td>20 g<\/td><\/tr><\/tbody><\/table>\t\t\t\t\t\t\t\t<\/div>\n\t\t\t\t<\/div>\n\t\t\t\t<\/div>\n\t\t<div class=\"elementor-element elementor-element-63abe0f e-con-full e-flex e-con e-child\" data-id=\"63abe0f\" data-element_type=\"container\">\n\t\t\t\t<div class=\"elementor-element elementor-element-3d0f9f0 elementor-widget elementor-widget-text-editor\" data-id=\"3d0f9f0\" data-element_type=\"widget\" data-widget_type=\"text-editor.default\">\n\t\t\t\t<div class=\"elementor-widget-container\">\n\t\t\t\t\t\t\t\t\t<h4>Informations sur les produits<\/h4><p>Voici un bloqueur de signaux de t\u00e9l\u00e9phone portable et un sac anti-radiation con\u00e7u pour prot\u00e9ger la localisation de votre t\u00e9l\u00e9phone portable contre le pistage GPS.<\/p><p><strong>Caract\u00e9ristiques du produit :<\/strong><\/p><p>1. Les appels entrants provenant du t\u00e9l\u00e9phone portable dans le sac afficheront un message disant \"L'utilisateur que vous appelez est temporairement hors de la zone de service\".<\/p><p>2. En pla\u00e7ant votre t\u00e9l\u00e9phone portable dans le sac, vous \u00e9vitez les rayonnements \u00e9lectromagn\u00e9tiques et vous prot\u00e9gez votre sant\u00e9.<\/p><p>Ce sac antiradiations et bloqueur de signaux de t\u00e9l\u00e9phone portable est con\u00e7u pour prot\u00e9ger la localisation de votre t\u00e9l\u00e9phone portable contre le pistage GPS. En pla\u00e7ant votre t\u00e9l\u00e9phone portable dans le sac anti-tra\u00e7age, vous bloquerez les signaux GPS et de t\u00e9l\u00e9phone portable.<\/p><p><strong>Pr\u00e9cautions :<\/strong><\/p><p>1. les brouilleurs sont personnalis\u00e9s en fonction des bandes de fr\u00e9quence des diff\u00e9rents pays, veuillez vous assurer que le pays d'achat et le pays d'utilisation r\u00e9el sont coh\u00e9rents, sinon le brouilleur ne pourra pas \u00eatre utilis\u00e9. Veuillez lire la fonction du brouilleur avant de l'acheter.<br \/>2 Si les brouilleurs de faible puissance (tels que les brouilleurs portatifs) bloquent un dispositif de signal de forte puissance (tel qu'un routeur WIFI de forte puissance, un \u00e9quipement audio Bluetooth, etc.<br \/>3. il est interdit d'utiliser l'appareil pendant qu'il est en charge.<br \/>4. ne pas utiliser de brouilleurs portatifs comme brouilleurs de bureau.<br \/>5. n'utilisez pas de brouilleurs avant de connecter l'antenne.<\/p>\t\t\t\t\t\t\t\t<\/div>\n\t\t\t\t<\/div>\n\t\t\t\t<\/div>\n\t\t\t\t\t<\/div>\n\t\t\t\t<\/div>\n\t\t\t\t<\/div>","protected":false},"excerpt":{"rendered":"<p>Voici un bloqueur de signaux de t\u00e9l\u00e9phone portable et un sac anti-radiation con\u00e7u pour prot\u00e9ger la localisation de votre t\u00e9l\u00e9phone portable contre le pistage GPS.<\/p>\n<p><strong>Caract\u00e9ristiques du produit :<\/strong><\/p>\n<ol>\n<li>Les appels entrants provenant du t\u00e9l\u00e9phone portable dans le sac afficheront un message disant \"L'utilisateur que vous appelez est temporairement hors de la zone de service\".<\/li>\n<li>Placer son t\u00e9l\u00e9phone portable dans le sac permet d'\u00e9viter les rayonnements \u00e9lectromagn\u00e9tiques et de prot\u00e9ger la sant\u00e9.<\/li>\n<\/ol>","protected":false},"featured_media":1723,"comment_status":"open","ping_status":"closed","template":"","meta":{"site-sidebar-layout":"no-sidebar","site-content-layout":"page-builder","ast-site-content-layout":"normal-width-container","site-content-style":"default","site-sidebar-style":"default","ast-global-header-display":"","ast-banner-title-visibility":"","ast-main-header-display":"","ast-hfb-above-header-display":"","ast-hfb-below-header-display":"","ast-hfb-mobile-header-display":"","site-post-title":"disabled","ast-breadcrumbs-content":"","ast-featured-img":"disabled","footer-sml-layout":"","theme-transparent-header-meta":"default","adv-header-id-meta":"","stick-header-meta":"default","header-above-stick-meta":"","header-main-stick-meta":"","header-below-stick-meta":"","astra-migrate-meta-layouts":"set","ast-page-background-enabled":"default","ast-page-background-meta":{"desktop":{"background-color":"var(--ast-global-color-4)","background-image":"","background-repeat":"repeat","background-position":"center center","background-size":"auto","background-attachment":"scroll","background-type":"","background-media":"","overlay-type":"","overlay-color":"","overlay-gradient":""},"tablet":{"background-color":"","background-image":"","background-repeat":"repeat","background-position":"center center","background-size":"auto","background-attachment":"scroll","background-type":"","background-media":"","overlay-type":"","overlay-color":"","overlay-gradient":""},"mobile":{"background-color":"","background-image":"","background-repeat":"repeat","background-position":"center center","background-size":"auto","background-attachment":"scroll","background-type":"","background-media":"","overlay-type":"","overlay-color":"","overlay-gradient":""}},"ast-content-background-meta":{"desktop":{"background-color":"var(--ast-global-color-5)","background-image":"","background-repeat":"repeat","background-position":"center center","background-size":"auto","background-attachment":"scroll","background-type":"","background-media":"","overlay-type":"","overlay-color":"","overlay-gradient":""},"tablet":{"background-color":"var(--ast-global-color-5)","background-image":"","background-repeat":"repeat","background-position":"center center","background-size":"auto","background-attachment":"scroll","background-type":"","background-media":"","overlay-type":"","overlay-color":"","overlay-gradient":""},"mobile":{"background-color":"var(--ast-global-color-5)","background-image":"","background-repeat":"repeat","background-position":"center center","background-size":"auto","background-attachment":"scroll","background-type":"","background-media":"","overlay-type":"","overlay-color":"","overlay-gradient":""}}},"product_brand":[],"product_cat":[15,56,33,32,63,35,34,67,54,80],"product_tag":[410,154,155,156,411,412,413,414,415,418,158,117,159,164,254,172,174,175,176,177,178,114,182,184,185,118,274,275,277,205,285,144,213,286,288,509,116,435,224,225,145,226,294,295,296,227,297,228,231,441,561,233,235,442,240,243],"class_list":{"0":"post-2104","1":"product","2":"type-product","3":"status-publish","4":"has-post-thumbnail","6":"product_cat-signal-blocker","7":"product_cat-car-rechargeable-jammer","8":"product_cat-cell-phone-signal-blocker","9":"product_cat-cell-phone-signal-jammer","10":"product_cat-cheap-jammer","11":"product_cat-gps-signal-blocker","12":"product_cat-gps-signal-jammer","13":"product_cat-less-than-100dollars-jammer","14":"product_cat-mini-jammer-small-blocker","15":"product_cat-within-10meters","16":"product_tag-buy-car-gps-jammer","17":"product_tag-buy-cell-phone-jammer","18":"product_tag-buy-cell-phone-jammer-online","19":"product_tag-buy-cell-phone-signal-jammer","20":"product_tag-buy-cigarette-lighter-gps-cell-phone-jammer","21":"product_tag-buy-gps-jammer-australia","22":"product_tag-buy-gps-jammer-canada","23":"product_tag-buy-gps-jammer-cigarette-lighter","24":"product_tag-buy-gps-jammer-ebay","25":"product_tag-buy-gps-jammer-near-me","26":"product_tag-car-cell-phone-jammer","27":"product_tag-cell-jammer-amazon","28":"product_tag-cell-jammer-circuit","29":"product_tag-cell-phone-blocker-signal-jammer-device","30":"product_tag-cell-phone-jammer-apk","31":"product_tag-cell-phone-jammer-best-buy","32":"product_tag-cell-phone-jammer-canadablock","33":"product_tag-cell-phone-jammer-circuit-diagram","34":"product_tag-cell-phone-jammer-ebay","35":"product_tag-cell-phone-jammer-for-business","36":"product_tag-cell-phone-jammer-for-classroom","37":"product_tag-cell-phone-jammer-for-sale","38":"product_tag-cell-phone-jammer-for-workplace","39":"product_tag-cell-phone-jammer-range","40":"product_tag-cell-phone-jammer-raspberry-pi","41":"product_tag-cell-phone-reception-jammer","42":"product_tag-cell-phone-signal-jammer-app-iphone","43":"product_tag-cell-phone-signal-jammer-classroom","44":"product_tag-cell-phone-tracking-jammer","45":"product_tag-cellular-jammer-ebay","46":"product_tag-free-cell-phone-jammer-app","47":"product_tag-gps-and-cell-phone-jammer","48":"product_tag-gps-cell-jammer","49":"product_tag-gsm-cell-phone-jammer","50":"product_tag-homemade-cell-phone-signal-jammer","51":"product_tag-jammer-blocker-signal","52":"product_tag-jammer-for-cell-phone-signal","53":"product_tag-jammer-gps-aaaaaa","54":"product_tag-make-cell-phone-jammer","55":"product_tag-make-your-own-cell-phone-jammer","56":"product_tag-mini-cell-phone-jammer","57":"product_tag-personal-cell-phone-jammer","58":"product_tag-pocket-cell-phone-jammer","59":"product_tag-pocket-sized-cell-phone-jammer","60":"product_tag-portable-cell-phone-jammer","61":"product_tag-portable-cell-phone-jammer-amazon","62":"product_tag-portable-cell-phone-jammer-ebay","63":"product_tag-portable-cellular-jammer","64":"product_tag-raspberrypi-cell-phone-jammer","65":"product_tag-signal-jammer-cost","66":"product_tag-signal-jammer-for-sale","67":"product_tag-simple-cell-phone-jammer","68":"product_tag-small-cell-phone-jammer","69":"product_tag-vehicle-gps-jammer","70":"product_tag-where-can-i-buy-a-cell-phone-jammer","71":"product_tag-workplace-cell-phone-jammer","72":"desktop-align-left","73":"tablet-align-left","74":"mobile-align-left","75":"ast-product-gallery-layout-horizontal-slider","76":"ast-product-single-variable","77":"ast-product-tabs-layout-horizontal","79":"first","80":"instock","81":"sale","82":"shipping-taxable","83":"purchasable","84":"product-type-variable"},"yoast_head":"<!-- This site is optimized with the Yoast SEO plugin v23.9 - https:\/\/yoast.com\/wordpress\/plugins\/seo\/ -->\n<title>Protect Mobile Phone GPS Signal Tracking Interceptor Bag while preventing electromagnetic radiation from mobile phones - JAMMERSIGNAL<\/title>\n<meta name=\"description\" content=\"Introducing a cell phone signal blocker and anti-radiation bag designed to protect your cell phone location from GPS tracking. Putting your cell phone in the anti-tracking bag will block GPS and cell phone signals.\" \/>\n<meta name=\"robots\" content=\"index, follow, max-snippet:-1, max-image-preview:large, max-video-preview:-1\" \/>\n<link rel=\"canonical\" href=\"https:\/\/www.jammersignal.com\/fr\/produit\/cell-phone-gps-signal-tracking-interceptor-bag\/\" \/>\n<meta property=\"og:locale\" content=\"fr_FR\" \/>\n<meta property=\"og:type\" content=\"article\" \/>\n<meta property=\"og:title\" content=\"Protect Mobile Phone GPS Signal Tracking Interceptor Bag while preventing electromagnetic radiation from mobile phones - JAMMERSIGNAL\" \/>\n<meta property=\"og:description\" content=\"Introducing a cell phone signal blocker and anti-radiation bag designed to protect your cell phone location from GPS tracking. Putting your cell phone in the anti-tracking bag will block GPS and cell phone signals.\" \/>\n<meta property=\"og:url\" content=\"https:\/\/www.jammersignal.com\/fr\/produit\/cell-phone-gps-signal-tracking-interceptor-bag\/\" \/>\n<meta property=\"og:site_name\" content=\"JAMMERSIGNAL\" \/>\n<meta property=\"article:modified_time\" content=\"2024-12-18T06:28:54+00:00\" \/>\n<meta property=\"og:image\" content=\"https:\/\/www.jammersignal.com\/wp-content\/uploads\/2024\/05\/protective-cell-jammersignal-tracking-signal-gps-jammers-1.jpg\" \/>\n\t<meta property=\"og:image:width\" content=\"320\" \/>\n\t<meta property=\"og:image:height\" content=\"320\" \/>\n\t<meta property=\"og:image:type\" content=\"image\/jpeg\" \/>\n<meta name=\"twitter:card\" content=\"summary_large_image\" \/>\n<meta name=\"twitter:label1\" content=\"Dur\u00e9e de lecture estim\u00e9e\" \/>\n\t<meta name=\"twitter:data1\" content=\"1 minute\" \/>\n<script type=\"application\/ld+json\" class=\"yoast-schema-graph\">{\"@context\":\"https:\/\/schema.org\",\"@graph\":[{\"@type\":\"WebPage\",\"@id\":\"https:\/\/www.jammersignal.com\/product\/cell-phone-gps-signal-tracking-interceptor-bag\/\",\"url\":\"https:\/\/www.jammersignal.com\/product\/cell-phone-gps-signal-tracking-interceptor-bag\/\",\"name\":\"Protect Mobile Phone GPS Signal Tracking Interceptor Bag while preventing electromagnetic radiation from mobile phones - JAMMERSIGNAL\",\"isPartOf\":{\"@id\":\"https:\/\/www.jammersignal.com\/#website\"},\"primaryImageOfPage\":{\"@id\":\"https:\/\/www.jammersignal.com\/product\/cell-phone-gps-signal-tracking-interceptor-bag\/#primaryimage\"},\"image\":{\"@id\":\"https:\/\/www.jammersignal.com\/product\/cell-phone-gps-signal-tracking-interceptor-bag\/#primaryimage\"},\"thumbnailUrl\":\"https:\/\/www.jammersignal.com\/wp-content\/uploads\/2024\/05\/protective-cell-jammersignal-tracking-signal-gps-jammers-1.jpg\",\"datePublished\":\"2024-05-31T02:05:54+00:00\",\"dateModified\":\"2024-12-18T06:28:54+00:00\",\"description\":\"Introducing a cell phone signal blocker and anti-radiation bag designed to protect your cell phone location from GPS tracking. Putting your cell phone in the anti-tracking bag will block GPS and cell phone signals.\",\"breadcrumb\":{\"@id\":\"https:\/\/www.jammersignal.com\/product\/cell-phone-gps-signal-tracking-interceptor-bag\/#breadcrumb\"},\"inLanguage\":\"fr-FR\",\"potentialAction\":[{\"@type\":\"ReadAction\",\"target\":[\"https:\/\/www.jammersignal.com\/product\/cell-phone-gps-signal-tracking-interceptor-bag\/\"]}]},{\"@type\":\"ImageObject\",\"inLanguage\":\"fr-FR\",\"@id\":\"https:\/\/www.jammersignal.com\/product\/cell-phone-gps-signal-tracking-interceptor-bag\/#primaryimage\",\"url\":\"https:\/\/www.jammersignal.com\/wp-content\/uploads\/2024\/05\/protective-cell-jammersignal-tracking-signal-gps-jammers-1.jpg\",\"contentUrl\":\"https:\/\/www.jammersignal.com\/wp-content\/uploads\/2024\/05\/protective-cell-jammersignal-tracking-signal-gps-jammers-1.jpg\",\"width\":320,\"height\":320,\"caption\":\"protective cell jammersignal tracking signal gps jammers (1)\"},{\"@type\":\"BreadcrumbList\",\"@id\":\"https:\/\/www.jammersignal.com\/product\/cell-phone-gps-signal-tracking-interceptor-bag\/#breadcrumb\",\"itemListElement\":[{\"@type\":\"ListItem\",\"position\":1,\"name\":\"Home\",\"item\":\"https:\/\/www.jammersignal.com\/\"},{\"@type\":\"ListItem\",\"position\":2,\"name\":\"Shop\",\"item\":\"https:\/\/www.jammersignal.com\/shop\/\"},{\"@type\":\"ListItem\",\"position\":3,\"name\":\"Signal Blocker\",\"item\":\"https:\/\/www.jammersignal.com\/product-category\/signal-blocker\/\"},{\"@type\":\"ListItem\",\"position\":4,\"name\":\"Protective Cell Phone GPS Signal Tracking Interceptor Bag\"}]},{\"@type\":\"WebSite\",\"@id\":\"https:\/\/www.jammersignal.com\/#website\",\"url\":\"https:\/\/www.jammersignal.com\/\",\"name\":\"JAMMERSIGNAL\",\"description\":\"\",\"publisher\":{\"@id\":\"https:\/\/www.jammersignal.com\/#organization\"},\"potentialAction\":[{\"@type\":\"SearchAction\",\"target\":{\"@type\":\"EntryPoint\",\"urlTemplate\":\"https:\/\/www.jammersignal.com\/?s={search_term_string}\"},\"query-input\":{\"@type\":\"PropertyValueSpecification\",\"valueRequired\":true,\"valueName\":\"search_term_string\"}}],\"inLanguage\":\"fr-FR\"},{\"@type\":\"Organization\",\"@id\":\"https:\/\/www.jammersignal.com\/#organization\",\"name\":\"JAMMERSIGNAL\",\"url\":\"https:\/\/www.jammersignal.com\/\",\"logo\":{\"@type\":\"ImageObject\",\"inLanguage\":\"fr-FR\",\"@id\":\"https:\/\/www.jammersignal.com\/#\/schema\/logo\/image\/\",\"url\":\"https:\/\/www.jammersignal.com\/wp-content\/uploads\/2024\/05\/cropped-jammersignal-logo-4.png\",\"contentUrl\":\"https:\/\/www.jammersignal.com\/wp-content\/uploads\/2024\/05\/cropped-jammersignal-logo-4.png\",\"width\":104,\"height\":34,\"caption\":\"JAMMERSIGNAL\"},\"image\":{\"@id\":\"https:\/\/www.jammersignal.com\/#\/schema\/logo\/image\/\"}}]}<\/script>\n<!-- \/ Yoast SEO plugin. -->","yoast_head_json":{"title":"Sac d'interception pour le suivi du signal GPS des t\u00e9l\u00e9phones portables tout en emp\u00eachant les radiations \u00e9lectromagn\u00e9tiques des t\u00e9l\u00e9phones portables - JAMMERSIGNAL","description":"Voici un bloqueur de signaux de t\u00e9l\u00e9phone portable et un sac anti-radiation con\u00e7u pour prot\u00e9ger la localisation de votre t\u00e9l\u00e9phone portable contre le pistage GPS. En pla\u00e7ant votre t\u00e9l\u00e9phone portable dans le sac anti-tra\u00e7age, vous bloquerez les signaux GPS et de t\u00e9l\u00e9phone portable.","robots":{"index":"index","follow":"follow","max-snippet":"max-snippet:-1","max-image-preview":"max-image-preview:large","max-video-preview":"max-video-preview:-1"},"canonical":"https:\/\/www.jammersignal.com\/fr\/produit\/cell-phone-gps-signal-tracking-interceptor-bag\/","og_locale":"fr_FR","og_type":"article","og_title":"Protect Mobile Phone GPS Signal Tracking Interceptor Bag while preventing electromagnetic radiation from mobile phones - JAMMERSIGNAL","og_description":"Introducing a cell phone signal blocker and anti-radiation bag designed to protect your cell phone location from GPS tracking. Putting your cell phone in the anti-tracking bag will block GPS and cell phone signals.","og_url":"https:\/\/www.jammersignal.com\/fr\/produit\/cell-phone-gps-signal-tracking-interceptor-bag\/","og_site_name":"JAMMERSIGNAL","article_modified_time":"2024-12-18T06:28:54+00:00","og_image":[{"width":320,"height":320,"url":"https:\/\/www.jammersignal.com\/wp-content\/uploads\/2024\/05\/protective-cell-jammersignal-tracking-signal-gps-jammers-1.jpg","type":"image\/jpeg"}],"twitter_card":"summary_large_image","twitter_misc":{"Dur\u00e9e de lecture estim\u00e9e":"1 minute"},"schema":{"@context":"https:\/\/schema.org","@graph":[{"@type":"WebPage","@id":"https:\/\/www.jammersignal.com\/product\/cell-phone-gps-signal-tracking-interceptor-bag\/","url":"https:\/\/www.jammersignal.com\/product\/cell-phone-gps-signal-tracking-interceptor-bag\/","name":"Sac d'interception pour le suivi du signal GPS des t\u00e9l\u00e9phones portables tout en emp\u00eachant les radiations \u00e9lectromagn\u00e9tiques des t\u00e9l\u00e9phones portables - JAMMERSIGNAL","isPartOf":{"@id":"https:\/\/www.jammersignal.com\/#website"},"primaryImageOfPage":{"@id":"https:\/\/www.jammersignal.com\/product\/cell-phone-gps-signal-tracking-interceptor-bag\/#primaryimage"},"image":{"@id":"https:\/\/www.jammersignal.com\/product\/cell-phone-gps-signal-tracking-interceptor-bag\/#primaryimage"},"thumbnailUrl":"https:\/\/www.jammersignal.com\/wp-content\/uploads\/2024\/05\/protective-cell-jammersignal-tracking-signal-gps-jammers-1.jpg","datePublished":"2024-05-31T02:05:54+00:00","dateModified":"2024-12-18T06:28:54+00:00","description":"Voici un bloqueur de signaux de t\u00e9l\u00e9phone portable et un sac anti-radiation con\u00e7u pour prot\u00e9ger la localisation de votre t\u00e9l\u00e9phone portable contre le pistage GPS. En pla\u00e7ant votre t\u00e9l\u00e9phone portable dans le sac anti-tra\u00e7age, vous bloquerez les signaux GPS et de t\u00e9l\u00e9phone portable.","breadcrumb":{"@id":"https:\/\/www.jammersignal.com\/product\/cell-phone-gps-signal-tracking-interceptor-bag\/#breadcrumb"},"inLanguage":"fr-FR","potentialAction":[{"@type":"ReadAction","target":["https:\/\/www.jammersignal.com\/product\/cell-phone-gps-signal-tracking-interceptor-bag\/"]}]},{"@type":"ImageObject","inLanguage":"fr-FR","@id":"https:\/\/www.jammersignal.com\/product\/cell-phone-gps-signal-tracking-interceptor-bag\/#primaryimage","url":"https:\/\/www.jammersignal.com\/wp-content\/uploads\/2024\/05\/protective-cell-jammersignal-tracking-signal-gps-jammers-1.jpg","contentUrl":"https:\/\/www.jammersignal.com\/wp-content\/uploads\/2024\/05\/protective-cell-jammersignal-tracking-signal-gps-jammers-1.jpg","width":320,"height":320,"caption":"protective cell jammersignal tracking signal gps jammers (1)"},{"@type":"BreadcrumbList","@id":"https:\/\/www.jammersignal.com\/product\/cell-phone-gps-signal-tracking-interceptor-bag\/#breadcrumb","itemListElement":[{"@type":"ListItem","position":1,"name":"Home","item":"https:\/\/www.jammersignal.com\/"},{"@type":"ListItem","position":2,"name":"Shop","item":"https:\/\/www.jammersignal.com\/shop\/"},{"@type":"ListItem","position":3,"name":"Signal Blocker","item":"https:\/\/www.jammersignal.com\/product-category\/signal-blocker\/"},{"@type":"ListItem","position":4,"name":"Protective Cell Phone GPS Signal Tracking Interceptor Bag"}]},{"@type":"WebSite","@id":"https:\/\/www.jammersignal.com\/#website","url":"https:\/\/www.jammersignal.com\/","name":"JAMMERSIGNAL","description":"","publisher":{"@id":"https:\/\/www.jammersignal.com\/#organization"},"potentialAction":[{"@type":"SearchAction","target":{"@type":"EntryPoint","urlTemplate":"https:\/\/www.jammersignal.com\/?s={search_term_string}"},"query-input":{"@type":"PropertyValueSpecification","valueRequired":true,"valueName":"search_term_string"}}],"inLanguage":"fr-FR"},{"@type":"Organization","@id":"https:\/\/www.jammersignal.com\/#organization","name":"JAMMERSIGNAL","url":"https:\/\/www.jammersignal.com\/","logo":{"@type":"ImageObject","inLanguage":"fr-FR","@id":"https:\/\/www.jammersignal.com\/#\/schema\/logo\/image\/","url":"https:\/\/www.jammersignal.com\/wp-content\/uploads\/2024\/05\/cropped-jammersignal-logo-4.png","contentUrl":"https:\/\/www.jammersignal.com\/wp-content\/uploads\/2024\/05\/cropped-jammersignal-logo-4.png","width":104,"height":34,"caption":"JAMMERSIGNAL"},"image":{"@id":"https:\/\/www.jammersignal.com\/#\/schema\/logo\/image\/"}}]}},"_links":{"self":[{"href":"https:\/\/www.jammersignal.com\/fr\/wp-json\/wp\/v2\/product\/2104","targetHints":{"allow":["GET"]}}],"collection":[{"href":"https:\/\/www.jammersignal.com\/fr\/wp-json\/wp\/v2\/product"}],"about":[{"href":"https:\/\/www.jammersignal.com\/fr\/wp-json\/wp\/v2\/types\/product"}],"replies":[{"embeddable":true,"href":"https:\/\/www.jammersignal.com\/fr\/wp-json\/wp\/v2\/comments?post=2104"}],"version-history":[{"count":5,"href":"https:\/\/www.jammersignal.com\/fr\/wp-json\/wp\/v2\/product\/2104\/revisions"}],"predecessor-version":[{"id":2268,"href":"https:\/\/www.jammersignal.com\/fr\/wp-json\/wp\/v2\/product\/2104\/revisions\/2268"}],"wp:featuredmedia":[{"embeddable":true,"href":"https:\/\/www.jammersignal.com\/fr\/wp-json\/wp\/v2\/media\/1723"}],"wp:attachment":[{"href":"https:\/\/www.jammersignal.com\/fr\/wp-json\/wp\/v2\/media?parent=2104"}],"wp:term":[{"taxonomy":"product_brand","embeddable":true,"href":"https:\/\/www.jammersignal.com\/fr\/wp-json\/wp\/v2\/product_brand?post=2104"},{"taxonomy":"product_cat","embeddable":true,"href":"https:\/\/www.jammersignal.com\/fr\/wp-json\/wp\/v2\/product_cat?post=2104"},{"taxonomy":"product_tag","embeddable":true,"href":"https:\/\/www.jammersignal.com\/fr\/wp-json\/wp\/v2\/product_tag?post=2104"}],"curies":[{"name":"wp","href":"https:\/\/api.w.org\/{rel}","templated":true}]}}