{"id":2271,"date":"2024-05-31T03:15:27","date_gmt":"2024-05-31T03:15:27","guid":{"rendered":"https:\/\/www.jammersignal.com\/?post_type=product&#038;p=2271"},"modified":"2025-05-18T06:31:57","modified_gmt":"2025-05-18T06:31:57","slug":"box-type-hidden-antenna-wifi-cell-phone-jammer","status":"publish","type":"product","link":"https:\/\/www.jammersignal.com\/fr\/produit\/box-type-hidden-antenna-wifi-cell-phone-jammer\/","title":{"rendered":"Box Type Antenne cach\u00e9e ajustable WIFI Brouilleur de signal de t\u00e9l\u00e9phone portable"},"content":{"rendered":"<div data-elementor-type=\"wp-post\" data-elementor-id=\"2271\" class=\"elementor elementor-2271\">\n\t\t\t\t<div class=\"elementor-element elementor-element-4a8c2a2 e-flex e-con-boxed e-con e-parent\" data-id=\"4a8c2a2\" data-element_type=\"container\">\n\t\t\t\t\t<div class=\"e-con-inner\">\n\t\t<div class=\"elementor-element elementor-element-2677d1d e-con-full e-flex e-con e-child\" data-id=\"2677d1d\" data-element_type=\"container\">\n\t\t\t\t<div class=\"elementor-element elementor-element-5ee8a99 elementor-widget elementor-widget-text-editor\" data-id=\"5ee8a99\" data-element_type=\"widget\" data-widget_type=\"text-editor.default\">\n\t\t\t\t<div class=\"elementor-widget-container\">\n\t\t\t\t\t\t\t\t\t<h4>Sp\u00e9cifications techniques<\/h4><p><strong>Fr\u00e9quences de brouillage<\/strong><\/p><p><strong>2G :<\/strong><br \/>870-880MHZ<br \/>925-960MHZ<br \/>1880-1920MHZ<br \/><strong>3G :<\/strong><br \/>2010-2170MHZ<br \/>2110-2125MHZ<br \/><strong>4G :<\/strong><br \/>2300-2400MHZ<br \/>2400-2500MHZ<br \/>2515-2675MHZ<br \/><strong>5G \uff1a<\/strong><br \/>2515-2675MHZ<br \/>3400-3600MHZ<br \/>4800-4900MHZ<br \/><strong>WIFI2.4 :<\/strong><br \/>2400-2500MHZ<br \/><strong>WIFI 5.8 :<\/strong><br \/>5725-5850MHZ<\/p><p><strong>Sp\u00e9cifications de base<\/strong><\/p><p>Puissance de sortie \uff1aTotal 100W<br \/>Rayon de brouillage\uff1ajusqu'\u00e0 50 m\u00e8tres<br \/>Alimentation\uff1aAC160V~240V<br \/>Taille du produit\uff1a450*450*200mm<br \/>Poids du produit : 17,0 kg<\/p><p>Contenu de l'emballage : Brouilleur de signal * 1pcs\/ Adaptateur AC * 1pcs \/ Manuel d'utilisation d\u00e9taill\u00e9 * 1pcs<\/p>\t\t\t\t\t\t\t\t<\/div>\n\t\t\t\t<\/div>\n\t\t\t\t<\/div>\n\t\t<div class=\"elementor-element elementor-element-63abe0f e-con-full e-flex e-con e-child\" data-id=\"63abe0f\" data-element_type=\"container\">\n\t\t\t\t<div class=\"elementor-element elementor-element-3d0f9f0 elementor-widget elementor-widget-text-editor\" data-id=\"3d0f9f0\" data-element_type=\"widget\" data-widget_type=\"text-editor.default\">\n\t\t\t\t<div class=\"elementor-widget-container\">\n\t\t\t\t\t\t\t\t\t<h4>Informations sur les produits<\/h4><p>Ce brouilleur mural de signaux de t\u00e9l\u00e9phone portable et de WiFi \u00e0 antenne cach\u00e9e est une solution compl\u00e8te pour le blindage des signaux d'interf\u00e9rence. Le brouilleur utilise des contre-mesures \u00e9lectroniques pour \u00e9mettre des ondes \u00e9lectromagn\u00e9tiques afin de prot\u00e9ger et de d\u00e9sactiver les signaux de t\u00e9l\u00e9phonie mobile et les signaux WiFi en liaison descendante dans un rayon de 50 m\u00e8tres. Cela emp\u00eache efficacement les t\u00e9l\u00e9phones portables et les appareils WiFi de fonctionner dans une zone d\u00e9sign\u00e9e, les rendant incapables d'envoyer ou de recevoir des signaux.<\/p><p>Gr\u00e2ce \u00e0 sa large couverture, \u00e0 ses capacit\u00e9s de brouillage efficaces et \u00e0 son blindage complet de tous les signaux de t\u00e9l\u00e9phonie mobile et WiFi, il peut bloquer efficacement tous les signaux de t\u00e9l\u00e9phonie mobile 2G, 3G, 4G, 5G et les signaux WiFi.<\/p><p>L'une de ses principales caract\u00e9ristiques est l'antenne \u00e0 tr\u00e8s haut gain. Contrairement aux brouilleurs traditionnels qui partagent g\u00e9n\u00e9ralement des antennes \u00e0 haut gain pour tous les canaux ou utilisent des antennes \u00e0 petit gain pour chaque canal, ce puissant brouilleur utilise une antenne \u00e0 haut gain de 14dBi pour chaque canal afin de garantir des effets d'interf\u00e9rence stables et \u00e0 longue distance.<\/p><p><strong>Applications :<\/strong><\/p><p>1) Emp\u00eacher l'utilisation ill\u00e9gale des t\u00e9l\u00e9phones portables par les forces de l'ordre telles que les prisons, les centres de d\u00e9tention, les commissariats de police, les tribunaux et les parquets.<\/p><p>2) Emp\u00eacher la fuite de documents ou de secrets commerciaux dans les transactions immobili\u00e8res, les salles de conf\u00e9rence des entreprises, les bases militaires, les sites gouvernementaux, les services administratifs, les enqu\u00eates criminelles sur place, les op\u00e9rations de maintien de l'ordre, les sites de s\u00e9curit\u00e9 cl\u00e9s, etc.<\/p><p>3) Pr\u00e9venir les accidents dangereux caus\u00e9s par une mauvaise utilisation des t\u00e9l\u00e9phones portables et des signaux WiFi dans des lieux tels que les stations-service, les usines chimiques, les d\u00e9p\u00f4ts p\u00e9troliers, les entrep\u00f4ts de marchandises dangereuses et les rassemblements.<\/p><p>4) \u00c9liminer les interf\u00e9rences t\u00e9l\u00e9phoniques dans des lieux tels que les biblioth\u00e8ques, les cin\u00e9mas, les th\u00e9\u00e2tres, les salles de concert, les salles comm\u00e9moratives, les auditoriums et les \u00e9glises.<\/p><p>5) Pr\u00e9venir la tricherie aux examens dans les \u00e9coles, les cours de formation et les comp\u00e9titions sportives.<\/p><p>6) \u00c9liminer les interf\u00e9rences des t\u00e9l\u00e9phones portables pendant les heures de travail, am\u00e9liorer l'efficacit\u00e9 et \u00e9viter les accidents sur les lieux de travail tels que les usines textiles et les usines m\u00e9tallurgiques.<\/p>\t\t\t\t\t\t\t\t<\/div>\n\t\t\t\t<\/div>\n\t\t\t\t<\/div>\n\t\t\t\t\t<\/div>\n\t\t\t\t<\/div>\n\t\t\t\t<\/div>","protected":false},"excerpt":{"rendered":"<p>Ce brouilleur mural de signaux de t\u00e9l\u00e9phone portable et de WiFi \u00e0 antenne cach\u00e9e est une solution compl\u00e8te pour le blindage des signaux d'interf\u00e9rence. Le brouilleur utilise des contre-mesures \u00e9lectroniques pour \u00e9mettre des ondes \u00e9lectromagn\u00e9tiques afin de prot\u00e9ger et de d\u00e9sactiver les signaux de t\u00e9l\u00e9phonie mobile et les signaux WiFi en liaison descendante dans un rayon de 50 m\u00e8tres. Cela emp\u00eache efficacement les t\u00e9l\u00e9phones portables et les appareils WiFi de fonctionner dans une zone d\u00e9sign\u00e9e, les rendant incapables d'envoyer ou de recevoir des signaux.<\/p>\n<p>Gr\u00e2ce \u00e0 sa large couverture, \u00e0 ses capacit\u00e9s de brouillage efficaces et \u00e0 son blindage complet de tous les signaux de t\u00e9l\u00e9phonie mobile et WiFi, il peut bloquer efficacement tous les signaux de t\u00e9l\u00e9phonie mobile 2G, 3G, 4G, 5G et les signaux WiFi.<\/p>\n<p>L'une de ses principales caract\u00e9ristiques est l'antenne \u00e0 tr\u00e8s haut gain. Contrairement aux brouilleurs traditionnels qui partagent g\u00e9n\u00e9ralement des antennes \u00e0 haut gain pour tous les canaux ou utilisent des antennes \u00e0 petit gain pour chaque canal, ce puissant brouilleur utilise une antenne \u00e0 haut gain de 14dBi pour chaque canal afin de garantir des effets d'interf\u00e9rence stables et \u00e0 longue distance.<\/p>","protected":false},"featured_media":1737,"comment_status":"open","ping_status":"closed","template":"","meta":{"site-sidebar-layout":"no-sidebar","site-content-layout":"page-builder","ast-site-content-layout":"normal-width-container","site-content-style":"default","site-sidebar-style":"default","ast-global-header-display":"","ast-banner-title-visibility":"","ast-main-header-display":"","ast-hfb-above-header-display":"","ast-hfb-below-header-display":"","ast-hfb-mobile-header-display":"","site-post-title":"disabled","ast-breadcrumbs-content":"","ast-featured-img":"disabled","footer-sml-layout":"","theme-transparent-header-meta":"default","adv-header-id-meta":"","stick-header-meta":"default","header-above-stick-meta":"","header-main-stick-meta":"","header-below-stick-meta":"","astra-migrate-meta-layouts":"set","ast-page-background-enabled":"default","ast-page-background-meta":{"desktop":{"background-color":"var(--ast-global-color-4)","background-image":"","background-repeat":"repeat","background-position":"center center","background-size":"auto","background-attachment":"scroll","background-type":"","background-media":"","overlay-type":"","overlay-color":"","overlay-gradient":""},"tablet":{"background-color":"","background-image":"","background-repeat":"repeat","background-position":"center center","background-size":"auto","background-attachment":"scroll","background-type":"","background-media":"","overlay-type":"","overlay-color":"","overlay-gradient":""},"mobile":{"background-color":"","background-image":"","background-repeat":"repeat","background-position":"center center","background-size":"auto","background-attachment":"scroll","background-type":"","background-media":"","overlay-type":"","overlay-color":"","overlay-gradient":""}},"ast-content-background-meta":{"desktop":{"background-color":"var(--ast-global-color-5)","background-image":"","background-repeat":"repeat","background-position":"center center","background-size":"auto","background-attachment":"scroll","background-type":"","background-media":"","overlay-type":"","overlay-color":"","overlay-gradient":""},"tablet":{"background-color":"var(--ast-global-color-5)","background-image":"","background-repeat":"repeat","background-position":"center center","background-size":"auto","background-attachment":"scroll","background-type":"","background-media":"","overlay-type":"","overlay-color":"","overlay-gradient":""},"mobile":{"background-color":"var(--ast-global-color-5)","background-image":"","background-repeat":"repeat","background-position":"center center","background-size":"auto","background-attachment":"scroll","background-type":"","background-media":"","overlay-type":"","overlay-color":"","overlay-gradient":""}}},"product_brand":[],"product_cat":[15,49,32,58,38,53,46,54,71,50,36],"product_tag":[357,496,359,564,426,363,257,272,201,369,433,456,493,124,543,458,293,467,230,441,522,555,495,391,119,492,558,393,406,352,464,447],"class_list":{"0":"post-2271","1":"product","2":"type-product","3":"status-publish","4":"has-post-thumbnail","6":"product_cat-signal-blocker","7":"product_cat-camera-jammer-wireless","8":"product_cat-cell-phone-signal-jammer","9":"product_cat-fixed-jammer","10":"product_cat-gsm-jammer","11":"product_cat-hidden-signal-jammer","12":"product_cat-high-power-signal-jammers","13":"product_cat-mini-jammer-small-blocker","14":"product_cat-more-than-1000dollars-jammers","15":"product_cat-waterproof-signal-jammer","16":"product_cat-wifi-jammer","17":"product_tag-aliexpress-wifi-jammer","18":"product_tag-all-frequency-jammer","19":"product_tag-anti-wifi-jammer","20":"product_tag-best-camera-jammer","21":"product_tag-blue-tooth-jammer","22":"product_tag-build-wifi-jammer","23":"product_tag-cell-phone-jammer-canada-for-sale","24":"product_tag-cell-phone-signal-jammer-apk","25":"product_tag-cell-tower-jammer","26":"product_tag-ebay-wifi-jammer","27":"product_tag-gps-signal-jammer","28":"product_tag-hidden-camera-jammer","29":"product_tag-how-do-jammer-work","30":"product_tag-how-to-build-a-cell-phone-jammer","31":"product_tag-jammer-gsm","32":"product_tag-mobile-jammer-device","33":"product_tag-most-powerful-cell-phone-jammer","34":"product_tag-phone-jammer-aaaaaa","35":"product_tag-professional-cell-phone-jammer","36":"product_tag-signal-jammer-cost","37":"product_tag-tracker-jammer","38":"product_tag-video-recording-jammer","39":"product_tag-what-are-jammer","40":"product_tag-what-does-a-wifi-jammer-look-like","41":"product_tag-what-is-a-cell-phone-jammer","42":"product_tag-what-is-mobile-phone-jammer","43":"product_tag-whats-a-jammer","44":"product_tag-wifi-bluetooth-signal-jammer","45":"product_tag-wifi-jammer-ebay","46":"product_tag-wifi-swept-jammer","47":"product_tag-wireless-jammer","48":"product_tag-wireless-signal-jammer","49":"desktop-align-left","50":"tablet-align-left","51":"mobile-align-left","52":"ast-product-gallery-layout-horizontal-slider","53":"ast-product-single-variable","54":"ast-product-tabs-layout-horizontal","56":"first","57":"instock","58":"sale","59":"shipping-taxable","60":"purchasable","61":"product-type-variable"},"yoast_head":"<!-- This site is optimized with the Yoast SEO plugin v23.9 - https:\/\/yoast.com\/wordpress\/plugins\/seo\/ -->\n<title>Box Type Adjustable Hidden Antenna WIFI Mobile Phone Signal Jammer, shielding radius up to 50 meters - JAMMERSIGNAL<\/title>\n<meta name=\"description\" content=\"Our independently developed hidden antenna wall-mounted mobile phone WiFi signal jammer consists of an antenna, a RF amplifier unit, a multiplexer, a main control board, an intelligent cooling system and a power supply system.\" \/>\n<meta name=\"robots\" content=\"index, follow, max-snippet:-1, max-image-preview:large, max-video-preview:-1\" \/>\n<link rel=\"canonical\" href=\"https:\/\/www.jammersignal.com\/fr\/produit\/box-type-hidden-antenna-wifi-cell-phone-jammer\/\" \/>\n<meta property=\"og:locale\" content=\"fr_FR\" \/>\n<meta property=\"og:type\" content=\"article\" \/>\n<meta property=\"og:title\" content=\"Box Type Adjustable Hidden Antenna WIFI Mobile Phone Signal Jammer, shielding radius up to 50 meters - JAMMERSIGNAL\" \/>\n<meta property=\"og:description\" content=\"Our independently developed hidden antenna wall-mounted mobile phone WiFi signal jammer consists of an antenna, a RF amplifier unit, a multiplexer, a main control board, an intelligent cooling system and a power supply system.\" \/>\n<meta property=\"og:url\" content=\"https:\/\/www.jammersignal.com\/fr\/produit\/box-type-hidden-antenna-wifi-cell-phone-jammer\/\" \/>\n<meta property=\"og:site_name\" content=\"JAMMERSIGNAL\" \/>\n<meta property=\"article:modified_time\" content=\"2025-05-18T06:31:57+00:00\" \/>\n<meta property=\"og:image\" content=\"https:\/\/www.jammersignal.com\/wp-content\/uploads\/2024\/05\/box-type-hidden-antenna-jammersignal-phone-cell-wifi-jammers-1.png\" \/>\n\t<meta property=\"og:image:width\" content=\"797\" \/>\n\t<meta property=\"og:image:height\" content=\"797\" \/>\n\t<meta property=\"og:image:type\" content=\"image\/png\" \/>\n<meta name=\"twitter:card\" content=\"summary_large_image\" \/>\n<meta name=\"twitter:label1\" content=\"Dur\u00e9e de lecture estim\u00e9e\" \/>\n\t<meta name=\"twitter:data1\" content=\"2 minutes\" \/>\n<script type=\"application\/ld+json\" class=\"yoast-schema-graph\">{\"@context\":\"https:\/\/schema.org\",\"@graph\":[{\"@type\":\"WebPage\",\"@id\":\"https:\/\/www.jammersignal.com\/product\/box-type-hidden-antenna-wifi-cell-phone-jammer\/\",\"url\":\"https:\/\/www.jammersignal.com\/product\/box-type-hidden-antenna-wifi-cell-phone-jammer\/\",\"name\":\"Box Type Adjustable Hidden Antenna WIFI Mobile Phone Signal Jammer, shielding radius up to 50 meters - JAMMERSIGNAL\",\"isPartOf\":{\"@id\":\"https:\/\/www.jammersignal.com\/#website\"},\"primaryImageOfPage\":{\"@id\":\"https:\/\/www.jammersignal.com\/product\/box-type-hidden-antenna-wifi-cell-phone-jammer\/#primaryimage\"},\"image\":{\"@id\":\"https:\/\/www.jammersignal.com\/product\/box-type-hidden-antenna-wifi-cell-phone-jammer\/#primaryimage\"},\"thumbnailUrl\":\"https:\/\/www.jammersignal.com\/wp-content\/uploads\/2024\/05\/box-type-hidden-antenna-jammersignal-phone-cell-wifi-jammers-1.png\",\"datePublished\":\"2024-05-31T03:15:27+00:00\",\"dateModified\":\"2025-05-18T06:31:57+00:00\",\"description\":\"Our independently developed hidden antenna wall-mounted mobile phone WiFi signal jammer consists of an antenna, a RF amplifier unit, a multiplexer, a main control board, an intelligent cooling system and a power supply system.\",\"breadcrumb\":{\"@id\":\"https:\/\/www.jammersignal.com\/product\/box-type-hidden-antenna-wifi-cell-phone-jammer\/#breadcrumb\"},\"inLanguage\":\"fr-FR\",\"potentialAction\":[{\"@type\":\"ReadAction\",\"target\":[\"https:\/\/www.jammersignal.com\/product\/box-type-hidden-antenna-wifi-cell-phone-jammer\/\"]}]},{\"@type\":\"ImageObject\",\"inLanguage\":\"fr-FR\",\"@id\":\"https:\/\/www.jammersignal.com\/product\/box-type-hidden-antenna-wifi-cell-phone-jammer\/#primaryimage\",\"url\":\"https:\/\/www.jammersignal.com\/wp-content\/uploads\/2024\/05\/box-type-hidden-antenna-jammersignal-phone-cell-wifi-jammers-1.png\",\"contentUrl\":\"https:\/\/www.jammersignal.com\/wp-content\/uploads\/2024\/05\/box-type-hidden-antenna-jammersignal-phone-cell-wifi-jammers-1.png\",\"width\":797,\"height\":797,\"caption\":\"box type hidden antenna jammersignal phone cell wifi jammers (1)\"},{\"@type\":\"BreadcrumbList\",\"@id\":\"https:\/\/www.jammersignal.com\/product\/box-type-hidden-antenna-wifi-cell-phone-jammer\/#breadcrumb\",\"itemListElement\":[{\"@type\":\"ListItem\",\"position\":1,\"name\":\"Home\",\"item\":\"https:\/\/www.jammersignal.com\/\"},{\"@type\":\"ListItem\",\"position\":2,\"name\":\"Shop\",\"item\":\"https:\/\/www.jammersignal.com\/shop\/\"},{\"@type\":\"ListItem\",\"position\":3,\"name\":\"Signal Blocker\",\"item\":\"https:\/\/www.jammersignal.com\/product-category\/signal-blocker\/\"},{\"@type\":\"ListItem\",\"position\":4,\"name\":\"Box Type Adjustable Hidden Antenna WIFI Cell Phone Signal Jammer\"}]},{\"@type\":\"WebSite\",\"@id\":\"https:\/\/www.jammersignal.com\/#website\",\"url\":\"https:\/\/www.jammersignal.com\/\",\"name\":\"JAMMERSIGNAL\",\"description\":\"\",\"publisher\":{\"@id\":\"https:\/\/www.jammersignal.com\/#organization\"},\"potentialAction\":[{\"@type\":\"SearchAction\",\"target\":{\"@type\":\"EntryPoint\",\"urlTemplate\":\"https:\/\/www.jammersignal.com\/?s={search_term_string}\"},\"query-input\":{\"@type\":\"PropertyValueSpecification\",\"valueRequired\":true,\"valueName\":\"search_term_string\"}}],\"inLanguage\":\"fr-FR\"},{\"@type\":\"Organization\",\"@id\":\"https:\/\/www.jammersignal.com\/#organization\",\"name\":\"JAMMERSIGNAL\",\"url\":\"https:\/\/www.jammersignal.com\/\",\"logo\":{\"@type\":\"ImageObject\",\"inLanguage\":\"fr-FR\",\"@id\":\"https:\/\/www.jammersignal.com\/#\/schema\/logo\/image\/\",\"url\":\"https:\/\/www.jammersignal.com\/wp-content\/uploads\/2024\/05\/cropped-jammersignal-logo-4.png\",\"contentUrl\":\"https:\/\/www.jammersignal.com\/wp-content\/uploads\/2024\/05\/cropped-jammersignal-logo-4.png\",\"width\":104,\"height\":34,\"caption\":\"JAMMERSIGNAL\"},\"image\":{\"@id\":\"https:\/\/www.jammersignal.com\/#\/schema\/logo\/image\/\"}}]}<\/script>\n<!-- \/ Yoast SEO plugin. -->","yoast_head_json":{"title":"Antenne cach\u00e9e r\u00e9glable pour brouilleur de signaux de t\u00e9l\u00e9phone portable WIFI, rayon de protection jusqu'\u00e0 50 m\u00e8tres - JAMMERSIGNAL","description":"Notre brouilleur de signal WiFi mural \u00e0 antenne cach\u00e9e, d\u00e9velopp\u00e9 de mani\u00e8re ind\u00e9pendante, se compose d'une antenne, d'une unit\u00e9 d'amplification RF, d'un multiplexeur, d'une carte de contr\u00f4le principale, d'un syst\u00e8me de refroidissement intelligent et d'un syst\u00e8me d'alimentation \u00e9lectrique.","robots":{"index":"index","follow":"follow","max-snippet":"max-snippet:-1","max-image-preview":"max-image-preview:large","max-video-preview":"max-video-preview:-1"},"canonical":"https:\/\/www.jammersignal.com\/fr\/produit\/box-type-hidden-antenna-wifi-cell-phone-jammer\/","og_locale":"fr_FR","og_type":"article","og_title":"Box Type Adjustable Hidden Antenna WIFI Mobile Phone Signal Jammer, shielding radius up to 50 meters - JAMMERSIGNAL","og_description":"Our independently developed hidden antenna wall-mounted mobile phone WiFi signal jammer consists of an antenna, a RF amplifier unit, a multiplexer, a main control board, an intelligent cooling system and a power supply system.","og_url":"https:\/\/www.jammersignal.com\/fr\/produit\/box-type-hidden-antenna-wifi-cell-phone-jammer\/","og_site_name":"JAMMERSIGNAL","article_modified_time":"2025-05-18T06:31:57+00:00","og_image":[{"width":797,"height":797,"url":"https:\/\/www.jammersignal.com\/wp-content\/uploads\/2024\/05\/box-type-hidden-antenna-jammersignal-phone-cell-wifi-jammers-1.png","type":"image\/png"}],"twitter_card":"summary_large_image","twitter_misc":{"Dur\u00e9e de lecture estim\u00e9e":"2 minutes"},"schema":{"@context":"https:\/\/schema.org","@graph":[{"@type":"WebPage","@id":"https:\/\/www.jammersignal.com\/product\/box-type-hidden-antenna-wifi-cell-phone-jammer\/","url":"https:\/\/www.jammersignal.com\/product\/box-type-hidden-antenna-wifi-cell-phone-jammer\/","name":"Antenne cach\u00e9e r\u00e9glable pour brouilleur de signaux de t\u00e9l\u00e9phone portable WIFI, rayon de protection jusqu'\u00e0 50 m\u00e8tres - JAMMERSIGNAL","isPartOf":{"@id":"https:\/\/www.jammersignal.com\/#website"},"primaryImageOfPage":{"@id":"https:\/\/www.jammersignal.com\/product\/box-type-hidden-antenna-wifi-cell-phone-jammer\/#primaryimage"},"image":{"@id":"https:\/\/www.jammersignal.com\/product\/box-type-hidden-antenna-wifi-cell-phone-jammer\/#primaryimage"},"thumbnailUrl":"https:\/\/www.jammersignal.com\/wp-content\/uploads\/2024\/05\/box-type-hidden-antenna-jammersignal-phone-cell-wifi-jammers-1.png","datePublished":"2024-05-31T03:15:27+00:00","dateModified":"2025-05-18T06:31:57+00:00","description":"Notre brouilleur de signal WiFi mural \u00e0 antenne cach\u00e9e, d\u00e9velopp\u00e9 de mani\u00e8re ind\u00e9pendante, se compose d'une antenne, d'une unit\u00e9 d'amplification RF, d'un multiplexeur, d'une carte de contr\u00f4le principale, d'un syst\u00e8me de refroidissement intelligent et d'un syst\u00e8me d'alimentation \u00e9lectrique.","breadcrumb":{"@id":"https:\/\/www.jammersignal.com\/product\/box-type-hidden-antenna-wifi-cell-phone-jammer\/#breadcrumb"},"inLanguage":"fr-FR","potentialAction":[{"@type":"ReadAction","target":["https:\/\/www.jammersignal.com\/product\/box-type-hidden-antenna-wifi-cell-phone-jammer\/"]}]},{"@type":"ImageObject","inLanguage":"fr-FR","@id":"https:\/\/www.jammersignal.com\/product\/box-type-hidden-antenna-wifi-cell-phone-jammer\/#primaryimage","url":"https:\/\/www.jammersignal.com\/wp-content\/uploads\/2024\/05\/box-type-hidden-antenna-jammersignal-phone-cell-wifi-jammers-1.png","contentUrl":"https:\/\/www.jammersignal.com\/wp-content\/uploads\/2024\/05\/box-type-hidden-antenna-jammersignal-phone-cell-wifi-jammers-1.png","width":797,"height":797,"caption":"box type hidden antenna jammersignal phone cell wifi jammers (1)"},{"@type":"BreadcrumbList","@id":"https:\/\/www.jammersignal.com\/product\/box-type-hidden-antenna-wifi-cell-phone-jammer\/#breadcrumb","itemListElement":[{"@type":"ListItem","position":1,"name":"Home","item":"https:\/\/www.jammersignal.com\/"},{"@type":"ListItem","position":2,"name":"Shop","item":"https:\/\/www.jammersignal.com\/shop\/"},{"@type":"ListItem","position":3,"name":"Signal Blocker","item":"https:\/\/www.jammersignal.com\/product-category\/signal-blocker\/"},{"@type":"ListItem","position":4,"name":"Box Type Adjustable Hidden Antenna WIFI Cell Phone Signal Jammer"}]},{"@type":"WebSite","@id":"https:\/\/www.jammersignal.com\/#website","url":"https:\/\/www.jammersignal.com\/","name":"JAMMERSIGNAL","description":"","publisher":{"@id":"https:\/\/www.jammersignal.com\/#organization"},"potentialAction":[{"@type":"SearchAction","target":{"@type":"EntryPoint","urlTemplate":"https:\/\/www.jammersignal.com\/?s={search_term_string}"},"query-input":{"@type":"PropertyValueSpecification","valueRequired":true,"valueName":"search_term_string"}}],"inLanguage":"fr-FR"},{"@type":"Organization","@id":"https:\/\/www.jammersignal.com\/#organization","name":"JAMMERSIGNAL","url":"https:\/\/www.jammersignal.com\/","logo":{"@type":"ImageObject","inLanguage":"fr-FR","@id":"https:\/\/www.jammersignal.com\/#\/schema\/logo\/image\/","url":"https:\/\/www.jammersignal.com\/wp-content\/uploads\/2024\/05\/cropped-jammersignal-logo-4.png","contentUrl":"https:\/\/www.jammersignal.com\/wp-content\/uploads\/2024\/05\/cropped-jammersignal-logo-4.png","width":104,"height":34,"caption":"JAMMERSIGNAL"},"image":{"@id":"https:\/\/www.jammersignal.com\/#\/schema\/logo\/image\/"}}]}},"_links":{"self":[{"href":"https:\/\/www.jammersignal.com\/fr\/wp-json\/wp\/v2\/product\/2271","targetHints":{"allow":["GET"]}}],"collection":[{"href":"https:\/\/www.jammersignal.com\/fr\/wp-json\/wp\/v2\/product"}],"about":[{"href":"https:\/\/www.jammersignal.com\/fr\/wp-json\/wp\/v2\/types\/product"}],"replies":[{"embeddable":true,"href":"https:\/\/www.jammersignal.com\/fr\/wp-json\/wp\/v2\/comments?post=2271"}],"version-history":[{"count":4,"href":"https:\/\/www.jammersignal.com\/fr\/wp-json\/wp\/v2\/product\/2271\/revisions"}],"predecessor-version":[{"id":2301,"href":"https:\/\/www.jammersignal.com\/fr\/wp-json\/wp\/v2\/product\/2271\/revisions\/2301"}],"wp:featuredmedia":[{"embeddable":true,"href":"https:\/\/www.jammersignal.com\/fr\/wp-json\/wp\/v2\/media\/1737"}],"wp:attachment":[{"href":"https:\/\/www.jammersignal.com\/fr\/wp-json\/wp\/v2\/media?parent=2271"}],"wp:term":[{"taxonomy":"product_brand","embeddable":true,"href":"https:\/\/www.jammersignal.com\/fr\/wp-json\/wp\/v2\/product_brand?post=2271"},{"taxonomy":"product_cat","embeddable":true,"href":"https:\/\/www.jammersignal.com\/fr\/wp-json\/wp\/v2\/product_cat?post=2271"},{"taxonomy":"product_tag","embeddable":true,"href":"https:\/\/www.jammersignal.com\/fr\/wp-json\/wp\/v2\/product_tag?post=2271"}],"curies":[{"name":"wp","href":"https:\/\/api.w.org\/{rel}","templated":true}]}}