{"id":2273,"date":"2024-05-31T05:15:29","date_gmt":"2024-05-31T05:15:29","guid":{"rendered":"https:\/\/www.jammersignal.com\/?post_type=product&#038;p=2273"},"modified":"2024-12-17T07:53:43","modified_gmt":"2024-12-17T07:53:43","slug":"high-power-handheld-portable-drone-jammer","status":"publish","type":"product","link":"https:\/\/www.jammersignal.com\/fr\/produit\/high-power-handheld-portable-drone-jammer\/","title":{"rendered":"Brouilleur de signaux de drone portable \u00e0 haute puissance HW08US"},"content":{"rendered":"<div data-elementor-type=\"wp-post\" data-elementor-id=\"2273\" class=\"elementor elementor-2273\">\n\t\t\t\t<div class=\"elementor-element elementor-element-4a8c2a2 e-flex e-con-boxed e-con e-parent\" data-id=\"4a8c2a2\" data-element_type=\"container\">\n\t\t\t\t\t<div class=\"e-con-inner\">\n\t\t<div class=\"elementor-element elementor-element-2677d1d e-con-full e-flex e-con e-child\" data-id=\"2677d1d\" data-element_type=\"container\">\n\t\t\t\t<div class=\"elementor-element elementor-element-5ee8a99 elementor-widget elementor-widget-text-editor\" data-id=\"5ee8a99\" data-element_type=\"widget\" data-widget_type=\"text-editor.default\">\n\t\t\t\t<div class=\"elementor-widget-container\">\n\t\t\t\t\t\t\t\t\t<h4>Sp\u00e9cifications techniques<\/h4><table width=\"416\"><tbody><tr><td width=\"72\"><strong>Nom du param\u00e8tre<\/strong><\/td><td width=\"344\"><strong>D\u00e9tails des param\u00e8tres<\/strong><\/td><\/tr><tr><td>Mod\u00e8le\u00a0<\/td><td>HW08US<\/td><\/tr><tr><td>Fr\u00e9quences de brouillage<\/td><td width=\"344\">2400-2500MHz<br \/>5725-5850MHz<br \/>1560-1620MHz<br \/>1170-1280MHz<\/td><\/tr><tr><td>Rayon de brouillage<\/td><td>Jusqu'\u00e0 250 m\u00e8tres<\/td><\/tr><tr><td>Tension<\/td><td>AC 220 V<\/td><\/tr><tr><td>Alimentation \u00e9lectrique<\/td><td>Batterie int\u00e9gr\u00e9e<\/td><\/tr><tr><td>Temps de travail<\/td><td>1-1,5 heure<\/td><\/tr><tr><td>Poids<\/td><td>3500 g<\/td><\/tr><tr><td>Taille<\/td><td>380mm*260mm*95mm<\/td><\/tr><tr><td>Temp\u00e9rature de fonctionnement<\/td><td>-10\u2103 \u00e0 +50\u2103<\/td><\/tr><tr><td>Humidit\u00e9 de fonctionnement<\/td><td>5% \u00e0 80%<\/td><\/tr><\/tbody><\/table>\t\t\t\t\t\t\t\t<\/div>\n\t\t\t\t<\/div>\n\t\t\t\t<\/div>\n\t\t<div class=\"elementor-element elementor-element-63abe0f e-con-full e-flex e-con e-child\" data-id=\"63abe0f\" data-element_type=\"container\">\n\t\t\t\t<div class=\"elementor-element elementor-element-3d0f9f0 elementor-widget elementor-widget-text-editor\" data-id=\"3d0f9f0\" data-element_type=\"widget\" data-widget_type=\"text-editor.default\">\n\t\t\t\t<div class=\"elementor-widget-container\">\n\t\t\t\t\t\t\t\t\t<h4>Informations sur les produits<\/h4><p>Ce dernier brouilleur de signal de drone portable de puissance moyenne est con\u00e7u pour couvrir 100% des fr\u00e9quences de signal de drone. Sa port\u00e9e de brouillage directionnelle est de 20 \u00e0 250 m\u00e8tres, ce qui permet d'emp\u00eacher efficacement les activit\u00e9s ind\u00e9sirables des drones.<\/p><p>Ce brouilleur de drone portable se distingue des autres brouilleurs de drone par sa conception l\u00e9g\u00e8re et sa petite taille. Il peut \u00eatre facilement transport\u00e9 sans attirer l'attention sur le fait que vous utilisez un brouilleur. La portabilit\u00e9 de ce brouilleur est une caract\u00e9ristique inestimable.<\/p><p>En tant qu'excellent brouilleur de drones, cet appareil peut brouiller efficacement les signaux 2,4 GHz et 5,8 GHz utilis\u00e9s par les syst\u00e8mes GLONASS et GPS. Il offre une couverture \u00e9tonnante allant jusqu'\u00e0 250 m\u00e8tres, ce qui permet de contrer efficacement les drones et les v\u00e9hicules a\u00e9riens sans pilote tels que les DJI Phantom 4, Phantom 3 Professional, Advanced, Standard series et Inspire series.<\/p><p><strong>Caract\u00e9ristiques du produit :<\/strong><\/p><ol><li>Avec une puissance de sortie totale de 24 watts et \u00e9quip\u00e9e d'une antenne directionnelle plate \u00e0 haut gain de 5-7 dBi, la distance de brouillage peut atteindre jusqu'\u00e0 250 m\u00e8tres.<\/li><li>Chaque unit\u00e9 peut brouiller jusqu'\u00e0 4 bandes simultan\u00e9ment, avec une puissance r\u00e9glable pour chaque bande, allant de la puissance maximale \u00e0 l'arr\u00eat (0). Un voyant LED indique l'\u00e9tat de la puissance.<\/li><li>Fournir une protection contre la surcharge VSWR 100% pour chaque module, garantissant la fiabilit\u00e9 et la dur\u00e9e de vie du brouilleur.<\/li><li>Batterie int\u00e9gr\u00e9e, dur\u00e9e de fonctionnement sup\u00e9rieure \u00e0 60-90 minutes, peut \u00eatre utilis\u00e9e pendant une longue p\u00e9riode sans charge constante.<\/li><li>La charge de la batterie et l'\u00e9tat du chargeur sont affich\u00e9s sur l'\u00e9cran LED, fournissant des informations en temps r\u00e9el.<\/li><\/ol><p>Notre brouilleur de signal de drone portable est une solution id\u00e9ale pour faire face aux menaces des drones dans diverses situations. Ses performances puissantes, sa portabilit\u00e9 et ses caract\u00e9ristiques conviviales en font un choix fiable pour prot\u00e9ger les zones sensibles contre les activit\u00e9s non autoris\u00e9es des drones.<\/p><p><strong>Pr\u00e9cautions :<\/strong><\/p><p>1. les brouilleurs sont personnalis\u00e9s en fonction des bandes de fr\u00e9quence des diff\u00e9rents pays, veuillez vous assurer que le pays d'achat et le pays d'utilisation r\u00e9el sont coh\u00e9rents, sinon le brouilleur ne pourra pas \u00eatre utilis\u00e9. Veuillez lire la fonction du brouilleur avant de l'acheter.<br \/>2 Si les brouilleurs de faible puissance (tels que les brouilleurs portatifs) bloquent un dispositif de signal de forte puissance (tel qu'un routeur WIFI de forte puissance, un \u00e9quipement audio Bluetooth, etc.<br \/>3. il est interdit d'utiliser l'appareil pendant qu'il est en charge.<br \/>4. ne pas utiliser de brouilleurs portatifs comme brouilleurs de bureau.<br \/>5. n'utilisez pas de brouilleurs avant de connecter l'antenne.<\/p>\t\t\t\t\t\t\t\t<\/div>\n\t\t\t\t<\/div>\n\t\t\t\t<\/div>\n\t\t\t\t\t<\/div>\n\t\t\t\t<\/div>\n\t\t\t\t<\/div>","protected":false},"excerpt":{"rendered":"<p>Ce dernier brouilleur de signal de drone portable de puissance moyenne est con\u00e7u pour couvrir 100% des fr\u00e9quences de signal de drone. Sa port\u00e9e de brouillage directionnelle est de 20 \u00e0 250 m\u00e8tres, ce qui permet d'emp\u00eacher efficacement les activit\u00e9s ind\u00e9sirables des drones.<\/p>\n<p>En tant qu'excellent brouilleur de drones, cet appareil peut brouiller efficacement les signaux 2,4 GHz et 5,8 GHz utilis\u00e9s par les syst\u00e8mes GLONASS et GPS. Il offre une couverture \u00e9tonnante allant jusqu'\u00e0 250 m\u00e8tres, ce qui permet de contrer efficacement les drones et les v\u00e9hicules a\u00e9riens sans pilote tels que les DJI Phantom 4, Phantom 3 Professional, Advanced, Standard series et Inspire series.<\/p>\n<p><strong>Caract\u00e9ristiques du produit :<\/strong><\/p>\n<p>1. Avec une puissance de sortie totale de 24 watts et une antenne directionnelle plate \u00e0 haut gain de 5-7 dBi, la distance de brouillage peut atteindre 250 m\u00e8tres.<br \/>\n2. Chaque unit\u00e9 peut brouiller jusqu'\u00e0 4 bandes simultan\u00e9ment, avec une puissance r\u00e9glable pour chaque bande, allant de la puissance maximale \u00e0 l'arr\u00eat (0). Le voyant LED indique l'\u00e9tat de la puissance.<br \/>\n3. Fournir une protection contre la surcharge VSWR 100% pour chaque module, garantissant la fiabilit\u00e9 et la dur\u00e9e de vie du brouilleur.<br \/>\n4. Batterie int\u00e9gr\u00e9e, dur\u00e9e de fonctionnement sup\u00e9rieure \u00e0 60-90 minutes, peut \u00eatre utilis\u00e9e pendant une longue p\u00e9riode sans \u00eatre constamment recharg\u00e9e.<br \/>\n5. La charge de la batterie et l'\u00e9tat du chargeur sont affich\u00e9s sur l'\u00e9cran LED, fournissant des informations en temps r\u00e9el.<\/p>","protected":false},"featured_media":1750,"comment_status":"open","ping_status":"closed","template":"","meta":{"site-sidebar-layout":"no-sidebar","site-content-layout":"page-builder","ast-site-content-layout":"normal-width-container","site-content-style":"default","site-sidebar-style":"default","ast-global-header-display":"","ast-banner-title-visibility":"","ast-main-header-display":"","ast-hfb-above-header-display":"","ast-hfb-below-header-display":"","ast-hfb-mobile-header-display":"","site-post-title":"disabled","ast-breadcrumbs-content":"","ast-featured-img":"disabled","footer-sml-layout":"","theme-transparent-header-meta":"default","adv-header-id-meta":"","stick-header-meta":"default","header-above-stick-meta":"","header-main-stick-meta":"","header-below-stick-meta":"","astra-migrate-meta-layouts":"set","ast-page-background-enabled":"default","ast-page-background-meta":{"desktop":{"background-color":"var(--ast-global-color-4)","background-image":"","background-repeat":"repeat","background-position":"center center","background-size":"auto","background-attachment":"scroll","background-type":"","background-media":"","overlay-type":"","overlay-color":"","overlay-gradient":""},"tablet":{"background-color":"","background-image":"","background-repeat":"repeat","background-position":"center center","background-size":"auto","background-attachment":"scroll","background-type":"","background-media":"","overlay-type":"","overlay-color":"","overlay-gradient":""},"mobile":{"background-color":"","background-image":"","background-repeat":"repeat","background-position":"center center","background-size":"auto","background-attachment":"scroll","background-type":"","background-media":"","overlay-type":"","overlay-color":"","overlay-gradient":""}},"ast-content-background-meta":{"desktop":{"background-color":"var(--ast-global-color-5)","background-image":"","background-repeat":"repeat","background-position":"center center","background-size":"auto","background-attachment":"scroll","background-type":"","background-media":"","overlay-type":"","overlay-color":"","overlay-gradient":""},"tablet":{"background-color":"var(--ast-global-color-5)","background-image":"","background-repeat":"repeat","background-position":"center center","background-size":"auto","background-attachment":"scroll","background-type":"","background-media":"","overlay-type":"","overlay-color":"","overlay-gradient":""},"mobile":{"background-color":"var(--ast-global-color-5)","background-image":"","background-repeat":"repeat","background-position":"center center","background-size":"auto","background-attachment":"scroll","background-type":"","background-media":"","overlay-type":"","overlay-color":"","overlay-gradient":""}}},"product_brand":[],"product_cat":[15,44,43,53,46,71,84,55,97,98],"product_tag":[345,448,452,535,502,536,537,503,504,424,453,368,524,512,457,551,525,558],"class_list":{"0":"post-2273","1":"product","2":"type-product","3":"status-publish","4":"has-post-thumbnail","6":"product_cat-signal-blocker","7":"product_cat-drone-signal-blocker","8":"product_cat-drone-jammer","9":"product_cat-hidden-signal-jammer","10":"product_cat-high-power-signal-jammers","11":"product_cat-more-than-1000dollars-jammers","12":"product_cat-more-than-40meters","13":"product_cat-outdoor-jammer","14":"product_cat-wifi-2-4g-2400-2500mhz-jammer","15":"product_cat-wifi-5g-5100-5680mhz-or5720-5850mhz-jammer","16":"product_tag-2-4ghz-wifi-jammer","17":"product_tag-anti-drone-jammer","18":"product_tag-diy-drone-jammer","19":"product_tag-door-jammer-portable","20":"product_tag-drone-frequency-jammer","21":"product_tag-drone-jammer-aaaaaa","22":"product_tag-drone-jammer-app","23":"product_tag-drone-jammer-for-sale","24":"product_tag-drone-radio-jammer","25":"product_tag-drone-signal-jammer","26":"product_tag-drone-signal-jammer-aaaaaa","27":"product_tag-drone-wifi-jammer","28":"product_tag-frequency-jammer","29":"product_tag-jammer-drone","30":"product_tag-jammer-meaning","31":"product_tag-signal-blocker-jammer","32":"product_tag-the-jammer","33":"product_tag-whats-a-jammer","34":"desktop-align-left","35":"tablet-align-left","36":"mobile-align-left","37":"ast-product-gallery-layout-horizontal-slider","38":"ast-product-single-variable","39":"ast-product-tabs-layout-horizontal","41":"first","42":"instock","43":"sale","44":"shipping-taxable","45":"purchasable","46":"product-type-variable"},"yoast_head":"<!-- This site is optimized with the Yoast SEO plugin v23.9 - https:\/\/yoast.com\/wordpress\/plugins\/seo\/ -->\n<title>High-Power Portable Drone Signal Jammer with A Shielding Radius of up to 250 Meters - JAMMERSIGNAL<\/title>\n<meta name=\"description\" content=\"This latest mid-power portable drone signal jammer is designed to cover 100% of drone signal frequencies. Its directional jamming range is 20 to 250m, which effectively prevents unwanted drone activities.\" \/>\n<meta name=\"robots\" content=\"index, follow, max-snippet:-1, max-image-preview:large, max-video-preview:-1\" \/>\n<link rel=\"canonical\" href=\"https:\/\/www.jammersignal.com\/fr\/produit\/high-power-handheld-portable-drone-jammer\/\" \/>\n<meta property=\"og:locale\" content=\"fr_FR\" \/>\n<meta property=\"og:type\" content=\"article\" \/>\n<meta property=\"og:title\" content=\"High-Power Portable Drone Signal Jammer with A Shielding Radius of up to 250 Meters - JAMMERSIGNAL\" \/>\n<meta property=\"og:description\" content=\"This latest mid-power portable drone signal jammer is designed to cover 100% of drone signal frequencies. Its directional jamming range is 20 to 250m, which effectively prevents unwanted drone activities.\" \/>\n<meta property=\"og:url\" content=\"https:\/\/www.jammersignal.com\/fr\/produit\/high-power-handheld-portable-drone-jammer\/\" \/>\n<meta property=\"og:site_name\" content=\"JAMMERSIGNAL\" \/>\n<meta property=\"article:modified_time\" content=\"2024-12-17T07:53:43+00:00\" \/>\n<meta property=\"og:image\" content=\"https:\/\/www.jammersignal.com\/wp-content\/uploads\/2024\/05\/hw08us-high-jammersignal-drone-portable-handheld-jammers-1.jpg\" \/>\n\t<meta property=\"og:image:width\" content=\"2000\" \/>\n\t<meta property=\"og:image:height\" content=\"2000\" \/>\n\t<meta property=\"og:image:type\" content=\"image\/jpeg\" \/>\n<meta name=\"twitter:card\" content=\"summary_large_image\" \/>\n<meta name=\"twitter:label1\" content=\"Dur\u00e9e de lecture estim\u00e9e\" \/>\n\t<meta name=\"twitter:data1\" content=\"2 minutes\" \/>\n<script type=\"application\/ld+json\" class=\"yoast-schema-graph\">{\"@context\":\"https:\/\/schema.org\",\"@graph\":[{\"@type\":\"WebPage\",\"@id\":\"https:\/\/www.jammersignal.com\/product\/high-power-handheld-portable-drone-jammer\/\",\"url\":\"https:\/\/www.jammersignal.com\/product\/high-power-handheld-portable-drone-jammer\/\",\"name\":\"High-Power Portable Drone Signal Jammer with A Shielding Radius of up to 250 Meters - JAMMERSIGNAL\",\"isPartOf\":{\"@id\":\"https:\/\/www.jammersignal.com\/#website\"},\"primaryImageOfPage\":{\"@id\":\"https:\/\/www.jammersignal.com\/product\/high-power-handheld-portable-drone-jammer\/#primaryimage\"},\"image\":{\"@id\":\"https:\/\/www.jammersignal.com\/product\/high-power-handheld-portable-drone-jammer\/#primaryimage\"},\"thumbnailUrl\":\"https:\/\/www.jammersignal.com\/wp-content\/uploads\/2024\/05\/hw08us-high-jammersignal-drone-portable-handheld-jammers-1.jpg\",\"datePublished\":\"2024-05-31T05:15:29+00:00\",\"dateModified\":\"2024-12-17T07:53:43+00:00\",\"description\":\"This latest mid-power portable drone signal jammer is designed to cover 100% of drone signal frequencies. Its directional jamming range is 20 to 250m, which effectively prevents unwanted drone activities.\",\"breadcrumb\":{\"@id\":\"https:\/\/www.jammersignal.com\/product\/high-power-handheld-portable-drone-jammer\/#breadcrumb\"},\"inLanguage\":\"fr-FR\",\"potentialAction\":[{\"@type\":\"ReadAction\",\"target\":[\"https:\/\/www.jammersignal.com\/product\/high-power-handheld-portable-drone-jammer\/\"]}]},{\"@type\":\"ImageObject\",\"inLanguage\":\"fr-FR\",\"@id\":\"https:\/\/www.jammersignal.com\/product\/high-power-handheld-portable-drone-jammer\/#primaryimage\",\"url\":\"https:\/\/www.jammersignal.com\/wp-content\/uploads\/2024\/05\/hw08us-high-jammersignal-drone-portable-handheld-jammers-1.jpg\",\"contentUrl\":\"https:\/\/www.jammersignal.com\/wp-content\/uploads\/2024\/05\/hw08us-high-jammersignal-drone-portable-handheld-jammers-1.jpg\",\"width\":2000,\"height\":2000,\"caption\":\"hw08us high jammersignal drone portable handheld jammers (1)\"},{\"@type\":\"BreadcrumbList\",\"@id\":\"https:\/\/www.jammersignal.com\/product\/high-power-handheld-portable-drone-jammer\/#breadcrumb\",\"itemListElement\":[{\"@type\":\"ListItem\",\"position\":1,\"name\":\"Home\",\"item\":\"https:\/\/www.jammersignal.com\/\"},{\"@type\":\"ListItem\",\"position\":2,\"name\":\"Shop\",\"item\":\"https:\/\/www.jammersignal.com\/shop\/\"},{\"@type\":\"ListItem\",\"position\":3,\"name\":\"Signal Blocker\",\"item\":\"https:\/\/www.jammersignal.com\/product-category\/signal-blocker\/\"},{\"@type\":\"ListItem\",\"position\":4,\"name\":\"High Power Handheld Portable Drone Signal Jammer HW08US\"}]},{\"@type\":\"WebSite\",\"@id\":\"https:\/\/www.jammersignal.com\/#website\",\"url\":\"https:\/\/www.jammersignal.com\/\",\"name\":\"JAMMERSIGNAL\",\"description\":\"\",\"publisher\":{\"@id\":\"https:\/\/www.jammersignal.com\/#organization\"},\"potentialAction\":[{\"@type\":\"SearchAction\",\"target\":{\"@type\":\"EntryPoint\",\"urlTemplate\":\"https:\/\/www.jammersignal.com\/?s={search_term_string}\"},\"query-input\":{\"@type\":\"PropertyValueSpecification\",\"valueRequired\":true,\"valueName\":\"search_term_string\"}}],\"inLanguage\":\"fr-FR\"},{\"@type\":\"Organization\",\"@id\":\"https:\/\/www.jammersignal.com\/#organization\",\"name\":\"JAMMERSIGNAL\",\"url\":\"https:\/\/www.jammersignal.com\/\",\"logo\":{\"@type\":\"ImageObject\",\"inLanguage\":\"fr-FR\",\"@id\":\"https:\/\/www.jammersignal.com\/#\/schema\/logo\/image\/\",\"url\":\"https:\/\/www.jammersignal.com\/wp-content\/uploads\/2024\/05\/cropped-jammersignal-logo-4.png\",\"contentUrl\":\"https:\/\/www.jammersignal.com\/wp-content\/uploads\/2024\/05\/cropped-jammersignal-logo-4.png\",\"width\":104,\"height\":34,\"caption\":\"JAMMERSIGNAL\"},\"image\":{\"@id\":\"https:\/\/www.jammersignal.com\/#\/schema\/logo\/image\/\"}}]}<\/script>\n<!-- \/ Yoast SEO plugin. -->","yoast_head_json":{"title":"Brouilleur de signaux de drone portable haute puissance avec un rayon de blindage de 250 m\u00e8tres - JAMMERSIGNAL","description":"Ce dernier brouilleur de signal de drone portable de puissance moyenne est con\u00e7u pour couvrir 100% de fr\u00e9quences de signal de drone. Sa port\u00e9e de brouillage directionnelle est de 20 \u00e0 250 m, ce qui emp\u00eache efficacement les activit\u00e9s ind\u00e9sirables des drones.","robots":{"index":"index","follow":"follow","max-snippet":"max-snippet:-1","max-image-preview":"max-image-preview:large","max-video-preview":"max-video-preview:-1"},"canonical":"https:\/\/www.jammersignal.com\/fr\/produit\/high-power-handheld-portable-drone-jammer\/","og_locale":"fr_FR","og_type":"article","og_title":"High-Power Portable Drone Signal Jammer with A Shielding Radius of up to 250 Meters - JAMMERSIGNAL","og_description":"This latest mid-power portable drone signal jammer is designed to cover 100% of drone signal frequencies. Its directional jamming range is 20 to 250m, which effectively prevents unwanted drone activities.","og_url":"https:\/\/www.jammersignal.com\/fr\/produit\/high-power-handheld-portable-drone-jammer\/","og_site_name":"JAMMERSIGNAL","article_modified_time":"2024-12-17T07:53:43+00:00","og_image":[{"width":2000,"height":2000,"url":"https:\/\/www.jammersignal.com\/wp-content\/uploads\/2024\/05\/hw08us-high-jammersignal-drone-portable-handheld-jammers-1.jpg","type":"image\/jpeg"}],"twitter_card":"summary_large_image","twitter_misc":{"Dur\u00e9e de lecture estim\u00e9e":"2 minutes"},"schema":{"@context":"https:\/\/schema.org","@graph":[{"@type":"WebPage","@id":"https:\/\/www.jammersignal.com\/product\/high-power-handheld-portable-drone-jammer\/","url":"https:\/\/www.jammersignal.com\/product\/high-power-handheld-portable-drone-jammer\/","name":"Brouilleur de signaux de drone portable haute puissance avec un rayon de blindage de 250 m\u00e8tres - JAMMERSIGNAL","isPartOf":{"@id":"https:\/\/www.jammersignal.com\/#website"},"primaryImageOfPage":{"@id":"https:\/\/www.jammersignal.com\/product\/high-power-handheld-portable-drone-jammer\/#primaryimage"},"image":{"@id":"https:\/\/www.jammersignal.com\/product\/high-power-handheld-portable-drone-jammer\/#primaryimage"},"thumbnailUrl":"https:\/\/www.jammersignal.com\/wp-content\/uploads\/2024\/05\/hw08us-high-jammersignal-drone-portable-handheld-jammers-1.jpg","datePublished":"2024-05-31T05:15:29+00:00","dateModified":"2024-12-17T07:53:43+00:00","description":"Ce dernier brouilleur de signal de drone portable de puissance moyenne est con\u00e7u pour couvrir 100% de fr\u00e9quences de signal de drone. Sa port\u00e9e de brouillage directionnelle est de 20 \u00e0 250 m, ce qui emp\u00eache efficacement les activit\u00e9s ind\u00e9sirables des drones.","breadcrumb":{"@id":"https:\/\/www.jammersignal.com\/product\/high-power-handheld-portable-drone-jammer\/#breadcrumb"},"inLanguage":"fr-FR","potentialAction":[{"@type":"ReadAction","target":["https:\/\/www.jammersignal.com\/product\/high-power-handheld-portable-drone-jammer\/"]}]},{"@type":"ImageObject","inLanguage":"fr-FR","@id":"https:\/\/www.jammersignal.com\/product\/high-power-handheld-portable-drone-jammer\/#primaryimage","url":"https:\/\/www.jammersignal.com\/wp-content\/uploads\/2024\/05\/hw08us-high-jammersignal-drone-portable-handheld-jammers-1.jpg","contentUrl":"https:\/\/www.jammersignal.com\/wp-content\/uploads\/2024\/05\/hw08us-high-jammersignal-drone-portable-handheld-jammers-1.jpg","width":2000,"height":2000,"caption":"hw08us high jammersignal drone portable handheld jammers (1)"},{"@type":"BreadcrumbList","@id":"https:\/\/www.jammersignal.com\/product\/high-power-handheld-portable-drone-jammer\/#breadcrumb","itemListElement":[{"@type":"ListItem","position":1,"name":"Home","item":"https:\/\/www.jammersignal.com\/"},{"@type":"ListItem","position":2,"name":"Shop","item":"https:\/\/www.jammersignal.com\/shop\/"},{"@type":"ListItem","position":3,"name":"Signal Blocker","item":"https:\/\/www.jammersignal.com\/product-category\/signal-blocker\/"},{"@type":"ListItem","position":4,"name":"High Power Handheld Portable Drone Signal Jammer HW08US"}]},{"@type":"WebSite","@id":"https:\/\/www.jammersignal.com\/#website","url":"https:\/\/www.jammersignal.com\/","name":"JAMMERSIGNAL","description":"","publisher":{"@id":"https:\/\/www.jammersignal.com\/#organization"},"potentialAction":[{"@type":"SearchAction","target":{"@type":"EntryPoint","urlTemplate":"https:\/\/www.jammersignal.com\/?s={search_term_string}"},"query-input":{"@type":"PropertyValueSpecification","valueRequired":true,"valueName":"search_term_string"}}],"inLanguage":"fr-FR"},{"@type":"Organization","@id":"https:\/\/www.jammersignal.com\/#organization","name":"JAMMERSIGNAL","url":"https:\/\/www.jammersignal.com\/","logo":{"@type":"ImageObject","inLanguage":"fr-FR","@id":"https:\/\/www.jammersignal.com\/#\/schema\/logo\/image\/","url":"https:\/\/www.jammersignal.com\/wp-content\/uploads\/2024\/05\/cropped-jammersignal-logo-4.png","contentUrl":"https:\/\/www.jammersignal.com\/wp-content\/uploads\/2024\/05\/cropped-jammersignal-logo-4.png","width":104,"height":34,"caption":"JAMMERSIGNAL"},"image":{"@id":"https:\/\/www.jammersignal.com\/#\/schema\/logo\/image\/"}}]}},"_links":{"self":[{"href":"https:\/\/www.jammersignal.com\/fr\/wp-json\/wp\/v2\/product\/2273","targetHints":{"allow":["GET"]}}],"collection":[{"href":"https:\/\/www.jammersignal.com\/fr\/wp-json\/wp\/v2\/product"}],"about":[{"href":"https:\/\/www.jammersignal.com\/fr\/wp-json\/wp\/v2\/types\/product"}],"replies":[{"embeddable":true,"href":"https:\/\/www.jammersignal.com\/fr\/wp-json\/wp\/v2\/comments?post=2273"}],"version-history":[{"count":4,"href":"https:\/\/www.jammersignal.com\/fr\/wp-json\/wp\/v2\/product\/2273\/revisions"}],"predecessor-version":[{"id":2317,"href":"https:\/\/www.jammersignal.com\/fr\/wp-json\/wp\/v2\/product\/2273\/revisions\/2317"}],"wp:featuredmedia":[{"embeddable":true,"href":"https:\/\/www.jammersignal.com\/fr\/wp-json\/wp\/v2\/media\/1750"}],"wp:attachment":[{"href":"https:\/\/www.jammersignal.com\/fr\/wp-json\/wp\/v2\/media?parent=2273"}],"wp:term":[{"taxonomy":"product_brand","embeddable":true,"href":"https:\/\/www.jammersignal.com\/fr\/wp-json\/wp\/v2\/product_brand?post=2273"},{"taxonomy":"product_cat","embeddable":true,"href":"https:\/\/www.jammersignal.com\/fr\/wp-json\/wp\/v2\/product_cat?post=2273"},{"taxonomy":"product_tag","embeddable":true,"href":"https:\/\/www.jammersignal.com\/fr\/wp-json\/wp\/v2\/product_tag?post=2273"}],"curies":[{"name":"wp","href":"https:\/\/api.w.org\/{rel}","templated":true}]}}