{"id":2275,"date":"2024-05-31T05:33:30","date_gmt":"2024-05-31T05:33:30","guid":{"rendered":"https:\/\/www.jammersignal.com\/?post_type=product&#038;p=2275"},"modified":"2025-05-24T02:19:00","modified_gmt":"2025-05-24T02:19:00","slug":"cheap-3bands-portable-gps-gsm-cell-phone-blocker","status":"publish","type":"product","link":"https:\/\/www.jammersignal.com\/fr\/produit\/cheap-3bands-portable-gps-gsm-cell-phone-blocker\/","title":{"rendered":"Bloqueur de t\u00e9l\u00e9phone portable 3 bandes UMTS GPS GSM 3G pas cher"},"content":{"rendered":"<div data-elementor-type=\"wp-post\" data-elementor-id=\"2275\" class=\"elementor elementor-2275\">\n\t\t\t\t<div class=\"elementor-element elementor-element-4a8c2a2 e-flex e-con-boxed e-con e-parent\" data-id=\"4a8c2a2\" data-element_type=\"container\">\n\t\t\t\t\t<div class=\"e-con-inner\">\n\t\t<div class=\"elementor-element elementor-element-2677d1d e-con-full e-flex e-con e-child\" data-id=\"2677d1d\" data-element_type=\"container\">\n\t\t\t\t<div class=\"elementor-element elementor-element-5ee8a99 elementor-widget elementor-widget-text-editor\" data-id=\"5ee8a99\" data-element_type=\"widget\" data-widget_type=\"text-editor.default\">\n\t\t\t\t<div class=\"elementor-widget-container\">\n\t\t\t\t\t\t\t\t\t<h4>Sp\u00e9cifications techniques<\/h4><table width=\"400\"><tbody><tr><td width=\"72\"><strong>Nom du param\u00e8tre<\/strong><\/td><td width=\"328\"><strong>D\u00e9tails des param\u00e8tres\u00a0<\/strong><\/td><\/tr><tr><td>Fr\u00e9quences de brouillage<\/td><td width=\"328\">GSM : 925-960 MHz<br \/>3G : 2110-2170 MHz<br \/>GPS L1-L5 : 1170-1580 MHz<\/td><\/tr><tr><td>Rayon de brouillage<\/td><td>Jusqu'\u00e0 15 m\u00e8tres<\/td><\/tr><tr><td>Alimentation \u00e9lectrique<\/td><td>Batterie int\u00e9gr\u00e9e<\/td><\/tr><tr><td>Tension<\/td><td>AC 12 V, DC 24 V<\/td><\/tr><tr><td>Temp\u00e9rature de fonctionnement<\/td><td>-10\u2103 \u00e0 +50\u2103<\/td><\/tr><tr><td>Humidit\u00e9 de fonctionnement<\/td><td>5% \u00e0 80%<\/td><\/tr><tr><td>Taille de l'appareil<\/td><td>95mm*45mm*20mm<\/td><\/tr><tr><td>Poids de l'appareil<\/td><td>50 g<\/td><\/tr><\/tbody><\/table>\t\t\t\t\t\t\t\t<\/div>\n\t\t\t\t<\/div>\n\t\t\t\t<\/div>\n\t\t<div class=\"elementor-element elementor-element-63abe0f e-con-full e-flex e-con e-child\" data-id=\"63abe0f\" data-element_type=\"container\">\n\t\t\t\t<div class=\"elementor-element elementor-element-3d0f9f0 elementor-widget elementor-widget-text-editor\" data-id=\"3d0f9f0\" data-element_type=\"widget\" data-widget_type=\"text-editor.default\">\n\t\t\t\t<div class=\"elementor-widget-container\">\n\t\t\t\t\t\t\t\t\t<h4>Informations sur les produits<\/h4><p>Voici un petit brouilleur multifonction portable qui peut \u00eatre utilis\u00e9 comme brouilleur de t\u00e9l\u00e9phone mobile multifonction avec des fonctions de blocage des signaux GPS, GSM et 3G. Sa taille compacte am\u00e9liore sa portabilit\u00e9, vous pouvez l'emporter avec vous pour bloquer les signaux GPS, et il peut \u00eatre aliment\u00e9 de mani\u00e8re pratique par des piles ou des adaptateurs CA.<\/p><p>Ce produit de brouillage \u00e0 3 bandes est tr\u00e8s pratique et portable, avec une belle apparence, et peut \u00eatre facilement mis dans une poche de manteau ou un petit sac \u00e0 dos. Malgr\u00e9 sa petite taille, il peut bloquer efficacement les signaux satellites GPS dans un rayon de 2 \u00e0 15 m\u00e8tres, garantissant ainsi la protection de votre vie priv\u00e9e et de vos informations de localisation.<\/p><p><strong>Principales caract\u00e9ristiques du produit :<\/strong><\/p><ol><li>Bloque efficacement les signaux satellites GPS pour prot\u00e9ger la confidentialit\u00e9 de votre emplacement et vos donn\u00e9es confidentielles.<\/li><li>Ce brouilleur peut bloquer tous les signaux actuels de positionnement par satellite GPS.<\/li><li>Il n'interf\u00e8re pas avec le fonctionnement normal des t\u00e9l\u00e9phones portables ou d'autres appareils \u00e9lectroniques et peut \u00eatre utilis\u00e9 sans interruption.<\/li><\/ol><p><strong>Pr\u00e9cautions :<\/strong><\/p><p>1. les brouilleurs sont personnalis\u00e9s en fonction des bandes de fr\u00e9quence des diff\u00e9rents pays, veuillez vous assurer que le pays d'achat et le pays d'utilisation r\u00e9el sont coh\u00e9rents, sinon le brouilleur ne pourra pas \u00eatre utilis\u00e9. Veuillez lire la fonction du brouilleur avant de l'acheter.<br \/>2 Si les brouilleurs de faible puissance (tels que les brouilleurs portatifs) bloquent un dispositif de signal de forte puissance (tel qu'un routeur WIFI de forte puissance, un \u00e9quipement audio Bluetooth, etc.<br \/>3. il est interdit d'utiliser l'appareil pendant qu'il est en charge.<br \/>4. ne pas utiliser de brouilleurs portatifs comme brouilleurs de bureau.<br \/>5. n'utilisez pas de brouilleurs avant de connecter l'antenne.<\/p>\t\t\t\t\t\t\t\t<\/div>\n\t\t\t\t<\/div>\n\t\t\t\t<\/div>\n\t\t\t\t\t<\/div>\n\t\t\t\t<\/div>\n\t\t\t\t<\/div>","protected":false},"excerpt":{"rendered":"<p>Voici un petit brouilleur multifonction portable qui peut \u00eatre utilis\u00e9 comme brouilleur de t\u00e9l\u00e9phone mobile multifonction avec des fonctions de blocage des signaux GPS, GSM et 3G. Sa taille compacte am\u00e9liore sa portabilit\u00e9, vous pouvez le transporter n'importe o\u00f9 pour bloquer les signaux GPS, et il peut \u00eatre aliment\u00e9 par des piles ou un adaptateur secteur.<\/p>\n<p>Ce produit de brouillage \u00e0 3 bandes est tr\u00e8s pratique et portable, avec une belle apparence, et peut \u00eatre facilement mis dans une poche de manteau ou un petit sac \u00e0 dos. Malgr\u00e9 sa petite taille, il peut bloquer efficacement les signaux satellites GPS dans un rayon de 2 \u00e0 15 m\u00e8tres, garantissant ainsi la protection de votre vie priv\u00e9e et de vos informations de localisation.<\/p>\n<p><strong>Principales caract\u00e9ristiques du produit :<\/strong><\/p>\n<p>1. Bloque efficacement les signaux satellites GPS pour prot\u00e9ger la confidentialit\u00e9 de votre emplacement et vos donn\u00e9es confidentielles.<br \/>\n2. Ce brouilleur peut bloquer tous les signaux actuels de positionnement par satellite GPS.<br \/>\n3. Il n'interf\u00e8re pas avec le fonctionnement normal des t\u00e9l\u00e9phones portables ou d'autres appareils \u00e9lectroniques et peut \u00eatre utilis\u00e9 sans interruption.<\/p>","protected":false},"featured_media":1758,"comment_status":"open","ping_status":"closed","template":"","meta":{"site-sidebar-layout":"no-sidebar","site-content-layout":"page-builder","ast-site-content-layout":"normal-width-container","site-content-style":"default","site-sidebar-style":"default","ast-global-header-display":"","ast-banner-title-visibility":"","ast-main-header-display":"","ast-hfb-above-header-display":"","ast-hfb-below-header-display":"","ast-hfb-mobile-header-display":"","site-post-title":"disabled","ast-breadcrumbs-content":"","ast-featured-img":"disabled","footer-sml-layout":"","theme-transparent-header-meta":"default","adv-header-id-meta":"","stick-header-meta":"default","header-above-stick-meta":"","header-main-stick-meta":"","header-below-stick-meta":"","astra-migrate-meta-layouts":"set","ast-page-background-enabled":"default","ast-page-background-meta":{"desktop":{"background-color":"var(--ast-global-color-4)","background-image":"","background-repeat":"repeat","background-position":"center center","background-size":"auto","background-attachment":"scroll","background-type":"","background-media":"","overlay-type":"","overlay-color":"","overlay-gradient":""},"tablet":{"background-color":"","background-image":"","background-repeat":"repeat","background-position":"center center","background-size":"auto","background-attachment":"scroll","background-type":"","background-media":"","overlay-type":"","overlay-color":"","overlay-gradient":""},"mobile":{"background-color":"","background-image":"","background-repeat":"repeat","background-position":"center center","background-size":"auto","background-attachment":"scroll","background-type":"","background-media":"","overlay-type":"","overlay-color":"","overlay-gradient":""}},"ast-content-background-meta":{"desktop":{"background-color":"var(--ast-global-color-5)","background-image":"","background-repeat":"repeat","background-position":"center center","background-size":"auto","background-attachment":"scroll","background-type":"","background-media":"","overlay-type":"","overlay-color":"","overlay-gradient":""},"tablet":{"background-color":"var(--ast-global-color-5)","background-image":"","background-repeat":"repeat","background-position":"center center","background-size":"auto","background-attachment":"scroll","background-type":"","background-media":"","overlay-type":"","overlay-color":"","overlay-gradient":""},"mobile":{"background-color":"var(--ast-global-color-5)","background-image":"","background-repeat":"repeat","background-position":"center center","background-size":"auto","background-attachment":"scroll","background-type":"","background-media":"","overlay-type":"","overlay-color":"","overlay-gradient":""}}},"product_brand":[],"product_cat":[15,72,41,89,56,33,32,63,35,34,96,95,85,87,88,38,67,61],"product_tag":[307,432,154,411,413,414,417,419,420,158,141,175,176,178,114,184,186,188,193,277,534,470,285,454,437,213,427,455,475,538,286,539,493,465,476,477,542,434,116,435,479,145,226,294,228,516,552,518,463,519,525,522,442],"class_list":{"0":"post-2275","1":"product","2":"type-product","3":"status-publish","4":"has-post-thumbnail","6":"product_cat-signal-blocker","7":"product_cat-1-3antennas-jammers","8":"product_cat-3g-signal-jammer","9":"product_cat-3g-umts2110-2170mhz","10":"product_cat-car-rechargeable-jammer","11":"product_cat-cell-phone-signal-blocker","12":"product_cat-cell-phone-signal-jammer","13":"product_cat-cheap-jammer","14":"product_cat-gps-signal-blocker","15":"product_cat-gps-signal-jammer","16":"product_cat-gps-l1-l2-l3-l4-l5-jammer","17":"product_cat-gps-l3-l4-1370-1390mhz-jammer","18":"product_cat-gsm-cdma-850-894mhz","19":"product_cat-gsm1800-dcs1805-1880mhz","20":"product_cat-gsm1900-pcs1920-1990mhz","21":"product_cat-gsm-jammer","22":"product_cat-less-than-100dollars-jammer","23":"product_cat-portable-jammer","24":"product_tag-3-band-cell-phone-jammer","25":"product_tag-aaaaaa-gps-jammer","26":"product_tag-buy-cell-phone-jammer","27":"product_tag-buy-cigarette-lighter-gps-cell-phone-jammer","28":"product_tag-buy-gps-jammer-canada","29":"product_tag-buy-gps-jammer-cigarette-lighter","30":"product_tag-buy-gps-jammer-in-dallas","31":"product_tag-buy-gps-jammer-online","32":"product_tag-buy-gps-jammer-uk","33":"product_tag-car-cell-phone-jammer","34":"product_tag-cell-phone-gps-jammer","35":"product_tag-cell-phone-jammer-circuit-diagram","36":"product_tag-cell-phone-jammer-ebay","37":"product_tag-cell-phone-jammer-for-classroom","38":"product_tag-cell-phone-jammer-for-sale","39":"product_tag-cell-phone-jammer-range","40":"product_tag-cell-phone-jammer-reddit","41":"product_tag-cell-phone-jammer-schematic","42":"product_tag-cell-phone-signal-jammer-for-cars","43":"product_tag-cell-phone-tracking-jammer","44":"product_tag-define-jammer","45":"product_tag-device-jammer","46":"product_tag-free-cell-phone-jammer-app","47":"product_tag-gps-blocker-jammer","48":"product_tag-gps-blockers-jammer","49":"product_tag-gps-cell-jammer","50":"product_tag-gps-jammer-aaaaaa","51":"product_tag-gps-jammer-car","52":"product_tag-gps-tracker-jammer","53":"product_tag-gps-tracking-device-jammer","54":"product_tag-gsm-cell-phone-jammer","55":"product_tag-homemade-gps-jammer","56":"product_tag-how-do-jammer-work","57":"product_tag-how-do-signal-jammer-work","58":"product_tag-how-to-make-signal-jammer","59":"product_tag-jammer-car","60":"product_tag-jammer-car-gps","61":"product_tag-jammer-device","62":"product_tag-jammer-for-cell-phone-signal","63":"product_tag-jammer-gps-aaaaaa","64":"product_tag-jammer-signal-blocker","65":"product_tag-mini-cell-phone-jammer","66":"product_tag-personal-cell-phone-jammer","67":"product_tag-pocket-cell-phone-jammer","68":"product_tag-portable-cellular-jammer","69":"product_tag-rf-frequency-jammer","70":"product_tag-signal-jammer-blocker","71":"product_tag-signal-jammer-car","72":"product_tag-signal-jammer-device","73":"product_tag-signal-jammer-diy","74":"product_tag-the-jammer","75":"product_tag-tracker-jammer","76":"product_tag-vehicle-gps-jammer","77":"desktop-align-left","78":"tablet-align-left","79":"mobile-align-left","80":"ast-product-gallery-layout-horizontal-slider","81":"ast-product-single-variable","82":"ast-product-tabs-layout-horizontal","84":"first","85":"instock","86":"sale","87":"shipping-taxable","88":"purchasable","89":"product-type-variable"},"yoast_head":"<!-- This site is optimized with the Yoast SEO plugin v23.9 - https:\/\/yoast.com\/wordpress\/plugins\/seo\/ -->\n<title>Cheap 3-Band Portable UMTS GPS GSM 3G Mobile Phone Signal Jammer, jamming radius up to 15 meters - JAMMERSIGNAL<\/title>\n<meta name=\"description\" content=\"This 3-band jammer product has a highly convenient and portable design, with a beautiful appearance, and can be easily put into a coat pocket or a small backpack. Despite its small size, it can effectively block GPS satellite signals within a radius of 2-15 meters.\" \/>\n<meta name=\"robots\" content=\"index, follow, max-snippet:-1, max-image-preview:large, max-video-preview:-1\" \/>\n<link rel=\"canonical\" href=\"https:\/\/www.jammersignal.com\/fr\/produit\/cheap-3bands-portable-gps-gsm-cell-phone-blocker\/\" \/>\n<meta property=\"og:locale\" content=\"fr_FR\" \/>\n<meta property=\"og:type\" content=\"article\" \/>\n<meta property=\"og:title\" content=\"Cheap 3-Band Portable UMTS GPS GSM 3G Mobile Phone Signal Jammer, jamming radius up to 15 meters - JAMMERSIGNAL\" \/>\n<meta property=\"og:description\" content=\"This 3-band jammer product has a highly convenient and portable design, with a beautiful appearance, and can be easily put into a coat pocket or a small backpack. Despite its small size, it can effectively block GPS satellite signals within a radius of 2-15 meters.\" \/>\n<meta property=\"og:url\" content=\"https:\/\/www.jammersignal.com\/fr\/produit\/cheap-3bands-portable-gps-gsm-cell-phone-blocker\/\" \/>\n<meta property=\"og:site_name\" content=\"JAMMERSIGNAL\" \/>\n<meta property=\"article:modified_time\" content=\"2025-05-24T02:19:00+00:00\" \/>\n<meta property=\"og:image\" content=\"https:\/\/www.jammersignal.com\/wp-content\/uploads\/2024\/05\/3-bands-portable-jammersignal-gps-3g-umts-jammers-1.jpg\" \/>\n\t<meta property=\"og:image:width\" content=\"351\" \/>\n\t<meta property=\"og:image:height\" content=\"388\" \/>\n\t<meta property=\"og:image:type\" content=\"image\/jpeg\" \/>\n<meta name=\"twitter:card\" content=\"summary_large_image\" \/>\n<meta name=\"twitter:label1\" content=\"Dur\u00e9e de lecture estim\u00e9e\" \/>\n\t<meta name=\"twitter:data1\" content=\"2 minutes\" \/>\n<script type=\"application\/ld+json\" class=\"yoast-schema-graph\">{\"@context\":\"https:\/\/schema.org\",\"@graph\":[{\"@type\":\"WebPage\",\"@id\":\"https:\/\/www.jammersignal.com\/product\/cheap-3bands-portable-gps-gsm-cell-phone-blocker\/\",\"url\":\"https:\/\/www.jammersignal.com\/product\/cheap-3bands-portable-gps-gsm-cell-phone-blocker\/\",\"name\":\"Cheap 3-Band Portable UMTS GPS GSM 3G Mobile Phone Signal Jammer, jamming radius up to 15 meters - JAMMERSIGNAL\",\"isPartOf\":{\"@id\":\"https:\/\/www.jammersignal.com\/#website\"},\"primaryImageOfPage\":{\"@id\":\"https:\/\/www.jammersignal.com\/product\/cheap-3bands-portable-gps-gsm-cell-phone-blocker\/#primaryimage\"},\"image\":{\"@id\":\"https:\/\/www.jammersignal.com\/product\/cheap-3bands-portable-gps-gsm-cell-phone-blocker\/#primaryimage\"},\"thumbnailUrl\":\"https:\/\/www.jammersignal.com\/wp-content\/uploads\/2024\/05\/3-bands-portable-jammersignal-gps-3g-umts-jammers-1.jpg\",\"datePublished\":\"2024-05-31T05:33:30+00:00\",\"dateModified\":\"2025-05-24T02:19:00+00:00\",\"description\":\"This 3-band jammer product has a highly convenient and portable design, with a beautiful appearance, and can be easily put into a coat pocket or a small backpack. Despite its small size, it can effectively block GPS satellite signals within a radius of 2-15 meters.\",\"breadcrumb\":{\"@id\":\"https:\/\/www.jammersignal.com\/product\/cheap-3bands-portable-gps-gsm-cell-phone-blocker\/#breadcrumb\"},\"inLanguage\":\"fr-FR\",\"potentialAction\":[{\"@type\":\"ReadAction\",\"target\":[\"https:\/\/www.jammersignal.com\/product\/cheap-3bands-portable-gps-gsm-cell-phone-blocker\/\"]}]},{\"@type\":\"ImageObject\",\"inLanguage\":\"fr-FR\",\"@id\":\"https:\/\/www.jammersignal.com\/product\/cheap-3bands-portable-gps-gsm-cell-phone-blocker\/#primaryimage\",\"url\":\"https:\/\/www.jammersignal.com\/wp-content\/uploads\/2024\/05\/3-bands-portable-jammersignal-gps-3g-umts-jammers-1.jpg\",\"contentUrl\":\"https:\/\/www.jammersignal.com\/wp-content\/uploads\/2024\/05\/3-bands-portable-jammersignal-gps-3g-umts-jammers-1.jpg\",\"width\":351,\"height\":388,\"caption\":\"3 bands portable jammersignal gps 3g umts jammers (1)\"},{\"@type\":\"BreadcrumbList\",\"@id\":\"https:\/\/www.jammersignal.com\/product\/cheap-3bands-portable-gps-gsm-cell-phone-blocker\/#breadcrumb\",\"itemListElement\":[{\"@type\":\"ListItem\",\"position\":1,\"name\":\"Home\",\"item\":\"https:\/\/www.jammersignal.com\/\"},{\"@type\":\"ListItem\",\"position\":2,\"name\":\"Shop\",\"item\":\"https:\/\/www.jammersignal.com\/shop\/\"},{\"@type\":\"ListItem\",\"position\":3,\"name\":\"Signal Blocker\",\"item\":\"https:\/\/www.jammersignal.com\/product-category\/signal-blocker\/\"},{\"@type\":\"ListItem\",\"position\":4,\"name\":\"Cheap 3 Bands Portable UMTS GPS GSM 3G Cell Phone Blocker\"}]},{\"@type\":\"WebSite\",\"@id\":\"https:\/\/www.jammersignal.com\/#website\",\"url\":\"https:\/\/www.jammersignal.com\/\",\"name\":\"JAMMERSIGNAL\",\"description\":\"\",\"publisher\":{\"@id\":\"https:\/\/www.jammersignal.com\/#organization\"},\"potentialAction\":[{\"@type\":\"SearchAction\",\"target\":{\"@type\":\"EntryPoint\",\"urlTemplate\":\"https:\/\/www.jammersignal.com\/?s={search_term_string}\"},\"query-input\":{\"@type\":\"PropertyValueSpecification\",\"valueRequired\":true,\"valueName\":\"search_term_string\"}}],\"inLanguage\":\"fr-FR\"},{\"@type\":\"Organization\",\"@id\":\"https:\/\/www.jammersignal.com\/#organization\",\"name\":\"JAMMERSIGNAL\",\"url\":\"https:\/\/www.jammersignal.com\/\",\"logo\":{\"@type\":\"ImageObject\",\"inLanguage\":\"fr-FR\",\"@id\":\"https:\/\/www.jammersignal.com\/#\/schema\/logo\/image\/\",\"url\":\"https:\/\/www.jammersignal.com\/wp-content\/uploads\/2024\/05\/cropped-jammersignal-logo-4.png\",\"contentUrl\":\"https:\/\/www.jammersignal.com\/wp-content\/uploads\/2024\/05\/cropped-jammersignal-logo-4.png\",\"width\":104,\"height\":34,\"caption\":\"JAMMERSIGNAL\"},\"image\":{\"@id\":\"https:\/\/www.jammersignal.com\/#\/schema\/logo\/image\/\"}}]}<\/script>\n<!-- \/ Yoast SEO plugin. -->","yoast_head_json":{"title":"Brouilleur de t\u00e9l\u00e9phone portable UMTS GPS GSM 3G \u00e0 3 bandes, rayon de brouillage jusqu'\u00e0 15 m\u00e8tres - JAMMERSIGNAL","description":"Ce produit de brouillage \u00e0 3 bandes est tr\u00e8s pratique et portable, avec une belle apparence, et peut \u00eatre facilement mis dans une poche de manteau ou un petit sac \u00e0 dos. Malgr\u00e9 sa petite taille, il peut bloquer efficacement les signaux satellites GPS dans un rayon de 2 \u00e0 15 m\u00e8tres.","robots":{"index":"index","follow":"follow","max-snippet":"max-snippet:-1","max-image-preview":"max-image-preview:large","max-video-preview":"max-video-preview:-1"},"canonical":"https:\/\/www.jammersignal.com\/fr\/produit\/cheap-3bands-portable-gps-gsm-cell-phone-blocker\/","og_locale":"fr_FR","og_type":"article","og_title":"Cheap 3-Band Portable UMTS GPS GSM 3G Mobile Phone Signal Jammer, jamming radius up to 15 meters - JAMMERSIGNAL","og_description":"This 3-band jammer product has a highly convenient and portable design, with a beautiful appearance, and can be easily put into a coat pocket or a small backpack. Despite its small size, it can effectively block GPS satellite signals within a radius of 2-15 meters.","og_url":"https:\/\/www.jammersignal.com\/fr\/produit\/cheap-3bands-portable-gps-gsm-cell-phone-blocker\/","og_site_name":"JAMMERSIGNAL","article_modified_time":"2025-05-24T02:19:00+00:00","og_image":[{"width":351,"height":388,"url":"https:\/\/www.jammersignal.com\/wp-content\/uploads\/2024\/05\/3-bands-portable-jammersignal-gps-3g-umts-jammers-1.jpg","type":"image\/jpeg"}],"twitter_card":"summary_large_image","twitter_misc":{"Dur\u00e9e de lecture estim\u00e9e":"2 minutes"},"schema":{"@context":"https:\/\/schema.org","@graph":[{"@type":"WebPage","@id":"https:\/\/www.jammersignal.com\/product\/cheap-3bands-portable-gps-gsm-cell-phone-blocker\/","url":"https:\/\/www.jammersignal.com\/product\/cheap-3bands-portable-gps-gsm-cell-phone-blocker\/","name":"Brouilleur de t\u00e9l\u00e9phone portable UMTS GPS GSM 3G \u00e0 3 bandes, rayon de brouillage jusqu'\u00e0 15 m\u00e8tres - JAMMERSIGNAL","isPartOf":{"@id":"https:\/\/www.jammersignal.com\/#website"},"primaryImageOfPage":{"@id":"https:\/\/www.jammersignal.com\/product\/cheap-3bands-portable-gps-gsm-cell-phone-blocker\/#primaryimage"},"image":{"@id":"https:\/\/www.jammersignal.com\/product\/cheap-3bands-portable-gps-gsm-cell-phone-blocker\/#primaryimage"},"thumbnailUrl":"https:\/\/www.jammersignal.com\/wp-content\/uploads\/2024\/05\/3-bands-portable-jammersignal-gps-3g-umts-jammers-1.jpg","datePublished":"2024-05-31T05:33:30+00:00","dateModified":"2025-05-24T02:19:00+00:00","description":"Ce produit de brouillage \u00e0 3 bandes est tr\u00e8s pratique et portable, avec une belle apparence, et peut \u00eatre facilement mis dans une poche de manteau ou un petit sac \u00e0 dos. Malgr\u00e9 sa petite taille, il peut bloquer efficacement les signaux satellites GPS dans un rayon de 2 \u00e0 15 m\u00e8tres.","breadcrumb":{"@id":"https:\/\/www.jammersignal.com\/product\/cheap-3bands-portable-gps-gsm-cell-phone-blocker\/#breadcrumb"},"inLanguage":"fr-FR","potentialAction":[{"@type":"ReadAction","target":["https:\/\/www.jammersignal.com\/product\/cheap-3bands-portable-gps-gsm-cell-phone-blocker\/"]}]},{"@type":"ImageObject","inLanguage":"fr-FR","@id":"https:\/\/www.jammersignal.com\/product\/cheap-3bands-portable-gps-gsm-cell-phone-blocker\/#primaryimage","url":"https:\/\/www.jammersignal.com\/wp-content\/uploads\/2024\/05\/3-bands-portable-jammersignal-gps-3g-umts-jammers-1.jpg","contentUrl":"https:\/\/www.jammersignal.com\/wp-content\/uploads\/2024\/05\/3-bands-portable-jammersignal-gps-3g-umts-jammers-1.jpg","width":351,"height":388,"caption":"3 bands portable jammersignal gps 3g umts jammers (1)"},{"@type":"BreadcrumbList","@id":"https:\/\/www.jammersignal.com\/product\/cheap-3bands-portable-gps-gsm-cell-phone-blocker\/#breadcrumb","itemListElement":[{"@type":"ListItem","position":1,"name":"Home","item":"https:\/\/www.jammersignal.com\/"},{"@type":"ListItem","position":2,"name":"Shop","item":"https:\/\/www.jammersignal.com\/shop\/"},{"@type":"ListItem","position":3,"name":"Signal Blocker","item":"https:\/\/www.jammersignal.com\/product-category\/signal-blocker\/"},{"@type":"ListItem","position":4,"name":"Cheap 3 Bands Portable UMTS GPS GSM 3G Cell Phone Blocker"}]},{"@type":"WebSite","@id":"https:\/\/www.jammersignal.com\/#website","url":"https:\/\/www.jammersignal.com\/","name":"JAMMERSIGNAL","description":"","publisher":{"@id":"https:\/\/www.jammersignal.com\/#organization"},"potentialAction":[{"@type":"SearchAction","target":{"@type":"EntryPoint","urlTemplate":"https:\/\/www.jammersignal.com\/?s={search_term_string}"},"query-input":{"@type":"PropertyValueSpecification","valueRequired":true,"valueName":"search_term_string"}}],"inLanguage":"fr-FR"},{"@type":"Organization","@id":"https:\/\/www.jammersignal.com\/#organization","name":"JAMMERSIGNAL","url":"https:\/\/www.jammersignal.com\/","logo":{"@type":"ImageObject","inLanguage":"fr-FR","@id":"https:\/\/www.jammersignal.com\/#\/schema\/logo\/image\/","url":"https:\/\/www.jammersignal.com\/wp-content\/uploads\/2024\/05\/cropped-jammersignal-logo-4.png","contentUrl":"https:\/\/www.jammersignal.com\/wp-content\/uploads\/2024\/05\/cropped-jammersignal-logo-4.png","width":104,"height":34,"caption":"JAMMERSIGNAL"},"image":{"@id":"https:\/\/www.jammersignal.com\/#\/schema\/logo\/image\/"}}]}},"_links":{"self":[{"href":"https:\/\/www.jammersignal.com\/fr\/wp-json\/wp\/v2\/product\/2275","targetHints":{"allow":["GET"]}}],"collection":[{"href":"https:\/\/www.jammersignal.com\/fr\/wp-json\/wp\/v2\/product"}],"about":[{"href":"https:\/\/www.jammersignal.com\/fr\/wp-json\/wp\/v2\/types\/product"}],"replies":[{"embeddable":true,"href":"https:\/\/www.jammersignal.com\/fr\/wp-json\/wp\/v2\/comments?post=2275"}],"version-history":[{"count":11,"href":"https:\/\/www.jammersignal.com\/fr\/wp-json\/wp\/v2\/product\/2275\/revisions"}],"predecessor-version":[{"id":2345,"href":"https:\/\/www.jammersignal.com\/fr\/wp-json\/wp\/v2\/product\/2275\/revisions\/2345"}],"wp:featuredmedia":[{"embeddable":true,"href":"https:\/\/www.jammersignal.com\/fr\/wp-json\/wp\/v2\/media\/1758"}],"wp:attachment":[{"href":"https:\/\/www.jammersignal.com\/fr\/wp-json\/wp\/v2\/media?parent=2275"}],"wp:term":[{"taxonomy":"product_brand","embeddable":true,"href":"https:\/\/www.jammersignal.com\/fr\/wp-json\/wp\/v2\/product_brand?post=2275"},{"taxonomy":"product_cat","embeddable":true,"href":"https:\/\/www.jammersignal.com\/fr\/wp-json\/wp\/v2\/product_cat?post=2275"},{"taxonomy":"product_tag","embeddable":true,"href":"https:\/\/www.jammersignal.com\/fr\/wp-json\/wp\/v2\/product_tag?post=2275"}],"curies":[{"name":"wp","href":"https:\/\/api.w.org\/{rel}","templated":true}]}}