{"id":2282,"date":"2024-05-31T06:22:05","date_gmt":"2024-05-31T06:22:05","guid":{"rendered":"https:\/\/www.jammersignal.com\/?post_type=product&#038;p=2282"},"modified":"2024-12-17T07:53:44","modified_gmt":"2024-12-17T07:53:44","slug":"8bands-drone-jammer-3g-4g-wifi-blocker","status":"publish","type":"product","link":"https:\/\/www.jammersignal.com\/fr\/produit\/8bands-drone-jammer-3g-4g-wifi-blocker\/","title":{"rendered":"Brouilleur de signal de drone 8 bandes 3G 4G WIFI Blocker"},"content":{"rendered":"<div data-elementor-type=\"wp-post\" data-elementor-id=\"2282\" class=\"elementor elementor-2282\">\n\t\t\t\t<div class=\"elementor-element elementor-element-4a8c2a2 e-flex e-con-boxed e-con e-parent\" data-id=\"4a8c2a2\" data-element_type=\"container\">\n\t\t\t\t\t<div class=\"e-con-inner\">\n\t\t<div class=\"elementor-element elementor-element-2677d1d e-con-full e-flex e-con e-child\" data-id=\"2677d1d\" data-element_type=\"container\">\n\t\t\t\t<div class=\"elementor-element elementor-element-5ee8a99 elementor-widget elementor-widget-text-editor\" data-id=\"5ee8a99\" data-element_type=\"widget\" data-widget_type=\"text-editor.default\">\n\t\t\t\t<div class=\"elementor-widget-container\">\n\t\t\t\t\t\t\t\t\t<h4>Sp\u00e9cifications techniques<\/h4><p><strong>Fr\u00e9quences de brouillage<\/strong><\/p><p>CDMA ou GSM\uff1a851-894 ou 925-960MHz<br \/>DCS\/PCS\uff1a1805-1990MHz<br \/>3G\uff1a2110-2170MHz<br \/>4GLTE\uff1a700-803 ou 790-862MHz<br \/>4G WIMAX\uff1a2500-2690 ou 2300-2400MHz<br \/>WIFI2.4G\uff1a2400-2500MHz<br \/>VHF\uff1a130-174MHz<br \/>UHF\uff1a400-470MHz<br \/>GPSL1:1570-1610MHz<br \/>GPSL2+L5:1170-1280MHz<br \/>GPSL2:1200-1280MHz<br \/>GPSL5:1170-1200MHz<br \/>RC868, 912 et 916:868-916MHz<br \/>LOJACK : 167-175MHz<br \/>RC2.4G:RC2.4G<br \/>RC5.8G:5725-5850MHz<br \/>RC433 434 435:430-440 MHz<br \/>RC315 312:315MHz<br \/>GPSL1 et Glonass L1:1560-1620MHz<\/p><p><strong>Sp\u00e9cifications de base<\/strong><\/p><p>Puissance de sortie totale :Total 100-130W\uff0c10-30W chaque bande<br \/>Rayon de brouillage : 20-120 m\u00e8tres (signal GPS sur 300m)<br \/>Alimentation \u00e9lectrique : AC110-240V \u00e0 DC27V<br \/>Temps de travail : travail continu<br \/>Taille de l'appareil : 550x 238 x 60 mm Poids de l'appareil : environ 10kg Contenu du paquet : brouilleur h\u00f4te x 1, adaptateur x 1, antenne x8<\/p><p><strong>Note<\/strong>: Les brouilleurs de signaux mobiles peuvent ne pas \u00eatre autoris\u00e9s \u00e0 l'importation dans certains pays en raison de l'octroi de licences pour les signaux de diffusion ou d'autres restrictions. Veuillez v\u00e9rifier la r\u00e9glementation de votre pays en mati\u00e8re de t\u00e9l\u00e9communications avant de passer votre commande. Nous ajusterons le CDMA \/ GSM \/ DCS \/ PCS pour vous en fonction de la fr\u00e9quence du signal de votre pays.<br \/>La port\u00e9e du brouillage d\u00e9pend de l'intensit\u00e9 du signal provenant de diverses sources, ainsi que des conditions de l'environnement local.<\/p>\t\t\t\t\t\t\t\t<\/div>\n\t\t\t\t<\/div>\n\t\t\t\t<\/div>\n\t\t<div class=\"elementor-element elementor-element-63abe0f e-con-full e-flex e-con e-child\" data-id=\"63abe0f\" data-element_type=\"container\">\n\t\t\t\t<div class=\"elementor-element elementor-element-3d0f9f0 elementor-widget elementor-widget-text-editor\" data-id=\"3d0f9f0\" data-element_type=\"widget\" data-widget_type=\"text-editor.default\">\n\t\t\t\t<div class=\"elementor-widget-container\">\n\t\t\t\t\t\t\t\t\t<h4>Informations sur les produits<\/h4><p>Il s'agit d'un puissant brouilleur de t\u00e9l\u00e9phone cellulaire \u00e0 8 bandes de qualit\u00e9 professionnelle. Il convient \u00e9galement au blocage des signaux 3G, 4G, 4GLTE\/WIMAX, Wi-Fi, UHF et VHF. Ce brouilleur est \u00e9quip\u00e9 de 8 antennes, de 7 ventilateurs de refroidissement et poss\u00e8de de puissantes capacit\u00e9s de brouillage. Il peut fonctionner en continu 24 heures sur 24 et peut se d\u00e9fendre contre divers drones, notamment les s\u00e9ries Phantom 4, Phantom 3 Professional, Advanced, Standard et Inspire.<\/p><p><strong>Caract\u00e9ristiques principales :<\/strong><\/p><ul><li>Puissance de sortie 130W<\/li><li>Antenne omnidirectionnelle ou directionnelle planaire \u00e0 haut gain 5-7 dBi en option<\/li><li>Port\u00e9e efficace du blindage 30-300 m\u00e8tres, en fonction de l'intensit\u00e9 du signal r\u00e9gional<\/li><li>Jusqu'\u00e0 6 bandes peuvent \u00eatre prot\u00e9g\u00e9es simultan\u00e9ment et la puissance de chaque bande est r\u00e9glable.<\/li><li>L'indicateur LED indique l'\u00e9tat de l'alimentation<\/li><li>Pr\u00e9voir une protection VSWR (voltage standing wave ratio) de 100% pour chaque module.<\/li><li>\u00c9quip\u00e9 d'un bon syst\u00e8me de refroidissement, comprenant un dissipateur thermique, 3 grands ventilateurs sur le dessus et 4 petits ventilateurs \u00e0 l'int\u00e9rieur, garantissant un faible niveau de bruit et un fonctionnement continu.<\/li><\/ul><p><strong>Application :<\/strong><\/p><p>Le brouilleur peut \u00eatre utilis\u00e9 dans divers environnements, tels que les salles de r\u00e9union, les salles de conf\u00e9rence, les mus\u00e9es, les galeries, les th\u00e9\u00e2tres, les salles de concert, les \u00e9glises, les temples, les restaurants, les salles de classe, les centres de formation, les usines, les banques, les trains, les bus et d'autres lieux qui exigent le calme, la confidentialit\u00e9 et la s\u00e9curit\u00e9 de l'information. Mais pour les lieux \u00e0 usage sp\u00e9cifique tels que les h\u00f4pitaux et les stations-service, il est recommand\u00e9 d'effectuer des tests sur place \u00e0 l'avance pour s'assurer qu'ils n'interf\u00e8rent pas avec le fonctionnement normal de l'\u00e9quipement et des instruments.<\/p>\t\t\t\t\t\t\t\t<\/div>\n\t\t\t\t<\/div>\n\t\t\t\t<\/div>\n\t\t\t\t\t<\/div>\n\t\t\t\t<\/div>\n\t\t\t\t<\/div>","protected":false},"excerpt":{"rendered":"<p>Il s'agit d'un puissant brouilleur de t\u00e9l\u00e9phone cellulaire \u00e0 8 bandes de qualit\u00e9 professionnelle. Il convient \u00e9galement au blocage des signaux 3G, 4G, 4GLTE\/WIMAX, Wi-Fi, UHF et VHF. Ce brouilleur est \u00e9quip\u00e9 de 8 antennes, de 7 ventilateurs de refroidissement et poss\u00e8de de puissantes capacit\u00e9s de brouillage. Il peut fonctionner en continu 24 heures sur 24 et peut se d\u00e9fendre contre divers drones, notamment les s\u00e9ries Phantom 4, Phantom 3 Professional, Advanced, Standard et Inspire.<\/p>\n<p><strong>Caract\u00e9ristiques principales :<\/strong><\/p>\n<p>- Puissance de sortie 130W<br \/>\n- Antenne omnidirectionnelle ou directionnelle planaire \u00e0 haut gain 5-7 dBi en option<br \/>\n- Port\u00e9e efficace du blindage 30-300 m\u00e8tres, en fonction de l'intensit\u00e9 du signal r\u00e9gional<br \/>\n- Jusqu'\u00e0 6 bandes peuvent \u00eatre prot\u00e9g\u00e9es simultan\u00e9ment et la puissance de chaque bande est r\u00e9glable.<br \/>\n- L'indicateur LED indique l'\u00e9tat de l'alimentation<br \/>\n- Pr\u00e9voir une protection VSWR (voltage standing wave ratio) de 100% pour chaque module.<br \/>\n- \u00c9quip\u00e9 d'un bon syst\u00e8me de refroidissement, comprenant un dissipateur thermique, 3 grands ventilateurs sur le dessus et 4 petits ventilateurs \u00e0 l'int\u00e9rieur, garantissant un faible niveau de bruit et un fonctionnement continu.<\/p>","protected":false},"featured_media":1791,"comment_status":"open","ping_status":"closed","template":"","meta":{"site-sidebar-layout":"no-sidebar","site-content-layout":"page-builder","ast-site-content-layout":"normal-width-container","site-content-style":"default","site-sidebar-style":"default","ast-global-header-display":"","ast-banner-title-visibility":"","ast-main-header-display":"","ast-hfb-above-header-display":"","ast-hfb-below-header-display":"","ast-hfb-mobile-header-display":"","site-post-title":"disabled","ast-breadcrumbs-content":"","ast-featured-img":"disabled","footer-sml-layout":"","theme-transparent-header-meta":"default","adv-header-id-meta":"","stick-header-meta":"default","header-above-stick-meta":"","header-main-stick-meta":"","header-below-stick-meta":"","astra-migrate-meta-layouts":"set","ast-page-background-enabled":"default","ast-page-background-meta":{"desktop":{"background-color":"var(--ast-global-color-4)","background-image":"","background-repeat":"repeat","background-position":"center center","background-size":"auto","background-attachment":"scroll","background-type":"","background-media":"","overlay-type":"","overlay-color":"","overlay-gradient":""},"tablet":{"background-color":"","background-image":"","background-repeat":"repeat","background-position":"center center","background-size":"auto","background-attachment":"scroll","background-type":"","background-media":"","overlay-type":"","overlay-color":"","overlay-gradient":""},"mobile":{"background-color":"","background-image":"","background-repeat":"repeat","background-position":"center center","background-size":"auto","background-attachment":"scroll","background-type":"","background-media":"","overlay-type":"","overlay-color":"","overlay-gradient":""}},"ast-content-background-meta":{"desktop":{"background-color":"var(--ast-global-color-5)","background-image":"","background-repeat":"repeat","background-position":"center center","background-size":"auto","background-attachment":"scroll","background-type":"","background-media":"","overlay-type":"","overlay-color":"","overlay-gradient":""},"tablet":{"background-color":"var(--ast-global-color-5)","background-image":"","background-repeat":"repeat","background-position":"center center","background-size":"auto","background-attachment":"scroll","background-type":"","background-media":"","overlay-type":"","overlay-color":"","overlay-gradient":""},"mobile":{"background-color":"var(--ast-global-color-5)","background-image":"","background-repeat":"repeat","background-position":"center center","background-size":"auto","background-attachment":"scroll","background-type":"","background-media":"","overlay-type":"","overlay-color":"","overlay-gradient":""}}},"product_brand":[],"product_cat":[15,41,42,75,66,40,39,33,32,62,44,43,35,34,86,38,46,71,84,37,36],"product_tag":[345,448,260,452,535,502,536,537,503,504,424,368,512,290,293,230,552,525,558],"class_list":{"0":"post-2282","1":"product","2":"type-product","3":"status-publish","4":"has-post-thumbnail","6":"product_cat-signal-blocker","7":"product_cat-3g-signal-jammer","8":"product_cat-4g-jammer","9":"product_cat-8antennas-jammers","10":"product_cat-adjustable-jammer","11":"product_cat-bluetooth-signal-blocker","12":"product_cat-bluetooth-jammer","13":"product_cat-cell-phone-signal-blocker","14":"product_cat-cell-phone-signal-jammer","15":"product_cat-desktop-jammer","16":"product_cat-drone-signal-blocker","17":"product_cat-drone-jammer","18":"product_cat-gps-signal-blocker","19":"product_cat-gps-signal-jammer","20":"product_cat-gsm900-lora925-960mhz","21":"product_cat-gsm-jammer","22":"product_cat-high-power-signal-jammers","23":"product_cat-more-than-1000dollars-jammers","24":"product_cat-more-than-40meters","25":"product_cat-wifi-signal-blocker","26":"product_cat-wifi-jammer","27":"product_tag-2-4ghz-wifi-jammer","28":"product_tag-anti-drone-jammer","29":"product_tag-cell-phone-jammer-device","30":"product_tag-diy-drone-jammer","31":"product_tag-door-jammer-portable","32":"product_tag-drone-frequency-jammer","33":"product_tag-drone-jammer-aaaaaa","34":"product_tag-drone-jammer-app","35":"product_tag-drone-jammer-for-sale","36":"product_tag-drone-radio-jammer","37":"product_tag-drone-signal-jammer","38":"product_tag-drone-wifi-jammer","39":"product_tag-jammer-drone","40":"product_tag-lte-cell-phone-jammer","41":"product_tag-most-powerful-cell-phone-jammer","42":"product_tag-professional-cell-phone-jammer","43":"product_tag-signal-jammer-blocker","44":"product_tag-the-jammer","45":"product_tag-whats-a-jammer","46":"desktop-align-left","47":"tablet-align-left","48":"mobile-align-left","49":"ast-product-gallery-layout-horizontal-slider","50":"ast-product-single-variable","51":"ast-product-tabs-layout-horizontal","53":"first","54":"instock","55":"sale","56":"shipping-taxable","57":"purchasable","58":"product-type-variable"},"yoast_head":"<!-- This site is optimized with the Yoast SEO plugin v23.9 - https:\/\/yoast.com\/wordpress\/plugins\/seo\/ -->\n<title>Power 8 Band Drone Signal Jammer 3G 4G WIFI Blocker, Output Power 130W - JAMMERSIGNAL<\/title>\n<meta name=\"description\" content=\"This cell phone jammer blocks drone signals and is able to defend against a wide range of drones, including the Phantom 4, Phantom 3 Professional, Advanced, Standard series, and Inspire series.\" \/>\n<meta name=\"robots\" content=\"index, follow, max-snippet:-1, max-image-preview:large, max-video-preview:-1\" \/>\n<link rel=\"canonical\" href=\"https:\/\/www.jammersignal.com\/fr\/produit\/8bands-drone-jammer-3g-4g-wifi-blocker\/\" \/>\n<meta property=\"og:locale\" content=\"fr_FR\" \/>\n<meta property=\"og:type\" content=\"article\" \/>\n<meta property=\"og:title\" content=\"Power 8 Band Drone Signal Jammer 3G 4G WIFI Blocker, Output Power 130W - JAMMERSIGNAL\" \/>\n<meta property=\"og:description\" content=\"This cell phone jammer blocks drone signals and is able to defend against a wide range of drones, including the Phantom 4, Phantom 3 Professional, Advanced, Standard series, and Inspire series.\" \/>\n<meta property=\"og:url\" content=\"https:\/\/www.jammersignal.com\/fr\/produit\/8bands-drone-jammer-3g-4g-wifi-blocker\/\" \/>\n<meta property=\"og:site_name\" content=\"JAMMERSIGNAL\" \/>\n<meta property=\"article:modified_time\" content=\"2024-12-17T07:53:44+00:00\" \/>\n<meta property=\"og:image\" content=\"https:\/\/www.jammersignal.com\/wp-content\/uploads\/2024\/05\/power-8-bands-jammersignal-blocker-wifi-4g-jammers-2.jpg\" \/>\n\t<meta property=\"og:image:width\" content=\"940\" \/>\n\t<meta property=\"og:image:height\" content=\"940\" \/>\n\t<meta property=\"og:image:type\" content=\"image\/jpeg\" \/>\n<meta name=\"twitter:card\" content=\"summary_large_image\" \/>\n<meta name=\"twitter:label1\" content=\"Dur\u00e9e de lecture estim\u00e9e\" \/>\n\t<meta name=\"twitter:data1\" content=\"2 minutes\" \/>\n<script type=\"application\/ld+json\" class=\"yoast-schema-graph\">{\"@context\":\"https:\/\/schema.org\",\"@graph\":[{\"@type\":\"WebPage\",\"@id\":\"https:\/\/www.jammersignal.com\/product\/8bands-drone-jammer-3g-4g-wifi-blocker\/\",\"url\":\"https:\/\/www.jammersignal.com\/product\/8bands-drone-jammer-3g-4g-wifi-blocker\/\",\"name\":\"Power 8 Band Drone Signal Jammer 3G 4G WIFI Blocker, Output Power 130W - JAMMERSIGNAL\",\"isPartOf\":{\"@id\":\"https:\/\/www.jammersignal.com\/#website\"},\"primaryImageOfPage\":{\"@id\":\"https:\/\/www.jammersignal.com\/product\/8bands-drone-jammer-3g-4g-wifi-blocker\/#primaryimage\"},\"image\":{\"@id\":\"https:\/\/www.jammersignal.com\/product\/8bands-drone-jammer-3g-4g-wifi-blocker\/#primaryimage\"},\"thumbnailUrl\":\"https:\/\/www.jammersignal.com\/wp-content\/uploads\/2024\/05\/power-8-bands-jammersignal-blocker-wifi-4g-jammers-2.jpg\",\"datePublished\":\"2024-05-31T06:22:05+00:00\",\"dateModified\":\"2024-12-17T07:53:44+00:00\",\"description\":\"This cell phone jammer blocks drone signals and is able to defend against a wide range of drones, including the Phantom 4, Phantom 3 Professional, Advanced, Standard series, and Inspire series.\",\"breadcrumb\":{\"@id\":\"https:\/\/www.jammersignal.com\/product\/8bands-drone-jammer-3g-4g-wifi-blocker\/#breadcrumb\"},\"inLanguage\":\"fr-FR\",\"potentialAction\":[{\"@type\":\"ReadAction\",\"target\":[\"https:\/\/www.jammersignal.com\/product\/8bands-drone-jammer-3g-4g-wifi-blocker\/\"]}]},{\"@type\":\"ImageObject\",\"inLanguage\":\"fr-FR\",\"@id\":\"https:\/\/www.jammersignal.com\/product\/8bands-drone-jammer-3g-4g-wifi-blocker\/#primaryimage\",\"url\":\"https:\/\/www.jammersignal.com\/wp-content\/uploads\/2024\/05\/power-8-bands-jammersignal-blocker-wifi-4g-jammers-2.jpg\",\"contentUrl\":\"https:\/\/www.jammersignal.com\/wp-content\/uploads\/2024\/05\/power-8-bands-jammersignal-blocker-wifi-4g-jammers-2.jpg\",\"width\":940,\"height\":940,\"caption\":\"power 8 bands jammersignal blocker wifi 4g jammers (2)\"},{\"@type\":\"BreadcrumbList\",\"@id\":\"https:\/\/www.jammersignal.com\/product\/8bands-drone-jammer-3g-4g-wifi-blocker\/#breadcrumb\",\"itemListElement\":[{\"@type\":\"ListItem\",\"position\":1,\"name\":\"Home\",\"item\":\"https:\/\/www.jammersignal.com\/\"},{\"@type\":\"ListItem\",\"position\":2,\"name\":\"Shop\",\"item\":\"https:\/\/www.jammersignal.com\/shop\/\"},{\"@type\":\"ListItem\",\"position\":3,\"name\":\"Signal Blocker\",\"item\":\"https:\/\/www.jammersignal.com\/product-category\/signal-blocker\/\"},{\"@type\":\"ListItem\",\"position\":4,\"name\":\"Power 8 Bands Drone Signal Jammer 3G 4G WIFI Blocker\"}]},{\"@type\":\"WebSite\",\"@id\":\"https:\/\/www.jammersignal.com\/#website\",\"url\":\"https:\/\/www.jammersignal.com\/\",\"name\":\"JAMMERSIGNAL\",\"description\":\"\",\"publisher\":{\"@id\":\"https:\/\/www.jammersignal.com\/#organization\"},\"potentialAction\":[{\"@type\":\"SearchAction\",\"target\":{\"@type\":\"EntryPoint\",\"urlTemplate\":\"https:\/\/www.jammersignal.com\/?s={search_term_string}\"},\"query-input\":{\"@type\":\"PropertyValueSpecification\",\"valueRequired\":true,\"valueName\":\"search_term_string\"}}],\"inLanguage\":\"fr-FR\"},{\"@type\":\"Organization\",\"@id\":\"https:\/\/www.jammersignal.com\/#organization\",\"name\":\"JAMMERSIGNAL\",\"url\":\"https:\/\/www.jammersignal.com\/\",\"logo\":{\"@type\":\"ImageObject\",\"inLanguage\":\"fr-FR\",\"@id\":\"https:\/\/www.jammersignal.com\/#\/schema\/logo\/image\/\",\"url\":\"https:\/\/www.jammersignal.com\/wp-content\/uploads\/2024\/05\/cropped-jammersignal-logo-4.png\",\"contentUrl\":\"https:\/\/www.jammersignal.com\/wp-content\/uploads\/2024\/05\/cropped-jammersignal-logo-4.png\",\"width\":104,\"height\":34,\"caption\":\"JAMMERSIGNAL\"},\"image\":{\"@id\":\"https:\/\/www.jammersignal.com\/#\/schema\/logo\/image\/\"}}]}<\/script>\n<!-- \/ Yoast SEO plugin. -->","yoast_head_json":{"title":"Brouilleur de signaux de drone \u00e0 8 bandes 3G 4G WIFI Blocker, puissance de sortie 130W - JAMMERSIGNAL","description":"Ce brouilleur de t\u00e9l\u00e9phone cellulaire bloque les signaux des drones et est capable de se d\u00e9fendre contre une large gamme de drones, y compris les s\u00e9ries Phantom 4, Phantom 3 Professional, Advanced, Standard et Inspire.","robots":{"index":"index","follow":"follow","max-snippet":"max-snippet:-1","max-image-preview":"max-image-preview:large","max-video-preview":"max-video-preview:-1"},"canonical":"https:\/\/www.jammersignal.com\/fr\/produit\/8bands-drone-jammer-3g-4g-wifi-blocker\/","og_locale":"fr_FR","og_type":"article","og_title":"Power 8 Band Drone Signal Jammer 3G 4G WIFI Blocker, Output Power 130W - JAMMERSIGNAL","og_description":"This cell phone jammer blocks drone signals and is able to defend against a wide range of drones, including the Phantom 4, Phantom 3 Professional, Advanced, Standard series, and Inspire series.","og_url":"https:\/\/www.jammersignal.com\/fr\/produit\/8bands-drone-jammer-3g-4g-wifi-blocker\/","og_site_name":"JAMMERSIGNAL","article_modified_time":"2024-12-17T07:53:44+00:00","og_image":[{"width":940,"height":940,"url":"https:\/\/www.jammersignal.com\/wp-content\/uploads\/2024\/05\/power-8-bands-jammersignal-blocker-wifi-4g-jammers-2.jpg","type":"image\/jpeg"}],"twitter_card":"summary_large_image","twitter_misc":{"Dur\u00e9e de lecture estim\u00e9e":"2 minutes"},"schema":{"@context":"https:\/\/schema.org","@graph":[{"@type":"WebPage","@id":"https:\/\/www.jammersignal.com\/product\/8bands-drone-jammer-3g-4g-wifi-blocker\/","url":"https:\/\/www.jammersignal.com\/product\/8bands-drone-jammer-3g-4g-wifi-blocker\/","name":"Brouilleur de signaux de drone \u00e0 8 bandes 3G 4G WIFI Blocker, puissance de sortie 130W - JAMMERSIGNAL","isPartOf":{"@id":"https:\/\/www.jammersignal.com\/#website"},"primaryImageOfPage":{"@id":"https:\/\/www.jammersignal.com\/product\/8bands-drone-jammer-3g-4g-wifi-blocker\/#primaryimage"},"image":{"@id":"https:\/\/www.jammersignal.com\/product\/8bands-drone-jammer-3g-4g-wifi-blocker\/#primaryimage"},"thumbnailUrl":"https:\/\/www.jammersignal.com\/wp-content\/uploads\/2024\/05\/power-8-bands-jammersignal-blocker-wifi-4g-jammers-2.jpg","datePublished":"2024-05-31T06:22:05+00:00","dateModified":"2024-12-17T07:53:44+00:00","description":"Ce brouilleur de t\u00e9l\u00e9phone cellulaire bloque les signaux des drones et est capable de se d\u00e9fendre contre une large gamme de drones, y compris les s\u00e9ries Phantom 4, Phantom 3 Professional, Advanced, Standard et Inspire.","breadcrumb":{"@id":"https:\/\/www.jammersignal.com\/product\/8bands-drone-jammer-3g-4g-wifi-blocker\/#breadcrumb"},"inLanguage":"fr-FR","potentialAction":[{"@type":"ReadAction","target":["https:\/\/www.jammersignal.com\/product\/8bands-drone-jammer-3g-4g-wifi-blocker\/"]}]},{"@type":"ImageObject","inLanguage":"fr-FR","@id":"https:\/\/www.jammersignal.com\/product\/8bands-drone-jammer-3g-4g-wifi-blocker\/#primaryimage","url":"https:\/\/www.jammersignal.com\/wp-content\/uploads\/2024\/05\/power-8-bands-jammersignal-blocker-wifi-4g-jammers-2.jpg","contentUrl":"https:\/\/www.jammersignal.com\/wp-content\/uploads\/2024\/05\/power-8-bands-jammersignal-blocker-wifi-4g-jammers-2.jpg","width":940,"height":940,"caption":"power 8 bands jammersignal blocker wifi 4g jammers (2)"},{"@type":"BreadcrumbList","@id":"https:\/\/www.jammersignal.com\/product\/8bands-drone-jammer-3g-4g-wifi-blocker\/#breadcrumb","itemListElement":[{"@type":"ListItem","position":1,"name":"Home","item":"https:\/\/www.jammersignal.com\/"},{"@type":"ListItem","position":2,"name":"Shop","item":"https:\/\/www.jammersignal.com\/shop\/"},{"@type":"ListItem","position":3,"name":"Signal Blocker","item":"https:\/\/www.jammersignal.com\/product-category\/signal-blocker\/"},{"@type":"ListItem","position":4,"name":"Power 8 Bands Drone Signal Jammer 3G 4G WIFI Blocker"}]},{"@type":"WebSite","@id":"https:\/\/www.jammersignal.com\/#website","url":"https:\/\/www.jammersignal.com\/","name":"JAMMERSIGNAL","description":"","publisher":{"@id":"https:\/\/www.jammersignal.com\/#organization"},"potentialAction":[{"@type":"SearchAction","target":{"@type":"EntryPoint","urlTemplate":"https:\/\/www.jammersignal.com\/?s={search_term_string}"},"query-input":{"@type":"PropertyValueSpecification","valueRequired":true,"valueName":"search_term_string"}}],"inLanguage":"fr-FR"},{"@type":"Organization","@id":"https:\/\/www.jammersignal.com\/#organization","name":"JAMMERSIGNAL","url":"https:\/\/www.jammersignal.com\/","logo":{"@type":"ImageObject","inLanguage":"fr-FR","@id":"https:\/\/www.jammersignal.com\/#\/schema\/logo\/image\/","url":"https:\/\/www.jammersignal.com\/wp-content\/uploads\/2024\/05\/cropped-jammersignal-logo-4.png","contentUrl":"https:\/\/www.jammersignal.com\/wp-content\/uploads\/2024\/05\/cropped-jammersignal-logo-4.png","width":104,"height":34,"caption":"JAMMERSIGNAL"},"image":{"@id":"https:\/\/www.jammersignal.com\/#\/schema\/logo\/image\/"}}]}},"_links":{"self":[{"href":"https:\/\/www.jammersignal.com\/fr\/wp-json\/wp\/v2\/product\/2282","targetHints":{"allow":["GET"]}}],"collection":[{"href":"https:\/\/www.jammersignal.com\/fr\/wp-json\/wp\/v2\/product"}],"about":[{"href":"https:\/\/www.jammersignal.com\/fr\/wp-json\/wp\/v2\/types\/product"}],"replies":[{"embeddable":true,"href":"https:\/\/www.jammersignal.com\/fr\/wp-json\/wp\/v2\/comments?post=2282"}],"version-history":[{"count":5,"href":"https:\/\/www.jammersignal.com\/fr\/wp-json\/wp\/v2\/product\/2282\/revisions"}],"predecessor-version":[{"id":2400,"href":"https:\/\/www.jammersignal.com\/fr\/wp-json\/wp\/v2\/product\/2282\/revisions\/2400"}],"wp:featuredmedia":[{"embeddable":true,"href":"https:\/\/www.jammersignal.com\/fr\/wp-json\/wp\/v2\/media\/1791"}],"wp:attachment":[{"href":"https:\/\/www.jammersignal.com\/fr\/wp-json\/wp\/v2\/media?parent=2282"}],"wp:term":[{"taxonomy":"product_brand","embeddable":true,"href":"https:\/\/www.jammersignal.com\/fr\/wp-json\/wp\/v2\/product_brand?post=2282"},{"taxonomy":"product_cat","embeddable":true,"href":"https:\/\/www.jammersignal.com\/fr\/wp-json\/wp\/v2\/product_cat?post=2282"},{"taxonomy":"product_tag","embeddable":true,"href":"https:\/\/www.jammersignal.com\/fr\/wp-json\/wp\/v2\/product_tag?post=2282"}],"curies":[{"name":"wp","href":"https:\/\/api.w.org\/{rel}","templated":true}]}}