{"id":2283,"date":"2024-05-31T06:53:06","date_gmt":"2024-05-31T06:53:06","guid":{"rendered":"https:\/\/www.jammersignal.com\/?post_type=product&#038;p=2283"},"modified":"2025-09-08T03:20:49","modified_gmt":"2025-09-08T03:20:49","slug":"1band-vehicle-mounted-gps-jammer","status":"publish","type":"product","link":"https:\/\/www.jammersignal.com\/fr\/produit\/1band-vehicle-mounted-gps-jammer\/","title":{"rendered":"Brouilleur de positionnement GPS \u00e0 1 bande mont\u00e9 sur v\u00e9hicule"},"content":{"rendered":"<div data-elementor-type=\"wp-post\" data-elementor-id=\"2283\" class=\"elementor elementor-2283\">\n\t\t\t\t<div class=\"elementor-element elementor-element-4a8c2a2 e-flex e-con-boxed e-con e-parent\" data-id=\"4a8c2a2\" data-element_type=\"container\">\n\t\t\t\t\t<div class=\"e-con-inner\">\n\t\t<div class=\"elementor-element elementor-element-2677d1d e-con-full e-flex e-con e-child\" data-id=\"2677d1d\" data-element_type=\"container\">\n\t\t\t\t<div class=\"elementor-element elementor-element-5ee8a99 elementor-widget elementor-widget-text-editor\" data-id=\"5ee8a99\" data-element_type=\"widget\" data-widget_type=\"text-editor.default\">\n\t\t\t\t<div class=\"elementor-widget-container\">\n\t\t\t\t\t\t\t\t\t<h4>Sp\u00e9cifications techniques<\/h4><table width=\"460\"><tbody><tr><td width=\"72\"><strong>Nom du param\u00e8tre<\/strong><\/td><td width=\"388\"><strong>D\u00e9tails des param\u00e8tres<\/strong><\/td><\/tr><tr><td>Mod\u00e8le\u00a0<\/td><td>H012US<\/td><\/tr><tr><td>Fr\u00e9quences de brouillage<\/td><td>GPS<\/td><\/tr><tr><td>Rayon de brouillage<\/td><td>Jusqu'\u00e0 10 m\u00e8tres<\/td><\/tr><tr><td>Alimentation \u00e9lectrique<\/td><td>Prise de courant, adaptateur de voiture ou batterie int\u00e9gr\u00e9e<\/td><\/tr><tr><td>Puissance de sortie totale<\/td><td>0.5W<\/td><\/tr><tr><td>Tension<\/td><td>AC 12 V, DC 24 V<\/td><\/tr><tr><td>Temp\u00e9rature de fonctionnement<\/td><td>-10\u2103 \u00e0 +50\u2103<\/td><\/tr><tr><td>Humidit\u00e9 de fonctionnement<\/td><td>5% \u00e0 80%<\/td><\/tr><tr><td>Taille de l'appareil<\/td><td>95mm*45mm*20mm<\/td><\/tr><tr><td>Poids de l'appareil<\/td><td>45g<\/td><\/tr><\/tbody><\/table>\t\t\t\t\t\t\t\t<\/div>\n\t\t\t\t<\/div>\n\t\t\t\t<\/div>\n\t\t<div class=\"elementor-element elementor-element-63abe0f e-con-full e-flex e-con e-child\" data-id=\"63abe0f\" data-element_type=\"container\">\n\t\t\t\t<div class=\"elementor-element elementor-element-3d0f9f0 elementor-widget elementor-widget-text-editor\" data-id=\"3d0f9f0\" data-element_type=\"widget\" data-widget_type=\"text-editor.default\">\n\t\t\t\t<div class=\"elementor-widget-container\">\n\t\t\t\t\t\t\t\t\t<h4>Informations sur les produits<\/h4><p>Vous souhaitez trouver une solution pour emp\u00eacher les autres de vous suivre \u00e0 la trace ? Un moyen efficace consiste \u00e0 bloquer les signaux GPS. Ce brouilleur de signaux GPS compact et portable est \u00e9quip\u00e9 d'une seule antenne et est facile \u00e0 transporter.<\/p><p>Avec les progr\u00e8s constants et l'utilisation g\u00e9n\u00e9ralis\u00e9e des syst\u00e8mes de navigation par satellite GPS, de nombreux utilisateurs ont rencontr\u00e9 le probl\u00e8me d'\u00eatre constamment suivis. Pour r\u00e9soudre ce probl\u00e8me de s\u00e9curit\u00e9 de l'information, les brouilleurs de GPS ont vu le jour. Ces dispositifs de brouillage sont con\u00e7us pour garantir le respect de votre vie priv\u00e9e et vous permettre de vous d\u00e9placer sans \u00eatre d\u00e9couvert par d'autres personnes.<\/p><p><strong>Caract\u00e9ristiques du produit :<\/strong><\/p><ol><li>Ce dispositif de brouillage GPS cible sp\u00e9cifiquement les signaux satellites GPS et n'interf\u00e8re pas avec les communications t\u00e9l\u00e9phoniques ordinaires.<\/li><li>Il emp\u00eache efficacement les voitures et les individus d'\u00eatre suivis par les syst\u00e8mes de positionnement par satellite GPS mobiles, ce qui vous permet de voyager l'esprit tranquille.<\/li><\/ol><p><strong>Mode d'emploi :<\/strong><\/p><ol><li>Installer l'antenne.<\/li><li>Branchez l'appareil sur l'allume-cigare de la voiture.<\/li><li>Apr\u00e8s la mise sous tension de l'appareil, le voyant s'allume, indiquant que l'appareil fonctionne normalement.<\/li><\/ol><p><strong>Pr\u00e9cautions :<\/strong><\/p><p>1. les brouilleurs sont personnalis\u00e9s en fonction des bandes de fr\u00e9quence des diff\u00e9rents pays, veuillez vous assurer que le pays d'achat et le pays d'utilisation r\u00e9el sont coh\u00e9rents, sinon le brouilleur ne pourra pas \u00eatre utilis\u00e9. Veuillez lire la fonction du brouilleur avant de l'acheter.<br \/>2 Si les brouilleurs de faible puissance (tels que les brouilleurs portatifs) bloquent un dispositif de signal de forte puissance (tel qu'un routeur WIFI de forte puissance, un \u00e9quipement audio Bluetooth, etc.<br \/>3. il est interdit d'utiliser l'appareil pendant qu'il est en charge.<br \/>4. ne pas utiliser de brouilleurs portatifs comme brouilleurs de bureau.<br \/>5. n'utilisez pas de brouilleurs avant de connecter l'antenne.<\/p>\t\t\t\t\t\t\t\t<\/div>\n\t\t\t\t<\/div>\n\t\t\t\t<\/div>\n\t\t\t\t\t<\/div>\n\t\t\t\t<\/div>\n\t\t\t\t<\/div>","protected":false},"excerpt":{"rendered":"<p>Avec les progr\u00e8s constants et l'utilisation g\u00e9n\u00e9ralis\u00e9e des syst\u00e8mes de navigation par satellite GPS, de nombreux utilisateurs ont rencontr\u00e9 le probl\u00e8me d'\u00eatre constamment suivis. Pour r\u00e9soudre ce probl\u00e8me de s\u00e9curit\u00e9 de l'information, les brouilleurs de GPS ont vu le jour. Ces dispositifs de brouillage sont con\u00e7us pour garantir le respect de votre vie priv\u00e9e et vous permettre de vous d\u00e9placer sans \u00eatre d\u00e9couvert par d'autres personnes.<\/p>\n<p><strong>Caract\u00e9ristiques du produit :<\/strong><\/p>\n<ol>\n<li>Ce dispositif de brouillage GPS cible sp\u00e9cifiquement les signaux satellites GPS et n'interf\u00e8re pas avec les communications t\u00e9l\u00e9phoniques ordinaires.<\/li>\n<li>Il emp\u00eache efficacement les voitures et les individus d'\u00eatre suivis par les syst\u00e8mes de positionnement par satellite GPS mobiles, ce qui vous permet de voyager l'esprit tranquille.<\/li>\n<\/ol>","protected":false},"featured_media":1793,"comment_status":"open","ping_status":"closed","template":"","meta":{"site-sidebar-layout":"no-sidebar","site-content-layout":"page-builder","ast-site-content-layout":"normal-width-container","site-content-style":"default","site-sidebar-style":"default","ast-global-header-display":"","ast-banner-title-visibility":"","ast-main-header-display":"","ast-hfb-above-header-display":"","ast-hfb-below-header-display":"","ast-hfb-mobile-header-display":"","site-post-title":"disabled","ast-breadcrumbs-content":"","ast-featured-img":"disabled","footer-sml-layout":"","theme-transparent-header-meta":"default","adv-header-id-meta":"","stick-header-meta":"default","header-above-stick-meta":"","header-main-stick-meta":"","header-below-stick-meta":"","astra-migrate-meta-layouts":"set","ast-page-background-enabled":"default","ast-page-background-meta":{"desktop":{"background-color":"var(--ast-global-color-4)","background-image":"","background-repeat":"repeat","background-position":"center center","background-size":"auto","background-attachment":"scroll","background-type":"","background-media":"","overlay-type":"","overlay-color":"","overlay-gradient":""},"tablet":{"background-color":"","background-image":"","background-repeat":"repeat","background-position":"center center","background-size":"auto","background-attachment":"scroll","background-type":"","background-media":"","overlay-type":"","overlay-color":"","overlay-gradient":""},"mobile":{"background-color":"","background-image":"","background-repeat":"repeat","background-position":"center center","background-size":"auto","background-attachment":"scroll","background-type":"","background-media":"","overlay-type":"","overlay-color":"","overlay-gradient":""}},"ast-content-background-meta":{"desktop":{"background-color":"var(--ast-global-color-5)","background-image":"","background-repeat":"repeat","background-position":"center center","background-size":"auto","background-attachment":"scroll","background-type":"","background-media":"","overlay-type":"","overlay-color":"","overlay-gradient":""},"tablet":{"background-color":"var(--ast-global-color-5)","background-image":"","background-repeat":"repeat","background-position":"center center","background-size":"auto","background-attachment":"scroll","background-type":"","background-media":"","overlay-type":"","overlay-color":"","overlay-gradient":""},"mobile":{"background-color":"var(--ast-global-color-5)","background-image":"","background-repeat":"repeat","background-position":"center center","background-size":"auto","background-attachment":"scroll","background-type":"","background-media":"","overlay-type":"","overlay-color":"","overlay-gradient":""}}},"product_brand":[],"product_cat":[15,72,81,56,63,35,34,96,93,94,67,80],"product_tag":[432,557,247,565,567,410,411,412,413,414,415,416,417,418,419,420,421,422,423,451,533,277,534,470,472,473,505,454,437,213,427,474,573,455,506,433,475,538,539,493,465,540,476,509,477,542,434,513,438,435,457,466,479,516,560,551,552,518,441,463,519,561,525,522,442,495,443,558],"class_list":{"0":"post-2283","1":"product","2":"type-product","3":"status-publish","4":"has-post-thumbnail","6":"product_cat-signal-blocker","7":"product_cat-1-3antennas-jammers","8":"product_cat-10-20meters","9":"product_cat-car-rechargeable-jammer","10":"product_cat-cheap-jammer","11":"product_cat-gps-signal-blocker","12":"product_cat-gps-signal-jammer","13":"product_cat-gps-l1-l2-l3-l4-l5-jammer","14":"product_cat-gps-l1-1570-1580mhz-jammer","15":"product_cat-gps-l2-l5-1170-1280mhz-jammer","16":"product_cat-less-than-100dollars-jammer","17":"product_cat-within-10meters","18":"product_tag-aaaaaa-gps-jammer","19":"product_tag-auto-gps-jammer","20":"product_tag-best-cell-phone-jammer-reviews","21":"product_tag-best-gps-jammer-for-car","22":"product_tag-block-signal-jammer","23":"product_tag-buy-car-gps-jammer","24":"product_tag-buy-cigarette-lighter-gps-cell-phone-jammer","25":"product_tag-buy-gps-jammer-australia","26":"product_tag-buy-gps-jammer-canada","27":"product_tag-buy-gps-jammer-cigarette-lighter","28":"product_tag-buy-gps-jammer-ebay","29":"product_tag-buy-gps-jammer-for-car","30":"product_tag-buy-gps-jammer-in-dallas","31":"product_tag-buy-gps-jammer-near-me","32":"product_tag-buy-gps-jammer-online","33":"product_tag-buy-gps-jammer-uk","34":"product_tag-buy-gps-jammer-us","35":"product_tag-buy-gps-tracking-jammer","36":"product_tag-buy-vehicle-gps-jammer","37":"product_tag-car-jammer","38":"product_tag-car-signal-jammer","39":"product_tag-cell-phone-tracking-jammer","40":"product_tag-define-jammer","41":"product_tag-device-jammer","42":"product_tag-diy-signal-jammer","43":"product_tag-door-jammer-hhhhhh","44":"product_tag-electronic-device-jammer","45":"product_tag-gps-blocker-jammer","46":"product_tag-gps-blockers-jammer","47":"product_tag-gps-cell-jammer","48":"product_tag-gps-jammer-aaaaaa","49":"product_tag-gps-jammer-app","50":"product_tag-gps-jammer-blocker","51":"product_tag-gps-jammer-car","52":"product_tag-gps-jammer-for-sale","53":"product_tag-gps-signal-jammer","54":"product_tag-gps-tracker-jammer","55":"product_tag-gps-tracking-device-jammer","56":"product_tag-homemade-gps-jammer","57":"product_tag-how-do-jammer-work","58":"product_tag-how-do-signal-jammer-work","59":"product_tag-how-does-jammer-work","60":"product_tag-how-to-make-signal-jammer","61":"product_tag-jammer-blocker-signal","62":"product_tag-jammer-car","63":"product_tag-jammer-car-gps","64":"product_tag-jammer-device","65":"product_tag-jammer-for-car","66":"product_tag-jammer-gps","67":"product_tag-jammer-gps-aaaaaa","68":"product_tag-jammer-meaning","69":"product_tag-jammer-means","70":"product_tag-jammer-signal-blocker","71":"product_tag-rf-frequency-jammer","72":"product_tag-rf-jammer","73":"product_tag-signal-blocker-jammer","74":"product_tag-signal-jammer-blocker","75":"product_tag-signal-jammer-car","76":"product_tag-signal-jammer-cost","77":"product_tag-signal-jammer-device","78":"product_tag-signal-jammer-diy","79":"product_tag-signal-jammer-for-sale","80":"product_tag-the-jammer","81":"product_tag-tracker-jammer","82":"product_tag-vehicle-gps-jammer","83":"product_tag-what-are-jammer","84":"product_tag-what-is-a-jammer","85":"product_tag-whats-a-jammer","86":"desktop-align-left","87":"tablet-align-left","88":"mobile-align-left","89":"ast-product-gallery-layout-horizontal-slider","90":"ast-product-single-variable","91":"ast-product-tabs-layout-horizontal","93":"first","94":"instock","95":"sale","96":"shipping-taxable","97":"purchasable","98":"product-type-variable"},"yoast_head":"<!-- This site is optimized with the Yoast SEO plugin v23.9 - https:\/\/yoast.com\/wordpress\/plugins\/seo\/ -->\n<title>1-Band Vehicle-Mounted GPS Positioning Jammer, rechargeable via power plug and vehicle adapter - JAMMERSIGNAL<\/title>\n<meta name=\"description\" content=\"Are you interested in finding a solution to stop others from tracking you? One effective way is to block GPS signals. This compact small portable GPS signal jammer is equipped with a single antenna and is easy to carry.\" \/>\n<meta name=\"robots\" content=\"index, follow, max-snippet:-1, max-image-preview:large, max-video-preview:-1\" \/>\n<link rel=\"canonical\" href=\"https:\/\/www.jammersignal.com\/fr\/produit\/1band-vehicle-mounted-gps-jammer\/\" \/>\n<meta property=\"og:locale\" content=\"fr_FR\" \/>\n<meta property=\"og:type\" content=\"article\" \/>\n<meta property=\"og:title\" content=\"1-Band Vehicle-Mounted GPS Positioning Jammer, rechargeable via power plug and vehicle adapter - JAMMERSIGNAL\" \/>\n<meta property=\"og:description\" content=\"Are you interested in finding a solution to stop others from tracking you? One effective way is to block GPS signals. This compact small portable GPS signal jammer is equipped with a single antenna and is easy to carry.\" \/>\n<meta property=\"og:url\" content=\"https:\/\/www.jammersignal.com\/fr\/produit\/1band-vehicle-mounted-gps-jammer\/\" \/>\n<meta property=\"og:site_name\" content=\"JAMMERSIGNAL\" \/>\n<meta property=\"article:modified_time\" content=\"2025-09-08T03:20:49+00:00\" \/>\n<meta property=\"og:image\" content=\"https:\/\/www.jammersignal.com\/wp-content\/uploads\/2024\/05\/1-band-vehicular-jammersignal-jamming-device-positioning-jammers-1.jpg\" \/>\n\t<meta property=\"og:image:width\" content=\"500\" \/>\n\t<meta property=\"og:image:height\" content=\"500\" \/>\n\t<meta property=\"og:image:type\" content=\"image\/jpeg\" \/>\n<meta name=\"twitter:card\" content=\"summary_large_image\" \/>\n<meta name=\"twitter:label1\" content=\"Dur\u00e9e de lecture estim\u00e9e\" \/>\n\t<meta name=\"twitter:data1\" content=\"2 minutes\" \/>\n<script type=\"application\/ld+json\" class=\"yoast-schema-graph\">{\"@context\":\"https:\/\/schema.org\",\"@graph\":[{\"@type\":\"WebPage\",\"@id\":\"https:\/\/www.jammersignal.com\/product\/1band-vehicle-mounted-gps-jammer\/\",\"url\":\"https:\/\/www.jammersignal.com\/product\/1band-vehicle-mounted-gps-jammer\/\",\"name\":\"1-Band Vehicle-Mounted GPS Positioning Jammer, rechargeable via power plug and vehicle adapter - JAMMERSIGNAL\",\"isPartOf\":{\"@id\":\"https:\/\/www.jammersignal.com\/#website\"},\"primaryImageOfPage\":{\"@id\":\"https:\/\/www.jammersignal.com\/product\/1band-vehicle-mounted-gps-jammer\/#primaryimage\"},\"image\":{\"@id\":\"https:\/\/www.jammersignal.com\/product\/1band-vehicle-mounted-gps-jammer\/#primaryimage\"},\"thumbnailUrl\":\"https:\/\/www.jammersignal.com\/wp-content\/uploads\/2024\/05\/1-band-vehicular-jammersignal-jamming-device-positioning-jammers-1.jpg\",\"datePublished\":\"2024-05-31T06:53:06+00:00\",\"dateModified\":\"2025-09-08T03:20:49+00:00\",\"description\":\"Are you interested in finding a solution to stop others from tracking you? One effective way is to block GPS signals. This compact small portable GPS signal jammer is equipped with a single antenna and is easy to carry.\",\"breadcrumb\":{\"@id\":\"https:\/\/www.jammersignal.com\/product\/1band-vehicle-mounted-gps-jammer\/#breadcrumb\"},\"inLanguage\":\"fr-FR\",\"potentialAction\":[{\"@type\":\"ReadAction\",\"target\":[\"https:\/\/www.jammersignal.com\/product\/1band-vehicle-mounted-gps-jammer\/\"]}]},{\"@type\":\"ImageObject\",\"inLanguage\":\"fr-FR\",\"@id\":\"https:\/\/www.jammersignal.com\/product\/1band-vehicle-mounted-gps-jammer\/#primaryimage\",\"url\":\"https:\/\/www.jammersignal.com\/wp-content\/uploads\/2024\/05\/1-band-vehicular-jammersignal-jamming-device-positioning-jammers-1.jpg\",\"contentUrl\":\"https:\/\/www.jammersignal.com\/wp-content\/uploads\/2024\/05\/1-band-vehicular-jammersignal-jamming-device-positioning-jammers-1.jpg\",\"width\":500,\"height\":500,\"caption\":\"1 band vehicular jammersignal jamming device positioning jammers (1)\"},{\"@type\":\"BreadcrumbList\",\"@id\":\"https:\/\/www.jammersignal.com\/product\/1band-vehicle-mounted-gps-jammer\/#breadcrumb\",\"itemListElement\":[{\"@type\":\"ListItem\",\"position\":1,\"name\":\"Home\",\"item\":\"https:\/\/www.jammersignal.com\/\"},{\"@type\":\"ListItem\",\"position\":2,\"name\":\"Shop\",\"item\":\"https:\/\/www.jammersignal.com\/shop\/\"},{\"@type\":\"ListItem\",\"position\":3,\"name\":\"Signal Blocker\",\"item\":\"https:\/\/www.jammersignal.com\/product-category\/signal-blocker\/\"},{\"@type\":\"ListItem\",\"position\":4,\"name\":\"1-Band Vehicle-Mounted GPS Positioning Jammer\"}]},{\"@type\":\"WebSite\",\"@id\":\"https:\/\/www.jammersignal.com\/#website\",\"url\":\"https:\/\/www.jammersignal.com\/\",\"name\":\"JAMMERSIGNAL\",\"description\":\"\",\"publisher\":{\"@id\":\"https:\/\/www.jammersignal.com\/#organization\"},\"potentialAction\":[{\"@type\":\"SearchAction\",\"target\":{\"@type\":\"EntryPoint\",\"urlTemplate\":\"https:\/\/www.jammersignal.com\/?s={search_term_string}\"},\"query-input\":{\"@type\":\"PropertyValueSpecification\",\"valueRequired\":true,\"valueName\":\"search_term_string\"}}],\"inLanguage\":\"fr-FR\"},{\"@type\":\"Organization\",\"@id\":\"https:\/\/www.jammersignal.com\/#organization\",\"name\":\"JAMMERSIGNAL\",\"url\":\"https:\/\/www.jammersignal.com\/\",\"logo\":{\"@type\":\"ImageObject\",\"inLanguage\":\"fr-FR\",\"@id\":\"https:\/\/www.jammersignal.com\/#\/schema\/logo\/image\/\",\"url\":\"https:\/\/www.jammersignal.com\/wp-content\/uploads\/2024\/05\/cropped-jammersignal-logo-4.png\",\"contentUrl\":\"https:\/\/www.jammersignal.com\/wp-content\/uploads\/2024\/05\/cropped-jammersignal-logo-4.png\",\"width\":104,\"height\":34,\"caption\":\"JAMMERSIGNAL\"},\"image\":{\"@id\":\"https:\/\/www.jammersignal.com\/#\/schema\/logo\/image\/\"}}]}<\/script>\n<!-- \/ Yoast SEO plugin. -->","yoast_head_json":{"title":"Brouilleur de positionnement GPS \u00e0 1 bande mont\u00e9 sur v\u00e9hicule, rechargeable par fiche d'alimentation et adaptateur pour v\u00e9hicule - JAMMERSIGNAL","description":"Vous souhaitez trouver une solution pour emp\u00eacher les autres de vous suivre \u00e0 la trace ? Un moyen efficace consiste \u00e0 bloquer les signaux GPS. Ce brouilleur de signaux GPS compact et portable est \u00e9quip\u00e9 d'une seule antenne et est facile \u00e0 transporter.","robots":{"index":"index","follow":"follow","max-snippet":"max-snippet:-1","max-image-preview":"max-image-preview:large","max-video-preview":"max-video-preview:-1"},"canonical":"https:\/\/www.jammersignal.com\/fr\/produit\/1band-vehicle-mounted-gps-jammer\/","og_locale":"fr_FR","og_type":"article","og_title":"1-Band Vehicle-Mounted GPS Positioning Jammer, rechargeable via power plug and vehicle adapter - JAMMERSIGNAL","og_description":"Are you interested in finding a solution to stop others from tracking you? One effective way is to block GPS signals. This compact small portable GPS signal jammer is equipped with a single antenna and is easy to carry.","og_url":"https:\/\/www.jammersignal.com\/fr\/produit\/1band-vehicle-mounted-gps-jammer\/","og_site_name":"JAMMERSIGNAL","article_modified_time":"2025-09-08T03:20:49+00:00","og_image":[{"width":500,"height":500,"url":"https:\/\/www.jammersignal.com\/wp-content\/uploads\/2024\/05\/1-band-vehicular-jammersignal-jamming-device-positioning-jammers-1.jpg","type":"image\/jpeg"}],"twitter_card":"summary_large_image","twitter_misc":{"Dur\u00e9e de lecture estim\u00e9e":"2 minutes"},"schema":{"@context":"https:\/\/schema.org","@graph":[{"@type":"WebPage","@id":"https:\/\/www.jammersignal.com\/product\/1band-vehicle-mounted-gps-jammer\/","url":"https:\/\/www.jammersignal.com\/product\/1band-vehicle-mounted-gps-jammer\/","name":"Brouilleur de positionnement GPS \u00e0 1 bande mont\u00e9 sur v\u00e9hicule, rechargeable par fiche d'alimentation et adaptateur pour v\u00e9hicule - JAMMERSIGNAL","isPartOf":{"@id":"https:\/\/www.jammersignal.com\/#website"},"primaryImageOfPage":{"@id":"https:\/\/www.jammersignal.com\/product\/1band-vehicle-mounted-gps-jammer\/#primaryimage"},"image":{"@id":"https:\/\/www.jammersignal.com\/product\/1band-vehicle-mounted-gps-jammer\/#primaryimage"},"thumbnailUrl":"https:\/\/www.jammersignal.com\/wp-content\/uploads\/2024\/05\/1-band-vehicular-jammersignal-jamming-device-positioning-jammers-1.jpg","datePublished":"2024-05-31T06:53:06+00:00","dateModified":"2025-09-08T03:20:49+00:00","description":"Vous souhaitez trouver une solution pour emp\u00eacher les autres de vous suivre \u00e0 la trace ? Un moyen efficace consiste \u00e0 bloquer les signaux GPS. Ce brouilleur de signaux GPS compact et portable est \u00e9quip\u00e9 d'une seule antenne et est facile \u00e0 transporter.","breadcrumb":{"@id":"https:\/\/www.jammersignal.com\/product\/1band-vehicle-mounted-gps-jammer\/#breadcrumb"},"inLanguage":"fr-FR","potentialAction":[{"@type":"ReadAction","target":["https:\/\/www.jammersignal.com\/product\/1band-vehicle-mounted-gps-jammer\/"]}]},{"@type":"ImageObject","inLanguage":"fr-FR","@id":"https:\/\/www.jammersignal.com\/product\/1band-vehicle-mounted-gps-jammer\/#primaryimage","url":"https:\/\/www.jammersignal.com\/wp-content\/uploads\/2024\/05\/1-band-vehicular-jammersignal-jamming-device-positioning-jammers-1.jpg","contentUrl":"https:\/\/www.jammersignal.com\/wp-content\/uploads\/2024\/05\/1-band-vehicular-jammersignal-jamming-device-positioning-jammers-1.jpg","width":500,"height":500,"caption":"1 band vehicular jammersignal jamming device positioning jammers (1)"},{"@type":"BreadcrumbList","@id":"https:\/\/www.jammersignal.com\/product\/1band-vehicle-mounted-gps-jammer\/#breadcrumb","itemListElement":[{"@type":"ListItem","position":1,"name":"Home","item":"https:\/\/www.jammersignal.com\/"},{"@type":"ListItem","position":2,"name":"Shop","item":"https:\/\/www.jammersignal.com\/shop\/"},{"@type":"ListItem","position":3,"name":"Signal Blocker","item":"https:\/\/www.jammersignal.com\/product-category\/signal-blocker\/"},{"@type":"ListItem","position":4,"name":"1-Band Vehicle-Mounted GPS Positioning Jammer"}]},{"@type":"WebSite","@id":"https:\/\/www.jammersignal.com\/#website","url":"https:\/\/www.jammersignal.com\/","name":"JAMMERSIGNAL","description":"","publisher":{"@id":"https:\/\/www.jammersignal.com\/#organization"},"potentialAction":[{"@type":"SearchAction","target":{"@type":"EntryPoint","urlTemplate":"https:\/\/www.jammersignal.com\/?s={search_term_string}"},"query-input":{"@type":"PropertyValueSpecification","valueRequired":true,"valueName":"search_term_string"}}],"inLanguage":"fr-FR"},{"@type":"Organization","@id":"https:\/\/www.jammersignal.com\/#organization","name":"JAMMERSIGNAL","url":"https:\/\/www.jammersignal.com\/","logo":{"@type":"ImageObject","inLanguage":"fr-FR","@id":"https:\/\/www.jammersignal.com\/#\/schema\/logo\/image\/","url":"https:\/\/www.jammersignal.com\/wp-content\/uploads\/2024\/05\/cropped-jammersignal-logo-4.png","contentUrl":"https:\/\/www.jammersignal.com\/wp-content\/uploads\/2024\/05\/cropped-jammersignal-logo-4.png","width":104,"height":34,"caption":"JAMMERSIGNAL"},"image":{"@id":"https:\/\/www.jammersignal.com\/#\/schema\/logo\/image\/"}}]}},"_links":{"self":[{"href":"https:\/\/www.jammersignal.com\/fr\/wp-json\/wp\/v2\/product\/2283","targetHints":{"allow":["GET"]}}],"collection":[{"href":"https:\/\/www.jammersignal.com\/fr\/wp-json\/wp\/v2\/product"}],"about":[{"href":"https:\/\/www.jammersignal.com\/fr\/wp-json\/wp\/v2\/types\/product"}],"replies":[{"embeddable":true,"href":"https:\/\/www.jammersignal.com\/fr\/wp-json\/wp\/v2\/comments?post=2283"}],"version-history":[{"count":6,"href":"https:\/\/www.jammersignal.com\/fr\/wp-json\/wp\/v2\/product\/2283\/revisions"}],"predecessor-version":[{"id":4136,"href":"https:\/\/www.jammersignal.com\/fr\/wp-json\/wp\/v2\/product\/2283\/revisions\/4136"}],"wp:featuredmedia":[{"embeddable":true,"href":"https:\/\/www.jammersignal.com\/fr\/wp-json\/wp\/v2\/media\/1793"}],"wp:attachment":[{"href":"https:\/\/www.jammersignal.com\/fr\/wp-json\/wp\/v2\/media?parent=2283"}],"wp:term":[{"taxonomy":"product_brand","embeddable":true,"href":"https:\/\/www.jammersignal.com\/fr\/wp-json\/wp\/v2\/product_brand?post=2283"},{"taxonomy":"product_cat","embeddable":true,"href":"https:\/\/www.jammersignal.com\/fr\/wp-json\/wp\/v2\/product_cat?post=2283"},{"taxonomy":"product_tag","embeddable":true,"href":"https:\/\/www.jammersignal.com\/fr\/wp-json\/wp\/v2\/product_tag?post=2283"}],"curies":[{"name":"wp","href":"https:\/\/api.w.org\/{rel}","templated":true}]}}