{"id":9,"date":"2024-07-03T09:03:20","date_gmt":"2024-07-03T09:03:20","guid":{"rendered":"https:\/\/www.jammersignal.com\/?page_id=9"},"modified":"2024-07-03T09:08:14","modified_gmt":"2024-07-03T09:08:14","slug":"refund-returns","status":"publish","type":"page","link":"https:\/\/www.jammersignal.com\/it\/refund-returns\/","title":{"rendered":"Politica di rimborso e restituzione"},"content":{"rendered":"<p>*JAMMERSIGNAL: Dopo che il cliente ha effettuato un ordine, il personale addetto al controllo qualit\u00e0 ispezioner\u00e0 il prodotto e lo spedir\u00e0 al cliente. Dopo l'arrivo della merce, si prega di controllare la qualit\u00e0 della merce.<\/p>\n\n\n\n<p>*Per quanto riguarda i resi e i cambi: Se il prodotto \u00e8 danneggiato a causa di una collisione durante il trasporto. Vi rimborseremo entro 7 giorni.<\/p>\n\n\n\n<p>*Se c'\u00e8 un problema di qualit\u00e0 del prodotto<br>Confermare il problema della qualit\u00e0 del prodotto, JAMMERSIGNAL si far\u00e0 carico dei costi logistici di andata e ritorno.<\/p>\n\n\n\n<p>*Firmeremo per i prodotti restituiti in ritardo e garantiremo che arriveranno entro due settimane.<\/p>\n\n\n\n<p>*Se i prodotti restituiti non corrispondono a quelli ordinati, JAMMERSIGNAL non consentir\u00e0 che<\/p>\n\n\n\n<p>*JAMMERSIGNAL non accetter\u00e0 resi se si verificano le seguenti situazioni<\/p>\n\n\n\n<p>*Dopo l'ispezione della qualit\u00e0, si stabilisce che il difetto del prodotto \u00e8 causato dal cliente. In seguito, il prodotto \u00e8 stato restituito per motivi legati al cliente, come i difetti del prodotto.<\/p>\n\n\n\n<p>*Il prodotto restituito \u00e8 diverso da quello acquistato dal cliente.<\/p>\n\n\n\n<p>*Il prodotto ricevuto presenta problemi di qualit\u00e0 e deve essere sostituito o rimborsato. Si prega di contattare il nostro servizio clienti. Il nostro indirizzo e-mail \u00e8 <a href=\"mailto:info@jammersignal.com\">info@jammersignal.com<\/a> o <a href=\"mailto:jammersignal@outlook.com\">jammersignal@outlook.com<\/a>. Quindi si prega di attendere la nostra risposta. Non firmeremo per i prodotti restituiti senza previa comunicazione via e-mail. Dopo aver restituito il prodotto, \u00e8 necessario attendere un certo periodo di tempo. Dobbiamo confermare la ricezione del prodotto restituito prima di potervi rimborsare.<\/p>\n\n\n\n<p>*Politica di sostituzione<\/p>\n\n\n\n<p>*Pu\u00f2 essere sostituito anche con JAMMERSIGNAL<\/p>\n\n\n\n<p>*Se il cliente sostituisce il prodotto da solo, il costo della logistica \u00e8 a carico del cliente.<\/p>\n\n\n\n<p>*Dopo aver firmato, contattare il servizio clienti entro una settimana.<\/p>\n\n\n\n<p>*Firma: il prodotto non deve essere danneggiato, completamente garantito e privo di macchie.<\/p>\n\n\n\n<p>*Il prodotto restituito dal cliente deve essere uguale a quello acquistato dal cliente.<\/p>\n\n\n\n<p>*Dopo la spedizione logistica, si prega di non annullare l'ordine senza motivo. Prima di effettuare un ordine, assicurarsi che la merce sia in buone condizioni.<\/p>\n\n\n\n<p>*Se il cliente desidera restituire il prodotto, si prega di inviare un'e-mail a <a href=\"mailto:info@jammersignal.com\">info@jammersignal.com<\/a> o <a href=\"mailto:jammersignal@outlook.com\">jammersignal@outlook.com<\/a> e attendere la nostra risposta. Non accettiamo resi senza previa notifica via e-mail.<\/p>","protected":false},"excerpt":{"rendered":"<p>*JAMMERSIGNAL: Dopo che il cliente ha effettuato un ordine, il personale addetto al controllo qualit\u00e0 ispezioner\u00e0 il prodotto e lo spedir\u00e0 al cliente. Dopo l'arrivo della merce, si prega di controllare la qualit\u00e0 della merce. *Per quanto riguarda i resi e le sostituzioni: Se il prodotto \u00e8 danneggiato a causa di una collisione durante il trasporto. Vi rimborseremo entro 7 giorni. *Se [...]<\/p>","protected":false},"author":1,"featured_media":0,"parent":0,"menu_order":23,"comment_status":"closed","ping_status":"closed","template":"","meta":{"site-sidebar-layout":"right-sidebar","site-content-layout":"","ast-site-content-layout":"default","site-content-style":"default","site-sidebar-style":"default","ast-global-header-display":"","ast-banner-title-visibility":"","ast-main-header-display":"","ast-hfb-above-header-display":"","ast-hfb-below-header-display":"","ast-hfb-mobile-header-display":"","site-post-title":"","ast-breadcrumbs-content":"","ast-featured-img":"","footer-sml-layout":"","theme-transparent-header-meta":"","adv-header-id-meta":"","stick-header-meta":"","header-above-stick-meta":"","header-main-stick-meta":"","header-below-stick-meta":"","astra-migrate-meta-layouts":"set","ast-page-background-enabled":"default","ast-page-background-meta":{"desktop":{"background-color":"var(--ast-global-color-4)","background-image":"","background-repeat":"repeat","background-position":"center center","background-size":"auto","background-attachment":"scroll","background-type":"","background-media":"","overlay-type":"","overlay-color":"","overlay-gradient":""},"tablet":{"background-color":"","background-image":"","background-repeat":"repeat","background-position":"center center","background-size":"auto","background-attachment":"scroll","background-type":"","background-media":"","overlay-type":"","overlay-color":"","overlay-gradient":""},"mobile":{"background-color":"","background-image":"","background-repeat":"repeat","background-position":"center center","background-size":"auto","background-attachment":"scroll","background-type":"","background-media":"","overlay-type":"","overlay-color":"","overlay-gradient":""}},"ast-content-background-meta":{"desktop":{"background-color":"var(--ast-global-color-5)","background-image":"","background-repeat":"repeat","background-position":"center center","background-size":"auto","background-attachment":"scroll","background-type":"","background-media":"","overlay-type":"","overlay-color":"","overlay-gradient":""},"tablet":{"background-color":"var(--ast-global-color-5)","background-image":"","background-repeat":"repeat","background-position":"center center","background-size":"auto","background-attachment":"scroll","background-type":"","background-media":"","overlay-type":"","overlay-color":"","overlay-gradient":""},"mobile":{"background-color":"var(--ast-global-color-5)","background-image":"","background-repeat":"repeat","background-position":"center center","background-size":"auto","background-attachment":"scroll","background-type":"","background-media":"","overlay-type":"","overlay-color":"","overlay-gradient":""}},"footnotes":""},"class_list":["post-9","page","type-page","status-publish","hentry"],"yoast_head":"<!-- This site is optimized with the Yoast SEO plugin v23.9 - https:\/\/yoast.com\/wordpress\/plugins\/seo\/ -->\n<title>Refund and Returns Policy - JAMMERSIGNAL<\/title>\n<meta name=\"description\" content=\"After the customer places an order, the quality control staff will inspect the product and then ship it to the customer. After the goods arrive, please check the quality of the goods.\" \/>\n<meta name=\"robots\" content=\"index, follow, max-snippet:-1, max-image-preview:large, max-video-preview:-1\" \/>\n<link rel=\"canonical\" href=\"https:\/\/www.jammersignal.com\/it\/refund-returns\/\" \/>\n<meta property=\"og:locale\" content=\"it_IT\" \/>\n<meta property=\"og:type\" content=\"article\" \/>\n<meta property=\"og:title\" content=\"Refund and Returns Policy - JAMMERSIGNAL\" \/>\n<meta property=\"og:description\" content=\"After the customer places an order, the quality control staff will inspect the product and then ship it to the customer. After the goods arrive, please check the quality of the goods.\" \/>\n<meta property=\"og:url\" content=\"https:\/\/www.jammersignal.com\/it\/refund-returns\/\" \/>\n<meta property=\"og:site_name\" content=\"JAMMERSIGNAL\" \/>\n<meta property=\"article:modified_time\" content=\"2024-07-03T09:08:14+00:00\" \/>\n<meta name=\"twitter:card\" content=\"summary_large_image\" \/>\n<meta name=\"twitter:label1\" content=\"Tempo di lettura stimato\" \/>\n\t<meta name=\"twitter:data1\" content=\"2 minuti\" \/>\n<script type=\"application\/ld+json\" class=\"yoast-schema-graph\">{\"@context\":\"https:\/\/schema.org\",\"@graph\":[{\"@type\":\"WebPage\",\"@id\":\"https:\/\/www.jammersignal.com\/refund-returns\/\",\"url\":\"https:\/\/www.jammersignal.com\/refund-returns\/\",\"name\":\"Refund and Returns Policy - JAMMERSIGNAL\",\"isPartOf\":{\"@id\":\"https:\/\/www.jammersignal.com\/#website\"},\"datePublished\":\"2024-07-03T09:03:20+00:00\",\"dateModified\":\"2024-07-03T09:08:14+00:00\",\"description\":\"After the customer places an order, the quality control staff will inspect the product and then ship it to the customer. After the goods arrive, please check the quality of the goods.\",\"breadcrumb\":{\"@id\":\"https:\/\/www.jammersignal.com\/refund-returns\/#breadcrumb\"},\"inLanguage\":\"it-IT\",\"potentialAction\":[{\"@type\":\"ReadAction\",\"target\":[\"https:\/\/www.jammersignal.com\/refund-returns\/\"]}]},{\"@type\":\"BreadcrumbList\",\"@id\":\"https:\/\/www.jammersignal.com\/refund-returns\/#breadcrumb\",\"itemListElement\":[{\"@type\":\"ListItem\",\"position\":1,\"name\":\"Home\",\"item\":\"https:\/\/www.jammersignal.com\/\"},{\"@type\":\"ListItem\",\"position\":2,\"name\":\"Refund and Returns Policy\"}]},{\"@type\":\"WebSite\",\"@id\":\"https:\/\/www.jammersignal.com\/#website\",\"url\":\"https:\/\/www.jammersignal.com\/\",\"name\":\"JAMMERSIGNAL\",\"description\":\"\",\"publisher\":{\"@id\":\"https:\/\/www.jammersignal.com\/#organization\"},\"potentialAction\":[{\"@type\":\"SearchAction\",\"target\":{\"@type\":\"EntryPoint\",\"urlTemplate\":\"https:\/\/www.jammersignal.com\/?s={search_term_string}\"},\"query-input\":{\"@type\":\"PropertyValueSpecification\",\"valueRequired\":true,\"valueName\":\"search_term_string\"}}],\"inLanguage\":\"it-IT\"},{\"@type\":\"Organization\",\"@id\":\"https:\/\/www.jammersignal.com\/#organization\",\"name\":\"JAMMERSIGNAL\",\"url\":\"https:\/\/www.jammersignal.com\/\",\"logo\":{\"@type\":\"ImageObject\",\"inLanguage\":\"it-IT\",\"@id\":\"https:\/\/www.jammersignal.com\/#\/schema\/logo\/image\/\",\"url\":\"https:\/\/www.jammersignal.com\/wp-content\/uploads\/2024\/05\/cropped-jammersignal-logo-4.png\",\"contentUrl\":\"https:\/\/www.jammersignal.com\/wp-content\/uploads\/2024\/05\/cropped-jammersignal-logo-4.png\",\"width\":104,\"height\":34,\"caption\":\"JAMMERSIGNAL\"},\"image\":{\"@id\":\"https:\/\/www.jammersignal.com\/#\/schema\/logo\/image\/\"}}]}<\/script>\n<!-- \/ Yoast SEO plugin. -->","yoast_head_json":{"title":"Politica di rimborso e restituzione - JAMMERSIGNAL","description":"Dopo che il cliente ha effettuato un ordine, il personale addetto al controllo qualit\u00e0 ispezioner\u00e0 il prodotto e lo spedir\u00e0 al cliente. Dopo l'arrivo della merce, si prega di verificarne la qualit\u00e0.","robots":{"index":"index","follow":"follow","max-snippet":"max-snippet:-1","max-image-preview":"max-image-preview:large","max-video-preview":"max-video-preview:-1"},"canonical":"https:\/\/www.jammersignal.com\/it\/refund-returns\/","og_locale":"it_IT","og_type":"article","og_title":"Refund and Returns Policy - JAMMERSIGNAL","og_description":"After the customer places an order, the quality control staff will inspect the product and then ship it to the customer. After the goods arrive, please check the quality of the goods.","og_url":"https:\/\/www.jammersignal.com\/it\/refund-returns\/","og_site_name":"JAMMERSIGNAL","article_modified_time":"2024-07-03T09:08:14+00:00","twitter_card":"summary_large_image","twitter_misc":{"Tempo di lettura stimato":"2 minuti"},"schema":{"@context":"https:\/\/schema.org","@graph":[{"@type":"WebPage","@id":"https:\/\/www.jammersignal.com\/refund-returns\/","url":"https:\/\/www.jammersignal.com\/refund-returns\/","name":"Politica di rimborso e restituzione - JAMMERSIGNAL","isPartOf":{"@id":"https:\/\/www.jammersignal.com\/#website"},"datePublished":"2024-07-03T09:03:20+00:00","dateModified":"2024-07-03T09:08:14+00:00","description":"Dopo che il cliente ha effettuato un ordine, il personale addetto al controllo qualit\u00e0 ispezioner\u00e0 il prodotto e lo spedir\u00e0 al cliente. Dopo l'arrivo della merce, si prega di verificarne la qualit\u00e0.","breadcrumb":{"@id":"https:\/\/www.jammersignal.com\/refund-returns\/#breadcrumb"},"inLanguage":"it-IT","potentialAction":[{"@type":"ReadAction","target":["https:\/\/www.jammersignal.com\/refund-returns\/"]}]},{"@type":"BreadcrumbList","@id":"https:\/\/www.jammersignal.com\/refund-returns\/#breadcrumb","itemListElement":[{"@type":"ListItem","position":1,"name":"Home","item":"https:\/\/www.jammersignal.com\/"},{"@type":"ListItem","position":2,"name":"Refund and Returns Policy"}]},{"@type":"WebSite","@id":"https:\/\/www.jammersignal.com\/#website","url":"https:\/\/www.jammersignal.com\/","name":"JAMMERSIGNAL","description":"","publisher":{"@id":"https:\/\/www.jammersignal.com\/#organization"},"potentialAction":[{"@type":"SearchAction","target":{"@type":"EntryPoint","urlTemplate":"https:\/\/www.jammersignal.com\/?s={search_term_string}"},"query-input":{"@type":"PropertyValueSpecification","valueRequired":true,"valueName":"search_term_string"}}],"inLanguage":"it-IT"},{"@type":"Organization","@id":"https:\/\/www.jammersignal.com\/#organization","name":"JAMMERSIGNAL","url":"https:\/\/www.jammersignal.com\/","logo":{"@type":"ImageObject","inLanguage":"it-IT","@id":"https:\/\/www.jammersignal.com\/#\/schema\/logo\/image\/","url":"https:\/\/www.jammersignal.com\/wp-content\/uploads\/2024\/05\/cropped-jammersignal-logo-4.png","contentUrl":"https:\/\/www.jammersignal.com\/wp-content\/uploads\/2024\/05\/cropped-jammersignal-logo-4.png","width":104,"height":34,"caption":"JAMMERSIGNAL"},"image":{"@id":"https:\/\/www.jammersignal.com\/#\/schema\/logo\/image\/"}}]}},"_links":{"self":[{"href":"https:\/\/www.jammersignal.com\/it\/wp-json\/wp\/v2\/pages\/9","targetHints":{"allow":["GET"]}}],"collection":[{"href":"https:\/\/www.jammersignal.com\/it\/wp-json\/wp\/v2\/pages"}],"about":[{"href":"https:\/\/www.jammersignal.com\/it\/wp-json\/wp\/v2\/types\/page"}],"author":[{"embeddable":true,"href":"https:\/\/www.jammersignal.com\/it\/wp-json\/wp\/v2\/users\/1"}],"replies":[{"embeddable":true,"href":"https:\/\/www.jammersignal.com\/it\/wp-json\/wp\/v2\/comments?post=9"}],"version-history":[{"count":1,"href":"https:\/\/www.jammersignal.com\/it\/wp-json\/wp\/v2\/pages\/9\/revisions"}],"predecessor-version":[{"id":3327,"href":"https:\/\/www.jammersignal.com\/it\/wp-json\/wp\/v2\/pages\/9\/revisions\/3327"}],"wp:attachment":[{"href":"https:\/\/www.jammersignal.com\/it\/wp-json\/wp\/v2\/media?parent=9"}],"curies":[{"name":"wp","href":"https:\/\/api.w.org\/{rel}","templated":true}]}}