{"id":1955,"date":"2024-05-19T11:19:13","date_gmt":"2024-05-19T11:19:13","guid":{"rendered":"https:\/\/www.jammersignal.com\/?post_type=product&#038;p=1955"},"modified":"2024-12-17T07:53:44","modified_gmt":"2024-12-17T07:53:44","slug":"portable-recording-jammer-anti-recording-equipment","status":"publish","type":"product","link":"https:\/\/www.jammersignal.com\/it\/prodotto\/portable-recording-jammer-anti-recording-equipment\/","title":{"rendered":"MDPB-S108 Disturbatore di registrazione portatile Attrezzatura anti-registrazione"},"content":{"rendered":"<div data-elementor-type=\"wp-post\" data-elementor-id=\"1955\" class=\"elementor elementor-1955\">\n\t\t\t\t<div class=\"elementor-element elementor-element-4a8c2a2 e-flex e-con-boxed e-con e-parent\" data-id=\"4a8c2a2\" data-element_type=\"container\">\n\t\t\t\t\t<div class=\"e-con-inner\">\n\t\t<div class=\"elementor-element elementor-element-2677d1d e-con-full e-flex e-con e-child\" data-id=\"2677d1d\" data-element_type=\"container\">\n\t\t\t\t<div class=\"elementor-element elementor-element-5ee8a99 elementor-widget elementor-widget-text-editor\" data-id=\"5ee8a99\" data-element_type=\"widget\" data-widget_type=\"text-editor.default\">\n\t\t\t\t<div class=\"elementor-widget-container\">\n\t\t\t\t\t\t\t\t\t<h4>Specifiche tecniche<\/h4><table width=\"344\"><tbody><tr><td width=\"72\"><strong>Nome del parametro<\/strong><\/td><td width=\"272\"><strong>Dettagli sui parametri<\/strong><\/td><\/tr><tr><td>Modello\u00a0<\/td><td>MDPB-S108<\/td><\/tr><tr><td>Funzione di purificatore d'aria<\/td><td>supporto<\/td><\/tr><tr><td>Camouflage<\/td><td>purificatore d'aria<\/td><\/tr><tr><td>Modalit\u00e0 interferenza<\/td><td>Interferenza acustica<\/td><\/tr><tr><td>Intensit\u00e0 dell'interferenza<\/td><td>superiore a 90 dB (a 1 metro)<\/td><\/tr><tr><td>Suono udibile<\/td><td>Nessuno<\/td><\/tr><tr><td>Distanza di schermatura<\/td><td>2-3 metri<\/td><\/tr><tr><td>Angolo di schermatura<\/td><td>orizzontale 120\u00b0\/verticale 120\u00b0<\/td><\/tr><tr><td>Forza di schermatura<\/td><td>3 livelli regolabili<\/td><\/tr><tr><td>Distanza del telecomando<\/td><td>10 metri<\/td><\/tr><tr><td>Modalit\u00e0 di alimentazione<\/td><td>adattatore<\/td><\/tr><tr><td>Orario di lavoro<\/td><td>illimitato (adattatore)<\/td><\/tr><tr><td>Temperatura di lavoro<\/td><td>0\u2103~45\u2103<\/td><\/tr><tr><td>Tensione di lavoro<\/td><td>12V<\/td><\/tr><tr><td>Corrente di lavoro<\/td><td>2A<\/td><\/tr><tr><td>Materiale della scocca<\/td><td>metallo lega acrilica<\/td><\/tr><tr><td>Peso<\/td><td>6Kg<\/td><\/tr><tr><td>Personalizzazione dell'aspetto<\/td><td>supporto<\/td><\/tr><tr><td>Accessori<\/td><td>adattatore\/telecomando\/cavo di alimentazione<\/td><\/tr><\/tbody><\/table>\t\t\t\t\t\t\t\t<\/div>\n\t\t\t\t<\/div>\n\t\t\t\t<\/div>\n\t\t<div class=\"elementor-element elementor-element-63abe0f e-con-full e-flex e-con e-child\" data-id=\"63abe0f\" data-element_type=\"container\">\n\t\t\t\t<div class=\"elementor-element elementor-element-3d0f9f0 elementor-widget elementor-widget-text-editor\" data-id=\"3d0f9f0\" data-element_type=\"widget\" data-widget_type=\"text-editor.default\">\n\t\t\t\t<div class=\"elementor-widget-container\">\n\t\t\t\t\t\t\t\t\t<h4>Informazioni sul prodotto<\/h4><p>Il Disturbatore di registrazione da tavolo \u00e8 il prodotto di punta della serie Recording Jammer ed \u00e8 progettato per ambienti quali uffici dirigenziali e piccole sale conferenze.<\/p><p><strong>Vantaggio:<\/strong><\/p><p>Il Desktop Jammer (Camo Edition) eccelle in diverse aree chiave della gamma Jammer. Presenta i seguenti vantaggi principali:<\/p><ol><li>Effetto schermante potenziato: Rispetto agli altri prodotti di questa serie, il disturbatore di registrazione da tavolo (versione mimetica) offre una maggiore potenza del segnale di disturbo in uscita. Questo crea un segnale di disturbo pi\u00f9 forte che interferisce con l'apparecchiatura di registrazione, fornendo una schermatura pi\u00f9 efficace.<\/li><li>Distanza di schermatura maggiore: La distanza di schermatura del disturbatore di registrazione da tavolo supera quella di prodotti simili. Pu\u00f2 bloccare efficacemente i migliori apparecchi di registrazione entro un raggio di circa 2-3 metri. In alcuni casi, pu\u00f2 persino raggiungere distanze di schermatura superiori a 3-5 metri per alcuni dispositivi di registrazione, come telefoni cellulari specifici e microspie.<\/li><li>Copertura completa dei dispositivi: L'intercettatore di registrazione mimetico intercetta efficacemente la maggior parte degli attuali dispositivi di registrazione mainstream. Il tasso di copertura supera il 95%, superando prodotti simili presenti sul mercato.<\/li><\/ol><p>Il disturbatore di registrazione da tavolo (versione mimetica) ha un effetto schermante pi\u00f9 forte, una distanza di schermatura pi\u00f9 lunga e una copertura completa di una variet\u00e0 di dispositivi di registrazione. \u00c8 la scelta migliore per uffici dirigenziali, piccole sale conferenze e altri ambienti.<\/p><p><strong>Precauzioni:<\/strong><\/p><p>1.I jammer sono personalizzati in base alle bande di frequenza di diversi paesi, si prega di confermare che il paese di acquisto e il paese di utilizzo effettivo sono coerenti. Altrimenti non pu\u00f2 essere utilizzato.Si prega di leggere la funzione del disturbatore prima dell'acquisto.<br \/>2.If i disturbatori di bassa potenza (come i disturbatori portatili) al dispositivo del segnale del bloccatore (come il router di WIFI, l'attrezzatura audio di Bluetooth, ecc.), l'effetto sar\u00e0 povero o persino non pu\u00f2 disturbatore.<br \/>3. \u00c8 vietato l'uso durante la carica.<br \/>4. Non utilizzare i jammer portatili come jammer da tavolo.<br \/>5. Non utilizzare disturbatori prima di aver collegato l'antenna.<\/p>\t\t\t\t\t\t\t\t<\/div>\n\t\t\t\t<\/div>\n\t\t\t\t<\/div>\n\t\t\t\t\t<\/div>\n\t\t\t\t<\/div>\n\t\t\t\t<\/div>","protected":false},"excerpt":{"rendered":"<p>Il disturbatore di registrazione da tavolo (versione mimetica) ha un effetto schermante pi\u00f9 forte, una distanza di schermatura pi\u00f9 lunga e una copertura completa di una variet\u00e0 di dispositivi di registrazione. \u00c8 la scelta migliore per uffici dirigenziali, piccole sale conferenze e altri ambienti.<\/p>\n<p><strong>Vantaggio:<\/strong><\/p>\n<p>Il Desktop Jammer (Camo Edition) eccelle in diverse aree chiave della gamma Jammer. Presenta i seguenti vantaggi principali:<\/p>\n<p>1. Effetto schermante potenziato: Rispetto agli altri prodotti di questa serie, il disturbatore di registrazione da tavolo (versione mimetica) offre una maggiore potenza del segnale di disturbo in uscita. Questo crea un segnale di disturbo pi\u00f9 forte che interferisce con l'apparecchiatura di registrazione, fornendo una schermatura pi\u00f9 efficace.<br \/>\n2. Distanza di schermatura maggiore: La distanza di schermatura del disturbatore di registrazione da tavolo supera quella di prodotti simili. Pu\u00f2 bloccare efficacemente i migliori apparecchi di registrazione entro un raggio di circa 2-3 metri. In alcuni casi, pu\u00f2 persino raggiungere distanze di schermatura superiori a 3-5 metri per alcuni dispositivi di registrazione, come telefoni cellulari specifici e microspie.<br \/>\n3. Copertura completa dei dispositivi: L'intercettatore di registrazione mimetico intercetta efficacemente la maggior parte degli attuali dispositivi di registrazione mainstream. Il tasso di copertura supera il 95%, superando prodotti simili presenti sul mercato.<\/p>","protected":false},"featured_media":1574,"comment_status":"open","ping_status":"closed","template":"","meta":{"site-sidebar-layout":"no-sidebar","site-content-layout":"page-builder","ast-site-content-layout":"normal-width-container","site-content-style":"default","site-sidebar-style":"default","ast-global-header-display":"","ast-banner-title-visibility":"","ast-main-header-display":"","ast-hfb-above-header-display":"","ast-hfb-below-header-display":"","ast-hfb-mobile-header-display":"","site-post-title":"disabled","ast-breadcrumbs-content":"","ast-featured-img":"disabled","footer-sml-layout":"","theme-transparent-header-meta":"default","adv-header-id-meta":"","stick-header-meta":"default","header-above-stick-meta":"","header-main-stick-meta":"","header-below-stick-meta":"","astra-migrate-meta-layouts":"set","ast-page-background-enabled":"default","ast-page-background-meta":{"desktop":{"background-color":"var(--ast-global-color-4)","background-image":"","background-repeat":"repeat","background-position":"center center","background-size":"auto","background-attachment":"scroll","background-type":"","background-media":"","overlay-type":"","overlay-color":"","overlay-gradient":""},"tablet":{"background-color":"","background-image":"","background-repeat":"repeat","background-position":"center center","background-size":"auto","background-attachment":"scroll","background-type":"","background-media":"","overlay-type":"","overlay-color":"","overlay-gradient":""},"mobile":{"background-color":"","background-image":"","background-repeat":"repeat","background-position":"center center","background-size":"auto","background-attachment":"scroll","background-type":"","background-media":"","overlay-type":"","overlay-color":"","overlay-gradient":""}},"ast-content-background-meta":{"desktop":{"background-color":"var(--ast-global-color-5)","background-image":"","background-repeat":"repeat","background-position":"center center","background-size":"auto","background-attachment":"scroll","background-type":"","background-media":"","overlay-type":"","overlay-color":"","overlay-gradient":""},"tablet":{"background-color":"var(--ast-global-color-5)","background-image":"","background-repeat":"repeat","background-position":"center center","background-size":"auto","background-attachment":"scroll","background-type":"","background-media":"","overlay-type":"","overlay-color":"","overlay-gradient":""},"mobile":{"background-color":"var(--ast-global-color-5)","background-image":"","background-repeat":"repeat","background-position":"center center","background-size":"auto","background-attachment":"scroll","background-type":"","background-media":"","overlay-type":"","overlay-color":"","overlay-gradient":""}}},"product_brand":[],"product_cat":[15,53,46,71],"product_tag":[480,486,558],"class_list":{"0":"post-1955","1":"product","2":"type-product","3":"status-publish","4":"has-post-thumbnail","6":"product_cat-signal-blocker","7":"product_cat-hidden-signal-jammer","8":"product_cat-high-power-signal-jammers","9":"product_cat-more-than-1000dollars-jammers","10":"product_tag-microphone-jammer","11":"product_tag-recording-jammer","12":"product_tag-whats-a-jammer","13":"desktop-align-left","14":"tablet-align-left","15":"mobile-align-left","16":"ast-product-gallery-layout-horizontal-slider","17":"ast-product-single-variable","18":"ast-product-tabs-layout-horizontal","20":"first","21":"instock","22":"sale","23":"shipping-taxable","24":"purchasable","25":"product-type-variable"},"yoast_head":"<!-- This site is optimized with the Yoast SEO plugin v23.9 - https:\/\/yoast.com\/wordpress\/plugins\/seo\/ -->\n<title>Portable Office Desktop Recording Jammer Anti-Recording Equipment MDPB-S108 - JAMMERSIGNAL<\/title>\n<meta name=\"description\" content=\"The Desktop Recording Jammer is the flagship product in the Recording Jammer anti-recording equipment series and is designed for environments such as leadership offices and small conference rooms.\" \/>\n<meta name=\"robots\" content=\"index, follow, max-snippet:-1, max-image-preview:large, max-video-preview:-1\" \/>\n<link rel=\"canonical\" href=\"https:\/\/www.jammersignal.com\/it\/prodotto\/portable-recording-jammer-anti-recording-equipment\/\" \/>\n<meta property=\"og:locale\" content=\"it_IT\" \/>\n<meta property=\"og:type\" content=\"article\" \/>\n<meta property=\"og:title\" content=\"Portable Office Desktop Recording Jammer Anti-Recording Equipment MDPB-S108 - JAMMERSIGNAL\" \/>\n<meta property=\"og:description\" content=\"The Desktop Recording Jammer is the flagship product in the Recording Jammer anti-recording equipment series and is designed for environments such as leadership offices and small conference rooms.\" \/>\n<meta property=\"og:url\" content=\"https:\/\/www.jammersignal.com\/it\/prodotto\/portable-recording-jammer-anti-recording-equipment\/\" \/>\n<meta property=\"og:site_name\" content=\"JAMMERSIGNAL\" \/>\n<meta property=\"article:modified_time\" content=\"2024-12-17T07:53:44+00:00\" \/>\n<meta property=\"og:image\" content=\"https:\/\/www.jammersignal.com\/wp-content\/uploads\/2024\/05\/mdpb-s108-portable-jammersignal-equipment-anti-recording-jammers-1.jpg\" \/>\n\t<meta property=\"og:image:width\" content=\"800\" \/>\n\t<meta property=\"og:image:height\" content=\"800\" \/>\n\t<meta property=\"og:image:type\" content=\"image\/jpeg\" \/>\n<meta name=\"twitter:card\" content=\"summary_large_image\" \/>\n<meta name=\"twitter:label1\" content=\"Tempo di lettura stimato\" \/>\n\t<meta name=\"twitter:data1\" content=\"2 minuti\" \/>\n<script type=\"application\/ld+json\" class=\"yoast-schema-graph\">{\"@context\":\"https:\/\/schema.org\",\"@graph\":[{\"@type\":\"WebPage\",\"@id\":\"https:\/\/www.jammersignal.com\/product\/portable-recording-jammer-anti-recording-equipment\/\",\"url\":\"https:\/\/www.jammersignal.com\/product\/portable-recording-jammer-anti-recording-equipment\/\",\"name\":\"Portable Office Desktop Recording Jammer Anti-Recording Equipment MDPB-S108 - JAMMERSIGNAL\",\"isPartOf\":{\"@id\":\"https:\/\/www.jammersignal.com\/#website\"},\"primaryImageOfPage\":{\"@id\":\"https:\/\/www.jammersignal.com\/product\/portable-recording-jammer-anti-recording-equipment\/#primaryimage\"},\"image\":{\"@id\":\"https:\/\/www.jammersignal.com\/product\/portable-recording-jammer-anti-recording-equipment\/#primaryimage\"},\"thumbnailUrl\":\"https:\/\/www.jammersignal.com\/wp-content\/uploads\/2024\/05\/mdpb-s108-portable-jammersignal-equipment-anti-recording-jammers-1.jpg\",\"datePublished\":\"2024-05-19T11:19:13+00:00\",\"dateModified\":\"2024-12-17T07:53:44+00:00\",\"description\":\"The Desktop Recording Jammer is the flagship product in the Recording Jammer anti-recording equipment series and is designed for environments such as leadership offices and small conference rooms.\",\"breadcrumb\":{\"@id\":\"https:\/\/www.jammersignal.com\/product\/portable-recording-jammer-anti-recording-equipment\/#breadcrumb\"},\"inLanguage\":\"it-IT\",\"potentialAction\":[{\"@type\":\"ReadAction\",\"target\":[\"https:\/\/www.jammersignal.com\/product\/portable-recording-jammer-anti-recording-equipment\/\"]}]},{\"@type\":\"ImageObject\",\"inLanguage\":\"it-IT\",\"@id\":\"https:\/\/www.jammersignal.com\/product\/portable-recording-jammer-anti-recording-equipment\/#primaryimage\",\"url\":\"https:\/\/www.jammersignal.com\/wp-content\/uploads\/2024\/05\/mdpb-s108-portable-jammersignal-equipment-anti-recording-jammers-1.jpg\",\"contentUrl\":\"https:\/\/www.jammersignal.com\/wp-content\/uploads\/2024\/05\/mdpb-s108-portable-jammersignal-equipment-anti-recording-jammers-1.jpg\",\"width\":800,\"height\":800,\"caption\":\"mdpb s108 portable jammersignal equipment anti recording jammers (1)\"},{\"@type\":\"BreadcrumbList\",\"@id\":\"https:\/\/www.jammersignal.com\/product\/portable-recording-jammer-anti-recording-equipment\/#breadcrumb\",\"itemListElement\":[{\"@type\":\"ListItem\",\"position\":1,\"name\":\"Home\",\"item\":\"https:\/\/www.jammersignal.com\/\"},{\"@type\":\"ListItem\",\"position\":2,\"name\":\"Shop\",\"item\":\"https:\/\/www.jammersignal.com\/shop\/\"},{\"@type\":\"ListItem\",\"position\":3,\"name\":\"Signal Blocker\",\"item\":\"https:\/\/www.jammersignal.com\/product-category\/signal-blocker\/\"},{\"@type\":\"ListItem\",\"position\":4,\"name\":\"MDPB-S108 Portable Recording Jammer Anti-Recording Equipment\"}]},{\"@type\":\"WebSite\",\"@id\":\"https:\/\/www.jammersignal.com\/#website\",\"url\":\"https:\/\/www.jammersignal.com\/\",\"name\":\"JAMMERSIGNAL\",\"description\":\"\",\"publisher\":{\"@id\":\"https:\/\/www.jammersignal.com\/#organization\"},\"potentialAction\":[{\"@type\":\"SearchAction\",\"target\":{\"@type\":\"EntryPoint\",\"urlTemplate\":\"https:\/\/www.jammersignal.com\/?s={search_term_string}\"},\"query-input\":{\"@type\":\"PropertyValueSpecification\",\"valueRequired\":true,\"valueName\":\"search_term_string\"}}],\"inLanguage\":\"it-IT\"},{\"@type\":\"Organization\",\"@id\":\"https:\/\/www.jammersignal.com\/#organization\",\"name\":\"JAMMERSIGNAL\",\"url\":\"https:\/\/www.jammersignal.com\/\",\"logo\":{\"@type\":\"ImageObject\",\"inLanguage\":\"it-IT\",\"@id\":\"https:\/\/www.jammersignal.com\/#\/schema\/logo\/image\/\",\"url\":\"https:\/\/www.jammersignal.com\/wp-content\/uploads\/2024\/05\/cropped-jammersignal-logo-4.png\",\"contentUrl\":\"https:\/\/www.jammersignal.com\/wp-content\/uploads\/2024\/05\/cropped-jammersignal-logo-4.png\",\"width\":104,\"height\":34,\"caption\":\"JAMMERSIGNAL\"},\"image\":{\"@id\":\"https:\/\/www.jammersignal.com\/#\/schema\/logo\/image\/\"}}]}<\/script>\n<!-- \/ Yoast SEO plugin. -->","yoast_head_json":{"title":"Disturbatore di registrazione da tavolo portatile per ufficio Apparecchiature anti registrazione MDPB-S108 - JAMMERSIGNAL","description":"Il Desktop Recording Jammer \u00e8 il prodotto di punta della serie di apparecchiature anti-registrazione Recording Jammer ed \u00e8 progettato per ambienti quali uffici dirigenziali e piccole sale conferenze.","robots":{"index":"index","follow":"follow","max-snippet":"max-snippet:-1","max-image-preview":"max-image-preview:large","max-video-preview":"max-video-preview:-1"},"canonical":"https:\/\/www.jammersignal.com\/it\/prodotto\/portable-recording-jammer-anti-recording-equipment\/","og_locale":"it_IT","og_type":"article","og_title":"Portable Office Desktop Recording Jammer Anti-Recording Equipment MDPB-S108 - JAMMERSIGNAL","og_description":"The Desktop Recording Jammer is the flagship product in the Recording Jammer anti-recording equipment series and is designed for environments such as leadership offices and small conference rooms.","og_url":"https:\/\/www.jammersignal.com\/it\/prodotto\/portable-recording-jammer-anti-recording-equipment\/","og_site_name":"JAMMERSIGNAL","article_modified_time":"2024-12-17T07:53:44+00:00","og_image":[{"width":800,"height":800,"url":"https:\/\/www.jammersignal.com\/wp-content\/uploads\/2024\/05\/mdpb-s108-portable-jammersignal-equipment-anti-recording-jammers-1.jpg","type":"image\/jpeg"}],"twitter_card":"summary_large_image","twitter_misc":{"Tempo di lettura stimato":"2 minuti"},"schema":{"@context":"https:\/\/schema.org","@graph":[{"@type":"WebPage","@id":"https:\/\/www.jammersignal.com\/product\/portable-recording-jammer-anti-recording-equipment\/","url":"https:\/\/www.jammersignal.com\/product\/portable-recording-jammer-anti-recording-equipment\/","name":"Disturbatore di registrazione da tavolo portatile per ufficio Apparecchiature anti registrazione MDPB-S108 - JAMMERSIGNAL","isPartOf":{"@id":"https:\/\/www.jammersignal.com\/#website"},"primaryImageOfPage":{"@id":"https:\/\/www.jammersignal.com\/product\/portable-recording-jammer-anti-recording-equipment\/#primaryimage"},"image":{"@id":"https:\/\/www.jammersignal.com\/product\/portable-recording-jammer-anti-recording-equipment\/#primaryimage"},"thumbnailUrl":"https:\/\/www.jammersignal.com\/wp-content\/uploads\/2024\/05\/mdpb-s108-portable-jammersignal-equipment-anti-recording-jammers-1.jpg","datePublished":"2024-05-19T11:19:13+00:00","dateModified":"2024-12-17T07:53:44+00:00","description":"Il Desktop Recording Jammer \u00e8 il prodotto di punta della serie di apparecchiature anti-registrazione Recording Jammer ed \u00e8 progettato per ambienti quali uffici dirigenziali e piccole sale conferenze.","breadcrumb":{"@id":"https:\/\/www.jammersignal.com\/product\/portable-recording-jammer-anti-recording-equipment\/#breadcrumb"},"inLanguage":"it-IT","potentialAction":[{"@type":"ReadAction","target":["https:\/\/www.jammersignal.com\/product\/portable-recording-jammer-anti-recording-equipment\/"]}]},{"@type":"ImageObject","inLanguage":"it-IT","@id":"https:\/\/www.jammersignal.com\/product\/portable-recording-jammer-anti-recording-equipment\/#primaryimage","url":"https:\/\/www.jammersignal.com\/wp-content\/uploads\/2024\/05\/mdpb-s108-portable-jammersignal-equipment-anti-recording-jammers-1.jpg","contentUrl":"https:\/\/www.jammersignal.com\/wp-content\/uploads\/2024\/05\/mdpb-s108-portable-jammersignal-equipment-anti-recording-jammers-1.jpg","width":800,"height":800,"caption":"mdpb s108 portable jammersignal equipment anti recording jammers (1)"},{"@type":"BreadcrumbList","@id":"https:\/\/www.jammersignal.com\/product\/portable-recording-jammer-anti-recording-equipment\/#breadcrumb","itemListElement":[{"@type":"ListItem","position":1,"name":"Home","item":"https:\/\/www.jammersignal.com\/"},{"@type":"ListItem","position":2,"name":"Shop","item":"https:\/\/www.jammersignal.com\/shop\/"},{"@type":"ListItem","position":3,"name":"Signal Blocker","item":"https:\/\/www.jammersignal.com\/product-category\/signal-blocker\/"},{"@type":"ListItem","position":4,"name":"MDPB-S108 Portable Recording Jammer Anti-Recording Equipment"}]},{"@type":"WebSite","@id":"https:\/\/www.jammersignal.com\/#website","url":"https:\/\/www.jammersignal.com\/","name":"JAMMERSIGNAL","description":"","publisher":{"@id":"https:\/\/www.jammersignal.com\/#organization"},"potentialAction":[{"@type":"SearchAction","target":{"@type":"EntryPoint","urlTemplate":"https:\/\/www.jammersignal.com\/?s={search_term_string}"},"query-input":{"@type":"PropertyValueSpecification","valueRequired":true,"valueName":"search_term_string"}}],"inLanguage":"it-IT"},{"@type":"Organization","@id":"https:\/\/www.jammersignal.com\/#organization","name":"JAMMERSIGNAL","url":"https:\/\/www.jammersignal.com\/","logo":{"@type":"ImageObject","inLanguage":"it-IT","@id":"https:\/\/www.jammersignal.com\/#\/schema\/logo\/image\/","url":"https:\/\/www.jammersignal.com\/wp-content\/uploads\/2024\/05\/cropped-jammersignal-logo-4.png","contentUrl":"https:\/\/www.jammersignal.com\/wp-content\/uploads\/2024\/05\/cropped-jammersignal-logo-4.png","width":104,"height":34,"caption":"JAMMERSIGNAL"},"image":{"@id":"https:\/\/www.jammersignal.com\/#\/schema\/logo\/image\/"}}]}},"_links":{"self":[{"href":"https:\/\/www.jammersignal.com\/it\/wp-json\/wp\/v2\/product\/1955","targetHints":{"allow":["GET"]}}],"collection":[{"href":"https:\/\/www.jammersignal.com\/it\/wp-json\/wp\/v2\/product"}],"about":[{"href":"https:\/\/www.jammersignal.com\/it\/wp-json\/wp\/v2\/types\/product"}],"replies":[{"embeddable":true,"href":"https:\/\/www.jammersignal.com\/it\/wp-json\/wp\/v2\/comments?post=1955"}],"version-history":[{"count":4,"href":"https:\/\/www.jammersignal.com\/it\/wp-json\/wp\/v2\/product\/1955\/revisions"}],"predecessor-version":[{"id":1999,"href":"https:\/\/www.jammersignal.com\/it\/wp-json\/wp\/v2\/product\/1955\/revisions\/1999"}],"wp:featuredmedia":[{"embeddable":true,"href":"https:\/\/www.jammersignal.com\/it\/wp-json\/wp\/v2\/media\/1574"}],"wp:attachment":[{"href":"https:\/\/www.jammersignal.com\/it\/wp-json\/wp\/v2\/media?parent=1955"}],"wp:term":[{"taxonomy":"product_brand","embeddable":true,"href":"https:\/\/www.jammersignal.com\/it\/wp-json\/wp\/v2\/product_brand?post=1955"},{"taxonomy":"product_cat","embeddable":true,"href":"https:\/\/www.jammersignal.com\/it\/wp-json\/wp\/v2\/product_cat?post=1955"},{"taxonomy":"product_tag","embeddable":true,"href":"https:\/\/www.jammersignal.com\/it\/wp-json\/wp\/v2\/product_tag?post=1955"}],"curies":[{"name":"wp","href":"https:\/\/api.w.org\/{rel}","templated":true}]}}