{"id":2041,"date":"2024-05-19T14:06:15","date_gmt":"2024-05-19T14:06:15","guid":{"rendered":"https:\/\/www.jammersignal.com\/?post_type=product&#038;p=2041"},"modified":"2025-09-08T03:20:19","modified_gmt":"2025-09-08T03:20:19","slug":"2band-cigarette-lighter-gps-jammer-car-l1-l2-blocker","status":"publish","type":"product","link":"https:\/\/www.jammersignal.com\/it\/prodotto\/2band-cigarette-lighter-gps-jammer-car-l1-l2-blocker\/","title":{"rendered":"Nuovo 2 banda accendisigari GPS Jammer auto GPS L1 L2 Blocker"},"content":{"rendered":"<div data-elementor-type=\"wp-post\" data-elementor-id=\"2041\" class=\"elementor elementor-2041\">\n\t\t\t\t<div class=\"elementor-element elementor-element-4a8c2a2 e-flex e-con-boxed e-con e-parent\" data-id=\"4a8c2a2\" data-element_type=\"container\">\n\t\t\t\t\t<div class=\"e-con-inner\">\n\t\t<div class=\"elementor-element elementor-element-2677d1d e-con-full e-flex e-con e-child\" data-id=\"2677d1d\" data-element_type=\"container\">\n\t\t\t\t<div class=\"elementor-element elementor-element-5ee8a99 elementor-widget elementor-widget-text-editor\" data-id=\"5ee8a99\" data-element_type=\"widget\" data-widget_type=\"text-editor.default\">\n\t\t\t\t<div class=\"elementor-widget-container\">\n\t\t\t\t\t\t\t\t\t<h4>Specifiche tecniche<\/h4><p><strong>Frequenza di interferenza<\/strong>:<br \/>- GPS L1: 1500 - 1600 MHz<br \/>- GPS L2: 1220 - 1230 MHz<br \/><strong>Potenza totale<\/strong>: 0,8 watt<br \/><strong>Temperatura di lavoro<\/strong>: - 30 ~ 60 \u2103<br \/><strong>Umidit\u00e0 relativa<\/strong>: 5 ~ 95%<br \/><strong>Temperatura di stoccaggio<\/strong>: - 50 ~ 60 \u2103<br \/><strong>Fonte di alimentazione<\/strong>: caricatore per auto<br \/><strong>Peso<\/strong>: 100g<\/p><p><strong>Istruzioni per l'uso<\/strong>:<\/p><p>1. Estrarre il dispositivo GPS e installare l'antenna.<br \/>2. Inserire l'interfaccia dell'accendisigari corrispondente dell'auto.<br \/>3. Dopo l'accensione del dispositivo, la spia si accende e il dispositivo funziona normalmente.<br \/>4. Rimuovere il disturbatore di segnale GPS subito dopo l'uso.<\/p><p><strong>Il pacchetto comprende<\/strong>:<\/p><p>Disturbatore GPS a 2 bande per accendisigari*1.<\/p>\t\t\t\t\t\t\t\t<\/div>\n\t\t\t\t<\/div>\n\t\t\t\t<\/div>\n\t\t<div class=\"elementor-element elementor-element-63abe0f e-con-full e-flex e-con e-child\" data-id=\"63abe0f\" data-element_type=\"container\">\n\t\t\t\t<div class=\"elementor-element elementor-element-3d0f9f0 elementor-widget elementor-widget-text-editor\" data-id=\"3d0f9f0\" data-element_type=\"widget\" data-widget_type=\"text-editor.default\">\n\t\t\t\t<div class=\"elementor-widget-container\">\n\t\t\t\t\t\t\t\t\t<h4>Informazioni sul prodotto<\/h4><p>Si tratta di un piccolo disturbatore GPS a 2 bande nascosto che pu\u00f2 interferire contemporaneamente con i normali segnali satellitari civili L1 e L2. Questo dispositivo di blocco GPS \u00e8 comunemente utilizzato in auto e pu\u00f2 essere comodamente alimentato da un accendisigari. Il raggio massimo di interferenza di questo disturbatore di segnale MINI \u00e8 di 10 metri.<\/p>\t\t\t\t\t\t\t\t<\/div>\n\t\t\t\t<\/div>\n\t\t\t\t<\/div>\n\t\t\t\t\t<\/div>\n\t\t\t\t<\/div>\n\t\t\t\t<\/div>","protected":false},"excerpt":{"rendered":"<p>Si tratta di un piccolo disturbatore GPS a 2 bande nascosto che pu\u00f2 interferire contemporaneamente con i normali segnali satellitari civili L1 e L2. Questo dispositivo di blocco GPS \u00e8 comunemente utilizzato in auto e pu\u00f2 essere comodamente alimentato da un accendisigari. Il raggio massimo di interferenza di questo disturbatore di segnale MINI \u00e8 di 10 metri.<\/p>","protected":false},"featured_media":1610,"comment_status":"open","ping_status":"closed","template":"","meta":{"site-sidebar-layout":"no-sidebar","site-content-layout":"page-builder","ast-site-content-layout":"normal-width-container","site-content-style":"default","site-sidebar-style":"default","ast-global-header-display":"","ast-banner-title-visibility":"","ast-main-header-display":"","ast-hfb-above-header-display":"","ast-hfb-below-header-display":"","ast-hfb-mobile-header-display":"","site-post-title":"disabled","ast-breadcrumbs-content":"","ast-featured-img":"disabled","footer-sml-layout":"","theme-transparent-header-meta":"default","adv-header-id-meta":"","stick-header-meta":"default","header-above-stick-meta":"","header-main-stick-meta":"","header-below-stick-meta":"","astra-migrate-meta-layouts":"set","ast-page-background-enabled":"default","ast-page-background-meta":{"desktop":{"background-color":"var(--ast-global-color-4)","background-image":"","background-repeat":"repeat","background-position":"center center","background-size":"auto","background-attachment":"scroll","background-type":"","background-media":"","overlay-type":"","overlay-color":"","overlay-gradient":""},"tablet":{"background-color":"","background-image":"","background-repeat":"repeat","background-position":"center center","background-size":"auto","background-attachment":"scroll","background-type":"","background-media":"","overlay-type":"","overlay-color":"","overlay-gradient":""},"mobile":{"background-color":"","background-image":"","background-repeat":"repeat","background-position":"center center","background-size":"auto","background-attachment":"scroll","background-type":"","background-media":"","overlay-type":"","overlay-color":"","overlay-gradient":""}},"ast-content-background-meta":{"desktop":{"background-color":"var(--ast-global-color-5)","background-image":"","background-repeat":"repeat","background-position":"center center","background-size":"auto","background-attachment":"scroll","background-type":"","background-media":"","overlay-type":"","overlay-color":"","overlay-gradient":""},"tablet":{"background-color":"var(--ast-global-color-5)","background-image":"","background-repeat":"repeat","background-position":"center center","background-size":"auto","background-attachment":"scroll","background-type":"","background-media":"","overlay-type":"","overlay-color":"","overlay-gradient":""},"mobile":{"background-color":"var(--ast-global-color-5)","background-image":"","background-repeat":"repeat","background-position":"center center","background-size":"auto","background-attachment":"scroll","background-type":"","background-media":"","overlay-type":"","overlay-color":"","overlay-gradient":""}}},"product_brand":[],"product_cat":[15,72,52,63,35,34,53,67,54,80],"product_tag":[247,411,414,158,277,213,525,442],"class_list":{"0":"post-2041","1":"product","2":"type-product","3":"status-publish","4":"has-post-thumbnail","6":"product_cat-signal-blocker","7":"product_cat-1-3antennas-jammers","8":"product_cat-anti-tracking-signal-jammer","9":"product_cat-cheap-jammer","10":"product_cat-gps-signal-blocker","11":"product_cat-gps-signal-jammer","12":"product_cat-hidden-signal-jammer","13":"product_cat-less-than-100dollars-jammer","14":"product_cat-mini-jammer-small-blocker","15":"product_cat-within-10meters","16":"product_tag-best-cell-phone-jammer-reviews","17":"product_tag-buy-cigarette-lighter-gps-cell-phone-jammer","18":"product_tag-buy-gps-jammer-cigarette-lighter","19":"product_tag-car-cell-phone-jammer","20":"product_tag-cell-phone-tracking-jammer","21":"product_tag-gps-cell-jammer","22":"product_tag-the-jammer","23":"product_tag-vehicle-gps-jammer","24":"desktop-align-left","25":"tablet-align-left","26":"mobile-align-left","27":"ast-product-gallery-layout-horizontal-slider","28":"ast-product-single-variable","29":"ast-product-tabs-layout-horizontal","31":"first","32":"instock","33":"sale","34":"shipping-taxable","35":"purchasable","36":"product-type-variable"},"yoast_head":"<!-- This site is optimized with the Yoast SEO plugin v23.9 - https:\/\/yoast.com\/wordpress\/plugins\/seo\/ -->\n<title>2 Band Cigarette Lighter GPS Jammer Car GPS L1 L2 Blocker Power 0.8 Watts - JAMMERSIGNAL<\/title>\n<meta name=\"description\" content=\"This is a small concealed 2-band GPS jammer that can simultaneously interfere with ordinary civilian global satellite signals L1 and L2. This GPS Blocker device is commonly used in cars and can be conveniently powered from a cigarette lighter.\" \/>\n<meta name=\"robots\" content=\"index, follow, max-snippet:-1, max-image-preview:large, max-video-preview:-1\" \/>\n<link rel=\"canonical\" href=\"https:\/\/www.jammersignal.com\/it\/prodotto\/2band-cigarette-lighter-gps-jammer-car-l1-l2-blocker\/\" \/>\n<meta property=\"og:locale\" content=\"it_IT\" \/>\n<meta property=\"og:type\" content=\"article\" \/>\n<meta property=\"og:title\" content=\"2 Band Cigarette Lighter GPS Jammer Car GPS L1 L2 Blocker Power 0.8 Watts - JAMMERSIGNAL\" \/>\n<meta property=\"og:description\" content=\"This is a small concealed 2-band GPS jammer that can simultaneously interfere with ordinary civilian global satellite signals L1 and L2. This GPS Blocker device is commonly used in cars and can be conveniently powered from a cigarette lighter.\" \/>\n<meta property=\"og:url\" content=\"https:\/\/www.jammersignal.com\/it\/prodotto\/2band-cigarette-lighter-gps-jammer-car-l1-l2-blocker\/\" \/>\n<meta property=\"og:site_name\" content=\"JAMMERSIGNAL\" \/>\n<meta property=\"article:modified_time\" content=\"2025-09-08T03:20:19+00:00\" \/>\n<meta property=\"og:image\" content=\"https:\/\/www.jammersignal.com\/wp-content\/uploads\/2024\/05\/new-2-band-jammersignal-gps-lighter-jammers-1.jpg\" \/>\n\t<meta property=\"og:image:width\" content=\"1019\" \/>\n\t<meta property=\"og:image:height\" content=\"1071\" \/>\n\t<meta property=\"og:image:type\" content=\"image\/jpeg\" \/>\n<meta name=\"twitter:card\" content=\"summary_large_image\" \/>\n<meta name=\"twitter:label1\" content=\"Tempo di lettura stimato\" \/>\n\t<meta name=\"twitter:data1\" content=\"1 minuto\" \/>\n<script type=\"application\/ld+json\" class=\"yoast-schema-graph\">{\"@context\":\"https:\/\/schema.org\",\"@graph\":[{\"@type\":\"WebPage\",\"@id\":\"https:\/\/www.jammersignal.com\/product\/2band-cigarette-lighter-gps-jammer-car-l1-l2-blocker\/\",\"url\":\"https:\/\/www.jammersignal.com\/product\/2band-cigarette-lighter-gps-jammer-car-l1-l2-blocker\/\",\"name\":\"2 Band Cigarette Lighter GPS Jammer Car GPS L1 L2 Blocker Power 0.8 Watts - JAMMERSIGNAL\",\"isPartOf\":{\"@id\":\"https:\/\/www.jammersignal.com\/#website\"},\"primaryImageOfPage\":{\"@id\":\"https:\/\/www.jammersignal.com\/product\/2band-cigarette-lighter-gps-jammer-car-l1-l2-blocker\/#primaryimage\"},\"image\":{\"@id\":\"https:\/\/www.jammersignal.com\/product\/2band-cigarette-lighter-gps-jammer-car-l1-l2-blocker\/#primaryimage\"},\"thumbnailUrl\":\"https:\/\/www.jammersignal.com\/wp-content\/uploads\/2024\/05\/new-2-band-jammersignal-gps-lighter-jammers-1.jpg\",\"datePublished\":\"2024-05-19T14:06:15+00:00\",\"dateModified\":\"2025-09-08T03:20:19+00:00\",\"description\":\"This is a small concealed 2-band GPS jammer that can simultaneously interfere with ordinary civilian global satellite signals L1 and L2. This GPS Blocker device is commonly used in cars and can be conveniently powered from a cigarette lighter.\",\"breadcrumb\":{\"@id\":\"https:\/\/www.jammersignal.com\/product\/2band-cigarette-lighter-gps-jammer-car-l1-l2-blocker\/#breadcrumb\"},\"inLanguage\":\"it-IT\",\"potentialAction\":[{\"@type\":\"ReadAction\",\"target\":[\"https:\/\/www.jammersignal.com\/product\/2band-cigarette-lighter-gps-jammer-car-l1-l2-blocker\/\"]}]},{\"@type\":\"ImageObject\",\"inLanguage\":\"it-IT\",\"@id\":\"https:\/\/www.jammersignal.com\/product\/2band-cigarette-lighter-gps-jammer-car-l1-l2-blocker\/#primaryimage\",\"url\":\"https:\/\/www.jammersignal.com\/wp-content\/uploads\/2024\/05\/new-2-band-jammersignal-gps-lighter-jammers-1.jpg\",\"contentUrl\":\"https:\/\/www.jammersignal.com\/wp-content\/uploads\/2024\/05\/new-2-band-jammersignal-gps-lighter-jammers-1.jpg\",\"width\":1019,\"height\":1071,\"caption\":\"new 2 band jammersignal gps lighter jammers (1)\"},{\"@type\":\"BreadcrumbList\",\"@id\":\"https:\/\/www.jammersignal.com\/product\/2band-cigarette-lighter-gps-jammer-car-l1-l2-blocker\/#breadcrumb\",\"itemListElement\":[{\"@type\":\"ListItem\",\"position\":1,\"name\":\"Home\",\"item\":\"https:\/\/www.jammersignal.com\/\"},{\"@type\":\"ListItem\",\"position\":2,\"name\":\"Shop\",\"item\":\"https:\/\/www.jammersignal.com\/shop\/\"},{\"@type\":\"ListItem\",\"position\":3,\"name\":\"Signal Blocker\",\"item\":\"https:\/\/www.jammersignal.com\/product-category\/signal-blocker\/\"},{\"@type\":\"ListItem\",\"position\":4,\"name\":\"New 2 Band Cigarette Lighter GPS Jammer Car GPS L1 L2 Blocker\"}]},{\"@type\":\"WebSite\",\"@id\":\"https:\/\/www.jammersignal.com\/#website\",\"url\":\"https:\/\/www.jammersignal.com\/\",\"name\":\"JAMMERSIGNAL\",\"description\":\"\",\"publisher\":{\"@id\":\"https:\/\/www.jammersignal.com\/#organization\"},\"potentialAction\":[{\"@type\":\"SearchAction\",\"target\":{\"@type\":\"EntryPoint\",\"urlTemplate\":\"https:\/\/www.jammersignal.com\/?s={search_term_string}\"},\"query-input\":{\"@type\":\"PropertyValueSpecification\",\"valueRequired\":true,\"valueName\":\"search_term_string\"}}],\"inLanguage\":\"it-IT\"},{\"@type\":\"Organization\",\"@id\":\"https:\/\/www.jammersignal.com\/#organization\",\"name\":\"JAMMERSIGNAL\",\"url\":\"https:\/\/www.jammersignal.com\/\",\"logo\":{\"@type\":\"ImageObject\",\"inLanguage\":\"it-IT\",\"@id\":\"https:\/\/www.jammersignal.com\/#\/schema\/logo\/image\/\",\"url\":\"https:\/\/www.jammersignal.com\/wp-content\/uploads\/2024\/05\/cropped-jammersignal-logo-4.png\",\"contentUrl\":\"https:\/\/www.jammersignal.com\/wp-content\/uploads\/2024\/05\/cropped-jammersignal-logo-4.png\",\"width\":104,\"height\":34,\"caption\":\"JAMMERSIGNAL\"},\"image\":{\"@id\":\"https:\/\/www.jammersignal.com\/#\/schema\/logo\/image\/\"}}]}<\/script>\n<!-- \/ Yoast SEO plugin. -->","yoast_head_json":{"title":"2 Banda accendisigari GPS Jammer auto GPS L1 L2 Blocker Potenza 0,8 Watt - JAMMERSIGNAL","description":"Si tratta di un piccolo disturbatore GPS a 2 bande nascosto che pu\u00f2 interferire contemporaneamente con i normali segnali satellitari civili L1 e L2. Questo dispositivo di blocco GPS \u00e8 comunemente utilizzato in auto e pu\u00f2 essere comodamente alimentato da un accendisigari.","robots":{"index":"index","follow":"follow","max-snippet":"max-snippet:-1","max-image-preview":"max-image-preview:large","max-video-preview":"max-video-preview:-1"},"canonical":"https:\/\/www.jammersignal.com\/it\/prodotto\/2band-cigarette-lighter-gps-jammer-car-l1-l2-blocker\/","og_locale":"it_IT","og_type":"article","og_title":"2 Band Cigarette Lighter GPS Jammer Car GPS L1 L2 Blocker Power 0.8 Watts - JAMMERSIGNAL","og_description":"This is a small concealed 2-band GPS jammer that can simultaneously interfere with ordinary civilian global satellite signals L1 and L2. This GPS Blocker device is commonly used in cars and can be conveniently powered from a cigarette lighter.","og_url":"https:\/\/www.jammersignal.com\/it\/prodotto\/2band-cigarette-lighter-gps-jammer-car-l1-l2-blocker\/","og_site_name":"JAMMERSIGNAL","article_modified_time":"2025-09-08T03:20:19+00:00","og_image":[{"width":1019,"height":1071,"url":"https:\/\/www.jammersignal.com\/wp-content\/uploads\/2024\/05\/new-2-band-jammersignal-gps-lighter-jammers-1.jpg","type":"image\/jpeg"}],"twitter_card":"summary_large_image","twitter_misc":{"Tempo di lettura stimato":"1 minuto"},"schema":{"@context":"https:\/\/schema.org","@graph":[{"@type":"WebPage","@id":"https:\/\/www.jammersignal.com\/product\/2band-cigarette-lighter-gps-jammer-car-l1-l2-blocker\/","url":"https:\/\/www.jammersignal.com\/product\/2band-cigarette-lighter-gps-jammer-car-l1-l2-blocker\/","name":"2 Banda accendisigari GPS Jammer auto GPS L1 L2 Blocker Potenza 0,8 Watt - JAMMERSIGNAL","isPartOf":{"@id":"https:\/\/www.jammersignal.com\/#website"},"primaryImageOfPage":{"@id":"https:\/\/www.jammersignal.com\/product\/2band-cigarette-lighter-gps-jammer-car-l1-l2-blocker\/#primaryimage"},"image":{"@id":"https:\/\/www.jammersignal.com\/product\/2band-cigarette-lighter-gps-jammer-car-l1-l2-blocker\/#primaryimage"},"thumbnailUrl":"https:\/\/www.jammersignal.com\/wp-content\/uploads\/2024\/05\/new-2-band-jammersignal-gps-lighter-jammers-1.jpg","datePublished":"2024-05-19T14:06:15+00:00","dateModified":"2025-09-08T03:20:19+00:00","description":"Si tratta di un piccolo disturbatore GPS a 2 bande nascosto che pu\u00f2 interferire contemporaneamente con i normali segnali satellitari civili L1 e L2. Questo dispositivo di blocco GPS \u00e8 comunemente utilizzato in auto e pu\u00f2 essere comodamente alimentato da un accendisigari.","breadcrumb":{"@id":"https:\/\/www.jammersignal.com\/product\/2band-cigarette-lighter-gps-jammer-car-l1-l2-blocker\/#breadcrumb"},"inLanguage":"it-IT","potentialAction":[{"@type":"ReadAction","target":["https:\/\/www.jammersignal.com\/product\/2band-cigarette-lighter-gps-jammer-car-l1-l2-blocker\/"]}]},{"@type":"ImageObject","inLanguage":"it-IT","@id":"https:\/\/www.jammersignal.com\/product\/2band-cigarette-lighter-gps-jammer-car-l1-l2-blocker\/#primaryimage","url":"https:\/\/www.jammersignal.com\/wp-content\/uploads\/2024\/05\/new-2-band-jammersignal-gps-lighter-jammers-1.jpg","contentUrl":"https:\/\/www.jammersignal.com\/wp-content\/uploads\/2024\/05\/new-2-band-jammersignal-gps-lighter-jammers-1.jpg","width":1019,"height":1071,"caption":"new 2 band jammersignal gps lighter jammers (1)"},{"@type":"BreadcrumbList","@id":"https:\/\/www.jammersignal.com\/product\/2band-cigarette-lighter-gps-jammer-car-l1-l2-blocker\/#breadcrumb","itemListElement":[{"@type":"ListItem","position":1,"name":"Home","item":"https:\/\/www.jammersignal.com\/"},{"@type":"ListItem","position":2,"name":"Shop","item":"https:\/\/www.jammersignal.com\/shop\/"},{"@type":"ListItem","position":3,"name":"Signal Blocker","item":"https:\/\/www.jammersignal.com\/product-category\/signal-blocker\/"},{"@type":"ListItem","position":4,"name":"New 2 Band Cigarette Lighter GPS Jammer Car GPS L1 L2 Blocker"}]},{"@type":"WebSite","@id":"https:\/\/www.jammersignal.com\/#website","url":"https:\/\/www.jammersignal.com\/","name":"JAMMERSIGNAL","description":"","publisher":{"@id":"https:\/\/www.jammersignal.com\/#organization"},"potentialAction":[{"@type":"SearchAction","target":{"@type":"EntryPoint","urlTemplate":"https:\/\/www.jammersignal.com\/?s={search_term_string}"},"query-input":{"@type":"PropertyValueSpecification","valueRequired":true,"valueName":"search_term_string"}}],"inLanguage":"it-IT"},{"@type":"Organization","@id":"https:\/\/www.jammersignal.com\/#organization","name":"JAMMERSIGNAL","url":"https:\/\/www.jammersignal.com\/","logo":{"@type":"ImageObject","inLanguage":"it-IT","@id":"https:\/\/www.jammersignal.com\/#\/schema\/logo\/image\/","url":"https:\/\/www.jammersignal.com\/wp-content\/uploads\/2024\/05\/cropped-jammersignal-logo-4.png","contentUrl":"https:\/\/www.jammersignal.com\/wp-content\/uploads\/2024\/05\/cropped-jammersignal-logo-4.png","width":104,"height":34,"caption":"JAMMERSIGNAL"},"image":{"@id":"https:\/\/www.jammersignal.com\/#\/schema\/logo\/image\/"}}]}},"_links":{"self":[{"href":"https:\/\/www.jammersignal.com\/it\/wp-json\/wp\/v2\/product\/2041","targetHints":{"allow":["GET"]}}],"collection":[{"href":"https:\/\/www.jammersignal.com\/it\/wp-json\/wp\/v2\/product"}],"about":[{"href":"https:\/\/www.jammersignal.com\/it\/wp-json\/wp\/v2\/types\/product"}],"replies":[{"embeddable":true,"href":"https:\/\/www.jammersignal.com\/it\/wp-json\/wp\/v2\/comments?post=2041"}],"version-history":[{"count":6,"href":"https:\/\/www.jammersignal.com\/it\/wp-json\/wp\/v2\/product\/2041\/revisions"}],"predecessor-version":[{"id":4315,"href":"https:\/\/www.jammersignal.com\/it\/wp-json\/wp\/v2\/product\/2041\/revisions\/4315"}],"wp:featuredmedia":[{"embeddable":true,"href":"https:\/\/www.jammersignal.com\/it\/wp-json\/wp\/v2\/media\/1610"}],"wp:attachment":[{"href":"https:\/\/www.jammersignal.com\/it\/wp-json\/wp\/v2\/media?parent=2041"}],"wp:term":[{"taxonomy":"product_brand","embeddable":true,"href":"https:\/\/www.jammersignal.com\/it\/wp-json\/wp\/v2\/product_brand?post=2041"},{"taxonomy":"product_cat","embeddable":true,"href":"https:\/\/www.jammersignal.com\/it\/wp-json\/wp\/v2\/product_cat?post=2041"},{"taxonomy":"product_tag","embeddable":true,"href":"https:\/\/www.jammersignal.com\/it\/wp-json\/wp\/v2\/product_tag?post=2041"}],"curies":[{"name":"wp","href":"https:\/\/api.w.org\/{rel}","templated":true}]}}