{"id":2090,"date":"2024-05-20T00:50:23","date_gmt":"2024-05-20T00:50:23","guid":{"rendered":"https:\/\/www.jammersignal.com\/?post_type=product&#038;p=2090"},"modified":"2026-04-28T06:58:48","modified_gmt":"2026-04-28T06:58:48","slug":"3bands-2-4g-5-2g-5-8g-bluetooth-wifi-jammer","status":"publish","type":"product","link":"https:\/\/www.jammersignal.com\/it\/prodotto\/3bands-2-4g-5-2g-5-8g-bluetooth-wifi-jammer\/","title":{"rendered":"3 bande portatili 2.4G 5.2G 5.8G Bluetooth WIFI segnale Jammer"},"content":{"rendered":"<div data-elementor-type=\"wp-post\" data-elementor-id=\"2090\" class=\"elementor elementor-2090\">\n\t\t\t\t<div class=\"elementor-element elementor-element-4a8c2a2 e-flex e-con-boxed e-con e-parent\" data-id=\"4a8c2a2\" data-element_type=\"container\" data-e-type=\"container\">\n\t\t\t\t\t<div class=\"e-con-inner\">\n\t\t<div class=\"elementor-element elementor-element-2677d1d e-con-full e-flex e-con e-child\" data-id=\"2677d1d\" data-element_type=\"container\" data-e-type=\"container\">\n\t\t\t\t<div class=\"elementor-element elementor-element-5ee8a99 elementor-widget elementor-widget-text-editor\" data-id=\"5ee8a99\" data-element_type=\"widget\" data-e-type=\"widget\" data-widget_type=\"text-editor.default\">\n\t\t\t\t<div class=\"elementor-widget-container\">\n\t\t\t\t\t\t\t\t\t<h4>Specifiche tecniche<\/h4><table width=\"344\"><tbody><tr><td width=\"72\"><strong>Nome del parametro<\/strong><\/td><td width=\"272\"><strong>Dettagli sui parametri<\/strong><\/td><\/tr><tr><td>Modello\u00a0<\/td><td>3HU<\/td><\/tr><tr><td>Frequenze di disturbo<\/td><td width=\"272\"><strong>3HU :<\/strong><br \/>Wi-Fi Bluetooth 2.4G: 2400-2500MHz<br \/>Wi-Fi 5.8G: 5500-5900MHz<br \/>Wi-Fi 5.2G: 5100-5500MHz<\/td><\/tr><tr><td>Raggio di disturbo<\/td><td>5-40 metri<\/td><\/tr><tr><td>Alimentazione<\/td><td>Da AC110-240V a DC24V<\/td><\/tr><tr><td>Orario di lavoro<\/td><td>circa 3 ore<\/td><\/tr><tr><td>Potenza di uscita totale<\/td><td>Totale 6W<\/td><\/tr><tr><td>Dimensione del dispositivo<\/td><td>210x130x46 mm (senza antenna omnidirezionale)<\/td><\/tr><tr><td>Peso del dispositivo<\/td><td>2,0 kg<\/td><\/tr><tr><td>Contenuto della confezione<\/td><td>Jammer Host x 1, caricatore CA x1, antenne x 3<\/td><\/tr><\/tbody><\/table>\t\t\t\t\t\t\t\t<\/div>\n\t\t\t\t<\/div>\n\t\t\t\t<\/div>\n\t\t<div class=\"elementor-element elementor-element-63abe0f e-con-full e-flex e-con e-child\" data-id=\"63abe0f\" data-element_type=\"container\" data-e-type=\"container\">\n\t\t\t\t<div class=\"elementor-element elementor-element-3d0f9f0 elementor-widget elementor-widget-text-editor\" data-id=\"3d0f9f0\" data-element_type=\"widget\" data-e-type=\"widget\" data-widget_type=\"text-editor.default\">\n\t\t\t\t<div class=\"elementor-widget-container\">\n\t\t\t\t\t\t\t\t\t<h4>Informazioni sul prodotto<\/h4><p>Vi presentiamo l'ultimo jammer Wi-Fi Bluetooth portatile ad alta potenza, unico nel suo genere. Con una potenza di interferenza di 6 watt, \u00e8 in grado di bloccare efficacemente i segnali fino a 40 metri di distanza, compresi i segnali Wi-Fi, Bluetooth, 2.4G, 5.2G e 5.8G. Il jammer \u00e8 leggero, portatile e facile da trasportare. \u00c8 dotato di una batteria integrata che pu\u00f2 funzionare ininterrottamente per 3 ore e la capacit\u00e0 della batteria viene visualizzata sullo schermo LCD.<\/p><p><strong>Vantaggio:<\/strong><\/p><ol><li>Design portatile a tre bande, in grado di bloccare i segnali Wi-Fi Bluetooth ad alta potenza alle frequenze 2.4G, 5.2G e 5.8G.<\/li><li>Il jammer ha un'elevata potenza di uscita di 6 watt, che gli consente di coprire un intervallo di interferenza compreso tra 5 e 40 metri (a seconda della potenza del segnale in una determinata area).<\/li><li>La capacit\u00e0 della batteria viene visualizzata sullo schermo LCD, con l'indicazione della percentuale di capacit\u00e0 e della tensione\/corrente di funzionamento.<\/li><li>Il disruptor \u00e8 dotato di un involucro in ABS e di un sistema di raffreddamento ad alta efficienza, che comprende una ventola interna e un radiatore pi\u00f9 grande.<\/li><li>Dotato di interruttore DIP, consente di attivare\/disattivare specifiche bande di frequenza del segnale senza influenzare le operazioni di altre persone.<\/li><li>La batteria incorporata \u00e8 pi\u00f9 grande, l'autonomia di lavoro pu\u00f2 raggiungere i 150 minuti e pu\u00f2 essere facilmente ricaricata.<\/li><\/ol><p><strong>Applicazione:<\/strong><\/p><ol><li>Protezione di aree riservate come prigioni, aree di gestione militare, progetti di risorse strategiche nazionali, impianti dell'industria nucleare, aeroporti e aree politiche.<\/li><li>Impedire la fuga di informazioni su scene del crimine, siti di gestione urbana delle forze dell'ordine, importanti siti di pubblica sicurezza, attivit\u00e0 politiche, prove di spettacoli su larga scala, siti di scavi archeologici, siti di attivit\u00e0 di grandi gruppi, ecc.<\/li><li>reprimere l'uso di droni per attivit\u00e0 illegali come il traffico di droga, il contrabbando e la trasmissione non autorizzata di merci o informazioni.<\/li><\/ol>\t\t\t\t\t\t\t\t<\/div>\n\t\t\t\t<\/div>\n\t\t\t\t<\/div>\n\t\t\t\t\t<\/div>\n\t\t\t\t<\/div>\n\t\t\t\t<\/div>","protected":false},"excerpt":{"rendered":"<p>Vi presentiamo l'ultimo jammer Wi-Fi Bluetooth portatile ad alta potenza, unico nel suo genere. Con una potenza di interferenza di 6 watt, \u00e8 in grado di bloccare efficacemente i segnali fino a 40 metri di distanza, compresi i segnali Wi-Fi, Bluetooth, 2.4G, 5.2G e 5.8G. Il jammer \u00e8 leggero, portatile e facile da trasportare. \u00c8 dotato di una batteria integrata che pu\u00f2 funzionare ininterrottamente per 3 ore e la capacit\u00e0 della batteria viene visualizzata sullo schermo LCD.<\/p>\n<p><strong>Vantaggio:<\/strong><\/p>\n<p>1. Design palmare a tre bande, in grado di bloccare i segnali Wi-Fi Bluetooth ad alta potenza alle frequenze 2.4G, 5.2G e 5.8G.<br \/>\n2. Il jammer ha una potenza di uscita elevata, pari a 6 watt, che gli consente di coprire una gamma di interferenze compresa tra 5 e 40 metri (a seconda della potenza del segnale in una determinata area).<br \/>\n3. La capacit\u00e0 della batteria viene visualizzata sullo schermo LCD, con l'indicazione della percentuale di capacit\u00e0 e della tensione\/corrente di funzionamento.<br \/>\n4. Il disruptor \u00e8 dotato di un involucro in ABS e di un sistema di raffreddamento ad alta efficienza, che comprende una ventola di raffreddamento interna e un radiatore pi\u00f9 grande.<br \/>\n5. Dotato di interruttore DIP, \u00e8 possibile attivare\/disattivare specifiche bande di frequenza del segnale senza influenzare le operazioni degli altri.<br \/>\n6. La batteria incorporata \u00e8 di dimensioni maggiori, l'autonomia di lavoro pu\u00f2 raggiungere i 150 minuti e pu\u00f2 essere facilmente ricaricata.<\/p>","protected":false},"featured_media":1658,"comment_status":"open","ping_status":"closed","template":"","meta":{"site-sidebar-layout":"no-sidebar","site-content-layout":"page-builder","ast-site-content-layout":"normal-width-container","site-content-style":"default","site-sidebar-style":"default","ast-global-header-display":"","ast-banner-title-visibility":"","ast-main-header-display":"","ast-hfb-above-header-display":"","ast-hfb-below-header-display":"","ast-hfb-mobile-header-display":"","site-post-title":"disabled","ast-breadcrumbs-content":"","ast-featured-img":"disabled","footer-sml-layout":"","ast-disable-related-posts":"","theme-transparent-header-meta":"default","adv-header-id-meta":"","stick-header-meta":"default","header-above-stick-meta":"","header-main-stick-meta":"","header-below-stick-meta":"","astra-migrate-meta-layouts":"set","ast-page-background-enabled":"default","ast-page-background-meta":{"desktop":{"background-color":"var(--ast-global-color-5)","background-image":"","background-repeat":"repeat","background-position":"center center","background-size":"auto","background-attachment":"scroll","background-type":"","background-media":"","overlay-type":"","overlay-color":"","overlay-opacity":"","overlay-gradient":""},"tablet":{"background-color":"","background-image":"","background-repeat":"repeat","background-position":"center center","background-size":"auto","background-attachment":"scroll","background-type":"","background-media":"","overlay-type":"","overlay-color":"","overlay-opacity":"","overlay-gradient":""},"mobile":{"background-color":"","background-image":"","background-repeat":"repeat","background-position":"center center","background-size":"auto","background-attachment":"scroll","background-type":"","background-media":"","overlay-type":"","overlay-color":"","overlay-opacity":"","overlay-gradient":""}},"ast-content-background-meta":{"desktop":{"background-color":"var(--ast-global-color-4)","background-image":"","background-repeat":"repeat","background-position":"center center","background-size":"auto","background-attachment":"scroll","background-type":"","background-media":"","overlay-type":"","overlay-color":"","overlay-opacity":"","overlay-gradient":""},"tablet":{"background-color":"var(--ast-global-color-4)","background-image":"","background-repeat":"repeat","background-position":"center center","background-size":"auto","background-attachment":"scroll","background-type":"","background-media":"","overlay-type":"","overlay-color":"","overlay-opacity":"","overlay-gradient":""},"mobile":{"background-color":"var(--ast-global-color-4)","background-image":"","background-repeat":"repeat","background-position":"center center","background-size":"auto","background-attachment":"scroll","background-type":"","background-media":"","overlay-type":"","overlay-color":"","overlay-opacity":"","overlay-gradient":""}}},"product_brand":[],"product_cat":[15,70,72,83,42,40,39,49,33,46,37,36],"product_tag":[306,345,307,308,147,320,353,355,356,358,150,360,557,152,153,346,449,362,421,157,160,130,163,131,132,173,258,259,260,176,178,179,114,264,273,193,134,200,207,369,573,433,287,372,559,434,514,438,563,291,458,546,429,481,382,467,294,295,347,227,297,228,460,461,333,485,384,462,517,232,463,387,234,235,389,490,555,390,391,239,558,350,394,241,146,330,399,401,324,351,335,408,336,331,339,444,243],"class_list":{"0":"post-2090","1":"product","2":"type-product","3":"status-publish","4":"has-post-thumbnail","6":"product_cat-signal-blocker","7":"product_cat-501-1000dollars-jammers","8":"product_cat-1-3antennas-jammers","9":"product_cat-30-40meters","10":"product_cat-4g-jammer","11":"product_cat-bluetooth-signal-blocker","12":"product_cat-bluetooth-jammer","13":"product_cat-camera-jammer-wireless","14":"product_cat-cell-phone-signal-blocker","15":"product_cat-high-power-signal-jammers","16":"product_cat-wifi-signal-blocker","17":"product_cat-wifi-jammer","18":"product_tag-12v-cell-phone-jammer","19":"product_tag-2-4ghz-wifi-jammer","20":"product_tag-3-band-cell-phone-jammer","21":"product_tag-3g-and-4g-cell-phone-jammer","22":"product_tag-4g-cell-phone-jammer","23":"product_tag-4g-cell-phone-signal-jammer","24":"product_tag-5-ghz-wifi-jammer","25":"product_tag-5ghz-wifi-jammer","26":"product_tag-5ghz-wifi-jammer-diy","27":"product_tag-android-wifi-jammer","28":"product_tag-arduino-cell-phone-jammer","29":"product_tag-arduino-wifi-jammer","30":"product_tag-auto-gps-jammer","31":"product_tag-best-cell-phone-jammer","32":"product_tag-best-portable-cell-phone-jammer","33":"product_tag-best-wifi-jammer","34":"product_tag-bluetooth-jammer-app","35":"product_tag-bluetooth-wifi-jammer","36":"product_tag-buy-gps-jammer-us","37":"product_tag-can-you-buy-cell-phone-jammer","38":"product_tag-cell-jammer-for-sale","39":"product_tag-cell-jammer-legal","40":"product_tag-cell-phone-and-wifi-jammer-amazon","41":"product_tag-cell-phone-and-wifi-signal-jammer","42":"product_tag-cell-phone-camera-jammer","43":"product_tag-cell-phone-jammer-blocker","44":"product_tag-cell-phone-jammer-chicago","45":"product_tag-cell-phone-jammer-circuit","46":"product_tag-cell-phone-jammer-device","47":"product_tag-cell-phone-jammer-ebay","48":"product_tag-cell-phone-jammer-for-classroom","49":"product_tag-cell-phone-jammer-for-home","50":"product_tag-cell-phone-jammer-for-sale","51":"product_tag-cell-phone-jammer-kit-for-sale","52":"product_tag-cell-phone-signal-jammer-app-for-android","53":"product_tag-cell-phone-signal-jammer-for-cars","54":"product_tag-cell-phone-wifi-jammer","55":"product_tag-cell-signal-jammer-amazon","56":"product_tag-directional-cell-phone-jammer","57":"product_tag-ebay-wifi-jammer","58":"product_tag-gps-jammer-blocker","59":"product_tag-gps-signal-jammer","60":"product_tag-hand-held-cell-phone-signal-jammer","61":"product_tag-homemade-wifi-jammer","62":"product_tag-how-do-wifi-jammer-work","63":"product_tag-jammer-device","64":"product_tag-jammer-for-cctv-camera","65":"product_tag-jammer-gps","66":"product_tag-jammer-restaurant","67":"product_tag-mobile-cell-phone-jammer","68":"product_tag-mobile-jammer-device","69":"product_tag-mobile-phone-camera-jammer","70":"product_tag-mobile-phone-jammer-aaaaaa","71":"product_tag-mobile-phone-jammer-diy","72":"product_tag-phone-and-wifi-jammer","73":"product_tag-phone-jammer-aaaaaa","74":"product_tag-pocket-cell-phone-jammer","75":"product_tag-pocket-sized-cell-phone-jammer","76":"product_tag-pocket-wifi-jammer","77":"product_tag-portable-cell-phone-jammer-amazon","78":"product_tag-portable-cell-phone-jammer-ebay","79":"product_tag-portable-cellular-jammer","80":"product_tag-portable-mobile-phone-jammer","81":"product_tag-portable-mobile-signal-jammer","82":"product_tag-portable-wifi-jammer","83":"product_tag-radio-signal-jammer","84":"product_tag-raspberry-pi-wifi-jammer","85":"product_tag-red-jammer","86":"product_tag-rfid-jammer","87":"product_tag-short-range-cell-phone-jammer","88":"product_tag-signal-jammer-device","89":"product_tag-signal-jammer-for-wifi","90":"product_tag-small-area-cell-phone-jammer","91":"product_tag-small-cell-phone-jammer","92":"product_tag-usb-wifi-jammer","93":"product_tag-video-jammer","94":"product_tag-video-recording-jammer","95":"product_tag-what-does-a-wifi-jammer-do","96":"product_tag-what-does-a-wifi-jammer-look-like","97":"product_tag-what-is-the-best-cell-phone-jammer","98":"product_tag-whats-a-jammer","99":"product_tag-wifi-camera-jammer-app","100":"product_tag-wifi-camera-signal-jammer","101":"product_tag-wifi-cell-jammer","102":"product_tag-wifi-cell-phone-jammer","103":"product_tag-wifi-jammer-amazon","104":"product_tag-wifi-jammer-android","105":"product_tag-wifi-jammer-apk","106":"product_tag-wifi-jammer-app","107":"product_tag-wifi-jammer-blocker","108":"product_tag-wifi-jammer-device","109":"product_tag-wifi-jammer-for-iphone","110":"product_tag-wifi-jammer-ring-camera","111":"product_tag-wifi-signal-jammer-app","112":"product_tag-wifi-signal-jammer-diy","113":"product_tag-wireless-camera-jammer","114":"product_tag-workplace-cell-phone-jammer","115":"desktop-align-left","116":"tablet-align-left","117":"mobile-align-left","118":"ast-product-gallery-layout-horizontal-slider","119":"ast-product-single-variable","120":"ast-product-tabs-layout-horizontal","122":"first","123":"instock","124":"sale","125":"shipping-taxable","126":"purchasable","127":"product-type-variable"},"yoast_head":"<!-- This site is optimized with the Yoast SEO plugin v23.9 - https:\/\/yoast.com\/wordpress\/plugins\/seo\/ -->\n<title>3-Band Handheld Bluetooth WIFI Jammer 2.4G 5.2G 5.8G Interference Radius 5-40 Meters - JAMMERSIGNAL<\/title>\n<meta name=\"description\" content=\"High Power Handheld Wi-Fi Bluetooth Jammer. With 6 watts of interference power, it can effectively block signals within a range of up to 40 meters, including Wi-Fi, Bluetooth, 2.4G, 5.2G and 5.8G signals.\" \/>\n<meta name=\"robots\" content=\"index, follow, max-snippet:-1, max-image-preview:large, max-video-preview:-1\" \/>\n<link rel=\"canonical\" href=\"https:\/\/www.jammersignal.com\/it\/prodotto\/3bands-2-4g-5-2g-5-8g-bluetooth-wifi-jammer\/\" \/>\n<meta property=\"og:locale\" content=\"it_IT\" \/>\n<meta property=\"og:type\" content=\"article\" \/>\n<meta property=\"og:title\" content=\"3-Band Handheld Bluetooth WIFI Jammer 2.4G 5.2G 5.8G Interference Radius 5-40 Meters - JAMMERSIGNAL\" \/>\n<meta property=\"og:description\" content=\"High Power Handheld Wi-Fi Bluetooth Jammer. With 6 watts of interference power, it can effectively block signals within a range of up to 40 meters, including Wi-Fi, Bluetooth, 2.4G, 5.2G and 5.8G signals.\" \/>\n<meta property=\"og:url\" content=\"https:\/\/www.jammersignal.com\/it\/prodotto\/3bands-2-4g-5-2g-5-8g-bluetooth-wifi-jammer\/\" \/>\n<meta property=\"og:site_name\" content=\"JAMMERSIGNAL\" \/>\n<meta property=\"article:modified_time\" content=\"2026-04-28T06:58:48+00:00\" \/>\n<meta property=\"og:image\" content=\"https:\/\/www.jammersignal.com\/wp-content\/uploads\/2024\/05\/handheld-3-bands-jammersignal-bluetooth-5.8g-5.2g-jammers-1.jpg\" \/>\n\t<meta property=\"og:image:width\" content=\"2000\" \/>\n\t<meta property=\"og:image:height\" content=\"2000\" \/>\n\t<meta property=\"og:image:type\" content=\"image\/jpeg\" \/>\n<meta name=\"twitter:card\" content=\"summary_large_image\" \/>\n<meta name=\"twitter:label1\" content=\"Tempo di lettura stimato\" \/>\n\t<meta name=\"twitter:data1\" content=\"2 minuti\" \/>\n<script type=\"application\/ld+json\" class=\"yoast-schema-graph\">{\"@context\":\"https:\/\/schema.org\",\"@graph\":[{\"@type\":\"WebPage\",\"@id\":\"https:\/\/www.jammersignal.com\/product\/3bands-2-4g-5-2g-5-8g-bluetooth-wifi-jammer\/\",\"url\":\"https:\/\/www.jammersignal.com\/product\/3bands-2-4g-5-2g-5-8g-bluetooth-wifi-jammer\/\",\"name\":\"3-Band Handheld Bluetooth WIFI Jammer 2.4G 5.2G 5.8G Interference Radius 5-40 Meters - JAMMERSIGNAL\",\"isPartOf\":{\"@id\":\"https:\/\/www.jammersignal.com\/#website\"},\"primaryImageOfPage\":{\"@id\":\"https:\/\/www.jammersignal.com\/product\/3bands-2-4g-5-2g-5-8g-bluetooth-wifi-jammer\/#primaryimage\"},\"image\":{\"@id\":\"https:\/\/www.jammersignal.com\/product\/3bands-2-4g-5-2g-5-8g-bluetooth-wifi-jammer\/#primaryimage\"},\"thumbnailUrl\":\"https:\/\/www.jammersignal.com\/wp-content\/uploads\/2024\/05\/handheld-3-bands-jammersignal-bluetooth-5.8g-5.2g-jammers-1.jpg\",\"datePublished\":\"2024-05-20T00:50:23+00:00\",\"dateModified\":\"2026-04-28T06:58:48+00:00\",\"description\":\"High Power Handheld Wi-Fi Bluetooth Jammer. With 6 watts of interference power, it can effectively block signals within a range of up to 40 meters, including Wi-Fi, Bluetooth, 2.4G, 5.2G and 5.8G signals.\",\"breadcrumb\":{\"@id\":\"https:\/\/www.jammersignal.com\/product\/3bands-2-4g-5-2g-5-8g-bluetooth-wifi-jammer\/#breadcrumb\"},\"inLanguage\":\"it-IT\",\"potentialAction\":[{\"@type\":\"ReadAction\",\"target\":[\"https:\/\/www.jammersignal.com\/product\/3bands-2-4g-5-2g-5-8g-bluetooth-wifi-jammer\/\"]}]},{\"@type\":\"ImageObject\",\"inLanguage\":\"it-IT\",\"@id\":\"https:\/\/www.jammersignal.com\/product\/3bands-2-4g-5-2g-5-8g-bluetooth-wifi-jammer\/#primaryimage\",\"url\":\"https:\/\/www.jammersignal.com\/wp-content\/uploads\/2024\/05\/handheld-3-bands-jammersignal-bluetooth-5.8g-5.2g-jammers-1.jpg\",\"contentUrl\":\"https:\/\/www.jammersignal.com\/wp-content\/uploads\/2024\/05\/handheld-3-bands-jammersignal-bluetooth-5.8g-5.2g-jammers-1.jpg\",\"width\":2000,\"height\":2000,\"caption\":\"handheld 3 bands jammersignal bluetooth 5.8g 5.2g jammers (1)\"},{\"@type\":\"BreadcrumbList\",\"@id\":\"https:\/\/www.jammersignal.com\/product\/3bands-2-4g-5-2g-5-8g-bluetooth-wifi-jammer\/#breadcrumb\",\"itemListElement\":[{\"@type\":\"ListItem\",\"position\":1,\"name\":\"Home\",\"item\":\"https:\/\/www.jammersignal.com\/\"},{\"@type\":\"ListItem\",\"position\":2,\"name\":\"Shop\",\"item\":\"https:\/\/www.jammersignal.com\/shop\/\"},{\"@type\":\"ListItem\",\"position\":3,\"name\":\"Signal Blocker\",\"item\":\"https:\/\/www.jammersignal.com\/product-category\/signal-blocker\/\"},{\"@type\":\"ListItem\",\"position\":4,\"name\":\"3 Bands Handheld 2.4G 5.2G 5.8G Bluetooth WIFI Signal Jammer\"}]},{\"@type\":\"WebSite\",\"@id\":\"https:\/\/www.jammersignal.com\/#website\",\"url\":\"https:\/\/www.jammersignal.com\/\",\"name\":\"JAMMERSIGNAL\",\"description\":\"\",\"publisher\":{\"@id\":\"https:\/\/www.jammersignal.com\/#organization\"},\"potentialAction\":[{\"@type\":\"SearchAction\",\"target\":{\"@type\":\"EntryPoint\",\"urlTemplate\":\"https:\/\/www.jammersignal.com\/?s={search_term_string}\"},\"query-input\":{\"@type\":\"PropertyValueSpecification\",\"valueRequired\":true,\"valueName\":\"search_term_string\"}}],\"inLanguage\":\"it-IT\"},{\"@type\":\"Organization\",\"@id\":\"https:\/\/www.jammersignal.com\/#organization\",\"name\":\"JAMMERSIGNAL\",\"url\":\"https:\/\/www.jammersignal.com\/\",\"logo\":{\"@type\":\"ImageObject\",\"inLanguage\":\"it-IT\",\"@id\":\"https:\/\/www.jammersignal.com\/#\/schema\/logo\/image\/\",\"url\":\"https:\/\/www.jammersignal.com\/wp-content\/uploads\/2024\/05\/cropped-jammersignal-logo-4.png\",\"contentUrl\":\"https:\/\/www.jammersignal.com\/wp-content\/uploads\/2024\/05\/cropped-jammersignal-logo-4.png\",\"width\":104,\"height\":34,\"caption\":\"JAMMERSIGNAL\"},\"image\":{\"@id\":\"https:\/\/www.jammersignal.com\/#\/schema\/logo\/image\/\"}}]}<\/script>\n<!-- \/ Yoast SEO plugin. -->","yoast_head_json":{"title":"Disturbatore portatile Bluetooth WIFI a 3 bande 2.4G 5.2G 5.8G Raggio di interferenza 5-40 metri - JAMMERSIGNAL","description":"Disturbatore Wi-Fi Bluetooth portatile ad alta potenza. Con una potenza di interferenza di 6 watt, \u00e8 in grado di bloccare efficacemente i segnali in un raggio di 40 metri, compresi i segnali Wi-Fi, Bluetooth, 2.4G, 5.2G e 5.8G.","robots":{"index":"index","follow":"follow","max-snippet":"max-snippet:-1","max-image-preview":"max-image-preview:large","max-video-preview":"max-video-preview:-1"},"canonical":"https:\/\/www.jammersignal.com\/it\/prodotto\/3bands-2-4g-5-2g-5-8g-bluetooth-wifi-jammer\/","og_locale":"it_IT","og_type":"article","og_title":"3-Band Handheld Bluetooth WIFI Jammer 2.4G 5.2G 5.8G Interference Radius 5-40 Meters - JAMMERSIGNAL","og_description":"High Power Handheld Wi-Fi Bluetooth Jammer. With 6 watts of interference power, it can effectively block signals within a range of up to 40 meters, including Wi-Fi, Bluetooth, 2.4G, 5.2G and 5.8G signals.","og_url":"https:\/\/www.jammersignal.com\/it\/prodotto\/3bands-2-4g-5-2g-5-8g-bluetooth-wifi-jammer\/","og_site_name":"JAMMERSIGNAL","article_modified_time":"2026-04-28T06:58:48+00:00","og_image":[{"width":2000,"height":2000,"url":"https:\/\/www.jammersignal.com\/wp-content\/uploads\/2024\/05\/handheld-3-bands-jammersignal-bluetooth-5.8g-5.2g-jammers-1.jpg","type":"image\/jpeg"}],"twitter_card":"summary_large_image","twitter_misc":{"Tempo di lettura stimato":"2 minuti"},"schema":{"@context":"https:\/\/schema.org","@graph":[{"@type":"WebPage","@id":"https:\/\/www.jammersignal.com\/product\/3bands-2-4g-5-2g-5-8g-bluetooth-wifi-jammer\/","url":"https:\/\/www.jammersignal.com\/product\/3bands-2-4g-5-2g-5-8g-bluetooth-wifi-jammer\/","name":"Disturbatore portatile Bluetooth WIFI a 3 bande 2.4G 5.2G 5.8G Raggio di interferenza 5-40 metri - JAMMERSIGNAL","isPartOf":{"@id":"https:\/\/www.jammersignal.com\/#website"},"primaryImageOfPage":{"@id":"https:\/\/www.jammersignal.com\/product\/3bands-2-4g-5-2g-5-8g-bluetooth-wifi-jammer\/#primaryimage"},"image":{"@id":"https:\/\/www.jammersignal.com\/product\/3bands-2-4g-5-2g-5-8g-bluetooth-wifi-jammer\/#primaryimage"},"thumbnailUrl":"https:\/\/www.jammersignal.com\/wp-content\/uploads\/2024\/05\/handheld-3-bands-jammersignal-bluetooth-5.8g-5.2g-jammers-1.jpg","datePublished":"2024-05-20T00:50:23+00:00","dateModified":"2026-04-28T06:58:48+00:00","description":"Disturbatore Wi-Fi Bluetooth portatile ad alta potenza. Con una potenza di interferenza di 6 watt, \u00e8 in grado di bloccare efficacemente i segnali in un raggio di 40 metri, compresi i segnali Wi-Fi, Bluetooth, 2.4G, 5.2G e 5.8G.","breadcrumb":{"@id":"https:\/\/www.jammersignal.com\/product\/3bands-2-4g-5-2g-5-8g-bluetooth-wifi-jammer\/#breadcrumb"},"inLanguage":"it-IT","potentialAction":[{"@type":"ReadAction","target":["https:\/\/www.jammersignal.com\/product\/3bands-2-4g-5-2g-5-8g-bluetooth-wifi-jammer\/"]}]},{"@type":"ImageObject","inLanguage":"it-IT","@id":"https:\/\/www.jammersignal.com\/product\/3bands-2-4g-5-2g-5-8g-bluetooth-wifi-jammer\/#primaryimage","url":"https:\/\/www.jammersignal.com\/wp-content\/uploads\/2024\/05\/handheld-3-bands-jammersignal-bluetooth-5.8g-5.2g-jammers-1.jpg","contentUrl":"https:\/\/www.jammersignal.com\/wp-content\/uploads\/2024\/05\/handheld-3-bands-jammersignal-bluetooth-5.8g-5.2g-jammers-1.jpg","width":2000,"height":2000,"caption":"handheld 3 bands jammersignal bluetooth 5.8g 5.2g jammers (1)"},{"@type":"BreadcrumbList","@id":"https:\/\/www.jammersignal.com\/product\/3bands-2-4g-5-2g-5-8g-bluetooth-wifi-jammer\/#breadcrumb","itemListElement":[{"@type":"ListItem","position":1,"name":"Home","item":"https:\/\/www.jammersignal.com\/"},{"@type":"ListItem","position":2,"name":"Shop","item":"https:\/\/www.jammersignal.com\/shop\/"},{"@type":"ListItem","position":3,"name":"Signal Blocker","item":"https:\/\/www.jammersignal.com\/product-category\/signal-blocker\/"},{"@type":"ListItem","position":4,"name":"3 Bands Handheld 2.4G 5.2G 5.8G Bluetooth WIFI Signal Jammer"}]},{"@type":"WebSite","@id":"https:\/\/www.jammersignal.com\/#website","url":"https:\/\/www.jammersignal.com\/","name":"JAMMERSIGNAL","description":"","publisher":{"@id":"https:\/\/www.jammersignal.com\/#organization"},"potentialAction":[{"@type":"SearchAction","target":{"@type":"EntryPoint","urlTemplate":"https:\/\/www.jammersignal.com\/?s={search_term_string}"},"query-input":{"@type":"PropertyValueSpecification","valueRequired":true,"valueName":"search_term_string"}}],"inLanguage":"it-IT"},{"@type":"Organization","@id":"https:\/\/www.jammersignal.com\/#organization","name":"JAMMERSIGNAL","url":"https:\/\/www.jammersignal.com\/","logo":{"@type":"ImageObject","inLanguage":"it-IT","@id":"https:\/\/www.jammersignal.com\/#\/schema\/logo\/image\/","url":"https:\/\/www.jammersignal.com\/wp-content\/uploads\/2024\/05\/cropped-jammersignal-logo-4.png","contentUrl":"https:\/\/www.jammersignal.com\/wp-content\/uploads\/2024\/05\/cropped-jammersignal-logo-4.png","width":104,"height":34,"caption":"JAMMERSIGNAL"},"image":{"@id":"https:\/\/www.jammersignal.com\/#\/schema\/logo\/image\/"}}]}},"_links":{"self":[{"href":"https:\/\/www.jammersignal.com\/it\/wp-json\/wp\/v2\/product\/2090","targetHints":{"allow":["GET"]}}],"collection":[{"href":"https:\/\/www.jammersignal.com\/it\/wp-json\/wp\/v2\/product"}],"about":[{"href":"https:\/\/www.jammersignal.com\/it\/wp-json\/wp\/v2\/types\/product"}],"replies":[{"embeddable":true,"href":"https:\/\/www.jammersignal.com\/it\/wp-json\/wp\/v2\/comments?post=2090"}],"version-history":[{"count":4,"href":"https:\/\/www.jammersignal.com\/it\/wp-json\/wp\/v2\/product\/2090\/revisions"}],"predecessor-version":[{"id":2142,"href":"https:\/\/www.jammersignal.com\/it\/wp-json\/wp\/v2\/product\/2090\/revisions\/2142"}],"wp:featuredmedia":[{"embeddable":true,"href":"https:\/\/www.jammersignal.com\/it\/wp-json\/wp\/v2\/media\/1658"}],"wp:attachment":[{"href":"https:\/\/www.jammersignal.com\/it\/wp-json\/wp\/v2\/media?parent=2090"}],"wp:term":[{"taxonomy":"product_brand","embeddable":true,"href":"https:\/\/www.jammersignal.com\/it\/wp-json\/wp\/v2\/product_brand?post=2090"},{"taxonomy":"product_cat","embeddable":true,"href":"https:\/\/www.jammersignal.com\/it\/wp-json\/wp\/v2\/product_cat?post=2090"},{"taxonomy":"product_tag","embeddable":true,"href":"https:\/\/www.jammersignal.com\/it\/wp-json\/wp\/v2\/product_tag?post=2090"}],"curies":[{"name":"wp","href":"https:\/\/api.w.org\/{rel}","templated":true}]}}