{"id":2101,"date":"2024-05-20T00:58:51","date_gmt":"2024-05-20T00:58:51","guid":{"rendered":"https:\/\/www.jammersignal.com\/?post_type=product&#038;p=2101"},"modified":"2025-05-26T22:58:10","modified_gmt":"2025-05-26T22:58:10","slug":"latest-8antenna-handheld-gsm-4g-jammer","status":"publish","type":"product","link":"https:\/\/www.jammersignal.com\/it\/prodotto\/latest-8antenna-handheld-gsm-4g-jammer\/","title":{"rendered":"L'ultimo disturbatore portatile GSM 4G a 8 antenne ha la capacit\u00e0 di intercettare i segnali WIFI GPS"},"content":{"rendered":"<div data-elementor-type=\"wp-post\" data-elementor-id=\"2101\" class=\"elementor elementor-2101\">\n\t\t\t\t<div class=\"elementor-element elementor-element-4a8c2a2 e-flex e-con-boxed e-con e-parent\" data-id=\"4a8c2a2\" data-element_type=\"container\" data-e-type=\"container\">\n\t\t\t\t\t<div class=\"e-con-inner\">\n\t\t<div class=\"elementor-element elementor-element-2677d1d e-con-full e-flex e-con e-child\" data-id=\"2677d1d\" data-element_type=\"container\" data-e-type=\"container\">\n\t\t\t\t<div class=\"elementor-element elementor-element-5ee8a99 elementor-widget elementor-widget-text-editor\" data-id=\"5ee8a99\" data-element_type=\"widget\" data-e-type=\"widget\" data-widget_type=\"text-editor.default\">\n\t\t\t\t<div class=\"elementor-widget-container\">\n\t\t\t\t\t\t\t\t\t<h4>Specifiche tecniche<\/h4><table width=\"340\"><tbody><tr><td width=\"72\"><strong>Nome del parametro<\/strong><\/td><td width=\"268\"><strong>Dettagli sui parametri<\/strong><\/td><\/tr><tr><td>Modello\u00a0<\/td><td>H082US<\/td><\/tr><tr><td>Frequenze di disturbo<\/td><td width=\"268\">\u00a0LoJack: 167-175MHz<br \/>CDMA o GSM: 851-894 o 925-960MHz<br \/>DCS o PCS: 1805-1880 o 1920-1990MHz<br \/>Wi-Fi 2.4G: 2400-2500MHz<br \/>4G1 LTE: 700-803 o 790-862MHz<br \/>GPSL1: 1570-1580MHz<br \/>3G: 2110-2170MHz<br \/>4G Wimax: 2500-2690 o 2300-2400MHz<br \/>GPSL2+L5: 1170-1280MHz<\/td><\/tr><tr><td>Raggio di disturbo<\/td><td>Fino a 40 metri<\/td><\/tr><tr><td>Alimentazione<\/td><td>Spina di alimentazione, caricatore per auto o batteria integrata<\/td><\/tr><tr><td>Potenza di uscita totale<\/td><td>4W<\/td><\/tr><tr><td>Temperatura di esercizio<\/td><td>Da -10\u2103 a +50\u2103<\/td><\/tr><tr><td>Umidit\u00e0 di esercizio<\/td><td>Da 5% a 80%<\/td><\/tr><tr><td>Dimensione del dispositivo<\/td><td>132 mm*80 mm*41 mm<\/td><\/tr><tr><td>Peso del dispositivo<\/td><td>800 g<\/td><\/tr><\/tbody><\/table>\t\t\t\t\t\t\t\t<\/div>\n\t\t\t\t<\/div>\n\t\t\t\t<\/div>\n\t\t<div class=\"elementor-element elementor-element-63abe0f e-con-full e-flex e-con e-child\" data-id=\"63abe0f\" data-element_type=\"container\" data-e-type=\"container\">\n\t\t\t\t<div class=\"elementor-element elementor-element-3d0f9f0 elementor-widget elementor-widget-text-editor\" data-id=\"3d0f9f0\" data-element_type=\"widget\" data-e-type=\"widget\" data-widget_type=\"text-editor.default\">\n\t\t\t\t<div class=\"elementor-widget-container\">\n\t\t\t\t\t\t\t\t\t<h4>Informazioni sul prodotto<\/h4><p>Questo disturbatore di segnale portatile con 8 antenne \u00e8 adatto a casa, ufficio e scuola. Il dispositivo jammer \u00e8 in grado di bloccare efficacemente i segnali GSM, 3G, 4G e LOJACK, fornendo una zona di protezione efficiente senza la necessit\u00e0 di apparecchiature aggiuntive.<\/p><p>I telefoni cellulari possono causare interferenze in varie occasioni, come cinema, aule scolastiche, funerali e cerimonie religiose. Per risolvere questo problema, si stanno diffondendo dispositivi che disturbano i telefoni cellulari. In Kenya, ad esempio, gli imam hanno espresso la loro insoddisfazione per il continuo squillare dei telefoni cellulari durante le riunioni religiose. Inoltre, \u00e8 indesiderabile ricevere chiamate o messaggi indesiderati durante riunioni importanti o di emergenza. La tecnologia di blocco dei telefoni cellulari permette di evitare queste interferenze senza spegnere il cellulare. Bloccando i segnali provenienti dalla stazione base, la tecnologia pu\u00f2 bloccare le comunicazioni attraverso i telefoni cellulari.<\/p><p>Il disturbatore di segnale cellulare portatile a 8 bande \u00e8 in grado di interferire con tutti i tipi di telefoni Android, tablet, smartphone, iPhone, telefoni Windows e altri dispositivi che utilizzano frequenze 2G, 3G, 4G, GPS L1-L5, LOJACK o telecomando (come 315MHz e 433MHz), nonch\u00e9 segnali Bluetooth e Wi-Fi. \u00c8 dotato di una batteria NiMH integrata con una capacit\u00e0 di 4700 mAh, in grado di fornire circa 1,5 ore di funzionamento. Questo jammer pu\u00f2 essere utilizzato sia all'interno che all'esterno, garantendo la convenienza di vari scenari.<\/p><p><strong>Caratteristiche del prodotto:<\/strong><\/p><ol><li>8 bande, potenza di uscita di 4,0 W, capacit\u00e0 della batteria NiMH di 4700 mAh, in grado di fornire 1,5 ore di funzionamento. Il dispositivo pu\u00f2 essere utilizzato mentre la batteria \u00e8 in carica.<\/li><li>Adottando un design unico degli interruttori DIP, ogni banda pu\u00f2 essere controllata individualmente e dotata di luci LED per indicare lo stato di funzionamento.<\/li><li>Pu\u00f2 essere utilizzato direttamente in auto con un caricatore per auto o con il caricatore CA incluso.<\/li><li>Dotato di una ventola di raffreddamento interna e di un dissipatore di calore pi\u00f9 grande per garantire il funzionamento continuo del dispositivo.<\/li><\/ol><p><strong>Precauzioni:<\/strong><\/p><p>1.I jammer sono personalizzati in base alle bande di frequenza di diversi paesi, si prega di confermare che il paese di acquisto e il paese di utilizzo effettivo sono coerenti. Altrimenti non pu\u00f2 essere utilizzato.Si prega di leggere la funzione del disturbatore prima dell'acquisto.<br \/>2.If i disturbatori a bassa potenza (come i disturbatori portatili) per bloccare il dispositivo di segnale ad alta potenza (come il router WIFI ad alta potenza, l'apparecchiatura audio Bluetooth, ecc.), l'effetto sar\u00e0 scarso o addirittura non pu\u00f2 disturbare.<br \/>3. \u00c8 vietato l'uso durante la carica.<br \/>4. Non utilizzare i jammer portatili come jammer da tavolo.<br \/>5. Non utilizzare disturbatori prima di aver collegato l'antenna.<\/p>\t\t\t\t\t\t\t\t<\/div>\n\t\t\t\t<\/div>\n\t\t\t\t<\/div>\n\t\t\t\t\t<\/div>\n\t\t\t\t<\/div>\n\t\t\t\t<\/div>","protected":false},"excerpt":{"rendered":"<p>Il disturbatore di segnale cellulare portatile a 8 bande \u00e8 in grado di interferire con tutti i tipi di telefoni Android, tablet, smartphone, iPhone, telefoni Windows e altri dispositivi che utilizzano frequenze 2G, 3G, 4G, GPS L1-L5, LOJACK o telecomando (come 315MHz e 433MHz), nonch\u00e9 segnali Bluetooth e Wi-Fi. \u00c8 dotato di una batteria NiMH integrata con una capacit\u00e0 di 4700 mAh, in grado di fornire circa 1,5 ore di funzionamento. Questo jammer pu\u00f2 essere utilizzato sia all'interno che all'esterno, garantendo la convenienza di vari scenari.<\/p>\n<p><strong>Caratteristiche del prodotto:<\/strong><\/p>\n<p>1. 8 bande, potenza di uscita di 4,0 W, capacit\u00e0 della batteria NiMH di 4700 mAh, in grado di fornire 1,5 ore di funzionamento. Il dispositivo pu\u00f2 essere utilizzato mentre la batteria \u00e8 in carica.<br \/>\n2. Adottando un design unico degli interruttori DIP, ogni banda pu\u00f2 essere controllata individualmente e dotata di luci LED per indicare lo stato di funzionamento.<br \/>\n3. Pu\u00f2 essere utilizzato direttamente in auto con un caricatore per auto o con il caricatore CA incluso.<br \/>\n4. Dotato di una ventola di raffreddamento interna e di un dissipatore di calore pi\u00f9 grande per garantire il funzionamento continuo del dispositivo.<\/p>","protected":false},"featured_media":1709,"comment_status":"open","ping_status":"closed","template":"","meta":{"site-sidebar-layout":"no-sidebar","site-content-layout":"page-builder","ast-site-content-layout":"normal-width-container","site-content-style":"default","site-sidebar-style":"default","ast-global-header-display":"","ast-banner-title-visibility":"","ast-main-header-display":"","ast-hfb-above-header-display":"","ast-hfb-below-header-display":"","ast-hfb-mobile-header-display":"","site-post-title":"disabled","ast-breadcrumbs-content":"","ast-featured-img":"disabled","footer-sml-layout":"","ast-disable-related-posts":"","theme-transparent-header-meta":"default","adv-header-id-meta":"","stick-header-meta":"default","header-above-stick-meta":"","header-main-stick-meta":"","header-below-stick-meta":"","astra-migrate-meta-layouts":"set","ast-page-background-enabled":"default","ast-page-background-meta":{"desktop":{"background-color":"var(--ast-global-color-5)","background-image":"","background-repeat":"repeat","background-position":"center center","background-size":"auto","background-attachment":"scroll","background-type":"","background-media":"","overlay-type":"","overlay-color":"","overlay-opacity":"","overlay-gradient":""},"tablet":{"background-color":"","background-image":"","background-repeat":"repeat","background-position":"center center","background-size":"auto","background-attachment":"scroll","background-type":"","background-media":"","overlay-type":"","overlay-color":"","overlay-opacity":"","overlay-gradient":""},"mobile":{"background-color":"","background-image":"","background-repeat":"repeat","background-position":"center center","background-size":"auto","background-attachment":"scroll","background-type":"","background-media":"","overlay-type":"","overlay-color":"","overlay-opacity":"","overlay-gradient":""}},"ast-content-background-meta":{"desktop":{"background-color":"var(--ast-global-color-4)","background-image":"","background-repeat":"repeat","background-position":"center center","background-size":"auto","background-attachment":"scroll","background-type":"","background-media":"","overlay-type":"","overlay-color":"","overlay-opacity":"","overlay-gradient":""},"tablet":{"background-color":"var(--ast-global-color-4)","background-image":"","background-repeat":"repeat","background-position":"center center","background-size":"auto","background-attachment":"scroll","background-type":"","background-media":"","overlay-type":"","overlay-color":"","overlay-opacity":"","overlay-gradient":""},"mobile":{"background-color":"var(--ast-global-color-4)","background-image":"","background-repeat":"repeat","background-position":"center center","background-size":"auto","background-attachment":"scroll","background-type":"","background-media":"","overlay-type":"","overlay-color":"","overlay-opacity":"","overlay-gradient":""}}},"product_brand":[],"product_cat":[15,69,81,42,75,32,63,34,38,37,36],"product_tag":[308,311,314,323,469,150,151,152,247,153,155,411,412,414,416,417,366,157,249,159,126,160,163,171,172,256,264,275,191,198,135,129,210,437,287,288,221,476,541,374,513,290,225,145,544,379,226,294,347,227,461,516,232,561,234,235,236,558,392,335,407,339],"class_list":{"0":"post-2101","1":"product","2":"type-product","3":"status-publish","4":"has-post-thumbnail","6":"product_cat-signal-blocker","7":"product_cat-301-500dollars-jammers","8":"product_cat-10-20meters","9":"product_cat-4g-jammer","10":"product_cat-8antennas-jammers","11":"product_cat-cell-phone-signal-jammer","12":"product_cat-cheap-jammer","13":"product_cat-gps-signal-jammer","14":"product_cat-gsm-jammer","15":"product_cat-wifi-signal-blocker","16":"product_cat-wifi-jammer","17":"product_tag-3g-and-4g-cell-phone-jammer","18":"product_tag-3g-cell-phone-signal-blocker-jammer","19":"product_tag-4g-cell-phone-jammer-amazon","20":"product_tag-8-bands-gsm-cdma-3g-4g-wifi-cell-phone-jammer","21":"product_tag-anti-mobile-jammer-device","22":"product_tag-arduino-cell-phone-jammer","23":"product_tag-bathroom-cell-phone-jammer","24":"product_tag-best-cell-phone-jammer","25":"product_tag-best-cell-phone-jammer-reviews","26":"product_tag-best-portable-cell-phone-jammer","27":"product_tag-buy-cell-phone-jammer-online","28":"product_tag-buy-cigarette-lighter-gps-cell-phone-jammer","29":"product_tag-buy-gps-jammer-australia","30":"product_tag-buy-gps-jammer-cigarette-lighter","31":"product_tag-buy-gps-jammer-for-car","32":"product_tag-buy-gps-jammer-in-dallas","33":"product_tag-can-jammer-block-wifi","34":"product_tag-can-you-buy-cell-phone-jammer","35":"product_tag-cell-jammer-canada","36":"product_tag-cell-jammer-circuit","37":"product_tag-cell-jammer-diy","38":"product_tag-cell-jammer-for-sale","39":"product_tag-cell-phone-and-wifi-jammer-amazon","40":"product_tag-cell-phone-jammer-arduino","41":"product_tag-cell-phone-jammer-best-buy","42":"product_tag-cell-phone-jammer-block-diagram","43":"product_tag-cell-phone-jammer-kit-for-sale","44":"product_tag-cell-phone-signal-jammer-classroom","45":"product_tag-cell-phone-signal-jammer-device","46":"product_tag-cell-phone-signal-jammer-legal","47":"product_tag-cell-signal-jammer-app","48":"product_tag-diy-cell-phone-jammer","49":"product_tag-emp-cell-phone-jammer","50":"product_tag-gps-blockers-jammer","51":"product_tag-hand-held-cell-phone-signal-jammer","52":"product_tag-homemade-cell-phone-signal-jammer","53":"product_tag-how-does-cell-phone-jammer-work","54":"product_tag-how-to-make-signal-jammer","55":"product_tag-internet-jammer-price","56":"product_tag-iphone-wifi-jammer","57":"product_tag-jammer-for-car","58":"product_tag-lte-cell-phone-jammer","59":"product_tag-make-your-own-cell-phone-jammer","60":"product_tag-mini-cell-phone-jammer","61":"product_tag-mini-mobile-jammer","62":"product_tag-mini-wifi-jammer","63":"product_tag-personal-cell-phone-jammer","64":"product_tag-pocket-cell-phone-jammer","65":"product_tag-pocket-wifi-jammer","66":"product_tag-portable-cell-phone-jammer-amazon","67":"product_tag-portable-mobile-signal-jammer","68":"product_tag-rf-frequency-jammer","69":"product_tag-short-range-cell-phone-jammer","70":"product_tag-signal-jammer-for-sale","71":"product_tag-small-area-cell-phone-jammer","72":"product_tag-small-cell-phone-jammer","73":"product_tag-vehicle-cell-phone-jammer","74":"product_tag-whats-a-jammer","75":"product_tag-wifi-anti-jammer","76":"product_tag-wifi-jammer-device","77":"product_tag-wifi-jammer-for-home","78":"product_tag-wifi-signal-jammer-diy","79":"desktop-align-left","80":"tablet-align-left","81":"mobile-align-left","82":"ast-product-gallery-layout-horizontal-slider","83":"ast-product-single-variable","84":"ast-product-tabs-layout-horizontal","86":"first","87":"instock","88":"sale","89":"shipping-taxable","90":"purchasable","91":"product-type-variable"},"yoast_head":"<!-- This site is optimized with the Yoast SEO plugin v23.9 - https:\/\/yoast.com\/wordpress\/plugins\/seo\/ -->\n<title>8-Antenna Handheld GSM 4G Jammer can intercept WIFI GPS signals with a jamming radius of up to 40 meters - JAMMERSIGNAL<\/title>\n<meta name=\"description\" content=\"This portable signal jammer with 8 antennas is suitable for home, office and school. The jammer device can effectively block GSM, 3G, 4G and LOJACK signals, providing an efficient protection zone without the need for additional equipment.\" \/>\n<meta name=\"robots\" content=\"index, follow, max-snippet:-1, max-image-preview:large, max-video-preview:-1\" \/>\n<link rel=\"canonical\" href=\"https:\/\/www.jammersignal.com\/it\/prodotto\/latest-8antenna-handheld-gsm-4g-jammer\/\" \/>\n<meta property=\"og:locale\" content=\"it_IT\" \/>\n<meta property=\"og:type\" content=\"article\" \/>\n<meta property=\"og:title\" content=\"8-Antenna Handheld GSM 4G Jammer can intercept WIFI GPS signals with a jamming radius of up to 40 meters - JAMMERSIGNAL\" \/>\n<meta property=\"og:description\" content=\"This portable signal jammer with 8 antennas is suitable for home, office and school. The jammer device can effectively block GSM, 3G, 4G and LOJACK signals, providing an efficient protection zone without the need for additional equipment.\" \/>\n<meta property=\"og:url\" content=\"https:\/\/www.jammersignal.com\/it\/prodotto\/latest-8antenna-handheld-gsm-4g-jammer\/\" \/>\n<meta property=\"og:site_name\" content=\"JAMMERSIGNAL\" \/>\n<meta property=\"article:modified_time\" content=\"2025-05-26T22:58:10+00:00\" \/>\n<meta property=\"og:image\" content=\"https:\/\/www.jammersignal.com\/wp-content\/uploads\/2024\/05\/the-latest-8-band-jammersignal-handheld-4g-gsm-jammers-1.jpg\" \/>\n\t<meta property=\"og:image:width\" content=\"650\" \/>\n\t<meta property=\"og:image:height\" content=\"650\" \/>\n\t<meta property=\"og:image:type\" content=\"image\/jpeg\" \/>\n<meta name=\"twitter:card\" content=\"summary_large_image\" \/>\n<meta name=\"twitter:label1\" content=\"Tempo di lettura stimato\" \/>\n\t<meta name=\"twitter:data1\" content=\"3 minuti\" \/>\n<script type=\"application\/ld+json\" class=\"yoast-schema-graph\">{\"@context\":\"https:\/\/schema.org\",\"@graph\":[{\"@type\":\"WebPage\",\"@id\":\"https:\/\/www.jammersignal.com\/product\/latest-8antenna-handheld-gsm-4g-jammer\/\",\"url\":\"https:\/\/www.jammersignal.com\/product\/latest-8antenna-handheld-gsm-4g-jammer\/\",\"name\":\"8-Antenna Handheld GSM 4G Jammer can intercept WIFI GPS signals with a jamming radius of up to 40 meters - JAMMERSIGNAL\",\"isPartOf\":{\"@id\":\"https:\/\/www.jammersignal.com\/#website\"},\"primaryImageOfPage\":{\"@id\":\"https:\/\/www.jammersignal.com\/product\/latest-8antenna-handheld-gsm-4g-jammer\/#primaryimage\"},\"image\":{\"@id\":\"https:\/\/www.jammersignal.com\/product\/latest-8antenna-handheld-gsm-4g-jammer\/#primaryimage\"},\"thumbnailUrl\":\"https:\/\/www.jammersignal.com\/wp-content\/uploads\/2024\/05\/the-latest-8-band-jammersignal-handheld-4g-gsm-jammers-1.jpg\",\"datePublished\":\"2024-05-20T00:58:51+00:00\",\"dateModified\":\"2025-05-26T22:58:10+00:00\",\"description\":\"This portable signal jammer with 8 antennas is suitable for home, office and school. The jammer device can effectively block GSM, 3G, 4G and LOJACK signals, providing an efficient protection zone without the need for additional equipment.\",\"breadcrumb\":{\"@id\":\"https:\/\/www.jammersignal.com\/product\/latest-8antenna-handheld-gsm-4g-jammer\/#breadcrumb\"},\"inLanguage\":\"it-IT\",\"potentialAction\":[{\"@type\":\"ReadAction\",\"target\":[\"https:\/\/www.jammersignal.com\/product\/latest-8antenna-handheld-gsm-4g-jammer\/\"]}]},{\"@type\":\"ImageObject\",\"inLanguage\":\"it-IT\",\"@id\":\"https:\/\/www.jammersignal.com\/product\/latest-8antenna-handheld-gsm-4g-jammer\/#primaryimage\",\"url\":\"https:\/\/www.jammersignal.com\/wp-content\/uploads\/2024\/05\/the-latest-8-band-jammersignal-handheld-4g-gsm-jammers-1.jpg\",\"contentUrl\":\"https:\/\/www.jammersignal.com\/wp-content\/uploads\/2024\/05\/the-latest-8-band-jammersignal-handheld-4g-gsm-jammers-1.jpg\",\"width\":650,\"height\":650,\"caption\":\"the latest 8 band jammersignal handheld 4g gsm jammers (1)\"},{\"@type\":\"BreadcrumbList\",\"@id\":\"https:\/\/www.jammersignal.com\/product\/latest-8antenna-handheld-gsm-4g-jammer\/#breadcrumb\",\"itemListElement\":[{\"@type\":\"ListItem\",\"position\":1,\"name\":\"Home\",\"item\":\"https:\/\/www.jammersignal.com\/\"},{\"@type\":\"ListItem\",\"position\":2,\"name\":\"Shop\",\"item\":\"https:\/\/www.jammersignal.com\/shop\/\"},{\"@type\":\"ListItem\",\"position\":3,\"name\":\"Signal Blocker\",\"item\":\"https:\/\/www.jammersignal.com\/product-category\/signal-blocker\/\"},{\"@type\":\"ListItem\",\"position\":4,\"name\":\"The Latest 8-Antenna Handheld GSM 4G Jammer has the ability to intercept WIFI GPS Signals\"}]},{\"@type\":\"WebSite\",\"@id\":\"https:\/\/www.jammersignal.com\/#website\",\"url\":\"https:\/\/www.jammersignal.com\/\",\"name\":\"JAMMERSIGNAL\",\"description\":\"\",\"publisher\":{\"@id\":\"https:\/\/www.jammersignal.com\/#organization\"},\"potentialAction\":[{\"@type\":\"SearchAction\",\"target\":{\"@type\":\"EntryPoint\",\"urlTemplate\":\"https:\/\/www.jammersignal.com\/?s={search_term_string}\"},\"query-input\":{\"@type\":\"PropertyValueSpecification\",\"valueRequired\":true,\"valueName\":\"search_term_string\"}}],\"inLanguage\":\"it-IT\"},{\"@type\":\"Organization\",\"@id\":\"https:\/\/www.jammersignal.com\/#organization\",\"name\":\"JAMMERSIGNAL\",\"url\":\"https:\/\/www.jammersignal.com\/\",\"logo\":{\"@type\":\"ImageObject\",\"inLanguage\":\"it-IT\",\"@id\":\"https:\/\/www.jammersignal.com\/#\/schema\/logo\/image\/\",\"url\":\"https:\/\/www.jammersignal.com\/wp-content\/uploads\/2024\/05\/cropped-jammersignal-logo-4.png\",\"contentUrl\":\"https:\/\/www.jammersignal.com\/wp-content\/uploads\/2024\/05\/cropped-jammersignal-logo-4.png\",\"width\":104,\"height\":34,\"caption\":\"JAMMERSIGNAL\"},\"image\":{\"@id\":\"https:\/\/www.jammersignal.com\/#\/schema\/logo\/image\/\"}}]}<\/script>\n<!-- \/ Yoast SEO plugin. -->","yoast_head_json":{"title":"8-Antenna palmare GSM 4G Jammer pu\u00f2 intercettare i segnali WIFI GPS con un raggio di disturbo fino a 40 metri - JAMMERSIGNAL","description":"Questo disturbatore di segnale portatile con 8 antenne \u00e8 adatto a casa, ufficio e scuola. Il dispositivo jammer \u00e8 in grado di bloccare efficacemente i segnali GSM, 3G, 4G e LOJACK, fornendo una zona di protezione efficiente senza la necessit\u00e0 di apparecchiature aggiuntive.","robots":{"index":"index","follow":"follow","max-snippet":"max-snippet:-1","max-image-preview":"max-image-preview:large","max-video-preview":"max-video-preview:-1"},"canonical":"https:\/\/www.jammersignal.com\/it\/prodotto\/latest-8antenna-handheld-gsm-4g-jammer\/","og_locale":"it_IT","og_type":"article","og_title":"8-Antenna Handheld GSM 4G Jammer can intercept WIFI GPS signals with a jamming radius of up to 40 meters - JAMMERSIGNAL","og_description":"This portable signal jammer with 8 antennas is suitable for home, office and school. The jammer device can effectively block GSM, 3G, 4G and LOJACK signals, providing an efficient protection zone without the need for additional equipment.","og_url":"https:\/\/www.jammersignal.com\/it\/prodotto\/latest-8antenna-handheld-gsm-4g-jammer\/","og_site_name":"JAMMERSIGNAL","article_modified_time":"2025-05-26T22:58:10+00:00","og_image":[{"width":650,"height":650,"url":"https:\/\/www.jammersignal.com\/wp-content\/uploads\/2024\/05\/the-latest-8-band-jammersignal-handheld-4g-gsm-jammers-1.jpg","type":"image\/jpeg"}],"twitter_card":"summary_large_image","twitter_misc":{"Tempo di lettura stimato":"3 minuti"},"schema":{"@context":"https:\/\/schema.org","@graph":[{"@type":"WebPage","@id":"https:\/\/www.jammersignal.com\/product\/latest-8antenna-handheld-gsm-4g-jammer\/","url":"https:\/\/www.jammersignal.com\/product\/latest-8antenna-handheld-gsm-4g-jammer\/","name":"8-Antenna palmare GSM 4G Jammer pu\u00f2 intercettare i segnali WIFI GPS con un raggio di disturbo fino a 40 metri - JAMMERSIGNAL","isPartOf":{"@id":"https:\/\/www.jammersignal.com\/#website"},"primaryImageOfPage":{"@id":"https:\/\/www.jammersignal.com\/product\/latest-8antenna-handheld-gsm-4g-jammer\/#primaryimage"},"image":{"@id":"https:\/\/www.jammersignal.com\/product\/latest-8antenna-handheld-gsm-4g-jammer\/#primaryimage"},"thumbnailUrl":"https:\/\/www.jammersignal.com\/wp-content\/uploads\/2024\/05\/the-latest-8-band-jammersignal-handheld-4g-gsm-jammers-1.jpg","datePublished":"2024-05-20T00:58:51+00:00","dateModified":"2025-05-26T22:58:10+00:00","description":"Questo disturbatore di segnale portatile con 8 antenne \u00e8 adatto a casa, ufficio e scuola. Il dispositivo jammer \u00e8 in grado di bloccare efficacemente i segnali GSM, 3G, 4G e LOJACK, fornendo una zona di protezione efficiente senza la necessit\u00e0 di apparecchiature aggiuntive.","breadcrumb":{"@id":"https:\/\/www.jammersignal.com\/product\/latest-8antenna-handheld-gsm-4g-jammer\/#breadcrumb"},"inLanguage":"it-IT","potentialAction":[{"@type":"ReadAction","target":["https:\/\/www.jammersignal.com\/product\/latest-8antenna-handheld-gsm-4g-jammer\/"]}]},{"@type":"ImageObject","inLanguage":"it-IT","@id":"https:\/\/www.jammersignal.com\/product\/latest-8antenna-handheld-gsm-4g-jammer\/#primaryimage","url":"https:\/\/www.jammersignal.com\/wp-content\/uploads\/2024\/05\/the-latest-8-band-jammersignal-handheld-4g-gsm-jammers-1.jpg","contentUrl":"https:\/\/www.jammersignal.com\/wp-content\/uploads\/2024\/05\/the-latest-8-band-jammersignal-handheld-4g-gsm-jammers-1.jpg","width":650,"height":650,"caption":"the latest 8 band jammersignal handheld 4g gsm jammers (1)"},{"@type":"BreadcrumbList","@id":"https:\/\/www.jammersignal.com\/product\/latest-8antenna-handheld-gsm-4g-jammer\/#breadcrumb","itemListElement":[{"@type":"ListItem","position":1,"name":"Home","item":"https:\/\/www.jammersignal.com\/"},{"@type":"ListItem","position":2,"name":"Shop","item":"https:\/\/www.jammersignal.com\/shop\/"},{"@type":"ListItem","position":3,"name":"Signal Blocker","item":"https:\/\/www.jammersignal.com\/product-category\/signal-blocker\/"},{"@type":"ListItem","position":4,"name":"The Latest 8-Antenna Handheld GSM 4G Jammer has the ability to intercept WIFI GPS Signals"}]},{"@type":"WebSite","@id":"https:\/\/www.jammersignal.com\/#website","url":"https:\/\/www.jammersignal.com\/","name":"JAMMERSIGNAL","description":"","publisher":{"@id":"https:\/\/www.jammersignal.com\/#organization"},"potentialAction":[{"@type":"SearchAction","target":{"@type":"EntryPoint","urlTemplate":"https:\/\/www.jammersignal.com\/?s={search_term_string}"},"query-input":{"@type":"PropertyValueSpecification","valueRequired":true,"valueName":"search_term_string"}}],"inLanguage":"it-IT"},{"@type":"Organization","@id":"https:\/\/www.jammersignal.com\/#organization","name":"JAMMERSIGNAL","url":"https:\/\/www.jammersignal.com\/","logo":{"@type":"ImageObject","inLanguage":"it-IT","@id":"https:\/\/www.jammersignal.com\/#\/schema\/logo\/image\/","url":"https:\/\/www.jammersignal.com\/wp-content\/uploads\/2024\/05\/cropped-jammersignal-logo-4.png","contentUrl":"https:\/\/www.jammersignal.com\/wp-content\/uploads\/2024\/05\/cropped-jammersignal-logo-4.png","width":104,"height":34,"caption":"JAMMERSIGNAL"},"image":{"@id":"https:\/\/www.jammersignal.com\/#\/schema\/logo\/image\/"}}]}},"_links":{"self":[{"href":"https:\/\/www.jammersignal.com\/it\/wp-json\/wp\/v2\/product\/2101","targetHints":{"allow":["GET"]}}],"collection":[{"href":"https:\/\/www.jammersignal.com\/it\/wp-json\/wp\/v2\/product"}],"about":[{"href":"https:\/\/www.jammersignal.com\/it\/wp-json\/wp\/v2\/types\/product"}],"replies":[{"embeddable":true,"href":"https:\/\/www.jammersignal.com\/it\/wp-json\/wp\/v2\/comments?post=2101"}],"version-history":[{"count":5,"href":"https:\/\/www.jammersignal.com\/it\/wp-json\/wp\/v2\/product\/2101\/revisions"}],"predecessor-version":[{"id":2251,"href":"https:\/\/www.jammersignal.com\/it\/wp-json\/wp\/v2\/product\/2101\/revisions\/2251"}],"wp:featuredmedia":[{"embeddable":true,"href":"https:\/\/www.jammersignal.com\/it\/wp-json\/wp\/v2\/media\/1709"}],"wp:attachment":[{"href":"https:\/\/www.jammersignal.com\/it\/wp-json\/wp\/v2\/media?parent=2101"}],"wp:term":[{"taxonomy":"product_brand","embeddable":true,"href":"https:\/\/www.jammersignal.com\/it\/wp-json\/wp\/v2\/product_brand?post=2101"},{"taxonomy":"product_cat","embeddable":true,"href":"https:\/\/www.jammersignal.com\/it\/wp-json\/wp\/v2\/product_cat?post=2101"},{"taxonomy":"product_tag","embeddable":true,"href":"https:\/\/www.jammersignal.com\/it\/wp-json\/wp\/v2\/product_tag?post=2101"}],"curies":[{"name":"wp","href":"https:\/\/api.w.org\/{rel}","templated":true}]}}