{"id":2102,"date":"2024-05-31T00:58:52","date_gmt":"2024-05-31T00:58:52","guid":{"rendered":"https:\/\/www.jammersignal.com\/?post_type=product&#038;p=2102"},"modified":"2025-09-20T02:36:56","modified_gmt":"2025-09-20T02:36:56","slug":"handheld-all-in-one-drone-jammer","status":"publish","type":"product","link":"https:\/\/www.jammersignal.com\/it\/prodotto\/handheld-all-in-one-drone-jammer\/","title":{"rendered":"Disturbatore di droni portatile tutto in uno con distanza di disturbo fino a 500 metri"},"content":{"rendered":"<div data-elementor-type=\"wp-post\" data-elementor-id=\"2102\" class=\"elementor elementor-2102\">\n\t\t\t\t<div class=\"elementor-element elementor-element-4a8c2a2 e-flex e-con-boxed e-con e-parent\" data-id=\"4a8c2a2\" data-element_type=\"container\">\n\t\t\t\t\t<div class=\"e-con-inner\">\n\t\t<div class=\"elementor-element elementor-element-2677d1d e-con-full e-flex e-con e-child\" data-id=\"2677d1d\" data-element_type=\"container\">\n\t\t\t\t<div class=\"elementor-element elementor-element-5ee8a99 elementor-widget elementor-widget-text-editor\" data-id=\"5ee8a99\" data-element_type=\"widget\" data-widget_type=\"text-editor.default\">\n\t\t\t\t<div class=\"elementor-widget-container\">\n\t\t\t\t\t\t\t\t\t<h4>Specifiche tecniche<\/h4><table width=\"340\"><tbody><tr><td width=\"72\"><strong>Nome del parametro<\/strong><\/td><td width=\"268\"><strong>Dettagli sui parametri<\/strong><\/td><\/tr><tr><td>Modello\u00a0<\/td><td>HW10US<\/td><\/tr><tr><td>Frequenze di disturbo<\/td><td width=\"268\">RC2.4G: 2400-2500MHz<br \/>GRC5.8G: 5725-5850MHz<br \/>GPSL1 e Glonass L1: 1560-1620MHz<br \/><br \/>OPZIONE :<br \/>GPSL2+L5 : GPSL2+L5<br \/>RC 868\/912: 868-916MHz<\/td><\/tr><tr><td>Raggio di disturbo<\/td><td>100-500 metri<\/td><\/tr><tr><td>Alimentazione<\/td><td>Da AC110-240V a DC24V<\/td><\/tr><tr><td>Potenza di uscita totale<\/td><td>Totale 20W (5-10W per banda)<\/td><\/tr><tr><td>Orario di lavoro<\/td><td>Batteria integrata: 24V 4Ah Tempo di lavoro: 1,5 ore<\/td><\/tr><tr><td>Dimensione del dispositivo<\/td><td>450*105*60 mm<\/td><\/tr><tr><td>Peso del dispositivo<\/td><td>1,5 kg<\/td><\/tr><tr><td>Contenuto della confezione<\/td><td>Jammer Host x 1, caricabatterie x1<\/td><\/tr><\/tbody><\/table>\t\t\t\t\t\t\t\t<\/div>\n\t\t\t\t<\/div>\n\t\t\t\t<\/div>\n\t\t<div class=\"elementor-element elementor-element-63abe0f e-con-full e-flex e-con e-child\" data-id=\"63abe0f\" data-element_type=\"container\">\n\t\t\t\t<div class=\"elementor-element elementor-element-3d0f9f0 elementor-widget elementor-widget-text-editor\" data-id=\"3d0f9f0\" data-element_type=\"widget\" data-widget_type=\"text-editor.default\">\n\t\t\t\t<div class=\"elementor-widget-container\">\n\t\t\t\t\t\t\t\t\t<h4>Informazioni sul prodotto<\/h4><p>Vi presentiamo l'ultimo mini disturbatore di segnale per droni all-in-one con antenna direzionale. Questo dispositivo portatile di disturbo \u00e8 leggero e integra un'antenna direzionale da 10dbi ad alto guadagno, in grado di disturbare i segnali da 100 a 500 metri di distanza.<\/p><p>Progettato per bloccare i segnali dei droni, questo mini jammer portatile fornisce una copertura di 100% per una variet\u00e0 di segnali di droni, compresi i modelli pi\u00f9 diffusi come Dji Phantom 4, Phantom 3 Professional, Advanced, Standard e Inspire. Grazie al suo design portatile, pu\u00f2 essere facilmente trasportato e utilizzato. La batteria integrata garantisce un funzionamento continuo per circa 1,5 ore.<\/p><p><strong>Aree di applicazione:<\/strong><\/p><ol><li>Protezione di aree riservate come prigioni, aree di gestione militare, progetti di risorse strategiche nazionali, impianti industriali nucleari, aeroporti e distretti politici.<\/li><li>Scene del crimine, aree di gestione urbana delle forze dell'ordine, importanti siti di sicurezza, protezione di personalit\u00e0, prove di spettacoli su larga scala, siti di scavo archeologico e siti di attivit\u00e0 di gruppo su larga scala per prevenire la fuga di informazioni.<\/li><li>Lotta alle attivit\u00e0 illegali e criminali che utilizzano i droni, tra cui il traffico di droga, il contrabbando, le merci illegali o la diffusione di informazioni, ecc.<\/li><\/ol><p><strong>Caratteristiche del prodotto:<\/strong><\/p><ol><li>\u00a0Design palmare integrato, piccolo e leggero.<\/li><li>Antenna direzionale 10dbi ad alto guadagno incorporata tre in uno, potenza di uscita totale di 20W, che fornisce una distanza di interferenza di 100-500 metri (a seconda della distanza tra il drone e il telecomando).<\/li><li>Ogni dispositivo pu\u00f2 interferire con un massimo di 3 bande di frequenza contemporaneamente, \u00e8 dotato di un interruttore di alimentazione indipendente e di un indicatore LED per visualizzare lo stato di alimentazione.<\/li><li>La protezione da sovratensione VSWR garantisce la sicurezza di ogni modulo 100%.<\/li><li>Batteria incorporata, tempo di lavoro di circa 60 minuti.<\/li><li>La potenza della batteria, lo stato del caricabatterie e la corrente di lavoro sono visualizzati sullo schermo a LED per un facile monitoraggio.<\/li><\/ol><p><strong>Precauzioni:<\/strong><\/p><p>1.I jammer sono personalizzati in base alle bande di frequenza di diversi paesi, si prega di confermare che il paese di acquisto e il paese di utilizzo effettivo sono coerenti. Altrimenti non pu\u00f2 essere utilizzato.Si prega di leggere la funzione del disturbatore prima dell'acquisto.<br \/>2.If i disturbatori a bassa potenza (come i disturbatori portatili) per bloccare il dispositivo di segnale ad alta potenza (come il router WIFI ad alta potenza, l'apparecchiatura audio Bluetooth, ecc.), l'effetto sar\u00e0 scarso o addirittura non pu\u00f2 disturbare.<br \/>3. \u00c8 vietato l'uso durante la carica.<br \/>4. Non utilizzare i jammer portatili come jammer da tavolo.<br \/>5. Non utilizzare disturbatori prima di aver collegato l'antenna.<\/p>\t\t\t\t\t\t\t\t<\/div>\n\t\t\t\t<\/div>\n\t\t\t\t<\/div>\n\t\t\t\t\t<\/div>\n\t\t\t\t<\/div>\n\t\t\t\t<\/div>","protected":false},"excerpt":{"rendered":"<p>Vi presentiamo l'ultimo mini disturbatore di segnale per droni portatile all-in-one con antenna direzionale. Questo dispositivo portatile di disturbo \u00e8 leggero e integra un'antenna direzionale da 10dbi ad alto guadagno, in grado di disturbare da 100 a 500 metri di distanza.<\/p>\n<p><strong>Caratteristiche del prodotto:<\/strong><\/p>\n<p>1. Design palmare integrato, piccolo e leggero.<br \/>\n2. Antenna direzionale 10dbi ad alto guadagno incorporata tre in uno, potenza di uscita totale di 20W, che fornisce una distanza di interferenza di 100-500 metri (a seconda della distanza tra il drone e il telecomando).<br \/>\n3. Ogni dispositivo pu\u00f2 interferire con un massimo di 3 bande di frequenza contemporaneamente, \u00e8 dotato di un interruttore di alimentazione indipendente e di un indicatore LED per visualizzare lo stato di alimentazione.<br \/>\n4. La protezione da sovratensione VSWR garantisce la sicurezza di ogni modulo 100%.<br \/>\n5. Batteria incorporata, tempo di lavoro di circa 60 minuti.<br \/>\n6. La potenza della batteria, lo stato del caricabatterie e la corrente di lavoro sono visualizzati sullo schermo a LED per un facile monitoraggio.<\/p>","protected":false},"featured_media":1714,"comment_status":"open","ping_status":"closed","template":"","meta":{"site-sidebar-layout":"no-sidebar","site-content-layout":"page-builder","ast-site-content-layout":"normal-width-container","site-content-style":"default","site-sidebar-style":"default","ast-global-header-display":"","ast-banner-title-visibility":"","ast-main-header-display":"","ast-hfb-above-header-display":"","ast-hfb-below-header-display":"","ast-hfb-mobile-header-display":"","site-post-title":"disabled","ast-breadcrumbs-content":"","ast-featured-img":"disabled","footer-sml-layout":"","theme-transparent-header-meta":"default","adv-header-id-meta":"","stick-header-meta":"default","header-above-stick-meta":"","header-main-stick-meta":"","header-below-stick-meta":"","astra-migrate-meta-layouts":"set","ast-page-background-enabled":"default","ast-page-background-meta":{"desktop":{"background-color":"var(--ast-global-color-4)","background-image":"","background-repeat":"repeat","background-position":"center center","background-size":"auto","background-attachment":"scroll","background-type":"","background-media":"","overlay-type":"","overlay-color":"","overlay-gradient":""},"tablet":{"background-color":"","background-image":"","background-repeat":"repeat","background-position":"center center","background-size":"auto","background-attachment":"scroll","background-type":"","background-media":"","overlay-type":"","overlay-color":"","overlay-gradient":""},"mobile":{"background-color":"","background-image":"","background-repeat":"repeat","background-position":"center center","background-size":"auto","background-attachment":"scroll","background-type":"","background-media":"","overlay-type":"","overlay-color":"","overlay-gradient":""}},"ast-content-background-meta":{"desktop":{"background-color":"var(--ast-global-color-5)","background-image":"","background-repeat":"repeat","background-position":"center center","background-size":"auto","background-attachment":"scroll","background-type":"","background-media":"","overlay-type":"","overlay-color":"","overlay-gradient":""},"tablet":{"background-color":"var(--ast-global-color-5)","background-image":"","background-repeat":"repeat","background-position":"center center","background-size":"auto","background-attachment":"scroll","background-type":"","background-media":"","overlay-type":"","overlay-color":"","overlay-gradient":""},"mobile":{"background-color":"var(--ast-global-color-5)","background-image":"","background-repeat":"repeat","background-position":"center center","background-size":"auto","background-attachment":"scroll","background-type":"","background-media":"","overlay-type":"","overlay-color":"","overlay-gradient":""}}},"product_brand":[],"product_cat":[15,40,44,43,35,34,53,46,71,84,55,37,36],"product_tag":[345,448,470,452,473,502,536,537,503,504,424,453,368,505,524,493,465,476,434,512,457,479,516,560,549,487,552,441,561,445,443,558],"class_list":{"0":"post-2102","1":"product","2":"type-product","3":"status-publish","4":"has-post-thumbnail","6":"product_cat-signal-blocker","7":"product_cat-bluetooth-signal-blocker","8":"product_cat-drone-signal-blocker","9":"product_cat-drone-jammer","10":"product_cat-gps-signal-blocker","11":"product_cat-gps-signal-jammer","12":"product_cat-hidden-signal-jammer","13":"product_cat-high-power-signal-jammers","14":"product_cat-more-than-1000dollars-jammers","15":"product_cat-more-than-40meters","16":"product_cat-outdoor-jammer","17":"product_cat-wifi-signal-blocker","18":"product_cat-wifi-jammer","19":"product_tag-2-4ghz-wifi-jammer","20":"product_tag-anti-drone-jammer","21":"product_tag-device-jammer","22":"product_tag-diy-drone-jammer","23":"product_tag-door-jammer-hhhhhh","24":"product_tag-drone-frequency-jammer","25":"product_tag-drone-jammer-aaaaaa","26":"product_tag-drone-jammer-app","27":"product_tag-drone-jammer-for-sale","28":"product_tag-drone-radio-jammer","29":"product_tag-drone-signal-jammer","30":"product_tag-drone-signal-jammer-aaaaaa","31":"product_tag-drone-wifi-jammer","32":"product_tag-electronic-device-jammer","33":"product_tag-frequency-jammer","34":"product_tag-how-do-jammer-work","35":"product_tag-how-do-signal-jammer-work","36":"product_tag-how-to-make-signal-jammer","37":"product_tag-jammer-device","38":"product_tag-jammer-drone","39":"product_tag-jammer-meaning","40":"product_tag-jammer-signal-blocker","41":"product_tag-rf-frequency-jammer","42":"product_tag-rf-jammer","43":"product_tag-rf-jammer-for-sale","44":"product_tag-rf-signal-jammer","45":"product_tag-signal-jammer-blocker","46":"product_tag-signal-jammer-cost","47":"product_tag-signal-jammer-for-sale","48":"product_tag-wave-jammer","49":"product_tag-what-is-a-jammer","50":"product_tag-whats-a-jammer","51":"desktop-align-left","52":"tablet-align-left","53":"mobile-align-left","54":"ast-product-gallery-layout-horizontal-slider","55":"ast-product-single-variable","56":"ast-product-tabs-layout-horizontal","58":"first","59":"instock","60":"sale","61":"shipping-taxable","62":"purchasable","63":"product-type-variable"},"yoast_head":"<!-- This site is optimized with the Yoast SEO plugin v23.9 - https:\/\/yoast.com\/wordpress\/plugins\/seo\/ -->\n<title>Handheld all in one Drone Jammer with jamming distance up to 500 meters, Blocks RC2.4G 5.8GHz GPS GLONASS L1 Signals - JAMMERSIGNAL<\/title>\n<meta name=\"description\" content=\"This popular handheld all-in-one drone signal jammer, lightweight, integrated high-gain 10dbi directional antenna, has a jamming distance of up to 500 meters and can intercept RC2.4G 5.8GHz GPS GLONASS L1 signals.\" \/>\n<meta name=\"robots\" content=\"index, follow, max-snippet:-1, max-image-preview:large, max-video-preview:-1\" \/>\n<link rel=\"canonical\" href=\"https:\/\/www.jammersignal.com\/it\/prodotto\/handheld-all-in-one-drone-jammer\/\" \/>\n<meta property=\"og:locale\" content=\"it_IT\" \/>\n<meta property=\"og:type\" content=\"article\" \/>\n<meta property=\"og:title\" content=\"Handheld all in one Drone Jammer with jamming distance up to 500 meters, Blocks RC2.4G 5.8GHz GPS GLONASS L1 Signals - JAMMERSIGNAL\" \/>\n<meta property=\"og:description\" content=\"This popular handheld all-in-one drone signal jammer, lightweight, integrated high-gain 10dbi directional antenna, has a jamming distance of up to 500 meters and can intercept RC2.4G 5.8GHz GPS GLONASS L1 signals.\" \/>\n<meta property=\"og:url\" content=\"https:\/\/www.jammersignal.com\/it\/prodotto\/handheld-all-in-one-drone-jammer\/\" \/>\n<meta property=\"og:site_name\" content=\"JAMMERSIGNAL\" \/>\n<meta property=\"article:modified_time\" content=\"2025-09-20T02:36:56+00:00\" \/>\n<meta property=\"og:image\" content=\"https:\/\/www.jammersignal.com\/wp-content\/uploads\/2024\/05\/handheld-jammersignal-uav-all-in-one-jammers-1.jpg\" \/>\n\t<meta property=\"og:image:width\" content=\"600\" \/>\n\t<meta property=\"og:image:height\" content=\"600\" \/>\n\t<meta property=\"og:image:type\" content=\"image\/jpeg\" \/>\n<meta name=\"twitter:card\" content=\"summary_large_image\" \/>\n<meta name=\"twitter:label1\" content=\"Tempo di lettura stimato\" \/>\n\t<meta name=\"twitter:data1\" content=\"2 minuti\" \/>\n<script type=\"application\/ld+json\" class=\"yoast-schema-graph\">{\"@context\":\"https:\/\/schema.org\",\"@graph\":[{\"@type\":\"WebPage\",\"@id\":\"https:\/\/www.jammersignal.com\/product\/handheld-all-in-one-drone-jammer\/\",\"url\":\"https:\/\/www.jammersignal.com\/product\/handheld-all-in-one-drone-jammer\/\",\"name\":\"Handheld all in one Drone Jammer with jamming distance up to 500 meters, Blocks RC2.4G 5.8GHz GPS GLONASS L1 Signals - JAMMERSIGNAL\",\"isPartOf\":{\"@id\":\"https:\/\/www.jammersignal.com\/#website\"},\"primaryImageOfPage\":{\"@id\":\"https:\/\/www.jammersignal.com\/product\/handheld-all-in-one-drone-jammer\/#primaryimage\"},\"image\":{\"@id\":\"https:\/\/www.jammersignal.com\/product\/handheld-all-in-one-drone-jammer\/#primaryimage\"},\"thumbnailUrl\":\"https:\/\/www.jammersignal.com\/wp-content\/uploads\/2024\/05\/handheld-jammersignal-uav-all-in-one-jammers-1.jpg\",\"datePublished\":\"2024-05-31T00:58:52+00:00\",\"dateModified\":\"2025-09-20T02:36:56+00:00\",\"description\":\"This popular handheld all-in-one drone signal jammer, lightweight, integrated high-gain 10dbi directional antenna, has a jamming distance of up to 500 meters and can intercept RC2.4G 5.8GHz GPS GLONASS L1 signals.\",\"breadcrumb\":{\"@id\":\"https:\/\/www.jammersignal.com\/product\/handheld-all-in-one-drone-jammer\/#breadcrumb\"},\"inLanguage\":\"it-IT\",\"potentialAction\":[{\"@type\":\"ReadAction\",\"target\":[\"https:\/\/www.jammersignal.com\/product\/handheld-all-in-one-drone-jammer\/\"]}]},{\"@type\":\"ImageObject\",\"inLanguage\":\"it-IT\",\"@id\":\"https:\/\/www.jammersignal.com\/product\/handheld-all-in-one-drone-jammer\/#primaryimage\",\"url\":\"https:\/\/www.jammersignal.com\/wp-content\/uploads\/2024\/05\/handheld-jammersignal-uav-all-in-one-jammers-1.jpg\",\"contentUrl\":\"https:\/\/www.jammersignal.com\/wp-content\/uploads\/2024\/05\/handheld-jammersignal-uav-all-in-one-jammers-1.jpg\",\"width\":600,\"height\":600,\"caption\":\"handheld jammersignal uav all in one jammers (1)\"},{\"@type\":\"BreadcrumbList\",\"@id\":\"https:\/\/www.jammersignal.com\/product\/handheld-all-in-one-drone-jammer\/#breadcrumb\",\"itemListElement\":[{\"@type\":\"ListItem\",\"position\":1,\"name\":\"Home\",\"item\":\"https:\/\/www.jammersignal.com\/\"},{\"@type\":\"ListItem\",\"position\":2,\"name\":\"Shop\",\"item\":\"https:\/\/www.jammersignal.com\/shop\/\"},{\"@type\":\"ListItem\",\"position\":3,\"name\":\"Signal Blocker\",\"item\":\"https:\/\/www.jammersignal.com\/product-category\/signal-blocker\/\"},{\"@type\":\"ListItem\",\"position\":4,\"name\":\"Handheld all in one Drone Jammer with jamming distance up to 500 meters\"}]},{\"@type\":\"WebSite\",\"@id\":\"https:\/\/www.jammersignal.com\/#website\",\"url\":\"https:\/\/www.jammersignal.com\/\",\"name\":\"JAMMERSIGNAL\",\"description\":\"\",\"publisher\":{\"@id\":\"https:\/\/www.jammersignal.com\/#organization\"},\"potentialAction\":[{\"@type\":\"SearchAction\",\"target\":{\"@type\":\"EntryPoint\",\"urlTemplate\":\"https:\/\/www.jammersignal.com\/?s={search_term_string}\"},\"query-input\":{\"@type\":\"PropertyValueSpecification\",\"valueRequired\":true,\"valueName\":\"search_term_string\"}}],\"inLanguage\":\"it-IT\"},{\"@type\":\"Organization\",\"@id\":\"https:\/\/www.jammersignal.com\/#organization\",\"name\":\"JAMMERSIGNAL\",\"url\":\"https:\/\/www.jammersignal.com\/\",\"logo\":{\"@type\":\"ImageObject\",\"inLanguage\":\"it-IT\",\"@id\":\"https:\/\/www.jammersignal.com\/#\/schema\/logo\/image\/\",\"url\":\"https:\/\/www.jammersignal.com\/wp-content\/uploads\/2024\/05\/cropped-jammersignal-logo-4.png\",\"contentUrl\":\"https:\/\/www.jammersignal.com\/wp-content\/uploads\/2024\/05\/cropped-jammersignal-logo-4.png\",\"width\":104,\"height\":34,\"caption\":\"JAMMERSIGNAL\"},\"image\":{\"@id\":\"https:\/\/www.jammersignal.com\/#\/schema\/logo\/image\/\"}}]}<\/script>\n<!-- \/ Yoast SEO plugin. -->","yoast_head_json":{"title":"Disturbatore portatile per droni tutto in uno con distanza di disturbo fino a 500 metri, blocca i segnali RC2.4G 5.8GHz GPS GLONASS L1 - JAMMERSIGNAL","description":"Questo popolare disturbatore di segnale per droni portatile all-in-one, leggero, con antenna direzionale integrata ad alto guadagno da 10dbi, ha una distanza di disturbo fino a 500 metri e pu\u00f2 intercettare i segnali RC2.4G 5.8GHz GPS GLONASS L1.","robots":{"index":"index","follow":"follow","max-snippet":"max-snippet:-1","max-image-preview":"max-image-preview:large","max-video-preview":"max-video-preview:-1"},"canonical":"https:\/\/www.jammersignal.com\/it\/prodotto\/handheld-all-in-one-drone-jammer\/","og_locale":"it_IT","og_type":"article","og_title":"Handheld all in one Drone Jammer with jamming distance up to 500 meters, Blocks RC2.4G 5.8GHz GPS GLONASS L1 Signals - JAMMERSIGNAL","og_description":"This popular handheld all-in-one drone signal jammer, lightweight, integrated high-gain 10dbi directional antenna, has a jamming distance of up to 500 meters and can intercept RC2.4G 5.8GHz GPS GLONASS L1 signals.","og_url":"https:\/\/www.jammersignal.com\/it\/prodotto\/handheld-all-in-one-drone-jammer\/","og_site_name":"JAMMERSIGNAL","article_modified_time":"2025-09-20T02:36:56+00:00","og_image":[{"width":600,"height":600,"url":"https:\/\/www.jammersignal.com\/wp-content\/uploads\/2024\/05\/handheld-jammersignal-uav-all-in-one-jammers-1.jpg","type":"image\/jpeg"}],"twitter_card":"summary_large_image","twitter_misc":{"Tempo di lettura stimato":"2 minuti"},"schema":{"@context":"https:\/\/schema.org","@graph":[{"@type":"WebPage","@id":"https:\/\/www.jammersignal.com\/product\/handheld-all-in-one-drone-jammer\/","url":"https:\/\/www.jammersignal.com\/product\/handheld-all-in-one-drone-jammer\/","name":"Disturbatore portatile per droni tutto in uno con distanza di disturbo fino a 500 metri, blocca i segnali RC2.4G 5.8GHz GPS GLONASS L1 - JAMMERSIGNAL","isPartOf":{"@id":"https:\/\/www.jammersignal.com\/#website"},"primaryImageOfPage":{"@id":"https:\/\/www.jammersignal.com\/product\/handheld-all-in-one-drone-jammer\/#primaryimage"},"image":{"@id":"https:\/\/www.jammersignal.com\/product\/handheld-all-in-one-drone-jammer\/#primaryimage"},"thumbnailUrl":"https:\/\/www.jammersignal.com\/wp-content\/uploads\/2024\/05\/handheld-jammersignal-uav-all-in-one-jammers-1.jpg","datePublished":"2024-05-31T00:58:52+00:00","dateModified":"2025-09-20T02:36:56+00:00","description":"Questo popolare disturbatore di segnale per droni portatile all-in-one, leggero, con antenna direzionale integrata ad alto guadagno da 10dbi, ha una distanza di disturbo fino a 500 metri e pu\u00f2 intercettare i segnali RC2.4G 5.8GHz GPS GLONASS L1.","breadcrumb":{"@id":"https:\/\/www.jammersignal.com\/product\/handheld-all-in-one-drone-jammer\/#breadcrumb"},"inLanguage":"it-IT","potentialAction":[{"@type":"ReadAction","target":["https:\/\/www.jammersignal.com\/product\/handheld-all-in-one-drone-jammer\/"]}]},{"@type":"ImageObject","inLanguage":"it-IT","@id":"https:\/\/www.jammersignal.com\/product\/handheld-all-in-one-drone-jammer\/#primaryimage","url":"https:\/\/www.jammersignal.com\/wp-content\/uploads\/2024\/05\/handheld-jammersignal-uav-all-in-one-jammers-1.jpg","contentUrl":"https:\/\/www.jammersignal.com\/wp-content\/uploads\/2024\/05\/handheld-jammersignal-uav-all-in-one-jammers-1.jpg","width":600,"height":600,"caption":"handheld jammersignal uav all in one jammers (1)"},{"@type":"BreadcrumbList","@id":"https:\/\/www.jammersignal.com\/product\/handheld-all-in-one-drone-jammer\/#breadcrumb","itemListElement":[{"@type":"ListItem","position":1,"name":"Home","item":"https:\/\/www.jammersignal.com\/"},{"@type":"ListItem","position":2,"name":"Shop","item":"https:\/\/www.jammersignal.com\/shop\/"},{"@type":"ListItem","position":3,"name":"Signal Blocker","item":"https:\/\/www.jammersignal.com\/product-category\/signal-blocker\/"},{"@type":"ListItem","position":4,"name":"Handheld all in one Drone Jammer with jamming distance up to 500 meters"}]},{"@type":"WebSite","@id":"https:\/\/www.jammersignal.com\/#website","url":"https:\/\/www.jammersignal.com\/","name":"JAMMERSIGNAL","description":"","publisher":{"@id":"https:\/\/www.jammersignal.com\/#organization"},"potentialAction":[{"@type":"SearchAction","target":{"@type":"EntryPoint","urlTemplate":"https:\/\/www.jammersignal.com\/?s={search_term_string}"},"query-input":{"@type":"PropertyValueSpecification","valueRequired":true,"valueName":"search_term_string"}}],"inLanguage":"it-IT"},{"@type":"Organization","@id":"https:\/\/www.jammersignal.com\/#organization","name":"JAMMERSIGNAL","url":"https:\/\/www.jammersignal.com\/","logo":{"@type":"ImageObject","inLanguage":"it-IT","@id":"https:\/\/www.jammersignal.com\/#\/schema\/logo\/image\/","url":"https:\/\/www.jammersignal.com\/wp-content\/uploads\/2024\/05\/cropped-jammersignal-logo-4.png","contentUrl":"https:\/\/www.jammersignal.com\/wp-content\/uploads\/2024\/05\/cropped-jammersignal-logo-4.png","width":104,"height":34,"caption":"JAMMERSIGNAL"},"image":{"@id":"https:\/\/www.jammersignal.com\/#\/schema\/logo\/image\/"}}]}},"_links":{"self":[{"href":"https:\/\/www.jammersignal.com\/it\/wp-json\/wp\/v2\/product\/2102","targetHints":{"allow":["GET"]}}],"collection":[{"href":"https:\/\/www.jammersignal.com\/it\/wp-json\/wp\/v2\/product"}],"about":[{"href":"https:\/\/www.jammersignal.com\/it\/wp-json\/wp\/v2\/types\/product"}],"replies":[{"embeddable":true,"href":"https:\/\/www.jammersignal.com\/it\/wp-json\/wp\/v2\/comments?post=2102"}],"version-history":[{"count":5,"href":"https:\/\/www.jammersignal.com\/it\/wp-json\/wp\/v2\/product\/2102\/revisions"}],"predecessor-version":[{"id":2256,"href":"https:\/\/www.jammersignal.com\/it\/wp-json\/wp\/v2\/product\/2102\/revisions\/2256"}],"wp:featuredmedia":[{"embeddable":true,"href":"https:\/\/www.jammersignal.com\/it\/wp-json\/wp\/v2\/media\/1714"}],"wp:attachment":[{"href":"https:\/\/www.jammersignal.com\/it\/wp-json\/wp\/v2\/media?parent=2102"}],"wp:term":[{"taxonomy":"product_brand","embeddable":true,"href":"https:\/\/www.jammersignal.com\/it\/wp-json\/wp\/v2\/product_brand?post=2102"},{"taxonomy":"product_cat","embeddable":true,"href":"https:\/\/www.jammersignal.com\/it\/wp-json\/wp\/v2\/product_cat?post=2102"},{"taxonomy":"product_tag","embeddable":true,"href":"https:\/\/www.jammersignal.com\/it\/wp-json\/wp\/v2\/product_tag?post=2102"}],"curies":[{"name":"wp","href":"https:\/\/api.w.org\/{rel}","templated":true}]}}