{"id":2273,"date":"2024-05-31T05:15:29","date_gmt":"2024-05-31T05:15:29","guid":{"rendered":"https:\/\/www.jammersignal.com\/?post_type=product&#038;p=2273"},"modified":"2024-12-17T07:53:43","modified_gmt":"2024-12-17T07:53:43","slug":"high-power-handheld-portable-drone-jammer","status":"publish","type":"product","link":"https:\/\/www.jammersignal.com\/it\/prodotto\/high-power-handheld-portable-drone-jammer\/","title":{"rendered":"Disturbatore di segnale per droni portatile ad alta potenza HW08US"},"content":{"rendered":"<div data-elementor-type=\"wp-post\" data-elementor-id=\"2273\" class=\"elementor elementor-2273\">\n\t\t\t\t<div class=\"elementor-element elementor-element-4a8c2a2 e-flex e-con-boxed e-con e-parent\" data-id=\"4a8c2a2\" data-element_type=\"container\">\n\t\t\t\t\t<div class=\"e-con-inner\">\n\t\t<div class=\"elementor-element elementor-element-2677d1d e-con-full e-flex e-con e-child\" data-id=\"2677d1d\" data-element_type=\"container\">\n\t\t\t\t<div class=\"elementor-element elementor-element-5ee8a99 elementor-widget elementor-widget-text-editor\" data-id=\"5ee8a99\" data-element_type=\"widget\" data-widget_type=\"text-editor.default\">\n\t\t\t\t<div class=\"elementor-widget-container\">\n\t\t\t\t\t\t\t\t\t<h4>Specifiche tecniche<\/h4><table width=\"416\"><tbody><tr><td width=\"72\"><strong>Nome del parametro<\/strong><\/td><td width=\"344\"><strong>Dettagli sui parametri<\/strong><\/td><\/tr><tr><td>Modello\u00a0<\/td><td>HW08US<\/td><\/tr><tr><td>Frequenze di disturbo<\/td><td width=\"344\">2400-2500MHz<br \/>5725-5850MHz<br \/>1560-1620MHz<br \/>1170-1280MHz<\/td><\/tr><tr><td>Raggio di disturbo<\/td><td>Fino a 250 metri<\/td><\/tr><tr><td>Tensione<\/td><td>AC 220 V<\/td><\/tr><tr><td>Alimentazione<\/td><td>Batteria integrata<\/td><\/tr><tr><td>Orario di lavoro<\/td><td>1-1,5 ore<\/td><\/tr><tr><td>Peso<\/td><td>3500 g<\/td><\/tr><tr><td>Dimensione<\/td><td>380 mm*260 mm*95 mm<\/td><\/tr><tr><td>Temperatura di esercizio<\/td><td>Da -10\u2103 a +50\u2103<\/td><\/tr><tr><td>Umidit\u00e0 di esercizio<\/td><td>Da 5% a 80%<\/td><\/tr><\/tbody><\/table>\t\t\t\t\t\t\t\t<\/div>\n\t\t\t\t<\/div>\n\t\t\t\t<\/div>\n\t\t<div class=\"elementor-element elementor-element-63abe0f e-con-full e-flex e-con e-child\" data-id=\"63abe0f\" data-element_type=\"container\">\n\t\t\t\t<div class=\"elementor-element elementor-element-3d0f9f0 elementor-widget elementor-widget-text-editor\" data-id=\"3d0f9f0\" data-element_type=\"widget\" data-widget_type=\"text-editor.default\">\n\t\t\t\t<div class=\"elementor-widget-container\">\n\t\t\t\t\t\t\t\t\t<h4>Informazioni sul prodotto<\/h4><p>Questo jammer portatile di media potenza \u00e8 progettato per coprire 100% di frequenze di segnale dei droni. Il suo campo di disturbo direzionale \u00e8 compreso tra 20 e 250 metri, in grado di prevenire efficacemente le attivit\u00e0 indesiderate dei droni.<\/p><p>Questo jammer per droni portatile si distingue dagli altri jammer per droni per il suo design leggero e le dimensioni ridotte. Pu\u00f2 essere facilmente portato in giro senza attirare l'attenzione sul fatto che si sta utilizzando un jammer. La portabilit\u00e0 di questo jammer \u00e8 una caratteristica inestimabile.<\/p><p>Come eccellente disturbatore di droni, questo dispositivo \u00e8 in grado di disturbare efficacemente i segnali a 2,4GHz e 5,8GHz utilizzati dai sistemi GLONASS e GPS. Offre un incredibile raggio di copertura fino a 250 metri, in grado di contrastare efficacemente droni e veicoli aerei senza pilota come i DJI Phantom 4, Phantom 3 Professional, Advanced, Standard e Inspire.<\/p><p><strong>Caratteristiche del prodotto:<\/strong><\/p><ol><li>Con una potenza di uscita totale di 24 watt e dotata di un'antenna direzionale piatta ad alto guadagno da 5-7 dBi, la distanza di disturbo pu\u00f2 raggiungere i 250 metri.<\/li><li>Ciascuna unit\u00e0 pu\u00f2 disturbare fino a 4 bande contemporaneamente, con potenza regolabile per ciascuna banda, dalla massima potenza allo spegnimento (0). L'indicatore LED mostra lo stato di alimentazione.<\/li><li>Fornisce una protezione sicura contro il sovraccarico VSWR per ogni modulo, garantendo l'affidabilit\u00e0 e la durata del jammer.<\/li><li>La batteria incorporata ha un'autonomia di lavoro di oltre 60-90 minuti e pu\u00f2 essere utilizzata a lungo senza bisogno di una ricarica costante.<\/li><li>La carica della batteria e lo stato del caricatore sono comodamente visualizzati sullo schermo a LED, fornendo informazioni in tempo reale.<\/li><\/ol><p>Il nostro disturbatore di segnale per droni portatile \u00e8 la soluzione ideale per affrontare le minacce dei droni in varie situazioni. Le sue potenti prestazioni, la portabilit\u00e0 e le caratteristiche di facile utilizzo lo rendono una scelta affidabile per proteggere le aree sensibili dalle attivit\u00e0 non autorizzate dei droni.<\/p><p><strong>Precauzioni:<\/strong><\/p><p>1.I jammer sono personalizzati in base alle bande di frequenza di diversi paesi, si prega di confermare che il paese di acquisto e il paese di utilizzo effettivo sono coerenti. Altrimenti non pu\u00f2 essere utilizzato.Si prega di leggere la funzione del disturbatore prima dell'acquisto.<br \/>2.If i disturbatori a bassa potenza (come i disturbatori portatili) per bloccare il dispositivo di segnale ad alta potenza (come il router WIFI ad alta potenza, l'apparecchiatura audio Bluetooth, ecc.), l'effetto sar\u00e0 scarso o addirittura non pu\u00f2 disturbare.<br \/>3. \u00c8 vietato l'uso durante la carica.<br \/>4. Non utilizzare i jammer portatili come jammer da tavolo.<br \/>5. Non utilizzare disturbatori prima di aver collegato l'antenna.<\/p>\t\t\t\t\t\t\t\t<\/div>\n\t\t\t\t<\/div>\n\t\t\t\t<\/div>\n\t\t\t\t\t<\/div>\n\t\t\t\t<\/div>\n\t\t\t\t<\/div>","protected":false},"excerpt":{"rendered":"<p>Questo jammer portatile di media potenza \u00e8 progettato per coprire 100% di frequenze di segnale dei droni. Il suo campo di disturbo direzionale \u00e8 compreso tra 20 e 250 metri, in grado di prevenire efficacemente le attivit\u00e0 indesiderate dei droni.<\/p>\n<p>Come eccellente disturbatore di droni, questo dispositivo \u00e8 in grado di disturbare efficacemente i segnali a 2,4GHz e 5,8GHz utilizzati dai sistemi GLONASS e GPS. Offre un incredibile raggio di copertura fino a 250 metri, in grado di contrastare efficacemente droni e veicoli aerei senza pilota come i DJI Phantom 4, Phantom 3 Professional, Advanced, Standard e Inspire.<\/p>\n<p><strong>Caratteristiche del prodotto:<\/strong><\/p>\n<p>1. Con una potenza di uscita totale di 24 watt e dotata di un'antenna direzionale piatta ad alto guadagno da 5-7 dBi, la distanza di disturbo pu\u00f2 raggiungere i 250 metri.<br \/>\n2. Ciascuna unit\u00e0 pu\u00f2 disturbare fino a 4 bande contemporaneamente, con potenza regolabile per ciascuna banda, dalla massima potenza allo spegnimento (0). L'indicatore LED mostra lo stato di alimentazione.<br \/>\n3. Forniscono una protezione sicura contro il sovraccarico VSWR per ogni modulo, garantendo l'affidabilit\u00e0 e la durata del jammer.<br \/>\n4. La batteria incorporata ha un'autonomia di lavoro di oltre 60-90 minuti e pu\u00f2 essere utilizzata a lungo senza bisogno di una ricarica costante.<br \/>\n5. La carica della batteria e lo stato del caricabatterie vengono comodamente visualizzati sullo schermo LED, fornendo informazioni in tempo reale.<\/p>","protected":false},"featured_media":1750,"comment_status":"open","ping_status":"closed","template":"","meta":{"site-sidebar-layout":"no-sidebar","site-content-layout":"page-builder","ast-site-content-layout":"normal-width-container","site-content-style":"default","site-sidebar-style":"default","ast-global-header-display":"","ast-banner-title-visibility":"","ast-main-header-display":"","ast-hfb-above-header-display":"","ast-hfb-below-header-display":"","ast-hfb-mobile-header-display":"","site-post-title":"disabled","ast-breadcrumbs-content":"","ast-featured-img":"disabled","footer-sml-layout":"","theme-transparent-header-meta":"default","adv-header-id-meta":"","stick-header-meta":"default","header-above-stick-meta":"","header-main-stick-meta":"","header-below-stick-meta":"","astra-migrate-meta-layouts":"set","ast-page-background-enabled":"default","ast-page-background-meta":{"desktop":{"background-color":"var(--ast-global-color-4)","background-image":"","background-repeat":"repeat","background-position":"center center","background-size":"auto","background-attachment":"scroll","background-type":"","background-media":"","overlay-type":"","overlay-color":"","overlay-gradient":""},"tablet":{"background-color":"","background-image":"","background-repeat":"repeat","background-position":"center center","background-size":"auto","background-attachment":"scroll","background-type":"","background-media":"","overlay-type":"","overlay-color":"","overlay-gradient":""},"mobile":{"background-color":"","background-image":"","background-repeat":"repeat","background-position":"center center","background-size":"auto","background-attachment":"scroll","background-type":"","background-media":"","overlay-type":"","overlay-color":"","overlay-gradient":""}},"ast-content-background-meta":{"desktop":{"background-color":"var(--ast-global-color-5)","background-image":"","background-repeat":"repeat","background-position":"center center","background-size":"auto","background-attachment":"scroll","background-type":"","background-media":"","overlay-type":"","overlay-color":"","overlay-gradient":""},"tablet":{"background-color":"var(--ast-global-color-5)","background-image":"","background-repeat":"repeat","background-position":"center center","background-size":"auto","background-attachment":"scroll","background-type":"","background-media":"","overlay-type":"","overlay-color":"","overlay-gradient":""},"mobile":{"background-color":"var(--ast-global-color-5)","background-image":"","background-repeat":"repeat","background-position":"center center","background-size":"auto","background-attachment":"scroll","background-type":"","background-media":"","overlay-type":"","overlay-color":"","overlay-gradient":""}}},"product_brand":[],"product_cat":[15,44,43,53,46,71,84,55,97,98],"product_tag":[345,448,452,535,502,536,537,503,504,424,453,368,524,512,457,551,525,558],"class_list":{"0":"post-2273","1":"product","2":"type-product","3":"status-publish","4":"has-post-thumbnail","6":"product_cat-signal-blocker","7":"product_cat-drone-signal-blocker","8":"product_cat-drone-jammer","9":"product_cat-hidden-signal-jammer","10":"product_cat-high-power-signal-jammers","11":"product_cat-more-than-1000dollars-jammers","12":"product_cat-more-than-40meters","13":"product_cat-outdoor-jammer","14":"product_cat-wifi-2-4g-2400-2500mhz-jammer","15":"product_cat-wifi-5g-5100-5680mhz-or5720-5850mhz-jammer","16":"product_tag-2-4ghz-wifi-jammer","17":"product_tag-anti-drone-jammer","18":"product_tag-diy-drone-jammer","19":"product_tag-door-jammer-portable","20":"product_tag-drone-frequency-jammer","21":"product_tag-drone-jammer-aaaaaa","22":"product_tag-drone-jammer-app","23":"product_tag-drone-jammer-for-sale","24":"product_tag-drone-radio-jammer","25":"product_tag-drone-signal-jammer","26":"product_tag-drone-signal-jammer-aaaaaa","27":"product_tag-drone-wifi-jammer","28":"product_tag-frequency-jammer","29":"product_tag-jammer-drone","30":"product_tag-jammer-meaning","31":"product_tag-signal-blocker-jammer","32":"product_tag-the-jammer","33":"product_tag-whats-a-jammer","34":"desktop-align-left","35":"tablet-align-left","36":"mobile-align-left","37":"ast-product-gallery-layout-horizontal-slider","38":"ast-product-single-variable","39":"ast-product-tabs-layout-horizontal","41":"first","42":"instock","43":"sale","44":"shipping-taxable","45":"purchasable","46":"product-type-variable"},"yoast_head":"<!-- This site is optimized with the Yoast SEO plugin v23.9 - https:\/\/yoast.com\/wordpress\/plugins\/seo\/ -->\n<title>High-Power Portable Drone Signal Jammer with A Shielding Radius of up to 250 Meters - JAMMERSIGNAL<\/title>\n<meta name=\"description\" content=\"This latest mid-power portable drone signal jammer is designed to cover 100% of drone signal frequencies. Its directional jamming range is 20 to 250m, which effectively prevents unwanted drone activities.\" \/>\n<meta name=\"robots\" content=\"index, follow, max-snippet:-1, max-image-preview:large, max-video-preview:-1\" \/>\n<link rel=\"canonical\" href=\"https:\/\/www.jammersignal.com\/it\/prodotto\/high-power-handheld-portable-drone-jammer\/\" \/>\n<meta property=\"og:locale\" content=\"it_IT\" \/>\n<meta property=\"og:type\" content=\"article\" \/>\n<meta property=\"og:title\" content=\"High-Power Portable Drone Signal Jammer with A Shielding Radius of up to 250 Meters - JAMMERSIGNAL\" \/>\n<meta property=\"og:description\" content=\"This latest mid-power portable drone signal jammer is designed to cover 100% of drone signal frequencies. Its directional jamming range is 20 to 250m, which effectively prevents unwanted drone activities.\" \/>\n<meta property=\"og:url\" content=\"https:\/\/www.jammersignal.com\/it\/prodotto\/high-power-handheld-portable-drone-jammer\/\" \/>\n<meta property=\"og:site_name\" content=\"JAMMERSIGNAL\" \/>\n<meta property=\"article:modified_time\" content=\"2024-12-17T07:53:43+00:00\" \/>\n<meta property=\"og:image\" content=\"https:\/\/www.jammersignal.com\/wp-content\/uploads\/2024\/05\/hw08us-high-jammersignal-drone-portable-handheld-jammers-1.jpg\" \/>\n\t<meta property=\"og:image:width\" content=\"2000\" \/>\n\t<meta property=\"og:image:height\" content=\"2000\" \/>\n\t<meta property=\"og:image:type\" content=\"image\/jpeg\" \/>\n<meta name=\"twitter:card\" content=\"summary_large_image\" \/>\n<meta name=\"twitter:label1\" content=\"Tempo di lettura stimato\" \/>\n\t<meta name=\"twitter:data1\" content=\"2 minuti\" \/>\n<script type=\"application\/ld+json\" class=\"yoast-schema-graph\">{\"@context\":\"https:\/\/schema.org\",\"@graph\":[{\"@type\":\"WebPage\",\"@id\":\"https:\/\/www.jammersignal.com\/product\/high-power-handheld-portable-drone-jammer\/\",\"url\":\"https:\/\/www.jammersignal.com\/product\/high-power-handheld-portable-drone-jammer\/\",\"name\":\"High-Power Portable Drone Signal Jammer with A Shielding Radius of up to 250 Meters - JAMMERSIGNAL\",\"isPartOf\":{\"@id\":\"https:\/\/www.jammersignal.com\/#website\"},\"primaryImageOfPage\":{\"@id\":\"https:\/\/www.jammersignal.com\/product\/high-power-handheld-portable-drone-jammer\/#primaryimage\"},\"image\":{\"@id\":\"https:\/\/www.jammersignal.com\/product\/high-power-handheld-portable-drone-jammer\/#primaryimage\"},\"thumbnailUrl\":\"https:\/\/www.jammersignal.com\/wp-content\/uploads\/2024\/05\/hw08us-high-jammersignal-drone-portable-handheld-jammers-1.jpg\",\"datePublished\":\"2024-05-31T05:15:29+00:00\",\"dateModified\":\"2024-12-17T07:53:43+00:00\",\"description\":\"This latest mid-power portable drone signal jammer is designed to cover 100% of drone signal frequencies. Its directional jamming range is 20 to 250m, which effectively prevents unwanted drone activities.\",\"breadcrumb\":{\"@id\":\"https:\/\/www.jammersignal.com\/product\/high-power-handheld-portable-drone-jammer\/#breadcrumb\"},\"inLanguage\":\"it-IT\",\"potentialAction\":[{\"@type\":\"ReadAction\",\"target\":[\"https:\/\/www.jammersignal.com\/product\/high-power-handheld-portable-drone-jammer\/\"]}]},{\"@type\":\"ImageObject\",\"inLanguage\":\"it-IT\",\"@id\":\"https:\/\/www.jammersignal.com\/product\/high-power-handheld-portable-drone-jammer\/#primaryimage\",\"url\":\"https:\/\/www.jammersignal.com\/wp-content\/uploads\/2024\/05\/hw08us-high-jammersignal-drone-portable-handheld-jammers-1.jpg\",\"contentUrl\":\"https:\/\/www.jammersignal.com\/wp-content\/uploads\/2024\/05\/hw08us-high-jammersignal-drone-portable-handheld-jammers-1.jpg\",\"width\":2000,\"height\":2000,\"caption\":\"hw08us high jammersignal drone portable handheld jammers (1)\"},{\"@type\":\"BreadcrumbList\",\"@id\":\"https:\/\/www.jammersignal.com\/product\/high-power-handheld-portable-drone-jammer\/#breadcrumb\",\"itemListElement\":[{\"@type\":\"ListItem\",\"position\":1,\"name\":\"Home\",\"item\":\"https:\/\/www.jammersignal.com\/\"},{\"@type\":\"ListItem\",\"position\":2,\"name\":\"Shop\",\"item\":\"https:\/\/www.jammersignal.com\/shop\/\"},{\"@type\":\"ListItem\",\"position\":3,\"name\":\"Signal Blocker\",\"item\":\"https:\/\/www.jammersignal.com\/product-category\/signal-blocker\/\"},{\"@type\":\"ListItem\",\"position\":4,\"name\":\"High Power Handheld Portable Drone Signal Jammer HW08US\"}]},{\"@type\":\"WebSite\",\"@id\":\"https:\/\/www.jammersignal.com\/#website\",\"url\":\"https:\/\/www.jammersignal.com\/\",\"name\":\"JAMMERSIGNAL\",\"description\":\"\",\"publisher\":{\"@id\":\"https:\/\/www.jammersignal.com\/#organization\"},\"potentialAction\":[{\"@type\":\"SearchAction\",\"target\":{\"@type\":\"EntryPoint\",\"urlTemplate\":\"https:\/\/www.jammersignal.com\/?s={search_term_string}\"},\"query-input\":{\"@type\":\"PropertyValueSpecification\",\"valueRequired\":true,\"valueName\":\"search_term_string\"}}],\"inLanguage\":\"it-IT\"},{\"@type\":\"Organization\",\"@id\":\"https:\/\/www.jammersignal.com\/#organization\",\"name\":\"JAMMERSIGNAL\",\"url\":\"https:\/\/www.jammersignal.com\/\",\"logo\":{\"@type\":\"ImageObject\",\"inLanguage\":\"it-IT\",\"@id\":\"https:\/\/www.jammersignal.com\/#\/schema\/logo\/image\/\",\"url\":\"https:\/\/www.jammersignal.com\/wp-content\/uploads\/2024\/05\/cropped-jammersignal-logo-4.png\",\"contentUrl\":\"https:\/\/www.jammersignal.com\/wp-content\/uploads\/2024\/05\/cropped-jammersignal-logo-4.png\",\"width\":104,\"height\":34,\"caption\":\"JAMMERSIGNAL\"},\"image\":{\"@id\":\"https:\/\/www.jammersignal.com\/#\/schema\/logo\/image\/\"}}]}<\/script>\n<!-- \/ Yoast SEO plugin. -->","yoast_head_json":{"title":"Disturbatore di segnale per droni portatile ad alta potenza con un raggio di schermatura fino a 250 metri - JAMMERSIGNAL","description":"Questo jammer portatile di media potenza \u00e8 progettato per coprire 100% di frequenze di segnale dei droni. Il suo raggio d'azione direzionale \u00e8 compreso tra 20 e 250 metri e impedisce efficacemente le attivit\u00e0 indesiderate dei droni.","robots":{"index":"index","follow":"follow","max-snippet":"max-snippet:-1","max-image-preview":"max-image-preview:large","max-video-preview":"max-video-preview:-1"},"canonical":"https:\/\/www.jammersignal.com\/it\/prodotto\/high-power-handheld-portable-drone-jammer\/","og_locale":"it_IT","og_type":"article","og_title":"High-Power Portable Drone Signal Jammer with A Shielding Radius of up to 250 Meters - JAMMERSIGNAL","og_description":"This latest mid-power portable drone signal jammer is designed to cover 100% of drone signal frequencies. Its directional jamming range is 20 to 250m, which effectively prevents unwanted drone activities.","og_url":"https:\/\/www.jammersignal.com\/it\/prodotto\/high-power-handheld-portable-drone-jammer\/","og_site_name":"JAMMERSIGNAL","article_modified_time":"2024-12-17T07:53:43+00:00","og_image":[{"width":2000,"height":2000,"url":"https:\/\/www.jammersignal.com\/wp-content\/uploads\/2024\/05\/hw08us-high-jammersignal-drone-portable-handheld-jammers-1.jpg","type":"image\/jpeg"}],"twitter_card":"summary_large_image","twitter_misc":{"Tempo di lettura stimato":"2 minuti"},"schema":{"@context":"https:\/\/schema.org","@graph":[{"@type":"WebPage","@id":"https:\/\/www.jammersignal.com\/product\/high-power-handheld-portable-drone-jammer\/","url":"https:\/\/www.jammersignal.com\/product\/high-power-handheld-portable-drone-jammer\/","name":"Disturbatore di segnale per droni portatile ad alta potenza con un raggio di schermatura fino a 250 metri - JAMMERSIGNAL","isPartOf":{"@id":"https:\/\/www.jammersignal.com\/#website"},"primaryImageOfPage":{"@id":"https:\/\/www.jammersignal.com\/product\/high-power-handheld-portable-drone-jammer\/#primaryimage"},"image":{"@id":"https:\/\/www.jammersignal.com\/product\/high-power-handheld-portable-drone-jammer\/#primaryimage"},"thumbnailUrl":"https:\/\/www.jammersignal.com\/wp-content\/uploads\/2024\/05\/hw08us-high-jammersignal-drone-portable-handheld-jammers-1.jpg","datePublished":"2024-05-31T05:15:29+00:00","dateModified":"2024-12-17T07:53:43+00:00","description":"Questo jammer portatile di media potenza \u00e8 progettato per coprire 100% di frequenze di segnale dei droni. Il suo raggio d'azione direzionale \u00e8 compreso tra 20 e 250 metri e impedisce efficacemente le attivit\u00e0 indesiderate dei droni.","breadcrumb":{"@id":"https:\/\/www.jammersignal.com\/product\/high-power-handheld-portable-drone-jammer\/#breadcrumb"},"inLanguage":"it-IT","potentialAction":[{"@type":"ReadAction","target":["https:\/\/www.jammersignal.com\/product\/high-power-handheld-portable-drone-jammer\/"]}]},{"@type":"ImageObject","inLanguage":"it-IT","@id":"https:\/\/www.jammersignal.com\/product\/high-power-handheld-portable-drone-jammer\/#primaryimage","url":"https:\/\/www.jammersignal.com\/wp-content\/uploads\/2024\/05\/hw08us-high-jammersignal-drone-portable-handheld-jammers-1.jpg","contentUrl":"https:\/\/www.jammersignal.com\/wp-content\/uploads\/2024\/05\/hw08us-high-jammersignal-drone-portable-handheld-jammers-1.jpg","width":2000,"height":2000,"caption":"hw08us high jammersignal drone portable handheld jammers (1)"},{"@type":"BreadcrumbList","@id":"https:\/\/www.jammersignal.com\/product\/high-power-handheld-portable-drone-jammer\/#breadcrumb","itemListElement":[{"@type":"ListItem","position":1,"name":"Home","item":"https:\/\/www.jammersignal.com\/"},{"@type":"ListItem","position":2,"name":"Shop","item":"https:\/\/www.jammersignal.com\/shop\/"},{"@type":"ListItem","position":3,"name":"Signal Blocker","item":"https:\/\/www.jammersignal.com\/product-category\/signal-blocker\/"},{"@type":"ListItem","position":4,"name":"High Power Handheld Portable Drone Signal Jammer HW08US"}]},{"@type":"WebSite","@id":"https:\/\/www.jammersignal.com\/#website","url":"https:\/\/www.jammersignal.com\/","name":"JAMMERSIGNAL","description":"","publisher":{"@id":"https:\/\/www.jammersignal.com\/#organization"},"potentialAction":[{"@type":"SearchAction","target":{"@type":"EntryPoint","urlTemplate":"https:\/\/www.jammersignal.com\/?s={search_term_string}"},"query-input":{"@type":"PropertyValueSpecification","valueRequired":true,"valueName":"search_term_string"}}],"inLanguage":"it-IT"},{"@type":"Organization","@id":"https:\/\/www.jammersignal.com\/#organization","name":"JAMMERSIGNAL","url":"https:\/\/www.jammersignal.com\/","logo":{"@type":"ImageObject","inLanguage":"it-IT","@id":"https:\/\/www.jammersignal.com\/#\/schema\/logo\/image\/","url":"https:\/\/www.jammersignal.com\/wp-content\/uploads\/2024\/05\/cropped-jammersignal-logo-4.png","contentUrl":"https:\/\/www.jammersignal.com\/wp-content\/uploads\/2024\/05\/cropped-jammersignal-logo-4.png","width":104,"height":34,"caption":"JAMMERSIGNAL"},"image":{"@id":"https:\/\/www.jammersignal.com\/#\/schema\/logo\/image\/"}}]}},"_links":{"self":[{"href":"https:\/\/www.jammersignal.com\/it\/wp-json\/wp\/v2\/product\/2273","targetHints":{"allow":["GET"]}}],"collection":[{"href":"https:\/\/www.jammersignal.com\/it\/wp-json\/wp\/v2\/product"}],"about":[{"href":"https:\/\/www.jammersignal.com\/it\/wp-json\/wp\/v2\/types\/product"}],"replies":[{"embeddable":true,"href":"https:\/\/www.jammersignal.com\/it\/wp-json\/wp\/v2\/comments?post=2273"}],"version-history":[{"count":4,"href":"https:\/\/www.jammersignal.com\/it\/wp-json\/wp\/v2\/product\/2273\/revisions"}],"predecessor-version":[{"id":2317,"href":"https:\/\/www.jammersignal.com\/it\/wp-json\/wp\/v2\/product\/2273\/revisions\/2317"}],"wp:featuredmedia":[{"embeddable":true,"href":"https:\/\/www.jammersignal.com\/it\/wp-json\/wp\/v2\/media\/1750"}],"wp:attachment":[{"href":"https:\/\/www.jammersignal.com\/it\/wp-json\/wp\/v2\/media?parent=2273"}],"wp:term":[{"taxonomy":"product_brand","embeddable":true,"href":"https:\/\/www.jammersignal.com\/it\/wp-json\/wp\/v2\/product_brand?post=2273"},{"taxonomy":"product_cat","embeddable":true,"href":"https:\/\/www.jammersignal.com\/it\/wp-json\/wp\/v2\/product_cat?post=2273"},{"taxonomy":"product_tag","embeddable":true,"href":"https:\/\/www.jammersignal.com\/it\/wp-json\/wp\/v2\/product_tag?post=2273"}],"curies":[{"name":"wp","href":"https:\/\/api.w.org\/{rel}","templated":true}]}}