{"id":2282,"date":"2024-05-31T06:22:05","date_gmt":"2024-05-31T06:22:05","guid":{"rendered":"https:\/\/www.jammersignal.com\/?post_type=product&#038;p=2282"},"modified":"2024-12-17T07:53:44","modified_gmt":"2024-12-17T07:53:44","slug":"8bands-drone-jammer-3g-4g-wifi-blocker","status":"publish","type":"product","link":"https:\/\/www.jammersignal.com\/it\/prodotto\/8bands-drone-jammer-3g-4g-wifi-blocker\/","title":{"rendered":"Potenza 8 bande Drone segnale Jammer 3G 4G WIFI Blocker"},"content":{"rendered":"<div data-elementor-type=\"wp-post\" data-elementor-id=\"2282\" class=\"elementor elementor-2282\">\n\t\t\t\t<div class=\"elementor-element elementor-element-4a8c2a2 e-flex e-con-boxed e-con e-parent\" data-id=\"4a8c2a2\" data-element_type=\"container\">\n\t\t\t\t\t<div class=\"e-con-inner\">\n\t\t<div class=\"elementor-element elementor-element-2677d1d e-con-full e-flex e-con e-child\" data-id=\"2677d1d\" data-element_type=\"container\">\n\t\t\t\t<div class=\"elementor-element elementor-element-5ee8a99 elementor-widget elementor-widget-text-editor\" data-id=\"5ee8a99\" data-element_type=\"widget\" data-widget_type=\"text-editor.default\">\n\t\t\t\t<div class=\"elementor-widget-container\">\n\t\t\t\t\t\t\t\t\t<h4>Specifiche tecniche<\/h4><p><strong>Frequenze di disturbo<\/strong><\/p><p>CDMA o GSM\uff1a851-894 o 925-960MHz<br \/>DCS\/PCS\uff1a1805-1990MHz<br \/>3G: 2110-2170MHz<br \/>4GLTE\uff1a700-803 o 790-862MHz<br \/>4G WIMAX\uff1a2500-2690 o 2300-2400MHz<br \/>WIFI2.4G\uff1a2400-2500MHz<br \/>VHF: 130-174MHz<br \/>UHF: 400-470MHz<br \/>GPSL1: 1570-1610MHz<br \/>GPSL2+L5:1170-1280MHz<br \/>GPSL2: 1200-1280MHz<br \/>GPSL5: 1170-1200MHz<br \/>RC868, 912 e 916: 868-916MHz<br \/>LOJACK: 167-175MHz<br \/>RC2.4G:RC2.4G<br \/>RC5.8G: 5725-5850MHz<br \/>RC433 434 435: 430-440 MHz<br \/>RC315 312:315MHz<br \/>GPSL1 e Glonass L1: 1560-1620MHz<\/p><p><strong>Specifiche di base<\/strong><\/p><p>Potenza totale in uscita: 100-130W totali, 10-30W per ogni banda<br \/>Raggio di disturbo: 20-120 metri (segnale GPS per 300m)<br \/>Alimentazione: Da AC110-240V a DC27V<br \/>Tempo di lavoro: lavoro ininterrotto<br \/>Dimensioni del dispositivo: 550x 238 x 60 mm Peso del dispositivo: circa 10 kg Contenuto della confezione: Jammer Host x 1, adattatore x 1, antenna x8<\/p><p><strong>Nota<\/strong>: I disturbatori di segnale mobile potrebbero non essere ammessi all'importazione in alcuni paesi a causa della concessione di licenze per i segnali di trasmissione o di altre restrizioni. Si prega di controllare le normative sulle telecomunicazioni del proprio paese prima di effettuare l'ordine. Regoleremo il CDMA \/ GSM \/ DCS \/ PCS per voi in base alla frequenza del segnale del vostro paese.<br \/>La portata del disturbo dipende dalla potenza del segnale proveniente da varie fonti e dalle condizioni ambientali locali.<\/p>\t\t\t\t\t\t\t\t<\/div>\n\t\t\t\t<\/div>\n\t\t\t\t<\/div>\n\t\t<div class=\"elementor-element elementor-element-63abe0f e-con-full e-flex e-con e-child\" data-id=\"63abe0f\" data-element_type=\"container\">\n\t\t\t\t<div class=\"elementor-element elementor-element-3d0f9f0 elementor-widget elementor-widget-text-editor\" data-id=\"3d0f9f0\" data-element_type=\"widget\" data-widget_type=\"text-editor.default\">\n\t\t\t\t<div class=\"elementor-widget-container\">\n\t\t\t\t\t\t\t\t\t<h4>Informazioni sul prodotto<\/h4><p>\u00c8 un potente disturbatore di telefoni cellulari a 8 bande di livello professionale. \u00c8 adatto anche per bloccare i segnali 3G, 4G, 4GLTE\/WIMAX, Wi-Fi, UHF e VHF. Questo jammer \u00e8 dotato di 8 antenne, 7 ventole di raffreddamento e ha potenti capacit\u00e0 di disturbo. Pu\u00f2 funzionare ininterrottamente 24 ore su 24 e pu\u00f2 difendersi da vari droni, tra cui Phantom 4, Phantom 3 Professional, Advanced, Standard e Inspire.<\/p><p><strong>Caratteristiche principali:<\/strong><\/p><ul><li>Potenza di uscita 130W<\/li><li>Antenna omnidirezionale o planare direzionale opzionale ad alto guadagno da 5-7 dBi<\/li><li>Campo di schermatura efficace 30-300 metri, a seconda dell'intensit\u00e0 del segnale regionale<\/li><li>\u00c8 possibile schermare fino a 6 bande contemporaneamente e la potenza di ciascuna banda \u00e8 regolabile.<\/li><li>L'indicatore LED mostra lo stato di alimentazione<\/li><li>Fornire una protezione VSWR (rapporto di onde stazionarie di tensione) sicura 100% per ciascun modulo.<\/li><li>Dotato di un buon sistema di raffreddamento, comprendente un dissipatore di calore, 3 grandi ventole sulla parte superiore e 4 piccole ventole all'interno, che garantiscono un basso rumore e un funzionamento continuo.<\/li><\/ul><p><strong>Applicazione:<\/strong><\/p><p>Il jammer pu\u00f2 essere utilizzato in vari ambienti, come sale riunioni, sale conferenze, musei, gallerie, teatri, sale da concerto, chiese, templi, ristoranti, aule scolastiche, centri di formazione, fabbriche, banche, treni, autobus e altri luoghi che richiedono tranquillit\u00e0, riservatezza e sicurezza delle informazioni. Tuttavia, per luoghi di utilizzo specifico come ospedali e stazioni di servizio, si consiglia di effettuare preventivamente dei test in loco per assicurarsi che non interferisca con il normale funzionamento di apparecchiature e strumenti.<\/p>\t\t\t\t\t\t\t\t<\/div>\n\t\t\t\t<\/div>\n\t\t\t\t<\/div>\n\t\t\t\t\t<\/div>\n\t\t\t\t<\/div>\n\t\t\t\t<\/div>","protected":false},"excerpt":{"rendered":"<p>\u00c8 un potente disturbatore di telefoni cellulari a 8 bande di livello professionale. \u00c8 adatto anche per bloccare i segnali 3G, 4G, 4GLTE\/WIMAX, Wi-Fi, UHF e VHF. Questo jammer \u00e8 dotato di 8 antenne, 7 ventole di raffreddamento e ha potenti capacit\u00e0 di disturbo. Pu\u00f2 funzionare ininterrottamente 24 ore su 24 e pu\u00f2 difendersi da vari droni, tra cui Phantom 4, Phantom 3 Professional, Advanced, Standard e Inspire.<\/p>\n<p><strong>Caratteristiche principali:<\/strong><\/p>\n<p>- Potenza di uscita 130W<br \/>\n- Antenna omnidirezionale o planare direzionale opzionale ad alto guadagno da 5-7 dBi<br \/>\n- Campo di schermatura efficace 30-300 metri, a seconda dell'intensit\u00e0 del segnale regionale<br \/>\n- \u00c8 possibile schermare fino a 6 bande contemporaneamente e la potenza di ciascuna banda \u00e8 regolabile.<br \/>\n- L'indicatore LED mostra lo stato di alimentazione<br \/>\n- Fornire una protezione VSWR (rapporto di onde stazionarie di tensione) sicura 100% per ciascun modulo.<br \/>\n- Dotato di un buon sistema di raffreddamento, comprendente un dissipatore di calore, 3 grandi ventole sulla parte superiore e 4 piccole ventole all'interno, che garantiscono un basso rumore e un funzionamento continuo.<\/p>","protected":false},"featured_media":1791,"comment_status":"open","ping_status":"closed","template":"","meta":{"site-sidebar-layout":"no-sidebar","site-content-layout":"page-builder","ast-site-content-layout":"normal-width-container","site-content-style":"default","site-sidebar-style":"default","ast-global-header-display":"","ast-banner-title-visibility":"","ast-main-header-display":"","ast-hfb-above-header-display":"","ast-hfb-below-header-display":"","ast-hfb-mobile-header-display":"","site-post-title":"disabled","ast-breadcrumbs-content":"","ast-featured-img":"disabled","footer-sml-layout":"","theme-transparent-header-meta":"default","adv-header-id-meta":"","stick-header-meta":"default","header-above-stick-meta":"","header-main-stick-meta":"","header-below-stick-meta":"","astra-migrate-meta-layouts":"set","ast-page-background-enabled":"default","ast-page-background-meta":{"desktop":{"background-color":"var(--ast-global-color-4)","background-image":"","background-repeat":"repeat","background-position":"center center","background-size":"auto","background-attachment":"scroll","background-type":"","background-media":"","overlay-type":"","overlay-color":"","overlay-gradient":""},"tablet":{"background-color":"","background-image":"","background-repeat":"repeat","background-position":"center center","background-size":"auto","background-attachment":"scroll","background-type":"","background-media":"","overlay-type":"","overlay-color":"","overlay-gradient":""},"mobile":{"background-color":"","background-image":"","background-repeat":"repeat","background-position":"center center","background-size":"auto","background-attachment":"scroll","background-type":"","background-media":"","overlay-type":"","overlay-color":"","overlay-gradient":""}},"ast-content-background-meta":{"desktop":{"background-color":"var(--ast-global-color-5)","background-image":"","background-repeat":"repeat","background-position":"center center","background-size":"auto","background-attachment":"scroll","background-type":"","background-media":"","overlay-type":"","overlay-color":"","overlay-gradient":""},"tablet":{"background-color":"var(--ast-global-color-5)","background-image":"","background-repeat":"repeat","background-position":"center center","background-size":"auto","background-attachment":"scroll","background-type":"","background-media":"","overlay-type":"","overlay-color":"","overlay-gradient":""},"mobile":{"background-color":"var(--ast-global-color-5)","background-image":"","background-repeat":"repeat","background-position":"center center","background-size":"auto","background-attachment":"scroll","background-type":"","background-media":"","overlay-type":"","overlay-color":"","overlay-gradient":""}}},"product_brand":[],"product_cat":[15,41,42,75,66,40,39,33,32,62,44,43,35,34,86,38,46,71,84,37,36],"product_tag":[345,448,260,452,535,502,536,537,503,504,424,368,512,290,293,230,552,525,558],"class_list":{"0":"post-2282","1":"product","2":"type-product","3":"status-publish","4":"has-post-thumbnail","6":"product_cat-signal-blocker","7":"product_cat-3g-signal-jammer","8":"product_cat-4g-jammer","9":"product_cat-8antennas-jammers","10":"product_cat-adjustable-jammer","11":"product_cat-bluetooth-signal-blocker","12":"product_cat-bluetooth-jammer","13":"product_cat-cell-phone-signal-blocker","14":"product_cat-cell-phone-signal-jammer","15":"product_cat-desktop-jammer","16":"product_cat-drone-signal-blocker","17":"product_cat-drone-jammer","18":"product_cat-gps-signal-blocker","19":"product_cat-gps-signal-jammer","20":"product_cat-gsm900-lora925-960mhz","21":"product_cat-gsm-jammer","22":"product_cat-high-power-signal-jammers","23":"product_cat-more-than-1000dollars-jammers","24":"product_cat-more-than-40meters","25":"product_cat-wifi-signal-blocker","26":"product_cat-wifi-jammer","27":"product_tag-2-4ghz-wifi-jammer","28":"product_tag-anti-drone-jammer","29":"product_tag-cell-phone-jammer-device","30":"product_tag-diy-drone-jammer","31":"product_tag-door-jammer-portable","32":"product_tag-drone-frequency-jammer","33":"product_tag-drone-jammer-aaaaaa","34":"product_tag-drone-jammer-app","35":"product_tag-drone-jammer-for-sale","36":"product_tag-drone-radio-jammer","37":"product_tag-drone-signal-jammer","38":"product_tag-drone-wifi-jammer","39":"product_tag-jammer-drone","40":"product_tag-lte-cell-phone-jammer","41":"product_tag-most-powerful-cell-phone-jammer","42":"product_tag-professional-cell-phone-jammer","43":"product_tag-signal-jammer-blocker","44":"product_tag-the-jammer","45":"product_tag-whats-a-jammer","46":"desktop-align-left","47":"tablet-align-left","48":"mobile-align-left","49":"ast-product-gallery-layout-horizontal-slider","50":"ast-product-single-variable","51":"ast-product-tabs-layout-horizontal","53":"first","54":"instock","55":"sale","56":"shipping-taxable","57":"purchasable","58":"product-type-variable"},"yoast_head":"<!-- This site is optimized with the Yoast SEO plugin v23.9 - https:\/\/yoast.com\/wordpress\/plugins\/seo\/ -->\n<title>Power 8 Band Drone Signal Jammer 3G 4G WIFI Blocker, Output Power 130W - JAMMERSIGNAL<\/title>\n<meta name=\"description\" content=\"This cell phone jammer blocks drone signals and is able to defend against a wide range of drones, including the Phantom 4, Phantom 3 Professional, Advanced, Standard series, and Inspire series.\" \/>\n<meta name=\"robots\" content=\"index, follow, max-snippet:-1, max-image-preview:large, max-video-preview:-1\" \/>\n<link rel=\"canonical\" href=\"https:\/\/www.jammersignal.com\/it\/prodotto\/8bands-drone-jammer-3g-4g-wifi-blocker\/\" \/>\n<meta property=\"og:locale\" content=\"it_IT\" \/>\n<meta property=\"og:type\" content=\"article\" \/>\n<meta property=\"og:title\" content=\"Power 8 Band Drone Signal Jammer 3G 4G WIFI Blocker, Output Power 130W - JAMMERSIGNAL\" \/>\n<meta property=\"og:description\" content=\"This cell phone jammer blocks drone signals and is able to defend against a wide range of drones, including the Phantom 4, Phantom 3 Professional, Advanced, Standard series, and Inspire series.\" \/>\n<meta property=\"og:url\" content=\"https:\/\/www.jammersignal.com\/it\/prodotto\/8bands-drone-jammer-3g-4g-wifi-blocker\/\" \/>\n<meta property=\"og:site_name\" content=\"JAMMERSIGNAL\" \/>\n<meta property=\"article:modified_time\" content=\"2024-12-17T07:53:44+00:00\" \/>\n<meta property=\"og:image\" content=\"https:\/\/www.jammersignal.com\/wp-content\/uploads\/2024\/05\/power-8-bands-jammersignal-blocker-wifi-4g-jammers-2.jpg\" \/>\n\t<meta property=\"og:image:width\" content=\"940\" \/>\n\t<meta property=\"og:image:height\" content=\"940\" \/>\n\t<meta property=\"og:image:type\" content=\"image\/jpeg\" \/>\n<meta name=\"twitter:card\" content=\"summary_large_image\" \/>\n<meta name=\"twitter:label1\" content=\"Tempo di lettura stimato\" \/>\n\t<meta name=\"twitter:data1\" content=\"2 minuti\" \/>\n<script type=\"application\/ld+json\" class=\"yoast-schema-graph\">{\"@context\":\"https:\/\/schema.org\",\"@graph\":[{\"@type\":\"WebPage\",\"@id\":\"https:\/\/www.jammersignal.com\/product\/8bands-drone-jammer-3g-4g-wifi-blocker\/\",\"url\":\"https:\/\/www.jammersignal.com\/product\/8bands-drone-jammer-3g-4g-wifi-blocker\/\",\"name\":\"Power 8 Band Drone Signal Jammer 3G 4G WIFI Blocker, Output Power 130W - JAMMERSIGNAL\",\"isPartOf\":{\"@id\":\"https:\/\/www.jammersignal.com\/#website\"},\"primaryImageOfPage\":{\"@id\":\"https:\/\/www.jammersignal.com\/product\/8bands-drone-jammer-3g-4g-wifi-blocker\/#primaryimage\"},\"image\":{\"@id\":\"https:\/\/www.jammersignal.com\/product\/8bands-drone-jammer-3g-4g-wifi-blocker\/#primaryimage\"},\"thumbnailUrl\":\"https:\/\/www.jammersignal.com\/wp-content\/uploads\/2024\/05\/power-8-bands-jammersignal-blocker-wifi-4g-jammers-2.jpg\",\"datePublished\":\"2024-05-31T06:22:05+00:00\",\"dateModified\":\"2024-12-17T07:53:44+00:00\",\"description\":\"This cell phone jammer blocks drone signals and is able to defend against a wide range of drones, including the Phantom 4, Phantom 3 Professional, Advanced, Standard series, and Inspire series.\",\"breadcrumb\":{\"@id\":\"https:\/\/www.jammersignal.com\/product\/8bands-drone-jammer-3g-4g-wifi-blocker\/#breadcrumb\"},\"inLanguage\":\"it-IT\",\"potentialAction\":[{\"@type\":\"ReadAction\",\"target\":[\"https:\/\/www.jammersignal.com\/product\/8bands-drone-jammer-3g-4g-wifi-blocker\/\"]}]},{\"@type\":\"ImageObject\",\"inLanguage\":\"it-IT\",\"@id\":\"https:\/\/www.jammersignal.com\/product\/8bands-drone-jammer-3g-4g-wifi-blocker\/#primaryimage\",\"url\":\"https:\/\/www.jammersignal.com\/wp-content\/uploads\/2024\/05\/power-8-bands-jammersignal-blocker-wifi-4g-jammers-2.jpg\",\"contentUrl\":\"https:\/\/www.jammersignal.com\/wp-content\/uploads\/2024\/05\/power-8-bands-jammersignal-blocker-wifi-4g-jammers-2.jpg\",\"width\":940,\"height\":940,\"caption\":\"power 8 bands jammersignal blocker wifi 4g jammers (2)\"},{\"@type\":\"BreadcrumbList\",\"@id\":\"https:\/\/www.jammersignal.com\/product\/8bands-drone-jammer-3g-4g-wifi-blocker\/#breadcrumb\",\"itemListElement\":[{\"@type\":\"ListItem\",\"position\":1,\"name\":\"Home\",\"item\":\"https:\/\/www.jammersignal.com\/\"},{\"@type\":\"ListItem\",\"position\":2,\"name\":\"Shop\",\"item\":\"https:\/\/www.jammersignal.com\/shop\/\"},{\"@type\":\"ListItem\",\"position\":3,\"name\":\"Signal Blocker\",\"item\":\"https:\/\/www.jammersignal.com\/product-category\/signal-blocker\/\"},{\"@type\":\"ListItem\",\"position\":4,\"name\":\"Power 8 Bands Drone Signal Jammer 3G 4G WIFI Blocker\"}]},{\"@type\":\"WebSite\",\"@id\":\"https:\/\/www.jammersignal.com\/#website\",\"url\":\"https:\/\/www.jammersignal.com\/\",\"name\":\"JAMMERSIGNAL\",\"description\":\"\",\"publisher\":{\"@id\":\"https:\/\/www.jammersignal.com\/#organization\"},\"potentialAction\":[{\"@type\":\"SearchAction\",\"target\":{\"@type\":\"EntryPoint\",\"urlTemplate\":\"https:\/\/www.jammersignal.com\/?s={search_term_string}\"},\"query-input\":{\"@type\":\"PropertyValueSpecification\",\"valueRequired\":true,\"valueName\":\"search_term_string\"}}],\"inLanguage\":\"it-IT\"},{\"@type\":\"Organization\",\"@id\":\"https:\/\/www.jammersignal.com\/#organization\",\"name\":\"JAMMERSIGNAL\",\"url\":\"https:\/\/www.jammersignal.com\/\",\"logo\":{\"@type\":\"ImageObject\",\"inLanguage\":\"it-IT\",\"@id\":\"https:\/\/www.jammersignal.com\/#\/schema\/logo\/image\/\",\"url\":\"https:\/\/www.jammersignal.com\/wp-content\/uploads\/2024\/05\/cropped-jammersignal-logo-4.png\",\"contentUrl\":\"https:\/\/www.jammersignal.com\/wp-content\/uploads\/2024\/05\/cropped-jammersignal-logo-4.png\",\"width\":104,\"height\":34,\"caption\":\"JAMMERSIGNAL\"},\"image\":{\"@id\":\"https:\/\/www.jammersignal.com\/#\/schema\/logo\/image\/\"}}]}<\/script>\n<!-- \/ Yoast SEO plugin. -->","yoast_head_json":{"title":"Potenza 8 banda Drone segnale Jammer 3G 4G WIFI Blocker, potenza di uscita 130W - JAMMERSIGNAL","description":"Questo jammer per cellulari blocca i segnali dei droni ed \u00e8 in grado di difendersi da un'ampia gamma di droni, tra cui i Phantom 4, Phantom 3 Professional, Advanced, Standard e Inspire.","robots":{"index":"index","follow":"follow","max-snippet":"max-snippet:-1","max-image-preview":"max-image-preview:large","max-video-preview":"max-video-preview:-1"},"canonical":"https:\/\/www.jammersignal.com\/it\/prodotto\/8bands-drone-jammer-3g-4g-wifi-blocker\/","og_locale":"it_IT","og_type":"article","og_title":"Power 8 Band Drone Signal Jammer 3G 4G WIFI Blocker, Output Power 130W - JAMMERSIGNAL","og_description":"This cell phone jammer blocks drone signals and is able to defend against a wide range of drones, including the Phantom 4, Phantom 3 Professional, Advanced, Standard series, and Inspire series.","og_url":"https:\/\/www.jammersignal.com\/it\/prodotto\/8bands-drone-jammer-3g-4g-wifi-blocker\/","og_site_name":"JAMMERSIGNAL","article_modified_time":"2024-12-17T07:53:44+00:00","og_image":[{"width":940,"height":940,"url":"https:\/\/www.jammersignal.com\/wp-content\/uploads\/2024\/05\/power-8-bands-jammersignal-blocker-wifi-4g-jammers-2.jpg","type":"image\/jpeg"}],"twitter_card":"summary_large_image","twitter_misc":{"Tempo di lettura stimato":"2 minuti"},"schema":{"@context":"https:\/\/schema.org","@graph":[{"@type":"WebPage","@id":"https:\/\/www.jammersignal.com\/product\/8bands-drone-jammer-3g-4g-wifi-blocker\/","url":"https:\/\/www.jammersignal.com\/product\/8bands-drone-jammer-3g-4g-wifi-blocker\/","name":"Potenza 8 banda Drone segnale Jammer 3G 4G WIFI Blocker, potenza di uscita 130W - JAMMERSIGNAL","isPartOf":{"@id":"https:\/\/www.jammersignal.com\/#website"},"primaryImageOfPage":{"@id":"https:\/\/www.jammersignal.com\/product\/8bands-drone-jammer-3g-4g-wifi-blocker\/#primaryimage"},"image":{"@id":"https:\/\/www.jammersignal.com\/product\/8bands-drone-jammer-3g-4g-wifi-blocker\/#primaryimage"},"thumbnailUrl":"https:\/\/www.jammersignal.com\/wp-content\/uploads\/2024\/05\/power-8-bands-jammersignal-blocker-wifi-4g-jammers-2.jpg","datePublished":"2024-05-31T06:22:05+00:00","dateModified":"2024-12-17T07:53:44+00:00","description":"Questo jammer per cellulari blocca i segnali dei droni ed \u00e8 in grado di difendersi da un'ampia gamma di droni, tra cui i Phantom 4, Phantom 3 Professional, Advanced, Standard e Inspire.","breadcrumb":{"@id":"https:\/\/www.jammersignal.com\/product\/8bands-drone-jammer-3g-4g-wifi-blocker\/#breadcrumb"},"inLanguage":"it-IT","potentialAction":[{"@type":"ReadAction","target":["https:\/\/www.jammersignal.com\/product\/8bands-drone-jammer-3g-4g-wifi-blocker\/"]}]},{"@type":"ImageObject","inLanguage":"it-IT","@id":"https:\/\/www.jammersignal.com\/product\/8bands-drone-jammer-3g-4g-wifi-blocker\/#primaryimage","url":"https:\/\/www.jammersignal.com\/wp-content\/uploads\/2024\/05\/power-8-bands-jammersignal-blocker-wifi-4g-jammers-2.jpg","contentUrl":"https:\/\/www.jammersignal.com\/wp-content\/uploads\/2024\/05\/power-8-bands-jammersignal-blocker-wifi-4g-jammers-2.jpg","width":940,"height":940,"caption":"power 8 bands jammersignal blocker wifi 4g jammers (2)"},{"@type":"BreadcrumbList","@id":"https:\/\/www.jammersignal.com\/product\/8bands-drone-jammer-3g-4g-wifi-blocker\/#breadcrumb","itemListElement":[{"@type":"ListItem","position":1,"name":"Home","item":"https:\/\/www.jammersignal.com\/"},{"@type":"ListItem","position":2,"name":"Shop","item":"https:\/\/www.jammersignal.com\/shop\/"},{"@type":"ListItem","position":3,"name":"Signal Blocker","item":"https:\/\/www.jammersignal.com\/product-category\/signal-blocker\/"},{"@type":"ListItem","position":4,"name":"Power 8 Bands Drone Signal Jammer 3G 4G WIFI Blocker"}]},{"@type":"WebSite","@id":"https:\/\/www.jammersignal.com\/#website","url":"https:\/\/www.jammersignal.com\/","name":"JAMMERSIGNAL","description":"","publisher":{"@id":"https:\/\/www.jammersignal.com\/#organization"},"potentialAction":[{"@type":"SearchAction","target":{"@type":"EntryPoint","urlTemplate":"https:\/\/www.jammersignal.com\/?s={search_term_string}"},"query-input":{"@type":"PropertyValueSpecification","valueRequired":true,"valueName":"search_term_string"}}],"inLanguage":"it-IT"},{"@type":"Organization","@id":"https:\/\/www.jammersignal.com\/#organization","name":"JAMMERSIGNAL","url":"https:\/\/www.jammersignal.com\/","logo":{"@type":"ImageObject","inLanguage":"it-IT","@id":"https:\/\/www.jammersignal.com\/#\/schema\/logo\/image\/","url":"https:\/\/www.jammersignal.com\/wp-content\/uploads\/2024\/05\/cropped-jammersignal-logo-4.png","contentUrl":"https:\/\/www.jammersignal.com\/wp-content\/uploads\/2024\/05\/cropped-jammersignal-logo-4.png","width":104,"height":34,"caption":"JAMMERSIGNAL"},"image":{"@id":"https:\/\/www.jammersignal.com\/#\/schema\/logo\/image\/"}}]}},"_links":{"self":[{"href":"https:\/\/www.jammersignal.com\/it\/wp-json\/wp\/v2\/product\/2282","targetHints":{"allow":["GET"]}}],"collection":[{"href":"https:\/\/www.jammersignal.com\/it\/wp-json\/wp\/v2\/product"}],"about":[{"href":"https:\/\/www.jammersignal.com\/it\/wp-json\/wp\/v2\/types\/product"}],"replies":[{"embeddable":true,"href":"https:\/\/www.jammersignal.com\/it\/wp-json\/wp\/v2\/comments?post=2282"}],"version-history":[{"count":5,"href":"https:\/\/www.jammersignal.com\/it\/wp-json\/wp\/v2\/product\/2282\/revisions"}],"predecessor-version":[{"id":2400,"href":"https:\/\/www.jammersignal.com\/it\/wp-json\/wp\/v2\/product\/2282\/revisions\/2400"}],"wp:featuredmedia":[{"embeddable":true,"href":"https:\/\/www.jammersignal.com\/it\/wp-json\/wp\/v2\/media\/1791"}],"wp:attachment":[{"href":"https:\/\/www.jammersignal.com\/it\/wp-json\/wp\/v2\/media?parent=2282"}],"wp:term":[{"taxonomy":"product_brand","embeddable":true,"href":"https:\/\/www.jammersignal.com\/it\/wp-json\/wp\/v2\/product_brand?post=2282"},{"taxonomy":"product_cat","embeddable":true,"href":"https:\/\/www.jammersignal.com\/it\/wp-json\/wp\/v2\/product_cat?post=2282"},{"taxonomy":"product_tag","embeddable":true,"href":"https:\/\/www.jammersignal.com\/it\/wp-json\/wp\/v2\/product_tag?post=2282"}],"curies":[{"name":"wp","href":"https:\/\/api.w.org\/{rel}","templated":true}]}}