{"id":3330,"date":"2024-07-03T09:13:29","date_gmt":"2024-07-03T09:13:29","guid":{"rendered":"https:\/\/www.jammersignal.com\/?page_id=3330"},"modified":"2024-07-03T09:14:07","modified_gmt":"2024-07-03T09:14:07","slug":"factory-diagram-jammersignal","status":"publish","type":"page","link":"https:\/\/www.jammersignal.com\/nl\/factory-diagram-jammersignal\/","title":{"rendered":"Fabrieksdiagram JAMMERSIGNAL"},"content":{"rendered":"<p>JAMMERSIGNAL is een fabriek met het hoofdkantoor in Shenzhen, China. We hebben onze eigen productiewerkplaats en productielijnen en kunnen onafhankelijk allerlei soorten jammers produceren. We zijn gespecialiseerd in de productie van signaalstoorzenders voor mobiele telefoons, WiFi, GPS en drones! Onze e-mail is info@jammersignal.com of jammersignal@outlook.com.<\/p>\n\n\n\n<h3 class=\"wp-block-heading\">Neem contact met ons op:<\/h3>\n\n\n<div class=\"wpforms-container wpforms-container-full wpforms-block wpforms-block-3d43c62b-26d3-455e-82c7-8fe4611c5b18 wpforms-render-modern\" id=\"wpforms-20\"><form id=\"wpforms-form-20\" class=\"wpforms-validate wpforms-form wpforms-ajax-form\" data-formid=\"20\" method=\"post\" enctype=\"multipart\/form-data\" action=\"\/nl\/wp-json\/wp\/v2\/pages\/3330\" data-token=\"d752e916a232a55021e0f09a3c232a7b\" data-token-time=\"1776485644\" data-trp-original-action=\"\/nl\/wp-json\/wp\/v2\/pages\/3330\"><noscript class=\"wpforms-error-noscript\">Schakel JavaScript in je browser in om dit formulier in te vullen.<\/noscript><div class=\"wpforms-hidden\" id=\"wpforms-error-noscript\">Schakel JavaScript in je browser in om dit formulier in te vullen.<\/div><div class=\"wpforms-field-container\"><div id=\"wpforms-20-field_0-container\" class=\"wpforms-field wpforms-field-name\" data-field-id=\"0\"><fieldset><legend class=\"wpforms-field-label\">Naam <span class=\"wpforms-required-label\" aria-hidden=\"true\">*<\/span><\/legend><div class=\"wpforms-field-row wpforms-field-large\"><div class=\"wpforms-field-row-block wpforms-first wpforms-one-half\"><input type=\"text\" id=\"wpforms-20-field_0\" class=\"wpforms-field-name-first wpforms-field-required\" name=\"wpforms[fields][0][first]\" aria-errormessage=\"wpforms-20-field_0-error\" required><label for=\"wpforms-20-field_0\" class=\"wpforms-field-sublabel after\">Voornaam<\/label><\/div><div class=\"wpforms-field-row-block wpforms-one-half\"><input type=\"text\" id=\"wpforms-20-field_0-last\" class=\"wpforms-field-name-last wpforms-field-required\" name=\"wpforms[fields][0][last]\" aria-errormessage=\"wpforms-20-field_0-last-error\" required><label for=\"wpforms-20-field_0-last\" class=\"wpforms-field-sublabel after\">Achternaam<\/label><\/div><\/div><\/fieldset><\/div><div id=\"wpforms-20-field_1-container\" class=\"wpforms-field wpforms-field-email\" data-field-id=\"1\"><label class=\"wpforms-field-label\" for=\"wpforms-20-field_1\">E-mail <span class=\"wpforms-required-label\" aria-hidden=\"true\">*<\/span><\/label><input type=\"email\" id=\"wpforms-20-field_1\" class=\"wpforms-field-large wpforms-field-required\" name=\"wpforms[fields][1]\" spellcheck=\"false\" aria-errormessage=\"wpforms-20-field_1-error\" required><\/div><div id=\"wpforms-20-field_2-container\" class=\"wpforms-field wpforms-field-textarea\" data-field-id=\"2\"><label class=\"wpforms-field-label\" for=\"wpforms-20-field_2\">Bericht <span class=\"wpforms-required-label\" aria-hidden=\"true\">*<\/span><\/label><textarea id=\"wpforms-20-field_2\" class=\"wpforms-field-medium wpforms-field-required\" name=\"wpforms[fields][2]\" aria-errormessage=\"wpforms-20-field_2-error\" required><\/textarea><\/div><\/div><!-- .wpforms-field-container --><div class=\"wpforms-submit-container\" ><input type=\"hidden\" name=\"wpforms[id]\" value=\"20\"><input type=\"hidden\" name=\"page_title\" value=\"\"><input type=\"hidden\" name=\"page_url\" value=\"https:\/\/www.jammersignal.com\/nl\/wp-json\/wp\/v2\/pages\/3330\"><input type=\"hidden\" name=\"url_referer\" value=\"\"><button type=\"submit\" name=\"wpforms[submit]\" id=\"wpforms-submit-20\" class=\"wpforms-submit\" data-alt-text=\"Sending...\" data-submit-text=\"Send\" aria-live=\"assertive\" value=\"wpforms-submit\">Stuur<\/button><img decoding=\"async\" src=\"https:\/\/www.jammersignal.com\/wp-content\/plugins\/wpforms-lite\/assets\/images\/submit-spin.svg\" class=\"wpforms-submit-spinner\" style=\"display: none;\" width=\"26\" height=\"26\" alt=\"Bezig met laden\"><\/div><input type=\"hidden\" name=\"trp-form-language\" value=\"nl\"\/><\/form><\/div>  <!-- .wpforms-container -->\n\n\n<h4 class=\"wp-block-heading\">Afgewerkte jammer (voor het uitpakken)<\/h4>\n\n\n\n<figure class=\"wp-block-image aligncenter size-full is-resized\"><img fetchpriority=\"high\" decoding=\"async\" width=\"529\" height=\"945\" src=\"https:\/\/www.jammersignal.com\/wp-content\/uploads\/2024\/07\/jammersignal-jammer-factory-01.jpg\" alt=\"jammersignal stoorzender fabriek 01\" class=\"wp-image-3300\" style=\"width:500px\" srcset=\"https:\/\/www.jammersignal.com\/wp-content\/uploads\/2024\/07\/jammersignal-jammer-factory-01.jpg 529w, https:\/\/www.jammersignal.com\/wp-content\/uploads\/2024\/07\/jammersignal-jammer-factory-01-168x300.jpg 168w\" sizes=\"(max-width: 529px) 100vw, 529px\" \/><\/figure>\n\n\n\n<figure class=\"wp-block-image aligncenter size-full is-resized\"><img decoding=\"async\" width=\"446\" height=\"946\" src=\"https:\/\/www.jammersignal.com\/wp-content\/uploads\/2024\/07\/jammersignal-jammer-factory-02.jpg\" alt=\"jammersignal stoorzender fabriek 02\" class=\"wp-image-3301\" style=\"width:500px\" srcset=\"https:\/\/www.jammersignal.com\/wp-content\/uploads\/2024\/07\/jammersignal-jammer-factory-02.jpg 446w, https:\/\/www.jammersignal.com\/wp-content\/uploads\/2024\/07\/jammersignal-jammer-factory-02-141x300.jpg 141w\" sizes=\"(max-width: 446px) 100vw, 446px\" \/><\/figure>\n\n\n\n<figure class=\"wp-block-image aligncenter size-full is-resized\"><img loading=\"lazy\" decoding=\"async\" width=\"529\" height=\"943\" src=\"https:\/\/www.jammersignal.com\/wp-content\/uploads\/2024\/07\/jammersignal-jammer-factory-03.jpg\" alt=\"jammersignal stoorzender fabriek 03\" class=\"wp-image-3302\" style=\"width:500px\" srcset=\"https:\/\/www.jammersignal.com\/wp-content\/uploads\/2024\/07\/jammersignal-jammer-factory-03.jpg 529w, https:\/\/www.jammersignal.com\/wp-content\/uploads\/2024\/07\/jammersignal-jammer-factory-03-168x300.jpg 168w\" sizes=\"(max-width: 529px) 100vw, 529px\" \/><\/figure>\n\n\n\n<figure class=\"wp-block-image aligncenter size-full is-resized\"><img loading=\"lazy\" decoding=\"async\" width=\"705\" height=\"944\" src=\"https:\/\/www.jammersignal.com\/wp-content\/uploads\/2024\/07\/jammersignal-jammer-factory-04.jpg\" alt=\"jammersignal stoorzender fabriek 04\" class=\"wp-image-3303\" style=\"width:500px\" srcset=\"https:\/\/www.jammersignal.com\/wp-content\/uploads\/2024\/07\/jammersignal-jammer-factory-04.jpg 705w, https:\/\/www.jammersignal.com\/wp-content\/uploads\/2024\/07\/jammersignal-jammer-factory-04-224x300.jpg 224w, https:\/\/www.jammersignal.com\/wp-content\/uploads\/2024\/07\/jammersignal-jammer-factory-04-600x803.jpg 600w\" sizes=\"(max-width: 705px) 100vw, 705px\" \/><\/figure>\n\n\n\n<h4 class=\"wp-block-heading\">Drone jammer (voor het uitpakken)<\/h4>\n\n\n\n<figure class=\"wp-block-image aligncenter size-full is-resized\"><img loading=\"lazy\" decoding=\"async\" width=\"453\" height=\"943\" src=\"https:\/\/www.jammersignal.com\/wp-content\/uploads\/2024\/07\/jammersignal-jammer-factory-05.jpg\" alt=\"jammersignal stoorzender fabriek 05\" class=\"wp-image-3304\" style=\"width:500px\" srcset=\"https:\/\/www.jammersignal.com\/wp-content\/uploads\/2024\/07\/jammersignal-jammer-factory-05.jpg 453w, https:\/\/www.jammersignal.com\/wp-content\/uploads\/2024\/07\/jammersignal-jammer-factory-05-144x300.jpg 144w\" sizes=\"(max-width: 453px) 100vw, 453px\" \/><\/figure>\n\n\n\n<figure class=\"wp-block-image aligncenter size-large is-resized\"><img loading=\"lazy\" decoding=\"async\" width=\"1024\" height=\"572\" src=\"https:\/\/www.jammersignal.com\/wp-content\/uploads\/2024\/07\/jammersignal-jammer-factory-06-1024x572.jpg\" alt=\"jammersignal stoorzender fabriek 06\" class=\"wp-image-3305\" style=\"width:500px\" srcset=\"https:\/\/www.jammersignal.com\/wp-content\/uploads\/2024\/07\/jammersignal-jammer-factory-06-1024x572.jpg 1024w, https:\/\/www.jammersignal.com\/wp-content\/uploads\/2024\/07\/jammersignal-jammer-factory-06-300x168.jpg 300w, https:\/\/www.jammersignal.com\/wp-content\/uploads\/2024\/07\/jammersignal-jammer-factory-06-768x429.jpg 768w, https:\/\/www.jammersignal.com\/wp-content\/uploads\/2024\/07\/jammersignal-jammer-factory-06-1536x858.jpg 1536w, https:\/\/www.jammersignal.com\/wp-content\/uploads\/2024\/07\/jammersignal-jammer-factory-06-600x335.jpg 600w, https:\/\/www.jammersignal.com\/wp-content\/uploads\/2024\/07\/jammersignal-jammer-factory-06.jpg 1586w\" sizes=\"(max-width: 1024px) 100vw, 1024px\" \/><\/figure>\n\n\n\n<h4 class=\"wp-block-heading\">Halffabrikaat signaalverstoorder (onafgewerkt)<\/h4>\n\n\n\n<figure class=\"wp-block-image aligncenter size-full is-resized\"><img loading=\"lazy\" decoding=\"async\" width=\"708\" height=\"942\" src=\"https:\/\/www.jammersignal.com\/wp-content\/uploads\/2024\/07\/jammersignal-jammer-factory-07.jpg\" alt=\"jammersignal stoorzender fabriek 07\" class=\"wp-image-3306\" style=\"width:500px\" srcset=\"https:\/\/www.jammersignal.com\/wp-content\/uploads\/2024\/07\/jammersignal-jammer-factory-07.jpg 708w, https:\/\/www.jammersignal.com\/wp-content\/uploads\/2024\/07\/jammersignal-jammer-factory-07-225x300.jpg 225w, https:\/\/www.jammersignal.com\/wp-content\/uploads\/2024\/07\/jammersignal-jammer-factory-07-600x798.jpg 600w\" sizes=\"(max-width: 708px) 100vw, 708px\" \/><\/figure>\n\n\n\n<figure class=\"wp-block-image aligncenter size-large is-resized\"><img loading=\"lazy\" decoding=\"async\" width=\"1024\" height=\"765\" src=\"https:\/\/www.jammersignal.com\/wp-content\/uploads\/2024\/07\/jammersignal-jammer-factory-08-1024x765.jpg\" alt=\"jammersignal stoorzender fabriek 08\" class=\"wp-image-3307\" style=\"width:500px\" srcset=\"https:\/\/www.jammersignal.com\/wp-content\/uploads\/2024\/07\/jammersignal-jammer-factory-08-1024x765.jpg 1024w, https:\/\/www.jammersignal.com\/wp-content\/uploads\/2024\/07\/jammersignal-jammer-factory-08-300x224.jpg 300w, https:\/\/www.jammersignal.com\/wp-content\/uploads\/2024\/07\/jammersignal-jammer-factory-08-768x574.jpg 768w, https:\/\/www.jammersignal.com\/wp-content\/uploads\/2024\/07\/jammersignal-jammer-factory-08-600x448.jpg 600w, https:\/\/www.jammersignal.com\/wp-content\/uploads\/2024\/07\/jammersignal-jammer-factory-08.jpg 1259w\" sizes=\"(max-width: 1024px) 100vw, 1024px\" \/><\/figure>\n\n\n\n<figure class=\"wp-block-image aligncenter size-large is-resized\"><img loading=\"lazy\" decoding=\"async\" width=\"1024\" height=\"767\" src=\"https:\/\/www.jammersignal.com\/wp-content\/uploads\/2024\/07\/jammersignal-jammer-factory-09-1024x767.jpg\" alt=\"jammersignal stoorzender fabriek 09\" class=\"wp-image-3308\" style=\"width:500px\" srcset=\"https:\/\/www.jammersignal.com\/wp-content\/uploads\/2024\/07\/jammersignal-jammer-factory-09-1024x767.jpg 1024w, https:\/\/www.jammersignal.com\/wp-content\/uploads\/2024\/07\/jammersignal-jammer-factory-09-300x225.jpg 300w, https:\/\/www.jammersignal.com\/wp-content\/uploads\/2024\/07\/jammersignal-jammer-factory-09-768x576.jpg 768w, https:\/\/www.jammersignal.com\/wp-content\/uploads\/2024\/07\/jammersignal-jammer-factory-09-600x450.jpg 600w, https:\/\/www.jammersignal.com\/wp-content\/uploads\/2024\/07\/jammersignal-jammer-factory-09.jpg 1261w\" sizes=\"(max-width: 1024px) 100vw, 1024px\" \/><\/figure>\n\n\n\n<figure class=\"wp-block-image aligncenter size-large is-resized\"><img loading=\"lazy\" decoding=\"async\" width=\"1024\" height=\"770\" src=\"https:\/\/www.jammersignal.com\/wp-content\/uploads\/2024\/07\/jammersignal-jammer-factory-10-1024x770.jpg\" alt=\"jammersignal stoorzender fabriek 10\" class=\"wp-image-3309\" style=\"width:500px\" srcset=\"https:\/\/www.jammersignal.com\/wp-content\/uploads\/2024\/07\/jammersignal-jammer-factory-10-1024x770.jpg 1024w, https:\/\/www.jammersignal.com\/wp-content\/uploads\/2024\/07\/jammersignal-jammer-factory-10-300x226.jpg 300w, https:\/\/www.jammersignal.com\/wp-content\/uploads\/2024\/07\/jammersignal-jammer-factory-10-768x578.jpg 768w, https:\/\/www.jammersignal.com\/wp-content\/uploads\/2024\/07\/jammersignal-jammer-factory-10-600x451.jpg 600w, https:\/\/www.jammersignal.com\/wp-content\/uploads\/2024\/07\/jammersignal-jammer-factory-10.jpg 1260w\" sizes=\"(max-width: 1024px) 100vw, 1024px\" \/><\/figure>\n\n\n\n<h4 class=\"wp-block-heading\">Complete foto van de signaalverstoorder (gemonteerd)<\/h4>\n\n\n\n<figure class=\"wp-block-image aligncenter size-large is-resized\"><img loading=\"lazy\" decoding=\"async\" width=\"1024\" height=\"483\" src=\"https:\/\/www.jammersignal.com\/wp-content\/uploads\/2024\/07\/jammersignal-jammer-factory-11-1024x483.jpg\" alt=\"jammersignal stoorzender fabriek 11\" class=\"wp-image-3310\" style=\"width:500px\" srcset=\"https:\/\/www.jammersignal.com\/wp-content\/uploads\/2024\/07\/jammersignal-jammer-factory-11-1024x483.jpg 1024w, https:\/\/www.jammersignal.com\/wp-content\/uploads\/2024\/07\/jammersignal-jammer-factory-11-300x141.jpg 300w, https:\/\/www.jammersignal.com\/wp-content\/uploads\/2024\/07\/jammersignal-jammer-factory-11-768x362.jpg 768w, https:\/\/www.jammersignal.com\/wp-content\/uploads\/2024\/07\/jammersignal-jammer-factory-11-1536x724.jpg 1536w, https:\/\/www.jammersignal.com\/wp-content\/uploads\/2024\/07\/jammersignal-jammer-factory-11-600x283.jpg 600w, https:\/\/www.jammersignal.com\/wp-content\/uploads\/2024\/07\/jammersignal-jammer-factory-11.jpg 1591w\" sizes=\"(max-width: 1024px) 100vw, 1024px\" \/><\/figure>\n\n\n\n<p><\/p>\n\n\n\n<p><\/p>\n\n\n\n<p><\/p>","protected":false},"excerpt":{"rendered":"<p>JAMMERSIGNAL is een fabriek met hoofdkantoor in Shenzhen, China. We hebben onze eigen productiewerkplaats en productielijnen en kunnen onafhankelijk allerlei soorten jammers produceren. We zijn gespecialiseerd in de productie van signaalstoorzenders voor mobiele telefoons, WiFi, GPS en drones! Onze e-mail is info@jammersignal.com of jammersignal@outlook.com. Neem contact met ons op: Afgewerkte jammer (v\u00f3\u00f3r het uitpakken) Drone jammer (v\u00f3\u00f3r het uitpakken) Halffabrikaat [...]<\/p>","protected":false},"author":1,"featured_media":0,"parent":0,"menu_order":4,"comment_status":"closed","ping_status":"closed","template":"","meta":{"site-sidebar-layout":"right-sidebar","site-content-layout":"","ast-site-content-layout":"default","site-content-style":"default","site-sidebar-style":"default","ast-global-header-display":"","ast-banner-title-visibility":"","ast-main-header-display":"","ast-hfb-above-header-display":"","ast-hfb-below-header-display":"","ast-hfb-mobile-header-display":"","site-post-title":"","ast-breadcrumbs-content":"","ast-featured-img":"","footer-sml-layout":"","theme-transparent-header-meta":"","adv-header-id-meta":"","stick-header-meta":"","header-above-stick-meta":"","header-main-stick-meta":"","header-below-stick-meta":"","astra-migrate-meta-layouts":"set","ast-page-background-enabled":"default","ast-page-background-meta":{"desktop":{"background-color":"var(--ast-global-color-4)","background-image":"","background-repeat":"repeat","background-position":"center center","background-size":"auto","background-attachment":"scroll","background-type":"","background-media":"","overlay-type":"","overlay-color":"","overlay-gradient":""},"tablet":{"background-color":"","background-image":"","background-repeat":"repeat","background-position":"center center","background-size":"auto","background-attachment":"scroll","background-type":"","background-media":"","overlay-type":"","overlay-color":"","overlay-gradient":""},"mobile":{"background-color":"","background-image":"","background-repeat":"repeat","background-position":"center center","background-size":"auto","background-attachment":"scroll","background-type":"","background-media":"","overlay-type":"","overlay-color":"","overlay-gradient":""}},"ast-content-background-meta":{"desktop":{"background-color":"var(--ast-global-color-5)","background-image":"","background-repeat":"repeat","background-position":"center center","background-size":"auto","background-attachment":"scroll","background-type":"","background-media":"","overlay-type":"","overlay-color":"","overlay-gradient":""},"tablet":{"background-color":"var(--ast-global-color-5)","background-image":"","background-repeat":"repeat","background-position":"center center","background-size":"auto","background-attachment":"scroll","background-type":"","background-media":"","overlay-type":"","overlay-color":"","overlay-gradient":""},"mobile":{"background-color":"var(--ast-global-color-5)","background-image":"","background-repeat":"repeat","background-position":"center center","background-size":"auto","background-attachment":"scroll","background-type":"","background-media":"","overlay-type":"","overlay-color":"","overlay-gradient":""}},"footnotes":""},"class_list":["post-3330","page","type-page","status-publish","hentry"],"yoast_head":"<!-- This site is optimized with the Yoast SEO plugin v23.9 - https:\/\/yoast.com\/wordpress\/plugins\/seo\/ -->\n<title>Factory Diagram JAMMERSIGNAL - JAMMERSIGNAL<\/title>\n<meta name=\"description\" content=\"JAMMERSIGNAL is a factory headquartered in Shenzhen, China. We have our own production workshop and production lines and can independently produce all kinds of jammers. We specialize in manufacturing signal jammers for mobile phones, WiFi, GPS and drones.\" \/>\n<meta name=\"robots\" content=\"index, follow, max-snippet:-1, max-image-preview:large, max-video-preview:-1\" \/>\n<link rel=\"canonical\" href=\"https:\/\/www.jammersignal.com\/nl\/factory-diagram-jammersignal\/\" \/>\n<meta property=\"og:locale\" content=\"nl_NL\" \/>\n<meta property=\"og:type\" content=\"article\" \/>\n<meta property=\"og:title\" content=\"Factory Diagram JAMMERSIGNAL - JAMMERSIGNAL\" \/>\n<meta property=\"og:description\" content=\"JAMMERSIGNAL is a factory headquartered in Shenzhen, China. We have our own production workshop and production lines and can independently produce all kinds of jammers. We specialize in manufacturing signal jammers for mobile phones, WiFi, GPS and drones.\" \/>\n<meta property=\"og:url\" content=\"https:\/\/www.jammersignal.com\/nl\/factory-diagram-jammersignal\/\" \/>\n<meta property=\"og:site_name\" content=\"JAMMERSIGNAL\" \/>\n<meta property=\"article:modified_time\" content=\"2024-07-03T09:14:07+00:00\" \/>\n<meta property=\"og:image\" content=\"https:\/\/www.jammersignal.com\/wp-content\/uploads\/2024\/07\/jammersignal-jammer-factory-01.jpg\" \/>\n<meta name=\"twitter:card\" content=\"summary_large_image\" \/>\n<meta name=\"twitter:label1\" content=\"Geschatte leestijd\" \/>\n\t<meta name=\"twitter:data1\" content=\"3 minuten\" \/>\n<script type=\"application\/ld+json\" class=\"yoast-schema-graph\">{\"@context\":\"https:\/\/schema.org\",\"@graph\":[{\"@type\":\"WebPage\",\"@id\":\"https:\/\/www.jammersignal.com\/factory-diagram-jammersignal\/\",\"url\":\"https:\/\/www.jammersignal.com\/factory-diagram-jammersignal\/\",\"name\":\"Factory Diagram JAMMERSIGNAL - JAMMERSIGNAL\",\"isPartOf\":{\"@id\":\"https:\/\/www.jammersignal.com\/#website\"},\"primaryImageOfPage\":{\"@id\":\"https:\/\/www.jammersignal.com\/factory-diagram-jammersignal\/#primaryimage\"},\"image\":{\"@id\":\"https:\/\/www.jammersignal.com\/factory-diagram-jammersignal\/#primaryimage\"},\"thumbnailUrl\":\"https:\/\/www.jammersignal.com\/wp-content\/uploads\/2024\/07\/jammersignal-jammer-factory-01.jpg\",\"datePublished\":\"2024-07-03T09:13:29+00:00\",\"dateModified\":\"2024-07-03T09:14:07+00:00\",\"description\":\"JAMMERSIGNAL is a factory headquartered in Shenzhen, China. We have our own production workshop and production lines and can independently produce all kinds of jammers. We specialize in manufacturing signal jammers for mobile phones, WiFi, GPS and drones.\",\"breadcrumb\":{\"@id\":\"https:\/\/www.jammersignal.com\/factory-diagram-jammersignal\/#breadcrumb\"},\"inLanguage\":\"nl-NL\",\"potentialAction\":[{\"@type\":\"ReadAction\",\"target\":[\"https:\/\/www.jammersignal.com\/factory-diagram-jammersignal\/\"]}]},{\"@type\":\"ImageObject\",\"inLanguage\":\"nl-NL\",\"@id\":\"https:\/\/www.jammersignal.com\/factory-diagram-jammersignal\/#primaryimage\",\"url\":\"https:\/\/www.jammersignal.com\/wp-content\/uploads\/2024\/07\/jammersignal-jammer-factory-01.jpg\",\"contentUrl\":\"https:\/\/www.jammersignal.com\/wp-content\/uploads\/2024\/07\/jammersignal-jammer-factory-01.jpg\"},{\"@type\":\"BreadcrumbList\",\"@id\":\"https:\/\/www.jammersignal.com\/factory-diagram-jammersignal\/#breadcrumb\",\"itemListElement\":[{\"@type\":\"ListItem\",\"position\":1,\"name\":\"Home\",\"item\":\"https:\/\/www.jammersignal.com\/\"},{\"@type\":\"ListItem\",\"position\":2,\"name\":\"Factory Diagram JAMMERSIGNAL\"}]},{\"@type\":\"WebSite\",\"@id\":\"https:\/\/www.jammersignal.com\/#website\",\"url\":\"https:\/\/www.jammersignal.com\/\",\"name\":\"JAMMERSIGNAL\",\"description\":\"\",\"publisher\":{\"@id\":\"https:\/\/www.jammersignal.com\/#organization\"},\"potentialAction\":[{\"@type\":\"SearchAction\",\"target\":{\"@type\":\"EntryPoint\",\"urlTemplate\":\"https:\/\/www.jammersignal.com\/?s={search_term_string}\"},\"query-input\":{\"@type\":\"PropertyValueSpecification\",\"valueRequired\":true,\"valueName\":\"search_term_string\"}}],\"inLanguage\":\"nl-NL\"},{\"@type\":\"Organization\",\"@id\":\"https:\/\/www.jammersignal.com\/#organization\",\"name\":\"JAMMERSIGNAL\",\"url\":\"https:\/\/www.jammersignal.com\/\",\"logo\":{\"@type\":\"ImageObject\",\"inLanguage\":\"nl-NL\",\"@id\":\"https:\/\/www.jammersignal.com\/#\/schema\/logo\/image\/\",\"url\":\"https:\/\/www.jammersignal.com\/wp-content\/uploads\/2024\/05\/cropped-jammersignal-logo-4.png\",\"contentUrl\":\"https:\/\/www.jammersignal.com\/wp-content\/uploads\/2024\/05\/cropped-jammersignal-logo-4.png\",\"width\":104,\"height\":34,\"caption\":\"JAMMERSIGNAL\"},\"image\":{\"@id\":\"https:\/\/www.jammersignal.com\/#\/schema\/logo\/image\/\"}}]}<\/script>\n<!-- \/ Yoast SEO plugin. -->","yoast_head_json":{"title":"Fabrieksdiagram JAMMERSIGNAL - JAMMERSIGNAL","description":"JAMMERSIGNAL is een fabriek met het hoofdkantoor in Shenzhen, China. We hebben onze eigen productiewerkplaats en productielijnen en kunnen onafhankelijk allerlei soorten jammers produceren. We zijn gespecialiseerd in de productie van signaalstoorzenders voor mobiele telefoons, WiFi, GPS en drones.","robots":{"index":"index","follow":"follow","max-snippet":"max-snippet:-1","max-image-preview":"max-image-preview:large","max-video-preview":"max-video-preview:-1"},"canonical":"https:\/\/www.jammersignal.com\/nl\/factory-diagram-jammersignal\/","og_locale":"nl_NL","og_type":"article","og_title":"Factory Diagram JAMMERSIGNAL - JAMMERSIGNAL","og_description":"JAMMERSIGNAL is a factory headquartered in Shenzhen, China. We have our own production workshop and production lines and can independently produce all kinds of jammers. We specialize in manufacturing signal jammers for mobile phones, WiFi, GPS and drones.","og_url":"https:\/\/www.jammersignal.com\/nl\/factory-diagram-jammersignal\/","og_site_name":"JAMMERSIGNAL","article_modified_time":"2024-07-03T09:14:07+00:00","og_image":[{"url":"https:\/\/www.jammersignal.com\/wp-content\/uploads\/2024\/07\/jammersignal-jammer-factory-01.jpg"}],"twitter_card":"summary_large_image","twitter_misc":{"Geschatte leestijd":"3 minuten"},"schema":{"@context":"https:\/\/schema.org","@graph":[{"@type":"WebPage","@id":"https:\/\/www.jammersignal.com\/factory-diagram-jammersignal\/","url":"https:\/\/www.jammersignal.com\/factory-diagram-jammersignal\/","name":"Fabrieksdiagram JAMMERSIGNAL - JAMMERSIGNAL","isPartOf":{"@id":"https:\/\/www.jammersignal.com\/#website"},"primaryImageOfPage":{"@id":"https:\/\/www.jammersignal.com\/factory-diagram-jammersignal\/#primaryimage"},"image":{"@id":"https:\/\/www.jammersignal.com\/factory-diagram-jammersignal\/#primaryimage"},"thumbnailUrl":"https:\/\/www.jammersignal.com\/wp-content\/uploads\/2024\/07\/jammersignal-jammer-factory-01.jpg","datePublished":"2024-07-03T09:13:29+00:00","dateModified":"2024-07-03T09:14:07+00:00","description":"JAMMERSIGNAL is een fabriek met het hoofdkantoor in Shenzhen, China. We hebben onze eigen productiewerkplaats en productielijnen en kunnen onafhankelijk allerlei soorten jammers produceren. We zijn gespecialiseerd in de productie van signaalstoorzenders voor mobiele telefoons, WiFi, GPS en drones.","breadcrumb":{"@id":"https:\/\/www.jammersignal.com\/factory-diagram-jammersignal\/#breadcrumb"},"inLanguage":"nl-NL","potentialAction":[{"@type":"ReadAction","target":["https:\/\/www.jammersignal.com\/factory-diagram-jammersignal\/"]}]},{"@type":"ImageObject","inLanguage":"nl-NL","@id":"https:\/\/www.jammersignal.com\/factory-diagram-jammersignal\/#primaryimage","url":"https:\/\/www.jammersignal.com\/wp-content\/uploads\/2024\/07\/jammersignal-jammer-factory-01.jpg","contentUrl":"https:\/\/www.jammersignal.com\/wp-content\/uploads\/2024\/07\/jammersignal-jammer-factory-01.jpg"},{"@type":"BreadcrumbList","@id":"https:\/\/www.jammersignal.com\/factory-diagram-jammersignal\/#breadcrumb","itemListElement":[{"@type":"ListItem","position":1,"name":"Home","item":"https:\/\/www.jammersignal.com\/"},{"@type":"ListItem","position":2,"name":"Factory Diagram JAMMERSIGNAL"}]},{"@type":"WebSite","@id":"https:\/\/www.jammersignal.com\/#website","url":"https:\/\/www.jammersignal.com\/","name":"JAMMERSIGNAL","description":"","publisher":{"@id":"https:\/\/www.jammersignal.com\/#organization"},"potentialAction":[{"@type":"SearchAction","target":{"@type":"EntryPoint","urlTemplate":"https:\/\/www.jammersignal.com\/?s={search_term_string}"},"query-input":{"@type":"PropertyValueSpecification","valueRequired":true,"valueName":"search_term_string"}}],"inLanguage":"nl-NL"},{"@type":"Organization","@id":"https:\/\/www.jammersignal.com\/#organization","name":"JAMMERSIGNAL","url":"https:\/\/www.jammersignal.com\/","logo":{"@type":"ImageObject","inLanguage":"nl-NL","@id":"https:\/\/www.jammersignal.com\/#\/schema\/logo\/image\/","url":"https:\/\/www.jammersignal.com\/wp-content\/uploads\/2024\/05\/cropped-jammersignal-logo-4.png","contentUrl":"https:\/\/www.jammersignal.com\/wp-content\/uploads\/2024\/05\/cropped-jammersignal-logo-4.png","width":104,"height":34,"caption":"JAMMERSIGNAL"},"image":{"@id":"https:\/\/www.jammersignal.com\/#\/schema\/logo\/image\/"}}]}},"_links":{"self":[{"href":"https:\/\/www.jammersignal.com\/nl\/wp-json\/wp\/v2\/pages\/3330","targetHints":{"allow":["GET"]}}],"collection":[{"href":"https:\/\/www.jammersignal.com\/nl\/wp-json\/wp\/v2\/pages"}],"about":[{"href":"https:\/\/www.jammersignal.com\/nl\/wp-json\/wp\/v2\/types\/page"}],"author":[{"embeddable":true,"href":"https:\/\/www.jammersignal.com\/nl\/wp-json\/wp\/v2\/users\/1"}],"replies":[{"embeddable":true,"href":"https:\/\/www.jammersignal.com\/nl\/wp-json\/wp\/v2\/comments?post=3330"}],"version-history":[{"count":2,"href":"https:\/\/www.jammersignal.com\/nl\/wp-json\/wp\/v2\/pages\/3330\/revisions"}],"predecessor-version":[{"id":3335,"href":"https:\/\/www.jammersignal.com\/nl\/wp-json\/wp\/v2\/pages\/3330\/revisions\/3335"}],"wp:attachment":[{"href":"https:\/\/www.jammersignal.com\/nl\/wp-json\/wp\/v2\/media?parent=3330"}],"curies":[{"name":"wp","href":"https:\/\/api.w.org\/{rel}","templated":true}]}}