{"id":2102,"date":"2024-05-31T00:58:52","date_gmt":"2024-05-31T00:58:52","guid":{"rendered":"https:\/\/www.jammersignal.com\/?post_type=product&#038;p=2102"},"modified":"2025-09-20T02:36:56","modified_gmt":"2025-09-20T02:36:56","slug":"handheld-all-in-one-drone-jammer","status":"publish","type":"product","link":"https:\/\/www.jammersignal.com\/nl\/product\/handheld-all-in-one-drone-jammer\/","title":{"rendered":"Handheld alles-in-\u00e9\u00e9n Drone Stoorzender met stoorafstand tot 500 meter"},"content":{"rendered":"<div data-elementor-type=\"wp-post\" data-elementor-id=\"2102\" class=\"elementor elementor-2102\">\n\t\t\t\t<div class=\"elementor-element elementor-element-4a8c2a2 e-flex e-con-boxed e-con e-parent\" data-id=\"4a8c2a2\" data-element_type=\"container\">\n\t\t\t\t\t<div class=\"e-con-inner\">\n\t\t<div class=\"elementor-element elementor-element-2677d1d e-con-full e-flex e-con e-child\" data-id=\"2677d1d\" data-element_type=\"container\">\n\t\t\t\t<div class=\"elementor-element elementor-element-5ee8a99 elementor-widget elementor-widget-text-editor\" data-id=\"5ee8a99\" data-element_type=\"widget\" data-widget_type=\"text-editor.default\">\n\t\t\t\t<div class=\"elementor-widget-container\">\n\t\t\t\t\t\t\t\t\t<h4>Technische specificaties<\/h4><table width=\"340\"><tbody><tr><td width=\"72\"><strong>Parameter Naam<\/strong><\/td><td width=\"268\"><strong>Parameter Details<\/strong><\/td><\/tr><tr><td>Model\u00a0<\/td><td>HW10US<\/td><\/tr><tr><td>Stoorfrequenties<\/td><td width=\"268\">RC2.4G: 2400-2500MHz<br \/>GRC5.8G: 5725-5850MHz<br \/>GPSL1 en Glonass L1: 1560-1620MHz<br \/><br \/>OPTIE :<br \/>GPSL2+L5 : GPSL2+L5<br \/>RC 868\/912: 868-916MHz<\/td><\/tr><tr><td>Stoorradius<\/td><td>100-500 meter<\/td><\/tr><tr><td>Stroomvoorziening<\/td><td>AC110-240V tot DC24V<\/td><\/tr><tr><td>Totaal uitgangsvermogen<\/td><td>Totaal 20W (5-10W elke band)<\/td><\/tr><tr><td>Werktijd<\/td><td>Ingebouwde batterij: 24V 4Ah Werktijd: 1.5Hours<\/td><\/tr><tr><td>Grootte apparaat<\/td><td>450*105*60mm<\/td><\/tr><tr><td>Gewicht apparaat<\/td><td>1,5kg<\/td><\/tr><tr><td>Inhoud verpakking<\/td><td>Stoorzender Host x 1, Batterijlader x1<\/td><\/tr><\/tbody><\/table>\t\t\t\t\t\t\t\t<\/div>\n\t\t\t\t<\/div>\n\t\t\t\t<\/div>\n\t\t<div class=\"elementor-element elementor-element-63abe0f e-con-full e-flex e-con e-child\" data-id=\"63abe0f\" data-element_type=\"container\">\n\t\t\t\t<div class=\"elementor-element elementor-element-3d0f9f0 elementor-widget elementor-widget-text-editor\" data-id=\"3d0f9f0\" data-element_type=\"widget\" data-widget_type=\"text-editor.default\">\n\t\t\t\t<div class=\"elementor-widget-container\">\n\t\t\t\t\t\t\t\t\t<h4>Productinformatie<\/h4><p>De nieuwste mini handheld all-in-one drone signaalverstoorder met directionele antenne. Dit draagbare stoorzenderapparaat is licht van gewicht en bevat een directionele antenne met een hoge versterking van 10 dbi, die signalen op een afstand van 100 tot 500 meter kan storen.<\/p><p>Deze mini handheld jammer is ontworpen om dronesignalen te blokkeren en biedt 100% dekking voor verschillende dronesignalen, waaronder populaire modellen zoals Dji Phantom 4, Phantom 3 Professional, Advanced, Standard series en Inspire series. Dankzij het draagbare ontwerp kan hij gemakkelijk worden meegenomen en ingezet. De ingebouwde batterij zorgt voor een continue werking van ongeveer 1,5 uur.<\/p><p><strong>Toepassingsgebieden:<\/strong><\/p><ol><li>Bescherming van gebieden waarvoor beperkingen gelden, zoals gevangenissen, militaire beheersgebieden, nationale strategische resourceprojecten, nucleaire industri\u00eble faciliteiten, luchthavens en politieke districten<\/li><li>Misdaadlocaties, stedelijke gebieden voor wetshandhaving, belangrijke beveiligingslocaties, bescherming van hoogwaardigheidsbekleders, grootschalige repetities voor optredens, archeologische opgravingslocaties en locaties voor grootschalige groepsactiviteiten om het uitlekken van informatie te voorkomen.<\/li><li>Bestrijding van illegale en criminele activiteiten met behulp van drones, waaronder drugshandel, smokkel, illegale goederen of informatieverspreiding, enz.<\/li><\/ol><p><strong>Productkenmerken:<\/strong><\/p><ol><li>\u00a0Ge\u00efntegreerd handheld ontwerp, klein en lichtgewicht.<\/li><li>Ingebouwde drie-in-\u00e9\u00e9n high-gain 10dbi directionele antenne, totaal uitgangsvermogen van 20W, voor een interferentieafstand van 100-500 meter (afhankelijk van de afstand tussen de drone en de afstandsbediening).<\/li><li>Elk apparaat kan tot 3 frequentiebanden tegelijk storen en is uitgerust met een onafhankelijke voedingsschakelaar en LED-indicator om de voedingsstatus weer te geven.<\/li><li>De VSWR-overspanningsbeveiliging zorgt ervoor dat elke module 100% veilig is.<\/li><li>Ingebouwde batterij, werktijd is ongeveer 60 minuten.<\/li><li>Batterijvermogen, oplaadstatus en werkstroom worden weergegeven op het LED-scherm voor eenvoudige controle.<\/li><\/ol><p><strong>Voorzorgsmaatregelen:<\/strong><\/p><p>1.De jammers zijn aangepast aan de frequentiebanden van verschillende landen, dus controleer of het land van aankoop en het land van daadwerkelijk gebruik overeenkomen. Lees voor aankoop eerst de functie van de jammer.<br \/>2.Als de laag vermogen jammers (zoals handheld jammers) te blokkeren hoog vermogen signaalapparaat (zoals high-power WIFI-router, Bluetooth audio-apparatuur, etc.), zal het effect slecht of zelfs kan niet jammer.<br \/>3. Gebruik tijdens het opladen is verboden.<br \/>4.Gebruik handheld jammers niet als desktop jammers.<br \/>5.Gebruik geen stoorzenders voordat u de antenne aansluit.<\/p>\t\t\t\t\t\t\t\t<\/div>\n\t\t\t\t<\/div>\n\t\t\t\t<\/div>\n\t\t\t\t\t<\/div>\n\t\t\t\t<\/div>\n\t\t\t\t<\/div>","protected":false},"excerpt":{"rendered":"<p>De nieuwste mini handheld all-in-one drone signaalverstoorder met directionele antenne. Dit draagbare stoorzenderapparaat is licht van gewicht en bevat een directionele antenne met een hoge versterking van 10 dbi, die op 100 tot 500 meter afstand kan storen.<\/p>\n<p><strong>Productkenmerken:<\/strong><\/p>\n<p>1. Ge\u00efntegreerd handheld ontwerp, klein en lichtgewicht.<br \/>\n2. Ingebouwde drie-in-\u00e9\u00e9n high-gain 10dbi directionele antenne, totaal uitgangsvermogen van 20W, voor een interferentieafstand van 100-500 meter (afhankelijk van de afstand tussen de drone en de afstandsbediening).<br \/>\n3. Elk apparaat kan tot 3 frequentiebanden tegelijk storen en is uitgerust met een onafhankelijke voedingsschakelaar en LED-indicator om de voedingsstatus weer te geven.<br \/>\n4. De VSWR-overspanningsbeveiliging zorgt ervoor dat elke module 100% veilig is.<br \/>\n5. Ingebouwde batterij, werktijd is ongeveer 60 minuten.<br \/>\n6. Batterijvermogen, oplaadstatus en werkstroom worden weergegeven op het LED-scherm voor eenvoudige controle.<\/p>","protected":false},"featured_media":1714,"comment_status":"open","ping_status":"closed","template":"","meta":{"site-sidebar-layout":"no-sidebar","site-content-layout":"page-builder","ast-site-content-layout":"normal-width-container","site-content-style":"default","site-sidebar-style":"default","ast-global-header-display":"","ast-banner-title-visibility":"","ast-main-header-display":"","ast-hfb-above-header-display":"","ast-hfb-below-header-display":"","ast-hfb-mobile-header-display":"","site-post-title":"disabled","ast-breadcrumbs-content":"","ast-featured-img":"disabled","footer-sml-layout":"","theme-transparent-header-meta":"default","adv-header-id-meta":"","stick-header-meta":"default","header-above-stick-meta":"","header-main-stick-meta":"","header-below-stick-meta":"","astra-migrate-meta-layouts":"set","ast-page-background-enabled":"default","ast-page-background-meta":{"desktop":{"background-color":"var(--ast-global-color-4)","background-image":"","background-repeat":"repeat","background-position":"center center","background-size":"auto","background-attachment":"scroll","background-type":"","background-media":"","overlay-type":"","overlay-color":"","overlay-gradient":""},"tablet":{"background-color":"","background-image":"","background-repeat":"repeat","background-position":"center center","background-size":"auto","background-attachment":"scroll","background-type":"","background-media":"","overlay-type":"","overlay-color":"","overlay-gradient":""},"mobile":{"background-color":"","background-image":"","background-repeat":"repeat","background-position":"center center","background-size":"auto","background-attachment":"scroll","background-type":"","background-media":"","overlay-type":"","overlay-color":"","overlay-gradient":""}},"ast-content-background-meta":{"desktop":{"background-color":"var(--ast-global-color-5)","background-image":"","background-repeat":"repeat","background-position":"center center","background-size":"auto","background-attachment":"scroll","background-type":"","background-media":"","overlay-type":"","overlay-color":"","overlay-gradient":""},"tablet":{"background-color":"var(--ast-global-color-5)","background-image":"","background-repeat":"repeat","background-position":"center center","background-size":"auto","background-attachment":"scroll","background-type":"","background-media":"","overlay-type":"","overlay-color":"","overlay-gradient":""},"mobile":{"background-color":"var(--ast-global-color-5)","background-image":"","background-repeat":"repeat","background-position":"center center","background-size":"auto","background-attachment":"scroll","background-type":"","background-media":"","overlay-type":"","overlay-color":"","overlay-gradient":""}}},"product_brand":[],"product_cat":[15,40,44,43,35,34,53,46,71,84,55,37,36],"product_tag":[345,448,470,452,473,502,536,537,503,504,424,453,368,505,524,493,465,476,434,512,457,479,516,560,549,487,552,441,561,445,443,558],"class_list":{"0":"post-2102","1":"product","2":"type-product","3":"status-publish","4":"has-post-thumbnail","6":"product_cat-signal-blocker","7":"product_cat-bluetooth-signal-blocker","8":"product_cat-drone-signal-blocker","9":"product_cat-drone-jammer","10":"product_cat-gps-signal-blocker","11":"product_cat-gps-signal-jammer","12":"product_cat-hidden-signal-jammer","13":"product_cat-high-power-signal-jammers","14":"product_cat-more-than-1000dollars-jammers","15":"product_cat-more-than-40meters","16":"product_cat-outdoor-jammer","17":"product_cat-wifi-signal-blocker","18":"product_cat-wifi-jammer","19":"product_tag-2-4ghz-wifi-jammer","20":"product_tag-anti-drone-jammer","21":"product_tag-device-jammer","22":"product_tag-diy-drone-jammer","23":"product_tag-door-jammer-hhhhhh","24":"product_tag-drone-frequency-jammer","25":"product_tag-drone-jammer-aaaaaa","26":"product_tag-drone-jammer-app","27":"product_tag-drone-jammer-for-sale","28":"product_tag-drone-radio-jammer","29":"product_tag-drone-signal-jammer","30":"product_tag-drone-signal-jammer-aaaaaa","31":"product_tag-drone-wifi-jammer","32":"product_tag-electronic-device-jammer","33":"product_tag-frequency-jammer","34":"product_tag-how-do-jammer-work","35":"product_tag-how-do-signal-jammer-work","36":"product_tag-how-to-make-signal-jammer","37":"product_tag-jammer-device","38":"product_tag-jammer-drone","39":"product_tag-jammer-meaning","40":"product_tag-jammer-signal-blocker","41":"product_tag-rf-frequency-jammer","42":"product_tag-rf-jammer","43":"product_tag-rf-jammer-for-sale","44":"product_tag-rf-signal-jammer","45":"product_tag-signal-jammer-blocker","46":"product_tag-signal-jammer-cost","47":"product_tag-signal-jammer-for-sale","48":"product_tag-wave-jammer","49":"product_tag-what-is-a-jammer","50":"product_tag-whats-a-jammer","51":"desktop-align-left","52":"tablet-align-left","53":"mobile-align-left","54":"ast-product-gallery-layout-horizontal-slider","55":"ast-product-single-variable","56":"ast-product-tabs-layout-horizontal","58":"first","59":"instock","60":"sale","61":"shipping-taxable","62":"purchasable","63":"product-type-variable"},"yoast_head":"<!-- This site is optimized with the Yoast SEO plugin v23.9 - https:\/\/yoast.com\/wordpress\/plugins\/seo\/ -->\n<title>Handheld all in one Drone Jammer with jamming distance up to 500 meters, Blocks RC2.4G 5.8GHz GPS GLONASS L1 Signals - JAMMERSIGNAL<\/title>\n<meta name=\"description\" content=\"This popular handheld all-in-one drone signal jammer, lightweight, integrated high-gain 10dbi directional antenna, has a jamming distance of up to 500 meters and can intercept RC2.4G 5.8GHz GPS GLONASS L1 signals.\" \/>\n<meta name=\"robots\" content=\"index, follow, max-snippet:-1, max-image-preview:large, max-video-preview:-1\" \/>\n<link rel=\"canonical\" href=\"https:\/\/www.jammersignal.com\/nl\/product\/handheld-all-in-one-drone-jammer\/\" \/>\n<meta property=\"og:locale\" content=\"nl_NL\" \/>\n<meta property=\"og:type\" content=\"article\" \/>\n<meta property=\"og:title\" content=\"Handheld all in one Drone Jammer with jamming distance up to 500 meters, Blocks RC2.4G 5.8GHz GPS GLONASS L1 Signals - JAMMERSIGNAL\" \/>\n<meta property=\"og:description\" content=\"This popular handheld all-in-one drone signal jammer, lightweight, integrated high-gain 10dbi directional antenna, has a jamming distance of up to 500 meters and can intercept RC2.4G 5.8GHz GPS GLONASS L1 signals.\" \/>\n<meta property=\"og:url\" content=\"https:\/\/www.jammersignal.com\/nl\/product\/handheld-all-in-one-drone-jammer\/\" \/>\n<meta property=\"og:site_name\" content=\"JAMMERSIGNAL\" \/>\n<meta property=\"article:modified_time\" content=\"2025-09-20T02:36:56+00:00\" \/>\n<meta property=\"og:image\" content=\"https:\/\/www.jammersignal.com\/wp-content\/uploads\/2024\/05\/handheld-jammersignal-uav-all-in-one-jammers-1.jpg\" \/>\n\t<meta property=\"og:image:width\" content=\"600\" \/>\n\t<meta property=\"og:image:height\" content=\"600\" \/>\n\t<meta property=\"og:image:type\" content=\"image\/jpeg\" \/>\n<meta name=\"twitter:card\" content=\"summary_large_image\" \/>\n<meta name=\"twitter:label1\" content=\"Geschatte leestijd\" \/>\n\t<meta name=\"twitter:data1\" content=\"2 minuten\" \/>\n<script type=\"application\/ld+json\" class=\"yoast-schema-graph\">{\"@context\":\"https:\/\/schema.org\",\"@graph\":[{\"@type\":\"WebPage\",\"@id\":\"https:\/\/www.jammersignal.com\/product\/handheld-all-in-one-drone-jammer\/\",\"url\":\"https:\/\/www.jammersignal.com\/product\/handheld-all-in-one-drone-jammer\/\",\"name\":\"Handheld all in one Drone Jammer with jamming distance up to 500 meters, Blocks RC2.4G 5.8GHz GPS GLONASS L1 Signals - JAMMERSIGNAL\",\"isPartOf\":{\"@id\":\"https:\/\/www.jammersignal.com\/#website\"},\"primaryImageOfPage\":{\"@id\":\"https:\/\/www.jammersignal.com\/product\/handheld-all-in-one-drone-jammer\/#primaryimage\"},\"image\":{\"@id\":\"https:\/\/www.jammersignal.com\/product\/handheld-all-in-one-drone-jammer\/#primaryimage\"},\"thumbnailUrl\":\"https:\/\/www.jammersignal.com\/wp-content\/uploads\/2024\/05\/handheld-jammersignal-uav-all-in-one-jammers-1.jpg\",\"datePublished\":\"2024-05-31T00:58:52+00:00\",\"dateModified\":\"2025-09-20T02:36:56+00:00\",\"description\":\"This popular handheld all-in-one drone signal jammer, lightweight, integrated high-gain 10dbi directional antenna, has a jamming distance of up to 500 meters and can intercept RC2.4G 5.8GHz GPS GLONASS L1 signals.\",\"breadcrumb\":{\"@id\":\"https:\/\/www.jammersignal.com\/product\/handheld-all-in-one-drone-jammer\/#breadcrumb\"},\"inLanguage\":\"nl-NL\",\"potentialAction\":[{\"@type\":\"ReadAction\",\"target\":[\"https:\/\/www.jammersignal.com\/product\/handheld-all-in-one-drone-jammer\/\"]}]},{\"@type\":\"ImageObject\",\"inLanguage\":\"nl-NL\",\"@id\":\"https:\/\/www.jammersignal.com\/product\/handheld-all-in-one-drone-jammer\/#primaryimage\",\"url\":\"https:\/\/www.jammersignal.com\/wp-content\/uploads\/2024\/05\/handheld-jammersignal-uav-all-in-one-jammers-1.jpg\",\"contentUrl\":\"https:\/\/www.jammersignal.com\/wp-content\/uploads\/2024\/05\/handheld-jammersignal-uav-all-in-one-jammers-1.jpg\",\"width\":600,\"height\":600,\"caption\":\"handheld jammersignal uav all in one jammers (1)\"},{\"@type\":\"BreadcrumbList\",\"@id\":\"https:\/\/www.jammersignal.com\/product\/handheld-all-in-one-drone-jammer\/#breadcrumb\",\"itemListElement\":[{\"@type\":\"ListItem\",\"position\":1,\"name\":\"Home\",\"item\":\"https:\/\/www.jammersignal.com\/\"},{\"@type\":\"ListItem\",\"position\":2,\"name\":\"Shop\",\"item\":\"https:\/\/www.jammersignal.com\/shop\/\"},{\"@type\":\"ListItem\",\"position\":3,\"name\":\"Signal Blocker\",\"item\":\"https:\/\/www.jammersignal.com\/product-category\/signal-blocker\/\"},{\"@type\":\"ListItem\",\"position\":4,\"name\":\"Handheld all in one Drone Jammer with jamming distance up to 500 meters\"}]},{\"@type\":\"WebSite\",\"@id\":\"https:\/\/www.jammersignal.com\/#website\",\"url\":\"https:\/\/www.jammersignal.com\/\",\"name\":\"JAMMERSIGNAL\",\"description\":\"\",\"publisher\":{\"@id\":\"https:\/\/www.jammersignal.com\/#organization\"},\"potentialAction\":[{\"@type\":\"SearchAction\",\"target\":{\"@type\":\"EntryPoint\",\"urlTemplate\":\"https:\/\/www.jammersignal.com\/?s={search_term_string}\"},\"query-input\":{\"@type\":\"PropertyValueSpecification\",\"valueRequired\":true,\"valueName\":\"search_term_string\"}}],\"inLanguage\":\"nl-NL\"},{\"@type\":\"Organization\",\"@id\":\"https:\/\/www.jammersignal.com\/#organization\",\"name\":\"JAMMERSIGNAL\",\"url\":\"https:\/\/www.jammersignal.com\/\",\"logo\":{\"@type\":\"ImageObject\",\"inLanguage\":\"nl-NL\",\"@id\":\"https:\/\/www.jammersignal.com\/#\/schema\/logo\/image\/\",\"url\":\"https:\/\/www.jammersignal.com\/wp-content\/uploads\/2024\/05\/cropped-jammersignal-logo-4.png\",\"contentUrl\":\"https:\/\/www.jammersignal.com\/wp-content\/uploads\/2024\/05\/cropped-jammersignal-logo-4.png\",\"width\":104,\"height\":34,\"caption\":\"JAMMERSIGNAL\"},\"image\":{\"@id\":\"https:\/\/www.jammersignal.com\/#\/schema\/logo\/image\/\"}}]}<\/script>\n<!-- \/ Yoast SEO plugin. -->","yoast_head_json":{"title":"Handheld alles-in-\u00e9\u00e9n Drone Stoorzender met stoorafstand tot 500 meter, blokkeert RC2.4G 5.8GHz GPS GLONASS L1 Signalen - JAMMERSIGNAL","description":"Deze populaire handheld alles-in-\u00e9\u00e9n drone signaalverstoorder, lichtgewicht, ge\u00efntegreerde high-gain 10dbi directionele antenne, heeft een stoorafstand tot 500 meter en kan RC2.4G 5.8GHz GPS GLONASS L1 signalen onderscheppen.","robots":{"index":"index","follow":"follow","max-snippet":"max-snippet:-1","max-image-preview":"max-image-preview:large","max-video-preview":"max-video-preview:-1"},"canonical":"https:\/\/www.jammersignal.com\/nl\/product\/handheld-all-in-one-drone-jammer\/","og_locale":"nl_NL","og_type":"article","og_title":"Handheld all in one Drone Jammer with jamming distance up to 500 meters, Blocks RC2.4G 5.8GHz GPS GLONASS L1 Signals - JAMMERSIGNAL","og_description":"This popular handheld all-in-one drone signal jammer, lightweight, integrated high-gain 10dbi directional antenna, has a jamming distance of up to 500 meters and can intercept RC2.4G 5.8GHz GPS GLONASS L1 signals.","og_url":"https:\/\/www.jammersignal.com\/nl\/product\/handheld-all-in-one-drone-jammer\/","og_site_name":"JAMMERSIGNAL","article_modified_time":"2025-09-20T02:36:56+00:00","og_image":[{"width":600,"height":600,"url":"https:\/\/www.jammersignal.com\/wp-content\/uploads\/2024\/05\/handheld-jammersignal-uav-all-in-one-jammers-1.jpg","type":"image\/jpeg"}],"twitter_card":"summary_large_image","twitter_misc":{"Geschatte leestijd":"2 minuten"},"schema":{"@context":"https:\/\/schema.org","@graph":[{"@type":"WebPage","@id":"https:\/\/www.jammersignal.com\/product\/handheld-all-in-one-drone-jammer\/","url":"https:\/\/www.jammersignal.com\/product\/handheld-all-in-one-drone-jammer\/","name":"Handheld alles-in-\u00e9\u00e9n Drone Stoorzender met stoorafstand tot 500 meter, blokkeert RC2.4G 5.8GHz GPS GLONASS L1 Signalen - JAMMERSIGNAL","isPartOf":{"@id":"https:\/\/www.jammersignal.com\/#website"},"primaryImageOfPage":{"@id":"https:\/\/www.jammersignal.com\/product\/handheld-all-in-one-drone-jammer\/#primaryimage"},"image":{"@id":"https:\/\/www.jammersignal.com\/product\/handheld-all-in-one-drone-jammer\/#primaryimage"},"thumbnailUrl":"https:\/\/www.jammersignal.com\/wp-content\/uploads\/2024\/05\/handheld-jammersignal-uav-all-in-one-jammers-1.jpg","datePublished":"2024-05-31T00:58:52+00:00","dateModified":"2025-09-20T02:36:56+00:00","description":"Deze populaire handheld alles-in-\u00e9\u00e9n drone signaalverstoorder, lichtgewicht, ge\u00efntegreerde high-gain 10dbi directionele antenne, heeft een stoorafstand tot 500 meter en kan RC2.4G 5.8GHz GPS GLONASS L1 signalen onderscheppen.","breadcrumb":{"@id":"https:\/\/www.jammersignal.com\/product\/handheld-all-in-one-drone-jammer\/#breadcrumb"},"inLanguage":"nl-NL","potentialAction":[{"@type":"ReadAction","target":["https:\/\/www.jammersignal.com\/product\/handheld-all-in-one-drone-jammer\/"]}]},{"@type":"ImageObject","inLanguage":"nl-NL","@id":"https:\/\/www.jammersignal.com\/product\/handheld-all-in-one-drone-jammer\/#primaryimage","url":"https:\/\/www.jammersignal.com\/wp-content\/uploads\/2024\/05\/handheld-jammersignal-uav-all-in-one-jammers-1.jpg","contentUrl":"https:\/\/www.jammersignal.com\/wp-content\/uploads\/2024\/05\/handheld-jammersignal-uav-all-in-one-jammers-1.jpg","width":600,"height":600,"caption":"handheld jammersignal uav all in one jammers (1)"},{"@type":"BreadcrumbList","@id":"https:\/\/www.jammersignal.com\/product\/handheld-all-in-one-drone-jammer\/#breadcrumb","itemListElement":[{"@type":"ListItem","position":1,"name":"Home","item":"https:\/\/www.jammersignal.com\/"},{"@type":"ListItem","position":2,"name":"Shop","item":"https:\/\/www.jammersignal.com\/shop\/"},{"@type":"ListItem","position":3,"name":"Signal Blocker","item":"https:\/\/www.jammersignal.com\/product-category\/signal-blocker\/"},{"@type":"ListItem","position":4,"name":"Handheld all in one Drone Jammer with jamming distance up to 500 meters"}]},{"@type":"WebSite","@id":"https:\/\/www.jammersignal.com\/#website","url":"https:\/\/www.jammersignal.com\/","name":"JAMMERSIGNAL","description":"","publisher":{"@id":"https:\/\/www.jammersignal.com\/#organization"},"potentialAction":[{"@type":"SearchAction","target":{"@type":"EntryPoint","urlTemplate":"https:\/\/www.jammersignal.com\/?s={search_term_string}"},"query-input":{"@type":"PropertyValueSpecification","valueRequired":true,"valueName":"search_term_string"}}],"inLanguage":"nl-NL"},{"@type":"Organization","@id":"https:\/\/www.jammersignal.com\/#organization","name":"JAMMERSIGNAL","url":"https:\/\/www.jammersignal.com\/","logo":{"@type":"ImageObject","inLanguage":"nl-NL","@id":"https:\/\/www.jammersignal.com\/#\/schema\/logo\/image\/","url":"https:\/\/www.jammersignal.com\/wp-content\/uploads\/2024\/05\/cropped-jammersignal-logo-4.png","contentUrl":"https:\/\/www.jammersignal.com\/wp-content\/uploads\/2024\/05\/cropped-jammersignal-logo-4.png","width":104,"height":34,"caption":"JAMMERSIGNAL"},"image":{"@id":"https:\/\/www.jammersignal.com\/#\/schema\/logo\/image\/"}}]}},"_links":{"self":[{"href":"https:\/\/www.jammersignal.com\/nl\/wp-json\/wp\/v2\/product\/2102","targetHints":{"allow":["GET"]}}],"collection":[{"href":"https:\/\/www.jammersignal.com\/nl\/wp-json\/wp\/v2\/product"}],"about":[{"href":"https:\/\/www.jammersignal.com\/nl\/wp-json\/wp\/v2\/types\/product"}],"replies":[{"embeddable":true,"href":"https:\/\/www.jammersignal.com\/nl\/wp-json\/wp\/v2\/comments?post=2102"}],"version-history":[{"count":5,"href":"https:\/\/www.jammersignal.com\/nl\/wp-json\/wp\/v2\/product\/2102\/revisions"}],"predecessor-version":[{"id":2256,"href":"https:\/\/www.jammersignal.com\/nl\/wp-json\/wp\/v2\/product\/2102\/revisions\/2256"}],"wp:featuredmedia":[{"embeddable":true,"href":"https:\/\/www.jammersignal.com\/nl\/wp-json\/wp\/v2\/media\/1714"}],"wp:attachment":[{"href":"https:\/\/www.jammersignal.com\/nl\/wp-json\/wp\/v2\/media?parent=2102"}],"wp:term":[{"taxonomy":"product_brand","embeddable":true,"href":"https:\/\/www.jammersignal.com\/nl\/wp-json\/wp\/v2\/product_brand?post=2102"},{"taxonomy":"product_cat","embeddable":true,"href":"https:\/\/www.jammersignal.com\/nl\/wp-json\/wp\/v2\/product_cat?post=2102"},{"taxonomy":"product_tag","embeddable":true,"href":"https:\/\/www.jammersignal.com\/nl\/wp-json\/wp\/v2\/product_tag?post=2102"}],"curies":[{"name":"wp","href":"https:\/\/api.w.org\/{rel}","templated":true}]}}